{"id":3589,"date":"2023-02-14T12:08:20","date_gmt":"2023-02-14T12:08:20","guid":{"rendered":"https:\/\/bedfont.theprogressteam.com\/nos-prix\/"},"modified":"2024-10-14T10:23:24","modified_gmt":"2024-10-14T10:23:24","slug":"nos-prix","status":"publish","type":"page","link":"https:\/\/www.bedfont.com\/fr\/nos-prix\/","title":{"rendered":"Nos prix"},"content":{"rendered":"<section class=\"hero-style-4 p-0 position-relative \" id=\"module-769-hero-0\">\n\t\t<div class=\"container-fluid overlay-img-holder\">\n\t\t\t<img width=\"1998\" height=\"544\" src=\"https:\/\/www.bedfont.com\/wp-content\/uploads\/2024\/10\/who-we-are.jpg\" class=\"w-100\" alt=\"\" decoding=\"async\" loading=\"lazy\" srcset=\"https:\/\/www.bedfont.com\/wp-content\/uploads\/2024\/10\/who-we-are.jpg 1998w, https:\/\/www.bedfont.com\/wp-content\/uploads\/2024\/10\/who-we-are-300x82.jpg 300w, https:\/\/www.bedfont.com\/wp-content\/uploads\/2024\/10\/who-we-are-1024x279.jpg 1024w, https:\/\/www.bedfont.com\/wp-content\/uploads\/2024\/10\/who-we-are-768x209.jpg 768w, https:\/\/www.bedfont.com\/wp-content\/uploads\/2024\/10\/who-we-are-1536x418.jpg 1536w\" sizes=\"auto, (max-width: 1998px) 100vw, 1998px\"\/>\n\t\t\t<div class=\"overlay\">\n\t\t\t\t<div class=\"col-12 col-md-8 mx-auto\">\n\t\t\t\t\t<h1>Nos prix<\/h1>\n\t\t\t\t\t<p>\u00c0 Bedfont, nous sommes fiers de notre qu\u00eate incessante de l&rsquo;excellence et nous sommes honor\u00e9s d&rsquo;avoir remport\u00e9 les prix que nous avons re\u00e7us. Jetez un coup d&rsquo;\u0153il ci-dessous aux remarquables reconnaissances et r\u00e9compenses que nous avons obtenues au fil des ans. <\/p>\n\n\t\t\t\t<\/div>\n\t\t\t<\/div>\n\t\t<\/div>\n\t<\/section><!-- wp:html {\"translatedWithWPMLTM\":\"1\"} --><section class=\"slider overflow-hidden\" id=\"our-awards\">\n\t<div class=\"container\">\n\t<h2 class=\"text-left\"><span class=\"blue-text\">Prix <\/span> de l'entreprise<\/h2>\n\t\t\t\t<p>Notre engagement envers l'excellence a \u00e9t\u00e9 reconnu par plusieurs prix prestigieux. Voici quelques-uns des prix que nous avons re\u00e7us : <\/p>\n\n                <div class=\"awards-slider mt-5\"><div class=\"white-space\"><\/div><div class=\"glide\">\n\t<div class=\"glide__track\" data-glide-el=\"track\">\n\t\t<ul class=\"glide__slides\"><li class=\"glide__slide\"><div class=\"inner \"><img width=\"640\" height=\"427\" src=\"https:\/\/www.bedfont.com\/wp-content\/uploads\/2024\/10\/kicc-innovative-business-of-the-year.jpg\" class=\"attachment-large size-large\" alt=\"\" decoding=\"async\" loading=\"lazy\" srcset=\"https:\/\/www.bedfont.com\/wp-content\/uploads\/2024\/10\/kicc-innovative-business-of-the-year.jpg 900w, https:\/\/www.bedfont.com\/wp-content\/uploads\/2024\/10\/kicc-innovative-business-of-the-year-300x200.jpg 300w, https:\/\/www.bedfont.com\/wp-content\/uploads\/2024\/10\/kicc-innovative-business-of-the-year-768x512.jpg 768w\" sizes=\"auto, (max-width: 640px) 100vw, 640px\"\/><div class=\"content\"><h3 class=\"text-left\">Innovative Business of the Year - KICC<\/h3><div class=\"hightlights\"><span>2023<\/span><span>2022<\/span><span>2020<\/span><\/div><\/div><\/div><\/li><li class=\"glide__slide\"><div class=\"inner \"><img width=\"640\" height=\"427\" src=\"https:\/\/www.bedfont.com\/wp-content\/uploads\/2024\/10\/technology-business-of-the-year-at-keiba.jpg\" class=\"attachment-large size-large\" alt=\"\" decoding=\"async\" loading=\"lazy\" srcset=\"https:\/\/www.bedfont.com\/wp-content\/uploads\/2024\/10\/technology-business-of-the-year-at-keiba.jpg 900w, https:\/\/www.bedfont.com\/wp-content\/uploads\/2024\/10\/technology-business-of-the-year-at-keiba-300x200.jpg 300w, https:\/\/www.bedfont.com\/wp-content\/uploads\/2024\/10\/technology-business-of-the-year-at-keiba-768x512.jpg 768w\" sizes=\"auto, (max-width: 640px) 100vw, 640px\"\/><div class=\"content\"><h3 class=\"text-left\">Technology Business of the Year - KEIBA<\/h3><div class=\"hightlights\"><span>2018<\/span><\/div><\/div><\/div><\/li><li class=\"glide__slide\"><div class=\"inner \"><img width=\"640\" height=\"427\" src=\"https:\/\/www.bedfont.com\/wp-content\/uploads\/2024\/10\/exporter-of-the-year-at-SEHTA.jpg\" class=\"attachment-large size-large\" alt=\"\" decoding=\"async\" loading=\"lazy\" srcset=\"https:\/\/www.bedfont.com\/wp-content\/uploads\/2024\/10\/exporter-of-the-year-at-SEHTA.jpg 900w, https:\/\/www.bedfont.com\/wp-content\/uploads\/2024\/10\/exporter-of-the-year-at-SEHTA-300x200.jpg 300w, https:\/\/www.bedfont.com\/wp-content\/uploads\/2024\/10\/exporter-of-the-year-at-SEHTA-768x512.jpg 768w\" sizes=\"auto, (max-width: 640px) 100vw, 640px\"\/><div class=\"content\"><h3 class=\"text-left\">Exporter of the Year - SEHTA<\/h3><div class=\"hightlights\"><span>2019<\/span><\/div><\/div><\/div><\/li><li class=\"glide__slide\"><div class=\"inner \"><img width=\"640\" height=\"427\" src=\"https:\/\/www.bedfont.com\/wp-content\/uploads\/2024\/10\/exporter-of-the-year-kicc.jpg\" class=\"attachment-large size-large\" alt=\"\" decoding=\"async\" loading=\"lazy\" srcset=\"https:\/\/www.bedfont.com\/wp-content\/uploads\/2024\/10\/exporter-of-the-year-kicc.jpg 900w, https:\/\/www.bedfont.com\/wp-content\/uploads\/2024\/10\/exporter-of-the-year-kicc-300x200.jpg 300w, https:\/\/www.bedfont.com\/wp-content\/uploads\/2024\/10\/exporter-of-the-year-kicc-768x512.jpg 768w\" sizes=\"auto, (max-width: 640px) 100vw, 640px\"\/><div class=\"content\"><h3 class=\"text-left\">Exporter of the Year - KICC<\/h3><div class=\"hightlights\"><span>2019<\/span><span>2018<\/span><span>2017<\/span><\/div><\/div><\/div><\/li><li class=\"glide__slide\"><div class=\"inner \"><img width=\"640\" height=\"427\" src=\"https:\/\/www.bedfont.com\/wp-content\/uploads\/2024\/10\/exporter-of-the-year-FSB.jpg\" class=\"attachment-large size-large\" alt=\"\" decoding=\"async\" loading=\"lazy\" srcset=\"https:\/\/www.bedfont.com\/wp-content\/uploads\/2024\/10\/exporter-of-the-year-FSB.jpg 900w, https:\/\/www.bedfont.com\/wp-content\/uploads\/2024\/10\/exporter-of-the-year-FSB-300x200.jpg 300w, https:\/\/www.bedfont.com\/wp-content\/uploads\/2024\/10\/exporter-of-the-year-FSB-768x512.jpg 768w\" sizes=\"auto, (max-width: 640px) 100vw, 640px\"\/><div class=\"content\"><h3 class=\"text-left\">Silver Technology & Innovation Award - FBAs<\/h3><div class=\"hightlights\"><span>2019<\/span><\/div><\/div><\/div><\/li><li class=\"glide__slide\"><div class=\"inner \"><img width=\"640\" height=\"427\" src=\"https:\/\/www.bedfont.com\/wp-content\/uploads\/2024\/10\/technology-innovation-award-fba.jpg\" class=\"attachment-large size-large\" alt=\"\" decoding=\"async\" loading=\"lazy\" srcset=\"https:\/\/www.bedfont.com\/wp-content\/uploads\/2024\/10\/technology-innovation-award-fba.jpg 900w, https:\/\/www.bedfont.com\/wp-content\/uploads\/2024\/10\/technology-innovation-award-fba-300x200.jpg 300w, https:\/\/www.bedfont.com\/wp-content\/uploads\/2024\/10\/technology-innovation-award-fba-768x512.jpg 768w\" sizes=\"auto, (max-width: 640px) 100vw, 640px\"\/><div class=\"content\"><h3 class=\"text-left\">Exporter of the Year - FSB<\/h3><div class=\"hightlights\"><span>2018<\/span><\/div><\/div><\/div><\/li><li class=\"glide__slide\"><div class=\"inner \"><img width=\"640\" height=\"427\" src=\"https:\/\/www.bedfont.com\/wp-content\/uploads\/2024\/10\/small-business-of-the-year-MBA.jpg\" class=\"attachment-large size-large\" alt=\"\" decoding=\"async\" loading=\"lazy\" srcset=\"https:\/\/www.bedfont.com\/wp-content\/uploads\/2024\/10\/small-business-of-the-year-MBA.jpg 900w, https:\/\/www.bedfont.com\/wp-content\/uploads\/2024\/10\/small-business-of-the-year-MBA-300x200.jpg 300w, https:\/\/www.bedfont.com\/wp-content\/uploads\/2024\/10\/small-business-of-the-year-MBA-768x512.jpg 768w\" sizes=\"auto, (max-width: 640px) 100vw, 640px\"\/><div class=\"content\"><h3 class=\"text-left\">Small Business of the Year - Maidstone Business Awards<\/h3><div class=\"hightlights\"><span>2017<\/span><\/div><\/div><\/div><\/li><li class=\"glide__slide\"><div class=\"inner \"><img width=\"640\" height=\"427\" src=\"https:\/\/www.bedfont.com\/wp-content\/uploads\/2024\/10\/exporter-of-the-year-at-KEIBA.jpg\" class=\"attachment-large size-large\" alt=\"\" decoding=\"async\" loading=\"lazy\" srcset=\"https:\/\/www.bedfont.com\/wp-content\/uploads\/2024\/10\/exporter-of-the-year-at-KEIBA.jpg 900w, https:\/\/www.bedfont.com\/wp-content\/uploads\/2024\/10\/exporter-of-the-year-at-KEIBA-300x200.jpg 300w, https:\/\/www.bedfont.com\/wp-content\/uploads\/2024\/10\/exporter-of-the-year-at-KEIBA-768x512.jpg 768w\" sizes=\"auto, (max-width: 640px) 100vw, 640px\"\/><div class=\"content\"><h3 class=\"text-left\">Exporter of the Year - KEIBAc<\/h3><div class=\"hightlights\"><span>2017<\/span><\/div><\/div><\/div><\/li><li class=\"glide__slide\"><div class=\"inner \"><img width=\"640\" height=\"427\" src=\"https:\/\/www.bedfont.com\/wp-content\/uploads\/2024\/10\/medium-business-of-the-year-KEIBA.jpg\" class=\"attachment-large size-large\" alt=\"\" decoding=\"async\" loading=\"lazy\" srcset=\"https:\/\/www.bedfont.com\/wp-content\/uploads\/2024\/10\/medium-business-of-the-year-KEIBA.jpg 900w, https:\/\/www.bedfont.com\/wp-content\/uploads\/2024\/10\/medium-business-of-the-year-KEIBA-300x200.jpg 300w, https:\/\/www.bedfont.com\/wp-content\/uploads\/2024\/10\/medium-business-of-the-year-KEIBA-768x512.jpg 768w\" sizes=\"auto, (max-width: 640px) 100vw, 640px\"\/><div class=\"content\"><h3 class=\"text-left\">Medium Business of the Year - KEIBA<\/h3><div class=\"hightlights\"><span>2017<\/span><\/div><\/div><\/div><\/li><\/ul>\n\t<\/div><div class=\"glide__arrows\" data-glide-el=\"controls\"> <button class=\"glide__arrow glide__arrow--left\" data-glide-dir=\"<\"> <img decoding=\"async\" src=\"https:\/\/bedfont.theprogressteam.com\/wp-content\/themes\/bedfont\/assets\/img\/prev.png\" class=\"img-fluid\" alt=\"Back arrow\"> <\/button> <button class=\"glide__arrow glide__arrow--right\" data-glide-dir=\">\"> <img decoding=\"async\" src=\"https:\/\/bedfont.theprogressteam.com\/wp-content\/themes\/bedfont\/assets\/img\/next.png\" class=\"img-fluid\" alt=\"Next arrow\"> <\/button> <\/div>\n<\/div><\/div>\n\t<\/div>\n<\/section><!-- \/wp:html --><section class=\"logo-slider $\" id=\"module-769-logo_slider-2\"><div class=\"container\"><h2 class=\"text-left\">Nos <span class=\"blue-text\">accr\u00e9ditations <\/span><\/h2><div class=\"carousel-logo-slider mb-4\"><div class=\"glide2 position-relative\"><div class=\"glide__track\" data-glide-el=\"track\"><ul class=\"glide__slides\"><li class=\"glide__slide\"><a href=\"https:\/\/www.bedfont.com\/wp-content\/uploads\/2024\/10\/ecrep-1024x222.png\" data-fancybox=\"gallery\"><img width=\"640\" height=\"139\" src=\"https:\/\/www.bedfont.com\/wp-content\/uploads\/2024\/10\/ecrep-1024x222.png\" class=\"attachment-large size-large\" alt=\"\" decoding=\"async\" loading=\"lazy\" srcset=\"https:\/\/www.bedfont.com\/wp-content\/uploads\/2024\/10\/ecrep-1024x222.png 1024w, https:\/\/www.bedfont.com\/wp-content\/uploads\/2024\/10\/ecrep-300x65.png 300w, https:\/\/www.bedfont.com\/wp-content\/uploads\/2024\/10\/ecrep-768x166.png 768w, https:\/\/www.bedfont.com\/wp-content\/uploads\/2024\/10\/ecrep.png 1071w\" sizes=\"auto, (max-width: 640px) 100vw, 640px\"\/><\/a><\/li><li class=\"glide__slide\"><a href=\"https:\/\/www.bedfont.com\/wp-content\/uploads\/2024\/10\/chrep-e1727965894844-1.png\" data-fancybox=\"gallery\"><img width=\"640\" height=\"184\" src=\"https:\/\/www.bedfont.com\/wp-content\/uploads\/2024\/10\/chrep-e1727965894844-1.png\" class=\"attachment-large size-large\" alt=\"\" decoding=\"async\" loading=\"lazy\" srcset=\"https:\/\/www.bedfont.com\/wp-content\/uploads\/2024\/10\/chrep-e1727965894844-1.png 806w, https:\/\/www.bedfont.com\/wp-content\/uploads\/2024\/10\/chrep-e1727965894844-1-300x86.png 300w, https:\/\/www.bedfont.com\/wp-content\/uploads\/2024\/10\/chrep-e1727965894844-1-768x221.png 768w\" sizes=\"auto, (max-width: 640px) 100vw, 640px\"\/><\/a><\/li><li class=\"glide__slide\"><a href=\"https:\/\/www.bedfont.com\/wp-content\/uploads\/2024\/10\/CE-mark-in-blue-e1727965833915-1.png\" data-fancybox=\"gallery\"><img width=\"228\" height=\"232\" src=\"https:\/\/www.bedfont.com\/wp-content\/uploads\/2024\/10\/CE-mark-in-blue-e1727965833915-1.png\" class=\"attachment-large size-large\" alt=\"\" decoding=\"async\" loading=\"lazy\"\/><\/a><\/li><li class=\"glide__slide\"><a href=\"https:\/\/www.bedfont.com\/wp-content\/uploads\/2024\/10\/bsi-logo-e1727965913638-1.png\" data-fancybox=\"gallery\"><img width=\"405\" height=\"232\" src=\"https:\/\/www.bedfont.com\/wp-content\/uploads\/2024\/10\/bsi-logo-e1727965913638-1.png\" class=\"attachment-large size-large\" alt=\"\" decoding=\"async\" loading=\"lazy\" srcset=\"https:\/\/www.bedfont.com\/wp-content\/uploads\/2024\/10\/bsi-logo-e1727965913638-1.png 405w, https:\/\/www.bedfont.com\/wp-content\/uploads\/2024\/10\/bsi-logo-e1727965913638-1-300x172.png 300w\" sizes=\"auto, (max-width: 405px) 100vw, 405px\"\/><\/a><\/li><li class=\"glide__slide\"><a href=\"https:\/\/www.bedfont.com\/wp-content\/uploads\/2024\/10\/gastrochart-award-e1727965854250-1.png\" data-fancybox=\"gallery\"><img width=\"321\" height=\"232\" src=\"https:\/\/www.bedfont.com\/wp-content\/uploads\/2024\/10\/gastrochart-award-e1727965854250-1.png\" class=\"attachment-large size-large\" alt=\"\" decoding=\"async\" loading=\"lazy\" srcset=\"https:\/\/www.bedfont.com\/wp-content\/uploads\/2024\/10\/gastrochart-award-e1727965854250-1.png 321w, https:\/\/www.bedfont.com\/wp-content\/uploads\/2024\/10\/gastrochart-award-e1727965854250-1-300x217.png 300w\" sizes=\"auto, (max-width: 321px) 100vw, 321px\"\/><\/a><\/li><\/ul><\/div><div class=\"glide__arrows\" data-glide-el=\"controls\"> <button class=\"glide__arrow glide__arrow--left\" data-glide-dir=\"<\"> <img decoding=\"async\" src=\"https:\/\/bedfont.theprogressteam.com\/wp-content\/themes\/bedfont\/assets\/img\/prev.png\" class=\"img-fluid\" alt=\"Back arrow\"> <\/button> <button class=\"glide__arrow glide__arrow--right\" data-glide-dir=\">\"> <img decoding=\"async\" src=\"https:\/\/bedfont.theprogressteam.com\/wp-content\/themes\/bedfont\/assets\/img\/next.png\" class=\"img-fluid\" alt=\"Next arrow\"> <\/button> <\/div><\/div><\/div><div class=\"below-arrows\"><p>Nous sommes reconnaissants de la reconnaissance et du soutien que nous avons re\u00e7us de la part de notre communaut\u00e9 et de l&rsquo;industrie. Nous continuerons \u00e0 travailler dur et \u00e0 innover pour avoir un impact positif sur la vie des gens. <\/p>\n<\/div><\/div><\/section>","protected":false},"excerpt":{"rendered":"<p>Nos prix \u00c0 Bedfont, nous sommes fiers de notre qu\u00eate incessante de l&rsquo;excellence et nous sommes honor\u00e9s d&rsquo;avoir remport\u00e9 les prix que nous avons re\u00e7us. Jetez un coup d&rsquo;\u0153il ci-dessous aux remarquables reconnaissances et r\u00e9compenses que nous avons obtenues au fil des ans. Nos accr\u00e9ditations Nous sommes reconnaissants de la reconnaissance et du soutien que [&hellip;]<\/p>\n","protected":false},"author":6,"featured_media":0,"parent":0,"menu_order":0,"comment_status":"closed","ping_status":"closed","template":"templates\/page-modules.php","meta":{"_acf_changed":false,"footnotes":""},"class_list":["post-3589","page","type-page","status-publish","hentry"],"acf":[],"yoast_head":"<!-- This site is optimized with the Yoast SEO plugin v27.5 - https:\/\/yoast.com\/product\/yoast-seo-wordpress\/ -->\n<title>Nos prix - Bedfont Scientific Ltd.<\/title>\n<meta name=\"description\" content=\"\u00c0 Bedfont, nous sommes fiers de notre qu\u00eate incessante de l&#039;excellence et nous sommes honor\u00e9s d&#039;avoir remport\u00e9 les prix que nous avons re\u00e7us.\" \/>\n<meta name=\"robots\" content=\"index, follow, max-snippet:-1, max-image-preview:large, max-video-preview:-1\" \/>\n<link rel=\"canonical\" href=\"https:\/\/www.bedfont.com\/fr\/nos-prix\/\" \/>\n<meta property=\"og:locale\" content=\"fr_FR\" \/>\n<meta property=\"og:type\" content=\"article\" \/>\n<meta property=\"og:title\" content=\"Nos prix - Bedfont Scientific Ltd.\" \/>\n<meta property=\"og:description\" content=\"\u00c0 Bedfont, nous sommes fiers de notre qu\u00eate incessante de l&#039;excellence et nous sommes honor\u00e9s d&#039;avoir remport\u00e9 les prix que nous avons re\u00e7us.\" \/>\n<meta property=\"og:url\" content=\"https:\/\/www.bedfont.com\/fr\/nos-prix\/\" \/>\n<meta property=\"og:site_name\" content=\"Bedfont Scientific Ltd.\" \/>\n<meta property=\"article:publisher\" content=\"https:\/\/www.facebook.com\/Bedfontltd\/\" \/>\n<meta property=\"article:modified_time\" content=\"2024-10-14T10:23:24+00:00\" \/>\n<meta property=\"og:image\" content=\"https:\/\/www.bedfont.com\/wp-content\/uploads\/2024\/10\/who-we-are.jpg\" \/>\n<meta name=\"twitter:card\" content=\"summary_large_image\" \/>\n<meta name=\"twitter:site\" content=\"@BedfontLtd\" \/>\n<script type=\"application\/ld+json\" class=\"yoast-schema-graph\">{\"@context\":\"https:\\\/\\\/schema.org\",\"@graph\":[{\"@type\":\"WebPage\",\"@id\":\"https:\\\/\\\/www.bedfont.com\\\/fr\\\/nos-prix\\\/\",\"url\":\"https:\\\/\\\/www.bedfont.com\\\/fr\\\/nos-prix\\\/\",\"name\":\"Nos prix - Bedfont Scientific Ltd.\",\"isPartOf\":{\"@id\":\"https:\\\/\\\/www.bedfont.com\\\/fr\\\/#website\"},\"primaryImageOfPage\":{\"@id\":\"https:\\\/\\\/www.bedfont.com\\\/fr\\\/nos-prix\\\/#primaryimage\"},\"image\":{\"@id\":\"https:\\\/\\\/www.bedfont.com\\\/fr\\\/nos-prix\\\/#primaryimage\"},\"thumbnailUrl\":\"https:\\\/\\\/www.bedfont.com\\\/wp-content\\\/uploads\\\/2024\\\/10\\\/who-we-are.jpg\",\"datePublished\":\"2023-02-14T12:08:20+00:00\",\"dateModified\":\"2024-10-14T10:23:24+00:00\",\"description\":\"\u00c0 Bedfont, nous sommes fiers de notre qu\u00eate incessante de l'excellence et nous sommes honor\u00e9s d'avoir remport\u00e9 les prix que nous avons re\u00e7us.\",\"breadcrumb\":{\"@id\":\"https:\\\/\\\/www.bedfont.com\\\/fr\\\/nos-prix\\\/#breadcrumb\"},\"inLanguage\":\"fr-FR\",\"potentialAction\":[{\"@type\":\"ReadAction\",\"target\":[\"https:\\\/\\\/www.bedfont.com\\\/fr\\\/nos-prix\\\/\"]}]},{\"@type\":\"ImageObject\",\"inLanguage\":\"fr-FR\",\"@id\":\"https:\\\/\\\/www.bedfont.com\\\/fr\\\/nos-prix\\\/#primaryimage\",\"url\":\"https:\\\/\\\/www.bedfont.com\\\/wp-content\\\/uploads\\\/2024\\\/10\\\/who-we-are.jpg\",\"contentUrl\":\"https:\\\/\\\/www.bedfont.com\\\/wp-content\\\/uploads\\\/2024\\\/10\\\/who-we-are.jpg\"},{\"@type\":\"BreadcrumbList\",\"@id\":\"https:\\\/\\\/www.bedfont.com\\\/fr\\\/nos-prix\\\/#breadcrumb\",\"itemListElement\":[{\"@type\":\"ListItem\",\"position\":1,\"name\":\"Home\",\"item\":\"https:\\\/\\\/www.bedfont.com\\\/fr\\\/\"},{\"@type\":\"ListItem\",\"position\":2,\"name\":\"Nos prix\"}]},{\"@type\":\"WebSite\",\"@id\":\"https:\\\/\\\/www.bedfont.com\\\/fr\\\/#website\",\"url\":\"https:\\\/\\\/www.bedfont.com\\\/fr\\\/\",\"name\":\"Bedfont Scientific Ltd.\",\"description\":\"World leaders in breath analysis.\",\"potentialAction\":[{\"@type\":\"SearchAction\",\"target\":{\"@type\":\"EntryPoint\",\"urlTemplate\":\"https:\\\/\\\/www.bedfont.com\\\/fr\\\/?s={search_term_string}\"},\"query-input\":{\"@type\":\"PropertyValueSpecification\",\"valueRequired\":true,\"valueName\":\"search_term_string\"}}],\"inLanguage\":\"fr-FR\"}]}<\/script>\n<!-- \/ Yoast SEO plugin. -->","yoast_head_json":{"title":"Nos prix - Bedfont Scientific Ltd.","description":"\u00c0 Bedfont, nous sommes fiers de notre qu\u00eate incessante de l'excellence et nous sommes honor\u00e9s d'avoir remport\u00e9 les prix que nous avons re\u00e7us.","robots":{"index":"index","follow":"follow","max-snippet":"max-snippet:-1","max-image-preview":"max-image-preview:large","max-video-preview":"max-video-preview:-1"},"canonical":"https:\/\/www.bedfont.com\/fr\/nos-prix\/","og_locale":"fr_FR","og_type":"article","og_title":"Nos prix - Bedfont Scientific Ltd.","og_description":"\u00c0 Bedfont, nous sommes fiers de notre qu\u00eate incessante de l'excellence et nous sommes honor\u00e9s d'avoir remport\u00e9 les prix que nous avons re\u00e7us.","og_url":"https:\/\/www.bedfont.com\/fr\/nos-prix\/","og_site_name":"Bedfont Scientific Ltd.","article_publisher":"https:\/\/www.facebook.com\/Bedfontltd\/","article_modified_time":"2024-10-14T10:23:24+00:00","og_image":[{"url":"https:\/\/www.bedfont.com\/wp-content\/uploads\/2024\/10\/who-we-are.jpg","type":"","width":"","height":""}],"twitter_card":"summary_large_image","twitter_site":"@BedfontLtd","schema":{"@context":"https:\/\/schema.org","@graph":[{"@type":"WebPage","@id":"https:\/\/www.bedfont.com\/fr\/nos-prix\/","url":"https:\/\/www.bedfont.com\/fr\/nos-prix\/","name":"Nos prix - Bedfont Scientific Ltd.","isPartOf":{"@id":"https:\/\/www.bedfont.com\/fr\/#website"},"primaryImageOfPage":{"@id":"https:\/\/www.bedfont.com\/fr\/nos-prix\/#primaryimage"},"image":{"@id":"https:\/\/www.bedfont.com\/fr\/nos-prix\/#primaryimage"},"thumbnailUrl":"https:\/\/www.bedfont.com\/wp-content\/uploads\/2024\/10\/who-we-are.jpg","datePublished":"2023-02-14T12:08:20+00:00","dateModified":"2024-10-14T10:23:24+00:00","description":"\u00c0 Bedfont, nous sommes fiers de notre qu\u00eate incessante de l'excellence et nous sommes honor\u00e9s d'avoir remport\u00e9 les prix que nous avons re\u00e7us.","breadcrumb":{"@id":"https:\/\/www.bedfont.com\/fr\/nos-prix\/#breadcrumb"},"inLanguage":"fr-FR","potentialAction":[{"@type":"ReadAction","target":["https:\/\/www.bedfont.com\/fr\/nos-prix\/"]}]},{"@type":"ImageObject","inLanguage":"fr-FR","@id":"https:\/\/www.bedfont.com\/fr\/nos-prix\/#primaryimage","url":"https:\/\/www.bedfont.com\/wp-content\/uploads\/2024\/10\/who-we-are.jpg","contentUrl":"https:\/\/www.bedfont.com\/wp-content\/uploads\/2024\/10\/who-we-are.jpg"},{"@type":"BreadcrumbList","@id":"https:\/\/www.bedfont.com\/fr\/nos-prix\/#breadcrumb","itemListElement":[{"@type":"ListItem","position":1,"name":"Home","item":"https:\/\/www.bedfont.com\/fr\/"},{"@type":"ListItem","position":2,"name":"Nos prix"}]},{"@type":"WebSite","@id":"https:\/\/www.bedfont.com\/fr\/#website","url":"https:\/\/www.bedfont.com\/fr\/","name":"Bedfont Scientific Ltd.","description":"World leaders in breath analysis.","potentialAction":[{"@type":"SearchAction","target":{"@type":"EntryPoint","urlTemplate":"https:\/\/www.bedfont.com\/fr\/?s={search_term_string}"},"query-input":{"@type":"PropertyValueSpecification","valueRequired":true,"valueName":"search_term_string"}}],"inLanguage":"fr-FR"}]}},"_links":{"self":[{"href":"https:\/\/www.bedfont.com\/fr\/wp-json\/wp\/v2\/pages\/3589","targetHints":{"allow":["GET"]}}],"collection":[{"href":"https:\/\/www.bedfont.com\/fr\/wp-json\/wp\/v2\/pages"}],"about":[{"href":"https:\/\/www.bedfont.com\/fr\/wp-json\/wp\/v2\/types\/page"}],"author":[{"embeddable":true,"href":"https:\/\/www.bedfont.com\/fr\/wp-json\/wp\/v2\/users\/6"}],"replies":[{"embeddable":true,"href":"https:\/\/www.bedfont.com\/fr\/wp-json\/wp\/v2\/comments?post=3589"}],"version-history":[{"count":5,"href":"https:\/\/www.bedfont.com\/fr\/wp-json\/wp\/v2\/pages\/3589\/revisions"}],"predecessor-version":[{"id":7046,"href":"https:\/\/www.bedfont.com\/fr\/wp-json\/wp\/v2\/pages\/3589\/revisions\/7046"}],"wp:attachment":[{"href":"https:\/\/www.bedfont.com\/fr\/wp-json\/wp\/v2\/media?parent=3589"}],"curies":[{"name":"wp","href":"https:\/\/api.w.org\/{rel}","templated":true}]}}