{"id":3557,"date":"2022-11-04T14:14:34","date_gmt":"2022-11-04T14:14:34","guid":{"rendered":"https:\/\/bedfont.theprogressteam.com\/medi-gas-check\/"},"modified":"2024-10-28T06:41:38","modified_gmt":"2024-10-28T06:41:38","slug":"medi-gas-check","status":"publish","type":"page","link":"https:\/\/www.bedfont.com\/fr\/produits\/medi-gas-check\/","title":{"rendered":"Medi-Gas Check"},"content":{"rendered":"<section class=\"hero-style-4 p-0 position-relative \" id=\"module-741-hero-0\">\n\t\t<div class=\"container-fluid overlay-img-holder\">\n\t\t\t<img width=\"1469\" height=\"400\" src=\"https:\/\/www.bedfont.com\/wp-content\/uploads\/2024\/10\/medigas-product-page.jpg\" class=\"w-100\" alt=\"\" decoding=\"async\" loading=\"lazy\" srcset=\"https:\/\/www.bedfont.com\/wp-content\/uploads\/2024\/10\/medigas-product-page.jpg 1469w, https:\/\/www.bedfont.com\/wp-content\/uploads\/2024\/10\/medigas-product-page-300x82.jpg 300w, https:\/\/www.bedfont.com\/wp-content\/uploads\/2024\/10\/medigas-product-page-1024x279.jpg 1024w, https:\/\/www.bedfont.com\/wp-content\/uploads\/2024\/10\/medigas-product-page-768x209.jpg 768w\" sizes=\"auto, (max-width: 1469px) 100vw, 1469px\"\/>\n\t\t\t<div class=\"overlay\">\n\t\t\t\t<div class=\"col-12 col-md-8 mx-auto\">\n\t\t\t\t\t<h1>Medi-Gas Check<\/h1>\n\t\t\t\t\t<p>La gamme Medi-Gas Check d&rsquo;\u00e9quipements de test des canalisations m\u00e9dicales permet de prot\u00e9ger les patients et le personnel contre les gaz nocifs. En testant le gaz dans la canalisation, vous pouvez v\u00e9rifier que le bon gaz est administr\u00e9, ainsi que la bonne quantit\u00e9 et la bonne qualit\u00e9 de ce gaz. <\/p>\n\n\t\t\t\t<\/div>\n\t\t\t<\/div>\n\t\t<\/div>\n\t<\/section><section class=\"two-column-style-5 two-column-style-6 bg-gradient-red \" id=\"module-741-two_column_image_text-1\">\n\t \t<div class=\"container\">\n\t\t\t<div class=\"row flex-row-reverse\">\n\t\t\t\t\t<div class=\"col-12 col-lg-7 my-auto\">\n                    <div class=\"box\">\n\t\t\t\t\t<h2 class=\"text-left\"> G210<\/h2>\n\t\t\t\t<p><strong>Surveillance du N2O, de l&rsquo;O2, du CO2 et du CO<\/strong><\/p>\n<p>Sp\u00e9cialement con\u00e7u pour mesurer avec une grande pr\u00e9cision les gaz m\u00e9dicaux canalis\u00e9s N2O et O2 en %. Ce moniteur portatif l\u00e9ger est id\u00e9al pour une utilisation dans un h\u00f4pital tr\u00e8s actif. Il v\u00e9rifie rapidement la qualit\u00e9 du gaz sur un \u00e9cran num\u00e9rique facile \u00e0 lire. Il est possible d&rsquo;entrer des num\u00e9ros d&rsquo;identification sp\u00e9cifiques pour des points de surveillance particuliers dans l&rsquo;h\u00f4pital. L&rsquo;unit\u00e9 peut identifier les contaminants potentiels CO et CO2 dans les gaz de canalisation autour des h\u00f4pitaux, avec stockage des donn\u00e9es et alarmes, le G210 est id\u00e9al pour la plupart de vos exigences de v\u00e9rification et de test MGPS con\u00e7u pour une mesure tr\u00e8s pr\u00e9cise des gaz m\u00e9dicaux de canalisation N2O et O2 en %.    <\/p>\n\n\t\t\t\t\t\n\t\t\t\t<\/div>\n\t\t\t\t<\/div>\n\t\t\t\t<div class=\"col-1\"><\/div>\n\t\t\t\n                <div class=\"col-12 col-lg-4\">\n\t\t\t\t\t<img width=\"750\" height=\"1000\" src=\"https:\/\/www.bedfont.com\/wp-content\/uploads\/2024\/10\/g210.png\" class=\"img-fluid w-75 mx-auto d-block\" alt=\"\" decoding=\"async\" loading=\"lazy\" srcset=\"https:\/\/www.bedfont.com\/wp-content\/uploads\/2024\/10\/g210.png 750w, https:\/\/www.bedfont.com\/wp-content\/uploads\/2024\/10\/g210-225x300.png 225w\" sizes=\"auto, (max-width: 750px) 100vw, 750px\"\/>\n\t\t\t\t<\/div>\n\t\t\t<\/div>\n\t\t<\/div>\n\t<\/section><section class=\"two-column-style-5 two-column-style-6 bg-gradient-red \" id=\"module-741-two_column_image_text-2\">\n\t \t<div class=\"container\">\n\t\t\t<div class=\"row flex-row-reverse\">\n\t\t\t\t\t<div class=\"col-12 col-lg-7 my-auto\">\n                    <div class=\"box\">\n\t\t\t\t\t<h2 class=\"text-left\">Testeur multi air F8004<\/h2>\n\t\t\t\t<p><strong>Analyse de la s\u00e9curit\u00e9 de l&rsquo;air pour l&rsquo;air m\u00e9dical et dentaire<\/strong><\/p>\n<p>Le nouveau testeur multi-air F8004 est id\u00e9al pour tester l&rsquo;air m\u00e9dical et dentaire et d\u00e9tecter une large gamme de gaz et de contaminants \u00e0 l&rsquo;aide d&rsquo;un seul appareil. Con\u00e7u pour fournir une m\u00e9thode rapide et facile pour effectuer des tests pr\u00e9cis des sources d&rsquo;air respirable, le testeur multi air est le dernier ajout \u00e0 la gamme Medi-Gas Check d&rsquo;analyseurs de gaz m\u00e9dicaux portables pour les canalisations. <\/p>\n\n\t\t\t\t\t\n\t\t\t\t<\/div>\n\t\t\t\t<\/div>\n\t\t\t\t<div class=\"col-1\"><\/div>\n\t\t\t\n                <div class=\"col-12 col-lg-4\">\n\t\t\t\t\t<img width=\"750\" height=\"1000\" src=\"https:\/\/www.bedfont.com\/wp-content\/uploads\/2024\/10\/f8004.png\" class=\"img-fluid w-75 mx-auto d-block\" alt=\"\" decoding=\"async\" loading=\"lazy\" srcset=\"https:\/\/www.bedfont.com\/wp-content\/uploads\/2024\/10\/f8004.png 750w, https:\/\/www.bedfont.com\/wp-content\/uploads\/2024\/10\/f8004-225x300.png 225w\" sizes=\"auto, (max-width: 750px) 100vw, 750px\"\/>\n\t\t\t\t<\/div>\n\t\t\t<\/div>\n\t\t<\/div>\n\t<\/section><section class=\"two-column-style-5 two-column-style-6 bg-gradient-red \" id=\"module-741-two_column_image_text-3\">\n\t \t<div class=\"container\">\n\t\t\t<div class=\"row flex-row-reverse\">\n\t\t\t\t\t<div class=\"col-12 col-lg-7 my-auto\">\n                    <div class=\"box\">\n\t\t\t\t\t<h2 class=\"text-left\">G200<\/h2>\n\t\t\t\t<p><strong>Mesure du N2O dans l&rsquo;atmosph\u00e8re \u00e0 faible niveau<\/strong><\/p>\n<p>Ce moniteur portable sert non seulement d&rsquo;alarme personnelle, mais il calcule \u00e9galement la moyenne pond\u00e9r\u00e9e dans le temps (MPT) de l&rsquo;exposition d&rsquo;un individu au N2O. Le G200 sert \u00e9galement d&rsquo;appareil de d\u00e9tection des fuites et peut stocker jusqu&rsquo;\u00e0 1 000 relev\u00e9s \u00e0 utiliser pour les graphiques et l&rsquo;analyse des donn\u00e9es. Le G200 est capable de fournir des mesures de 0 \u00e0 1 000 ppm en moins de 40 secondes et de 0 \u00e0 10 000 ppm en mode d\u00e9tection de fuites, prot\u00e9geant ainsi les professionnels de la sant\u00e9 et les patients. Ce produit est id\u00e9al pour : les services dentaires, les services d&rsquo;anesth\u00e9sie, les th\u00e9\u00e2tres d&rsquo;h\u00f4pitaux, ainsi que les services de r\u00e9cup\u00e9ration, les services v\u00e9t\u00e9rinaires et les services de radiologie.   <\/p>\n\n\t\t\t\t\t\n\t\t\t\t<\/div>\n\t\t\t\t<\/div>\n\t\t\t\t<div class=\"col-1\"><\/div>\n\t\t\t\n                <div class=\"col-12 col-lg-4\">\n\t\t\t\t\t<img width=\"600\" height=\"851\" src=\"https:\/\/www.bedfont.com\/wp-content\/uploads\/2024\/10\/g200.png\" class=\"img-fluid w-75 mx-auto d-block\" alt=\"\" decoding=\"async\" loading=\"lazy\" srcset=\"https:\/\/www.bedfont.com\/wp-content\/uploads\/2024\/10\/g200.png 600w, https:\/\/www.bedfont.com\/wp-content\/uploads\/2024\/10\/g200-212x300.png 212w\" sizes=\"auto, (max-width: 600px) 100vw, 600px\"\/>\n\t\t\t\t<\/div>\n\t\t\t<\/div>\n\t\t<\/div>\n\t<\/section><section class=\"two-column-style-5 two-column-style-6 bg-gradient-red \" id=\"module-741-two_column_image_text-4\">\n\t \t<div class=\"container\">\n\t\t\t<div class=\"row flex-row-reverse\">\n\t\t\t\t\t<div class=\"col-12 col-lg-7 my-auto\">\n                    <div class=\"box\">\n\t\t\t\t\t<h2 class=\"text-left\">Pipeline Sampling Kit<\/h2>\n\t\t\t\t<p>Dans le cadre de l&rsquo;engagement de Bedfont \u00e0 rendre la v\u00e9rification et la validation des MGPS aussi rapides et faciles que possible, nous fournissons un kit d&rsquo;\u00e9chantillonnage \u00e0 utiliser avec tous nos moniteurs, tubes d\u00e9tecteurs et \u00e9quipements. Ce kit comprend un r\u00e9gulateur pour s&rsquo;assurer que le flux de gaz passe \u00e0 travers le moniteur ou le tube d\u00e9tecteur au d\u00e9bit correct, 5 sondes de gaz sp\u00e9cialis\u00e9es et des raccords rapides pour passer d&rsquo;un gaz \u00e0 l&rsquo;autre. <\/p>\n\n\t\t\t\t\t\n\t\t\t\t<\/div>\n\t\t\t\t<\/div>\n\t\t\t\t<div class=\"col-1\"><\/div>\n\t\t\t\n                <div class=\"col-12 col-lg-4\">\n\t\t\t\t\t<img width=\"800\" height=\"431\" src=\"https:\/\/www.bedfont.com\/wp-content\/uploads\/2024\/10\/pipeline-sampling-kit.png\" class=\"img-fluid w-75 mx-auto d-block\" alt=\"\" decoding=\"async\" loading=\"lazy\" srcset=\"https:\/\/www.bedfont.com\/wp-content\/uploads\/2024\/10\/pipeline-sampling-kit.png 800w, https:\/\/www.bedfont.com\/wp-content\/uploads\/2024\/10\/pipeline-sampling-kit-300x162.png 300w, https:\/\/www.bedfont.com\/wp-content\/uploads\/2024\/10\/pipeline-sampling-kit-768x414.png 768w\" sizes=\"auto, (max-width: 800px) 100vw, 800px\"\/>\n\t\t\t\t<\/div>\n\t\t\t<\/div>\n\t\t<\/div>\n\t<\/section>","protected":false},"excerpt":{"rendered":"<p>Medi-Gas Check La gamme Medi-Gas Check d&rsquo;\u00e9quipements de test des canalisations m\u00e9dicales permet de prot\u00e9ger les patients et le personnel contre les gaz nocifs. En testant le gaz dans la canalisation, vous pouvez v\u00e9rifier que le bon gaz est administr\u00e9, ainsi que la bonne quantit\u00e9 et la bonne qualit\u00e9 de ce gaz. G210 Surveillance du [&hellip;]<\/p>\n","protected":false},"author":6,"featured_media":0,"parent":3653,"menu_order":0,"comment_status":"closed","ping_status":"closed","template":"templates\/page-modules.php","meta":{"_acf_changed":false,"footnotes":""},"class_list":["post-3557","page","type-page","status-publish","hentry"],"acf":[],"yoast_head":"<!-- This site is optimized with the Yoast SEO plugin v27.4 - https:\/\/yoast.com\/product\/yoast-seo-wordpress\/ -->\n<title>Medi-Gas Check - Bedfont Scientific Ltd.<\/title>\n<meta name=\"description\" content=\"La gamme Medi-Gas Check d&#039;\u00e9quipements de test des canalisations m\u00e9dicales permet de prot\u00e9ger les patients et le personnel contre les gaz nocifs.\" \/>\n<meta name=\"robots\" content=\"index, follow, max-snippet:-1, max-image-preview:large, max-video-preview:-1\" \/>\n<link rel=\"canonical\" href=\"https:\/\/www.bedfont.com\/fr\/produits\/medi-gas-check\/\" \/>\n<meta property=\"og:locale\" content=\"fr_FR\" \/>\n<meta property=\"og:type\" content=\"article\" \/>\n<meta property=\"og:title\" content=\"Medi-Gas Check - Bedfont Scientific Ltd.\" \/>\n<meta property=\"og:description\" content=\"La gamme Medi-Gas Check d&#039;\u00e9quipements de test des canalisations m\u00e9dicales permet de prot\u00e9ger les patients et le personnel contre les gaz nocifs.\" \/>\n<meta property=\"og:url\" content=\"https:\/\/www.bedfont.com\/fr\/produits\/medi-gas-check\/\" \/>\n<meta property=\"og:site_name\" content=\"Bedfont Scientific Ltd.\" \/>\n<meta property=\"article:publisher\" content=\"https:\/\/www.facebook.com\/Bedfontltd\/\" \/>\n<meta property=\"article:modified_time\" content=\"2024-10-28T06:41:38+00:00\" \/>\n<meta property=\"og:image\" content=\"https:\/\/www.bedfont.com\/wp-content\/uploads\/2024\/10\/medigas-product-page.jpg\" \/>\n<meta name=\"twitter:card\" content=\"summary_large_image\" \/>\n<meta name=\"twitter:site\" content=\"@BedfontLtd\" \/>\n<meta name=\"twitter:label1\" content=\"Dur\u00e9e de lecture estim\u00e9e\" \/>\n\t<meta name=\"twitter:data1\" content=\"3 minutes\" \/>\n<script type=\"application\/ld+json\" class=\"yoast-schema-graph\">{\"@context\":\"https:\\\/\\\/schema.org\",\"@graph\":[{\"@type\":\"WebPage\",\"@id\":\"https:\\\/\\\/www.bedfont.com\\\/fr\\\/produits\\\/medi-gas-check\\\/\",\"url\":\"https:\\\/\\\/www.bedfont.com\\\/fr\\\/produits\\\/medi-gas-check\\\/\",\"name\":\"Medi-Gas Check - Bedfont Scientific Ltd.\",\"isPartOf\":{\"@id\":\"https:\\\/\\\/www.bedfont.com\\\/fr\\\/#website\"},\"primaryImageOfPage\":{\"@id\":\"https:\\\/\\\/www.bedfont.com\\\/fr\\\/produits\\\/medi-gas-check\\\/#primaryimage\"},\"image\":{\"@id\":\"https:\\\/\\\/www.bedfont.com\\\/fr\\\/produits\\\/medi-gas-check\\\/#primaryimage\"},\"thumbnailUrl\":\"https:\\\/\\\/www.bedfont.com\\\/wp-content\\\/uploads\\\/2024\\\/10\\\/medigas-product-page.jpg\",\"datePublished\":\"2022-11-04T14:14:34+00:00\",\"dateModified\":\"2024-10-28T06:41:38+00:00\",\"description\":\"La gamme Medi-Gas Check d'\u00e9quipements de test des canalisations m\u00e9dicales permet de prot\u00e9ger les patients et le personnel contre les gaz nocifs.\",\"breadcrumb\":{\"@id\":\"https:\\\/\\\/www.bedfont.com\\\/fr\\\/produits\\\/medi-gas-check\\\/#breadcrumb\"},\"inLanguage\":\"fr-FR\",\"potentialAction\":[{\"@type\":\"ReadAction\",\"target\":[\"https:\\\/\\\/www.bedfont.com\\\/fr\\\/produits\\\/medi-gas-check\\\/\"]}]},{\"@type\":\"ImageObject\",\"inLanguage\":\"fr-FR\",\"@id\":\"https:\\\/\\\/www.bedfont.com\\\/fr\\\/produits\\\/medi-gas-check\\\/#primaryimage\",\"url\":\"https:\\\/\\\/www.bedfont.com\\\/wp-content\\\/uploads\\\/2024\\\/10\\\/medigas-product-page.jpg\",\"contentUrl\":\"https:\\\/\\\/www.bedfont.com\\\/wp-content\\\/uploads\\\/2024\\\/10\\\/medigas-product-page.jpg\"},{\"@type\":\"BreadcrumbList\",\"@id\":\"https:\\\/\\\/www.bedfont.com\\\/fr\\\/produits\\\/medi-gas-check\\\/#breadcrumb\",\"itemListElement\":[{\"@type\":\"ListItem\",\"position\":1,\"name\":\"Home\",\"item\":\"https:\\\/\\\/www.bedfont.com\\\/fr\\\/\"},{\"@type\":\"ListItem\",\"position\":2,\"name\":\"Produits\",\"item\":\"https:\\\/\\\/www.bedfont.com\\\/fr\\\/produits\\\/\"},{\"@type\":\"ListItem\",\"position\":3,\"name\":\"Medi-Gas Check\"}]},{\"@type\":\"WebSite\",\"@id\":\"https:\\\/\\\/www.bedfont.com\\\/fr\\\/#website\",\"url\":\"https:\\\/\\\/www.bedfont.com\\\/fr\\\/\",\"name\":\"Bedfont Scientific Ltd.\",\"description\":\"World leaders in breath analysis.\",\"publisher\":{\"@id\":\"https:\\\/\\\/www.bedfont.com\\\/fr\\\/#organization\"},\"potentialAction\":[{\"@type\":\"SearchAction\",\"target\":{\"@type\":\"EntryPoint\",\"urlTemplate\":\"https:\\\/\\\/www.bedfont.com\\\/fr\\\/?s={search_term_string}\"},\"query-input\":{\"@type\":\"PropertyValueSpecification\",\"valueRequired\":true,\"valueName\":\"search_term_string\"}}],\"inLanguage\":\"fr-FR\"},{\"@type\":\"Organization\",\"@id\":\"https:\\\/\\\/www.bedfont.com\\\/fr\\\/#organization\",\"name\":\"Bedfont Scientific Ltd.\",\"url\":\"https:\\\/\\\/www.bedfont.com\\\/fr\\\/\",\"logo\":{\"@type\":\"ImageObject\",\"inLanguage\":\"fr-FR\",\"@id\":\"https:\\\/\\\/www.bedfont.com\\\/fr\\\/#\\\/schema\\\/logo\\\/image\\\/\",\"url\":\"https:\\\/\\\/www.bedfont.com\\\/wp-content\\\/uploads\\\/2023\\\/06\\\/logo.png\",\"contentUrl\":\"https:\\\/\\\/www.bedfont.com\\\/wp-content\\\/uploads\\\/2023\\\/06\\\/logo.png\",\"width\":1600,\"height\":505,\"caption\":\"Bedfont Scientific Ltd.\"},\"image\":{\"@id\":\"https:\\\/\\\/www.bedfont.com\\\/fr\\\/#\\\/schema\\\/logo\\\/image\\\/\"},\"sameAs\":[\"https:\\\/\\\/www.facebook.com\\\/Bedfontltd\\\/\",\"https:\\\/\\\/x.com\\\/BedfontLtd\",\"https:\\\/\\\/www.instagram.com\\\/bedfontltd\\\/\",\"https:\\\/\\\/www.linkedin.com\\\/company\\\/bedfont-scientific-ltd\\\/\",\"https:\\\/\\\/www.youtube.com\\\/user\\\/BedfontScientificLtd\"]}]}<\/script>\n<!-- \/ Yoast SEO plugin. -->","yoast_head_json":{"title":"Medi-Gas Check - Bedfont Scientific Ltd.","description":"La gamme Medi-Gas Check d'\u00e9quipements de test des canalisations m\u00e9dicales permet de prot\u00e9ger les patients et le personnel contre les gaz nocifs.","robots":{"index":"index","follow":"follow","max-snippet":"max-snippet:-1","max-image-preview":"max-image-preview:large","max-video-preview":"max-video-preview:-1"},"canonical":"https:\/\/www.bedfont.com\/fr\/produits\/medi-gas-check\/","og_locale":"fr_FR","og_type":"article","og_title":"Medi-Gas Check - Bedfont Scientific Ltd.","og_description":"La gamme Medi-Gas Check d'\u00e9quipements de test des canalisations m\u00e9dicales permet de prot\u00e9ger les patients et le personnel contre les gaz nocifs.","og_url":"https:\/\/www.bedfont.com\/fr\/produits\/medi-gas-check\/","og_site_name":"Bedfont Scientific Ltd.","article_publisher":"https:\/\/www.facebook.com\/Bedfontltd\/","article_modified_time":"2024-10-28T06:41:38+00:00","og_image":[{"url":"https:\/\/www.bedfont.com\/wp-content\/uploads\/2024\/10\/medigas-product-page.jpg","type":"","width":"","height":""}],"twitter_card":"summary_large_image","twitter_site":"@BedfontLtd","twitter_misc":{"Dur\u00e9e de lecture estim\u00e9e":"3 minutes"},"schema":{"@context":"https:\/\/schema.org","@graph":[{"@type":"WebPage","@id":"https:\/\/www.bedfont.com\/fr\/produits\/medi-gas-check\/","url":"https:\/\/www.bedfont.com\/fr\/produits\/medi-gas-check\/","name":"Medi-Gas Check - Bedfont Scientific Ltd.","isPartOf":{"@id":"https:\/\/www.bedfont.com\/fr\/#website"},"primaryImageOfPage":{"@id":"https:\/\/www.bedfont.com\/fr\/produits\/medi-gas-check\/#primaryimage"},"image":{"@id":"https:\/\/www.bedfont.com\/fr\/produits\/medi-gas-check\/#primaryimage"},"thumbnailUrl":"https:\/\/www.bedfont.com\/wp-content\/uploads\/2024\/10\/medigas-product-page.jpg","datePublished":"2022-11-04T14:14:34+00:00","dateModified":"2024-10-28T06:41:38+00:00","description":"La gamme Medi-Gas Check d'\u00e9quipements de test des canalisations m\u00e9dicales permet de prot\u00e9ger les patients et le personnel contre les gaz nocifs.","breadcrumb":{"@id":"https:\/\/www.bedfont.com\/fr\/produits\/medi-gas-check\/#breadcrumb"},"inLanguage":"fr-FR","potentialAction":[{"@type":"ReadAction","target":["https:\/\/www.bedfont.com\/fr\/produits\/medi-gas-check\/"]}]},{"@type":"ImageObject","inLanguage":"fr-FR","@id":"https:\/\/www.bedfont.com\/fr\/produits\/medi-gas-check\/#primaryimage","url":"https:\/\/www.bedfont.com\/wp-content\/uploads\/2024\/10\/medigas-product-page.jpg","contentUrl":"https:\/\/www.bedfont.com\/wp-content\/uploads\/2024\/10\/medigas-product-page.jpg"},{"@type":"BreadcrumbList","@id":"https:\/\/www.bedfont.com\/fr\/produits\/medi-gas-check\/#breadcrumb","itemListElement":[{"@type":"ListItem","position":1,"name":"Home","item":"https:\/\/www.bedfont.com\/fr\/"},{"@type":"ListItem","position":2,"name":"Produits","item":"https:\/\/www.bedfont.com\/fr\/produits\/"},{"@type":"ListItem","position":3,"name":"Medi-Gas Check"}]},{"@type":"WebSite","@id":"https:\/\/www.bedfont.com\/fr\/#website","url":"https:\/\/www.bedfont.com\/fr\/","name":"Bedfont Scientific Ltd.","description":"World leaders in breath analysis.","publisher":{"@id":"https:\/\/www.bedfont.com\/fr\/#organization"},"potentialAction":[{"@type":"SearchAction","target":{"@type":"EntryPoint","urlTemplate":"https:\/\/www.bedfont.com\/fr\/?s={search_term_string}"},"query-input":{"@type":"PropertyValueSpecification","valueRequired":true,"valueName":"search_term_string"}}],"inLanguage":"fr-FR"},{"@type":"Organization","@id":"https:\/\/www.bedfont.com\/fr\/#organization","name":"Bedfont Scientific Ltd.","url":"https:\/\/www.bedfont.com\/fr\/","logo":{"@type":"ImageObject","inLanguage":"fr-FR","@id":"https:\/\/www.bedfont.com\/fr\/#\/schema\/logo\/image\/","url":"https:\/\/www.bedfont.com\/wp-content\/uploads\/2023\/06\/logo.png","contentUrl":"https:\/\/www.bedfont.com\/wp-content\/uploads\/2023\/06\/logo.png","width":1600,"height":505,"caption":"Bedfont Scientific Ltd."},"image":{"@id":"https:\/\/www.bedfont.com\/fr\/#\/schema\/logo\/image\/"},"sameAs":["https:\/\/www.facebook.com\/Bedfontltd\/","https:\/\/x.com\/BedfontLtd","https:\/\/www.instagram.com\/bedfontltd\/","https:\/\/www.linkedin.com\/company\/bedfont-scientific-ltd\/","https:\/\/www.youtube.com\/user\/BedfontScientificLtd"]}]}},"_links":{"self":[{"href":"https:\/\/www.bedfont.com\/fr\/wp-json\/wp\/v2\/pages\/3557","targetHints":{"allow":["GET"]}}],"collection":[{"href":"https:\/\/www.bedfont.com\/fr\/wp-json\/wp\/v2\/pages"}],"about":[{"href":"https:\/\/www.bedfont.com\/fr\/wp-json\/wp\/v2\/types\/page"}],"author":[{"embeddable":true,"href":"https:\/\/www.bedfont.com\/fr\/wp-json\/wp\/v2\/users\/6"}],"replies":[{"embeddable":true,"href":"https:\/\/www.bedfont.com\/fr\/wp-json\/wp\/v2\/comments?post=3557"}],"version-history":[{"count":4,"href":"https:\/\/www.bedfont.com\/fr\/wp-json\/wp\/v2\/pages\/3557\/revisions"}],"predecessor-version":[{"id":7337,"href":"https:\/\/www.bedfont.com\/fr\/wp-json\/wp\/v2\/pages\/3557\/revisions\/7337"}],"up":[{"embeddable":true,"href":"https:\/\/www.bedfont.com\/fr\/wp-json\/wp\/v2\/pages\/3653"}],"wp:attachment":[{"href":"https:\/\/www.bedfont.com\/fr\/wp-json\/wp\/v2\/media?parent=3557"}],"curies":[{"name":"wp","href":"https:\/\/api.w.org\/{rel}","templated":true}]}}