{"id":3545,"date":"2023-02-15T16:35:39","date_gmt":"2023-02-15T16:35:39","guid":{"rendered":"https:\/\/bedfont.theprogressteam.com\/conseil-medical-consultatif\/"},"modified":"2025-01-02T11:24:01","modified_gmt":"2025-01-02T11:24:01","slug":"conseil-medical-consultatif","status":"publish","type":"page","link":"https:\/\/www.bedfont.com\/fr\/conseil-medical-consultatif\/","title":{"rendered":"Conseil m\u00e9dical consultatif"},"content":{"rendered":"<section class=\"hero-style-4 p-0 position-relative \" id=\"module-772-hero-0\">\n\t\t<div class=\"container-fluid overlay-img-holder\">\n\t\t\t<img width=\"1998\" height=\"544\" src=\"https:\/\/www.bedfont.com\/wp-content\/uploads\/2024\/10\/who-we-are.jpg\" class=\"w-100\" alt=\"\" decoding=\"async\" loading=\"lazy\" srcset=\"https:\/\/www.bedfont.com\/wp-content\/uploads\/2024\/10\/who-we-are.jpg 1998w, https:\/\/www.bedfont.com\/wp-content\/uploads\/2024\/10\/who-we-are-300x82.jpg 300w, https:\/\/www.bedfont.com\/wp-content\/uploads\/2024\/10\/who-we-are-1024x279.jpg 1024w, https:\/\/www.bedfont.com\/wp-content\/uploads\/2024\/10\/who-we-are-768x209.jpg 768w, https:\/\/www.bedfont.com\/wp-content\/uploads\/2024\/10\/who-we-are-1536x418.jpg 1536w\" sizes=\"auto, (max-width: 1998px) 100vw, 1998px\"\/>\n\t\t\t<div class=\"overlay\">\n\t\t\t\t<div class=\"col-12 col-md-8 mx-auto\">\n\t\t\t\t\t<h1>Conseil m\u00e9dical consultatif<\/h1>\n\t\t\t\t\t<p>Nous sommes fiers de travailler avec un certain nombre de leaders d&rsquo;opinion dans le domaine respiratoire afin de sensibiliser et d&rsquo;informer sur les avantages de l&rsquo;analyse du souffle pour les applications m\u00e9dicales.<\/p>\n\n\t\t\t\t<\/div>\n\t\t\t<\/div>\n\t\t<\/div>\n\t<\/section><section class=\"text-section text-center \" id=\"module-772-text-1\">\n\t<div class=\"container\">\n\t<h2 class=\"text-center\">Nos <span class=\"blue-text\">principaux leaders d&rsquo;opinion<\/span><\/h2>\n\t\t\t\t<p>Bienvenue sur la page de notre Conseil m\u00e9dical consultatif. Nous sommes fiers de pr\u00e9senter l&rsquo;\u00e9quipe des leaders d&rsquo;opinion qui nous guident dans notre mission d&rsquo;am\u00e9lioration de la sant\u00e9 et du bien-\u00eatre de nos clients. <\/p>\n<p>Notre comit\u00e9 consultatif m\u00e9dical est compos\u00e9 de professionnels de la sant\u00e9 tr\u00e8s exp\u00e9riment\u00e9s, notamment des m\u00e9decins, des pharmaciens et d&rsquo;autres experts de la sant\u00e9. Ils apportent une grande richesse de connaissances et d&rsquo;expertise dans divers domaines de la m\u00e9decine, notamment la m\u00e9decine interne, la chirurgie, la cardiologie, l&rsquo;oncologie et bien d&rsquo;autres. Le r\u00f4le principal de notre conseil m\u00e9dical est de fournir des conseils strat\u00e9giques \u00e0 notre entreprise sur diverses questions m\u00e9dicales et li\u00e9es aux soins de sant\u00e9. Il nous aide \u00e0 nous tenir au courant des derniers d\u00e9veloppements m\u00e9dicaux, des options de traitement et des directives afin de garantir que nos services r\u00e9pondent aux normes de soins les plus \u00e9lev\u00e9es.   <\/p>\n<p>Notre conseil m\u00e9dical joue \u00e9galement un r\u00f4le crucial dans le d\u00e9veloppement de nos produits et services. Il nous aide \u00e0 concevoir et \u00e0 am\u00e9liorer nos offres afin de garantir qu&rsquo;elles r\u00e9pondent aux besoins uniques de nos clients. Leur expertise et leurs id\u00e9es nous aident \u00e0 proposer des solutions innovantes qui am\u00e9liorent la sant\u00e9 et la qualit\u00e9 de vie de nos clients.  <\/p>\n<p>Nous sommes fiers de pouvoir compter sur un groupe d&rsquo;experts m\u00e9dicaux aussi diversifi\u00e9 et talentueux au sein de notre comit\u00e9 consultatif m\u00e9dical. Leur engagement \u00e0 faire progresser les soins de sant\u00e9 et \u00e0 am\u00e9liorer les r\u00e9sultats pour les patients est un \u00e9l\u00e9ment essentiel de notre succ\u00e8s. Nous leur sommes reconnaissants de leurs conseils et de leur soutien, qui nous aident \u00e0 fournir \u00e0 nos clients des soins de la plus haute qualit\u00e9.  <\/p>\n<p>Si vous avez des questions ou si vous souhaitez en savoir plus sur notre comit\u00e9 consultatif m\u00e9dical, n&rsquo;h\u00e9sitez pas \u00e0 nous contacter. Nous serons heureux de vous fournir de plus amples informations sur le travail de notre conseil et le r\u00f4le qu&rsquo;il joue dans notre entreprise. <\/p>\n\n\t<\/div>\n<\/section><section class=\"two-column-style-4 p-0 mab \" id=\"module-772-two_column_image_text-2\" style=\"--color: var(--purple);\">\n\t\t<div class=\"container-fluid m-0 p-0\">\n\t\t\t<div class=\"row m-0 flex-row-reverse\">\n\t\t\t\t<div class=\"col-12 col-lg-7 my-auto img-div-content text-white\">\n\t\t\t\t\t<h2 class=\"text-left\">Prof. Rodolfo de Paula Vieira<\/h2>\n\t\t\t\t\t<p>Professeur \u00e0 l&rsquo;Universit\u00e9 \u00e9vang\u00e9lique de Goi\u00e1s (UniEvang\u00e9lica), superviseur du programme de ma\u00eetrise et de doctorat \u00e0 l&rsquo;UNIFESP et directeur de l&rsquo;IBEPIPE, Rodolfo de Paula Vieira est titulaire d&rsquo;un doctorat en pathologie &#8211; plus pr\u00e9cis\u00e9ment en immunopathologie pulmonaire &#8211; et de 3 accr\u00e9ditations postdoctorales de la facult\u00e9 de m\u00e9decine de S\u00e3o Paulo au Br\u00e9sil, du d\u00e9partement de pneumologie de l&rsquo;h\u00f4pital universitaire de Fribourg en Allemagne et d&rsquo;une bourse postdoctorale d\u00e9cern\u00e9e par la European Respiratory Society, la Fondation Marie Currie et l&rsquo;Union europ\u00e9enne. Ayant publi\u00e9 plus de 200 articles scientifiques \u00e9valu\u00e9s par des pairs au niveau international, les principales \u00e9tudes pr\u00e9 et cliniques du professeur Vieira tournent autour de la r\u00e9ponse immunitaire, de la physiopathologie des maladies respiratoires et des effets de l&rsquo;exercice physique sur la r\u00e9adaptation pulmonaire. <\/p>\n\n\t\t\t\t<\/div>\n                <div class=\"col-12 col-lg-5 p-0 img-div\" style=\"background-image: url(https:\/\/www.bedfont.com\/wp-content\/uploads\/2024\/10\/rodolfo-1024x682.png)\"><\/div>\n\t\t\t<\/div>\n\t\t<\/div>\n\t<\/section><section class=\"two-column-style-4 p-0 mab \" id=\"module-772-two_column_image_text-3\" style=\"--color: var(--purple);\">\n\t\t<div class=\"container-fluid m-0 p-0\">\n\t\t\t<div class=\"row m-0 \">\n\t\t\t\t<div class=\"col-12 col-lg-7 my-auto img-div-content text-white\">\n\t\t\t\t\t<h2 class=\"text-left\">Carol Stonham<\/h2>\n\t\t\t\t\t<p>Carol, infirmi\u00e8re dipl\u00f4m\u00e9e depuis 1986, est pass\u00e9e du milieu hospitalier aux soins primaires en 1990. Avec 26 ans d&rsquo;exp\u00e9rience en m\u00e9decine g\u00e9n\u00e9rale, elle travaille aujourd&rsquo;hui au sein du Gloucestershire ICB, o\u00f9 elle dirige le groupe de programme clinique respiratoire et occupe le poste de responsable clinique de l&rsquo;asthme chez les enfants et les jeunes. En outre, elle codirige le r\u00e9seau respiratoire NHSE South West. Carol a \u00e9t\u00e9 la premi\u00e8re \u00e0 utiliser le FeNO dans les soins primaires et l&rsquo;a int\u00e9gr\u00e9 dans sa trousse \u00e0 outils sur l&rsquo;asthme, qu&rsquo;elle a r\u00e9cemment mise en \u0153uvre dans les cabinets du Gloucestershire. Elle est l&rsquo;ancienne pr\u00e9sidente ex\u00e9cutive du PCRS, la premi\u00e8re femme non-m\u00e9decin \u00e0 occuper ce poste, et est actuellement responsable de la politique. Carol copr\u00e9side le groupe de diagnostic pr\u00e9coce et pr\u00e9cis de la Lung Health Task Force et a contribu\u00e9 au groupe de diagnostic de l&rsquo;essoufflement du plan \u00e0 long terme du NHS. Titulaire d&rsquo;une ma\u00eetrise en soins respiratoires, elle a re\u00e7u le prix Queen&rsquo;s Nurse en 2007 et a \u00e9t\u00e9 honor\u00e9e d&rsquo;un MBE en 2016 pour les services rendus aux soins infirmiers et aux soins de sant\u00e9.      <\/p>\n\n\t\t\t\t<\/div>\n                <div class=\"col-12 col-lg-5 p-0 img-div\" style=\"background-image: url(https:\/\/www.bedfont.com\/wp-content\/uploads\/2024\/10\/carol-1024x682.jpg)\"><\/div>\n\t\t\t<\/div>\n\t\t<\/div>\n\t<\/section><section class=\"two-column-style-4 p-0 mab \" id=\"module-772-two_column_image_text-4\" style=\"--color: var(--pink);\">\n\t\t<div class=\"container-fluid m-0 p-0\">\n\t\t\t<div class=\"row m-0 flex-row-reverse\">\n\t\t\t\t<div class=\"col-12 col-lg-7 my-auto img-div-content text-white\">\n\t\t\t\t\t<h2 class=\"text-left\">Dr Jafar Jafari<\/h2>\n\t\t\t\t\t<p>Chef du service de physiologie gastro-intestinale sup\u00e9rieure au Guy&rsquo;s and St Thomas&rsquo; Foundation Trust Hospitals, le Dr Jafari est titulaire d&rsquo;un doctorat en m\u00e9decine et d&rsquo;un doctorat en neurogastro-ent\u00e9rologie, et a particip\u00e9 \u00e0 plus de 100 publications de recherche sur la gastro-ent\u00e9rologie. L&rsquo;un des principaux domaines d&rsquo;int\u00e9r\u00eat du Dr Jafari est l&rsquo;analyse de l&rsquo;hydrog\u00e8ne et du C13 dans l&rsquo;haleine. <\/p>\n\n\t\t\t\t<\/div>\n                <div class=\"col-12 col-lg-5 p-0 img-div\" style=\"background-image: url(https:\/\/www.bedfont.com\/wp-content\/uploads\/2024\/10\/jafari-1024x682.png)\"><\/div>\n\t\t\t<\/div>\n\t\t<\/div>\n\t<\/section><section class=\"two-column-style-4 p-0 mab \" id=\"module-772-two_column_image_text-5\" style=\"--color: var(--pink);\">\n\t\t<div class=\"container-fluid m-0 p-0\">\n\t\t\t<div class=\"row m-0 \">\n\t\t\t\t<div class=\"col-12 col-lg-7 my-auto img-div-content text-white\">\n\t\t\t\t\t<h2 class=\"text-left\">Melissa Dooley<\/h2>\n\t\t\t\t\t<p>Melissa a commenc\u00e9 sa carri\u00e8re en tant que physiologiste gastro-intestinal \u00e0 l&rsquo;h\u00f4pital St. James de Dublin. Au cours de sa carri\u00e8re, Melissa s&rsquo;est int\u00e9ress\u00e9e de pr\u00e8s \u00e0 la prolif\u00e9ration bact\u00e9rienne de l&rsquo;intestin gr\u00eale et a men\u00e9 \u00e0 bien un projet de recherche intitul\u00e9 \u00ab\u00a0Prolif\u00e9ration bact\u00e9rienne de l&rsquo;intestin gr\u00eale chez les patients ayant subi une oesophagectomie et une gastrectomie\u00a0\u00bb. Melissa est une physiologiste gastro-intestinale agr\u00e9\u00e9e et est membre de l&rsquo;Institut irlandais des scientifiques des mesures cliniques et de la Soci\u00e9t\u00e9 britannique de gastro-ent\u00e9rologie. Melissa a publi\u00e9 de nombreux ouvrages et a pr\u00e9sent\u00e9 ses recherches lors de conf\u00e9rences nationales et internationales. Melissa a re\u00e7u le prix RES MED\/PEI en 2008 de la Technological University Dublin (anciennement Dublin Institute of Technology) pour ses r\u00e9sultats acad\u00e9miques exceptionnels.    <\/p>\n\n\t\t\t\t<\/div>\n                <div class=\"col-12 col-lg-5 p-0 img-div\" style=\"background-image: url(https:\/\/www.bedfont.com\/wp-content\/uploads\/2024\/10\/melissa-1024x683.jpg)\"><\/div>\n\t\t\t<\/div>\n\t\t<\/div>\n\t<\/section><section class=\"two-column-style-4 p-0 mab \" id=\"module-772-two_column_image_text-6\" style=\"--color: var(--blue);\">\n\t\t<div class=\"container-fluid m-0 p-0\">\n\t\t\t<div class=\"row m-0 flex-row-reverse\">\n\t\t\t\t<div class=\"col-12 col-lg-7 my-auto img-div-content text-white\">\n\t\t\t\t\t<h2 class=\"text-left\">Dr Amer Siddiq Amer Nordin<\/h2>\n\t\t\t\t\t<p>Professeur associ\u00e9 en psychiatrie et psychiatre consultant \u00e0 l&rsquo;universit\u00e9 de Malaya. Il est \u00e9galement professeur adjoint en sant\u00e9 publique \u00e0 l&rsquo;Universitas Airlanggar, \u00e0 Surabaya, en Indon\u00e9sie. En outre, il dirige le groupe de recherche sur la d\u00e9pendance \u00e0 la nicotine au Centre des sciences de l&rsquo;addiction de l&rsquo;universit\u00e9 de Malaya (UMCAS) -NARCC et ses travaux de recherche portent principalement sur la lutte antitabac et surtout sur l&rsquo;aide au sevrage tabagique.  <\/p>\n\n\t\t\t\t<\/div>\n                <div class=\"col-12 col-lg-5 p-0 img-div\" style=\"background-image: url(https:\/\/www.bedfont.com\/wp-content\/uploads\/2024\/10\/dr-amer-1024x683.png)\"><\/div>\n\t\t\t<\/div>\n\t\t<\/div>\n\t<\/section><section class=\"two-column-style-4 p-0 mab \" id=\"module-772-two_column_image_text-7\" style=\"--color: var(--blue);\">\n\t\t<div class=\"container-fluid m-0 p-0\">\n\t\t\t<div class=\"row m-0 \">\n\t\t\t\t<div class=\"col-12 col-lg-7 my-auto img-div-content text-white\">\n\t\t\t\t\t<h2 class=\"text-left\">Dr Anne Yee<\/h2>\n\t\t\t\t\t<p>Anne Yee est actuellement professeur associ\u00e9 et psychiatre clinique \u00e0 l&rsquo;universit\u00e9 Monash de Malaisie et au centre m\u00e9dical de l&rsquo;universit\u00e9 de Malaya. Ses recherches portent sur la d\u00e9pendance \u00e0 la nicotine. Elle est \u00e9galement conseill\u00e8re technique et experte aupr\u00e8s du minist\u00e8re malaisien de la sant\u00e9 pour l&rsquo;\u00e9laboration et la mise en \u0153uvre des lignes directrices nationales de pratique clinique pour les troubles li\u00e9s \u00e0 l&rsquo;usage du tabac, du projet de service mQuit, du groupe de travail technique sur le sevrage tabagique fond\u00e9 sur des donn\u00e9es probantes et de la politique de lutte contre le tabagisme au sein de son universit\u00e9.  <\/p>\n\n\t\t\t\t<\/div>\n                <div class=\"col-12 col-lg-5 p-0 img-div\" style=\"background-image: url(https:\/\/www.bedfont.com\/wp-content\/uploads\/2024\/10\/dr-anne-yee-1024x781.jpg)\"><\/div>\n\t\t\t<\/div>\n\t\t<\/div>\n\t<\/section><section class=\"two-column-style-4 p-0 mab \" id=\"module-772-two_column_image_text-8\" style=\"--color: var(--blue);\">\n\t\t<div class=\"container-fluid m-0 p-0\">\n\t\t\t<div class=\"row m-0 flex-row-reverse\">\n\t\t\t\t<div class=\"col-12 col-lg-7 my-auto img-div-content text-white\">\n\t\t\t\t\t<h2 class=\"text-left\">Prof. Dr Sachin Sinha<\/h2>\n\t\t\t\t\t<p>Professeur au d\u00e9partement de pathologie maxillo-faciale en Inde. Il travaille \u00e0 Narain Sewa Sansthan depuis 14 ans dans le domaine de l&rsquo;intervention contre le tabagisme et de la toxicomanie. Il a form\u00e9 plus de 1 000 dentistes, m\u00e9decins et param\u00e9dicaux \u00e0 l&rsquo;arr\u00eat du tabac gr\u00e2ce \u00e0 un programme de formation continue. Le Dr Sinha a \u00e9tabli au total 11 records du monde sur la lutte contre le tabagisme et l&rsquo;intoxication au monoxyde de carbone. Il a men\u00e9 le plus grand programme de d\u00e9pistage du monoxyde de carbone en Inde par l&rsquo;interm\u00e9diaire de Sansthan pour les agents de police sur la route, que ce soit en raison du tabagisme ou de la pollution de l&rsquo;environnement.    <\/p>\n\n\t\t\t\t<\/div>\n                <div class=\"col-12 col-lg-5 p-0 img-div\" style=\"background-image: url(https:\/\/www.bedfont.com\/wp-content\/uploads\/2024\/10\/dr-sachin-sinha-1024x683.jpg)\"><\/div>\n\t\t\t<\/div>\n\t\t<\/div>\n\t<\/section>","protected":false},"excerpt":{"rendered":"<p>Conseil m\u00e9dical consultatif Nous sommes fiers de travailler avec un certain nombre de leaders d&rsquo;opinion dans le domaine respiratoire afin de sensibiliser et d&rsquo;informer sur les avantages de l&rsquo;analyse du souffle pour les applications m\u00e9dicales. Nos principaux leaders d&rsquo;opinion Bienvenue sur la page de notre Conseil m\u00e9dical consultatif. Nous sommes fiers de pr\u00e9senter l&rsquo;\u00e9quipe des [&hellip;]<\/p>\n","protected":false},"author":6,"featured_media":0,"parent":0,"menu_order":0,"comment_status":"closed","ping_status":"closed","template":"templates\/page-modules.php","meta":{"_acf_changed":false,"footnotes":""},"class_list":["post-3545","page","type-page","status-publish","hentry"],"acf":[],"yoast_head":"<!-- This site is optimized with the Yoast SEO plugin v27.4 - https:\/\/yoast.com\/product\/yoast-seo-wordpress\/ -->\n<title>Conseil m\u00e9dical consultatif - Bedfont Scientific Ltd.<\/title>\n<meta name=\"description\" content=\"Nous sommes fiers de travailler avec un certain nombre de leaders d&#039;opinion dans le domaine respiratoire afin de sensibiliser et d&#039;informer sur les avantages de l&#039;analyse du souffle pour les applications m\u00e9dicales.\" \/>\n<meta name=\"robots\" content=\"index, follow, max-snippet:-1, max-image-preview:large, max-video-preview:-1\" \/>\n<link rel=\"canonical\" href=\"https:\/\/www.bedfont.com\/fr\/conseil-medical-consultatif\/\" \/>\n<meta property=\"og:locale\" content=\"fr_FR\" \/>\n<meta property=\"og:type\" content=\"article\" \/>\n<meta property=\"og:title\" content=\"Conseil m\u00e9dical consultatif - Bedfont Scientific Ltd.\" \/>\n<meta property=\"og:description\" content=\"Nous sommes fiers de travailler avec un certain nombre de leaders d&#039;opinion dans le domaine respiratoire afin de sensibiliser et d&#039;informer sur les avantages de l&#039;analyse du souffle pour les applications m\u00e9dicales.\" \/>\n<meta property=\"og:url\" content=\"https:\/\/www.bedfont.com\/fr\/conseil-medical-consultatif\/\" \/>\n<meta property=\"og:site_name\" content=\"Bedfont Scientific Ltd.\" \/>\n<meta property=\"article:publisher\" content=\"https:\/\/www.facebook.com\/Bedfontltd\/\" \/>\n<meta property=\"article:modified_time\" content=\"2025-01-02T11:24:01+00:00\" \/>\n<meta property=\"og:image\" content=\"https:\/\/www.bedfont.com\/wp-content\/uploads\/2024\/10\/who-we-are.jpg\" \/>\n<meta name=\"twitter:card\" content=\"summary_large_image\" \/>\n<meta name=\"twitter:site\" content=\"@BedfontLtd\" \/>\n<meta name=\"twitter:label1\" content=\"Dur\u00e9e de lecture estim\u00e9e\" \/>\n\t<meta name=\"twitter:data1\" content=\"6 minutes\" \/>\n<script type=\"application\/ld+json\" class=\"yoast-schema-graph\">{\"@context\":\"https:\\\/\\\/schema.org\",\"@graph\":[{\"@type\":\"WebPage\",\"@id\":\"https:\\\/\\\/www.bedfont.com\\\/fr\\\/conseil-medical-consultatif\\\/\",\"url\":\"https:\\\/\\\/www.bedfont.com\\\/fr\\\/conseil-medical-consultatif\\\/\",\"name\":\"Conseil m\u00e9dical consultatif - Bedfont Scientific Ltd.\",\"isPartOf\":{\"@id\":\"https:\\\/\\\/www.bedfont.com\\\/fr\\\/#website\"},\"primaryImageOfPage\":{\"@id\":\"https:\\\/\\\/www.bedfont.com\\\/fr\\\/conseil-medical-consultatif\\\/#primaryimage\"},\"image\":{\"@id\":\"https:\\\/\\\/www.bedfont.com\\\/fr\\\/conseil-medical-consultatif\\\/#primaryimage\"},\"thumbnailUrl\":\"https:\\\/\\\/www.bedfont.com\\\/wp-content\\\/uploads\\\/2024\\\/10\\\/who-we-are.jpg\",\"datePublished\":\"2023-02-15T16:35:39+00:00\",\"dateModified\":\"2025-01-02T11:24:01+00:00\",\"description\":\"Nous sommes fiers de travailler avec un certain nombre de leaders d'opinion dans le domaine respiratoire afin de sensibiliser et d'informer sur les avantages de l'analyse du souffle pour les applications m\u00e9dicales.\",\"breadcrumb\":{\"@id\":\"https:\\\/\\\/www.bedfont.com\\\/fr\\\/conseil-medical-consultatif\\\/#breadcrumb\"},\"inLanguage\":\"fr-FR\",\"potentialAction\":[{\"@type\":\"ReadAction\",\"target\":[\"https:\\\/\\\/www.bedfont.com\\\/fr\\\/conseil-medical-consultatif\\\/\"]}]},{\"@type\":\"ImageObject\",\"inLanguage\":\"fr-FR\",\"@id\":\"https:\\\/\\\/www.bedfont.com\\\/fr\\\/conseil-medical-consultatif\\\/#primaryimage\",\"url\":\"https:\\\/\\\/www.bedfont.com\\\/wp-content\\\/uploads\\\/2024\\\/10\\\/who-we-are.jpg\",\"contentUrl\":\"https:\\\/\\\/www.bedfont.com\\\/wp-content\\\/uploads\\\/2024\\\/10\\\/who-we-are.jpg\"},{\"@type\":\"BreadcrumbList\",\"@id\":\"https:\\\/\\\/www.bedfont.com\\\/fr\\\/conseil-medical-consultatif\\\/#breadcrumb\",\"itemListElement\":[{\"@type\":\"ListItem\",\"position\":1,\"name\":\"Home\",\"item\":\"https:\\\/\\\/www.bedfont.com\\\/fr\\\/\"},{\"@type\":\"ListItem\",\"position\":2,\"name\":\"Conseil m\u00e9dical consultatif\"}]},{\"@type\":\"WebSite\",\"@id\":\"https:\\\/\\\/www.bedfont.com\\\/fr\\\/#website\",\"url\":\"https:\\\/\\\/www.bedfont.com\\\/fr\\\/\",\"name\":\"Bedfont Scientific Ltd.\",\"description\":\"World leaders in breath analysis.\",\"publisher\":{\"@id\":\"https:\\\/\\\/www.bedfont.com\\\/fr\\\/#organization\"},\"potentialAction\":[{\"@type\":\"SearchAction\",\"target\":{\"@type\":\"EntryPoint\",\"urlTemplate\":\"https:\\\/\\\/www.bedfont.com\\\/fr\\\/?s={search_term_string}\"},\"query-input\":{\"@type\":\"PropertyValueSpecification\",\"valueRequired\":true,\"valueName\":\"search_term_string\"}}],\"inLanguage\":\"fr-FR\"},{\"@type\":\"Organization\",\"@id\":\"https:\\\/\\\/www.bedfont.com\\\/fr\\\/#organization\",\"name\":\"Bedfont Scientific Ltd.\",\"url\":\"https:\\\/\\\/www.bedfont.com\\\/fr\\\/\",\"logo\":{\"@type\":\"ImageObject\",\"inLanguage\":\"fr-FR\",\"@id\":\"https:\\\/\\\/www.bedfont.com\\\/fr\\\/#\\\/schema\\\/logo\\\/image\\\/\",\"url\":\"https:\\\/\\\/www.bedfont.com\\\/wp-content\\\/uploads\\\/2023\\\/06\\\/logo.png\",\"contentUrl\":\"https:\\\/\\\/www.bedfont.com\\\/wp-content\\\/uploads\\\/2023\\\/06\\\/logo.png\",\"width\":1600,\"height\":505,\"caption\":\"Bedfont Scientific Ltd.\"},\"image\":{\"@id\":\"https:\\\/\\\/www.bedfont.com\\\/fr\\\/#\\\/schema\\\/logo\\\/image\\\/\"},\"sameAs\":[\"https:\\\/\\\/www.facebook.com\\\/Bedfontltd\\\/\",\"https:\\\/\\\/x.com\\\/BedfontLtd\",\"https:\\\/\\\/www.instagram.com\\\/bedfontltd\\\/\",\"https:\\\/\\\/www.linkedin.com\\\/company\\\/bedfont-scientific-ltd\\\/\",\"https:\\\/\\\/www.youtube.com\\\/user\\\/BedfontScientificLtd\"]}]}<\/script>\n<!-- \/ Yoast SEO plugin. -->","yoast_head_json":{"title":"Conseil m\u00e9dical consultatif - Bedfont Scientific Ltd.","description":"Nous sommes fiers de travailler avec un certain nombre de leaders d'opinion dans le domaine respiratoire afin de sensibiliser et d'informer sur les avantages de l'analyse du souffle pour les applications m\u00e9dicales.","robots":{"index":"index","follow":"follow","max-snippet":"max-snippet:-1","max-image-preview":"max-image-preview:large","max-video-preview":"max-video-preview:-1"},"canonical":"https:\/\/www.bedfont.com\/fr\/conseil-medical-consultatif\/","og_locale":"fr_FR","og_type":"article","og_title":"Conseil m\u00e9dical consultatif - Bedfont Scientific Ltd.","og_description":"Nous sommes fiers de travailler avec un certain nombre de leaders d'opinion dans le domaine respiratoire afin de sensibiliser et d'informer sur les avantages de l'analyse du souffle pour les applications m\u00e9dicales.","og_url":"https:\/\/www.bedfont.com\/fr\/conseil-medical-consultatif\/","og_site_name":"Bedfont Scientific Ltd.","article_publisher":"https:\/\/www.facebook.com\/Bedfontltd\/","article_modified_time":"2025-01-02T11:24:01+00:00","og_image":[{"url":"https:\/\/www.bedfont.com\/wp-content\/uploads\/2024\/10\/who-we-are.jpg","type":"","width":"","height":""}],"twitter_card":"summary_large_image","twitter_site":"@BedfontLtd","twitter_misc":{"Dur\u00e9e de lecture estim\u00e9e":"6 minutes"},"schema":{"@context":"https:\/\/schema.org","@graph":[{"@type":"WebPage","@id":"https:\/\/www.bedfont.com\/fr\/conseil-medical-consultatif\/","url":"https:\/\/www.bedfont.com\/fr\/conseil-medical-consultatif\/","name":"Conseil m\u00e9dical consultatif - Bedfont Scientific Ltd.","isPartOf":{"@id":"https:\/\/www.bedfont.com\/fr\/#website"},"primaryImageOfPage":{"@id":"https:\/\/www.bedfont.com\/fr\/conseil-medical-consultatif\/#primaryimage"},"image":{"@id":"https:\/\/www.bedfont.com\/fr\/conseil-medical-consultatif\/#primaryimage"},"thumbnailUrl":"https:\/\/www.bedfont.com\/wp-content\/uploads\/2024\/10\/who-we-are.jpg","datePublished":"2023-02-15T16:35:39+00:00","dateModified":"2025-01-02T11:24:01+00:00","description":"Nous sommes fiers de travailler avec un certain nombre de leaders d'opinion dans le domaine respiratoire afin de sensibiliser et d'informer sur les avantages de l'analyse du souffle pour les applications m\u00e9dicales.","breadcrumb":{"@id":"https:\/\/www.bedfont.com\/fr\/conseil-medical-consultatif\/#breadcrumb"},"inLanguage":"fr-FR","potentialAction":[{"@type":"ReadAction","target":["https:\/\/www.bedfont.com\/fr\/conseil-medical-consultatif\/"]}]},{"@type":"ImageObject","inLanguage":"fr-FR","@id":"https:\/\/www.bedfont.com\/fr\/conseil-medical-consultatif\/#primaryimage","url":"https:\/\/www.bedfont.com\/wp-content\/uploads\/2024\/10\/who-we-are.jpg","contentUrl":"https:\/\/www.bedfont.com\/wp-content\/uploads\/2024\/10\/who-we-are.jpg"},{"@type":"BreadcrumbList","@id":"https:\/\/www.bedfont.com\/fr\/conseil-medical-consultatif\/#breadcrumb","itemListElement":[{"@type":"ListItem","position":1,"name":"Home","item":"https:\/\/www.bedfont.com\/fr\/"},{"@type":"ListItem","position":2,"name":"Conseil m\u00e9dical consultatif"}]},{"@type":"WebSite","@id":"https:\/\/www.bedfont.com\/fr\/#website","url":"https:\/\/www.bedfont.com\/fr\/","name":"Bedfont Scientific Ltd.","description":"World leaders in breath analysis.","publisher":{"@id":"https:\/\/www.bedfont.com\/fr\/#organization"},"potentialAction":[{"@type":"SearchAction","target":{"@type":"EntryPoint","urlTemplate":"https:\/\/www.bedfont.com\/fr\/?s={search_term_string}"},"query-input":{"@type":"PropertyValueSpecification","valueRequired":true,"valueName":"search_term_string"}}],"inLanguage":"fr-FR"},{"@type":"Organization","@id":"https:\/\/www.bedfont.com\/fr\/#organization","name":"Bedfont Scientific Ltd.","url":"https:\/\/www.bedfont.com\/fr\/","logo":{"@type":"ImageObject","inLanguage":"fr-FR","@id":"https:\/\/www.bedfont.com\/fr\/#\/schema\/logo\/image\/","url":"https:\/\/www.bedfont.com\/wp-content\/uploads\/2023\/06\/logo.png","contentUrl":"https:\/\/www.bedfont.com\/wp-content\/uploads\/2023\/06\/logo.png","width":1600,"height":505,"caption":"Bedfont Scientific Ltd."},"image":{"@id":"https:\/\/www.bedfont.com\/fr\/#\/schema\/logo\/image\/"},"sameAs":["https:\/\/www.facebook.com\/Bedfontltd\/","https:\/\/x.com\/BedfontLtd","https:\/\/www.instagram.com\/bedfontltd\/","https:\/\/www.linkedin.com\/company\/bedfont-scientific-ltd\/","https:\/\/www.youtube.com\/user\/BedfontScientificLtd"]}]}},"_links":{"self":[{"href":"https:\/\/www.bedfont.com\/fr\/wp-json\/wp\/v2\/pages\/3545","targetHints":{"allow":["GET"]}}],"collection":[{"href":"https:\/\/www.bedfont.com\/fr\/wp-json\/wp\/v2\/pages"}],"about":[{"href":"https:\/\/www.bedfont.com\/fr\/wp-json\/wp\/v2\/types\/page"}],"author":[{"embeddable":true,"href":"https:\/\/www.bedfont.com\/fr\/wp-json\/wp\/v2\/users\/6"}],"replies":[{"embeddable":true,"href":"https:\/\/www.bedfont.com\/fr\/wp-json\/wp\/v2\/comments?post=3545"}],"version-history":[{"count":4,"href":"https:\/\/www.bedfont.com\/fr\/wp-json\/wp\/v2\/pages\/3545\/revisions"}],"predecessor-version":[{"id":7613,"href":"https:\/\/www.bedfont.com\/fr\/wp-json\/wp\/v2\/pages\/3545\/revisions\/7613"}],"wp:attachment":[{"href":"https:\/\/www.bedfont.com\/fr\/wp-json\/wp\/v2\/media?parent=3545"}],"curies":[{"name":"wp","href":"https:\/\/api.w.org\/{rel}","templated":true}]}}