{"id":3491,"date":"2024-01-09T16:29:36","date_gmt":"2024-01-09T16:29:36","guid":{"rendered":"https:\/\/bedfont.theprogressteam.com\/cleaning-bedfont-devices\/"},"modified":"2024-10-14T08:01:05","modified_gmt":"2024-10-14T08:01:05","slug":"nettoyage-des-appareils-bedfont","status":"publish","type":"page","link":"https:\/\/www.bedfont.com\/fr\/nettoyage-des-appareils-bedfont\/","title":{"rendered":"Nettoyage des appareils Bedfont"},"content":{"rendered":"\n<h1 class=\"wp-block-heading\">Comment nettoyer les appareils d&rsquo;analyse de l&rsquo;air expir\u00e9 Bedfont<sup>\u00ae<\/sup> ?<\/h1>\n\n<p>Lors du nettoyage de l&rsquo;appareil d&rsquo;analyse de l&rsquo;haleine Smokeryzer<sup>\u00ae<\/sup>, NObreath<sup>\u00ae<\/sup>, ToxCO<sup>\u00ae<\/sup> et Gastrolyzer<sup>\u00ae<\/sup>, il est recommand\u00e9 d&rsquo;utiliser des solutions sans alcool. Il est recommand\u00e9 d&rsquo;utiliser des solutions sans alcool. <\/p>\n\n<p>Une option consiste \u00e0 nettoyer l&rsquo;appareil avec un chiffon humide en utilisant de l&rsquo;eau ou un d\u00e9tergent doux ; les cat\u00e9gories suivantes de produits de nettoyage sans alcool sont recommand\u00e9es :<\/p>\n\n<figure class=\"wp-block-table mt-5 mb-5\"><table class=\"has-fixed-layout\"><tbody><tr><th>Principes actifs<\/th><th>Concentration<\/th><th>Exemple<\/th><\/tr><tr><td>Isothiazolinone<\/td><td>&lt;0.01%<\/td><td>5-chloro-2-methyl-2H-isothiazol-3-one<\/td><\/tr><tr><td>Biguanide<\/td><td>&lt;1.0%<\/td><td>Poly hexamethylene biguanide hydrochloride<\/td><\/tr><tr><td>Biguanide<\/td><td>&lt;2%<\/td><td>Chlorhexidine digluconate<\/td><\/tr><tr><td>Quaternary ammonium compound<\/td><td>&lt;5%<\/td><td>Benzalkonium chloride<\/td><\/tr><tr><td>Sodium Hypochlorite<\/td><td>&lt;0.74%<\/td><td><\/td><\/tr><tr><td>Sodium hydroxide<\/td><td>&lt;0.25%<\/td><\/tr><\/tbody><\/table><\/figure>\n\n<p>Les produits et lingettes de nettoyage contenant les ingr\u00e9dients susmentionn\u00e9s dans les concentrations recommand\u00e9es peuvent \u00eatre utilis\u00e9s avec les appareils d&rsquo;analyse de l&rsquo;haleine Bedfont<sup>\u00ae<\/sup>.<\/p>\n\n<p><strong>Bedfont<sup>\u00ae<\/sup> a test\u00e9 et peut recommander les lingettes nettoyantes suivantes : Bedfont\u00ae a test\u00e9 et peut recommander les lingettes nettoyantes suivantes :<\/strong><\/p>\n\n<ul class=\"wp-block-list\">\n<li>Azomax Universal Wipes (par Vernacare)<\/li>\n\n\n\n<li>Clinell Universal Wipes (par Gama Healthcare)<\/li>\n\n\n\n<li>Lingettes Clinell Clorox (par Gama Healthcare)<\/li>\n\n\n\n<li>AF3 Sani-cloth lingette germicide jetable (par PDI)<\/li>\n<\/ul>\n\n<p>Ne nettoyez pas l&rsquo;appareil avec des produits contenant un quelconque type d&rsquo;alcool, y compris les produits de nettoyage pouvant \u00eatre utilis\u00e9s pour nettoyer d&rsquo;autres \u00e9quipements ou la surface environnante, ainsi que les lingettes, gels ou sprays \u00e0 base d&rsquo;alcool utilis\u00e9s sur les patients.<\/p>\n\n<p>Ne pas utiliser de produits tels que, mais sans s&rsquo;y limiter :<\/p>\n\n<ul class=\"wp-block-list\">\n<li>D\u00e9sinfectants, sprays ou lingettes contenant de l&rsquo;alcool.<\/li>\n\n\n\n<li>Tous les produits de nettoyage utilis\u00e9s pour nettoyer votre \u00e9tablissement ou d&rsquo;autres \u00e9quipements dans la zone, ainsi que les lingettes ou les sprays \u00e0 base d&rsquo;alcool utilis\u00e9s sur les patients.<\/li>\n\n\n\n<li>D\u00e9sinfectant pour les mains contenant de l&rsquo;alcool.<\/li>\n<\/ul>\n\n<p>L&rsquo;utilisation de substances contenant de l&rsquo;alcool \u00e0 proximit\u00e9 des appareils d&rsquo;analyse de l&rsquo;haleine Bedfont<sup>\u00ae <\/sup> peut entra\u00eener des r\u00e9sultats erron\u00e9s. Bedfont<sup>\u00ae<\/sup> recommande de r\u00e9duire au minimum l&rsquo;utilisation de solvants \u00e0 proximit\u00e9 de l&rsquo;appareil ou autour de celui-ci. <\/p>\n\n<p>Pour plus d&rsquo;informations sur les proc\u00e9dures de nettoyage, veuillez consulter les manuels d&rsquo;utilisation de votre appareil. Tous les manuels sont <a href=\"\" target=\"\" title=\"\" rel=\"noopener\">disponibles <\/a> <\/p>\n\n<p>Si vous avez d&rsquo;autres questions concernant ces informations, veuillez nous contacter par e-mail \u00e0 l&rsquo; adresse <a href=\"mailto:ask@bedfont.com\">ask@bedfont.com<\/a> . Vous pouvez \u00e9galement nous appeler au +44 (0) 1622 851122. <\/p>\n","protected":false},"excerpt":{"rendered":"<p>Comment nettoyer les appareils d&rsquo;analyse de l&rsquo;air expir\u00e9 Bedfont\u00ae ? Lors du nettoyage de l&rsquo;appareil d&rsquo;analyse de l&rsquo;haleine Smokeryzer\u00ae, NObreath\u00ae, ToxCO\u00ae et Gastrolyzer\u00ae, il est recommand\u00e9 d&rsquo;utiliser des solutions sans alcool. Il est recommand\u00e9 d&rsquo;utiliser des solutions sans alcool. Une option consiste \u00e0 nettoyer l&rsquo;appareil avec un chiffon humide en utilisant de l&rsquo;eau ou un [&hellip;]<\/p>\n","protected":false},"author":6,"featured_media":0,"parent":0,"menu_order":0,"comment_status":"closed","ping_status":"closed","template":"templates\/page-gutenberg.php","meta":{"_acf_changed":false,"footnotes":""},"class_list":["post-3491","page","type-page","status-publish","hentry"],"acf":[],"yoast_head":"<!-- This site is optimized with the Yoast SEO plugin v27.5 - https:\/\/yoast.com\/product\/yoast-seo-wordpress\/ -->\n<title>Nettoyage des appareils Bedfont - Bedfont Scientific Ltd.<\/title>\n<meta name=\"description\" content=\"Les produits de nettoyage et les lingettes nettoyantes contenant ces ingr\u00e9dients dans les concentrations recommand\u00e9es peuvent \u00eatre utilis\u00e9s avec nos appareils.\" \/>\n<meta name=\"robots\" content=\"index, follow, max-snippet:-1, max-image-preview:large, max-video-preview:-1\" \/>\n<link rel=\"canonical\" href=\"https:\/\/www.bedfont.com\/fr\/nettoyage-des-appareils-bedfont\/\" \/>\n<meta property=\"og:locale\" content=\"fr_FR\" \/>\n<meta property=\"og:type\" content=\"article\" \/>\n<meta property=\"og:title\" content=\"Nettoyage des appareils Bedfont - Bedfont Scientific Ltd.\" \/>\n<meta property=\"og:description\" content=\"Les produits de nettoyage et les lingettes nettoyantes contenant ces ingr\u00e9dients dans les concentrations recommand\u00e9es peuvent \u00eatre utilis\u00e9s avec nos appareils.\" \/>\n<meta property=\"og:url\" content=\"https:\/\/www.bedfont.com\/fr\/nettoyage-des-appareils-bedfont\/\" \/>\n<meta property=\"og:site_name\" content=\"Bedfont Scientific Ltd.\" \/>\n<meta property=\"article:publisher\" content=\"https:\/\/www.facebook.com\/Bedfontltd\/\" \/>\n<meta property=\"article:modified_time\" content=\"2024-10-14T08:01:05+00:00\" \/>\n<meta name=\"twitter:card\" content=\"summary_large_image\" \/>\n<meta name=\"twitter:site\" content=\"@BedfontLtd\" \/>\n<meta name=\"twitter:label1\" content=\"Dur\u00e9e de lecture estim\u00e9e\" \/>\n\t<meta name=\"twitter:data1\" content=\"2 minutes\" \/>\n<script type=\"application\/ld+json\" class=\"yoast-schema-graph\">{\"@context\":\"https:\\\/\\\/schema.org\",\"@graph\":[{\"@type\":\"WebPage\",\"@id\":\"https:\\\/\\\/www.bedfont.com\\\/fr\\\/nettoyage-des-appareils-bedfont\\\/\",\"url\":\"https:\\\/\\\/www.bedfont.com\\\/fr\\\/nettoyage-des-appareils-bedfont\\\/\",\"name\":\"Nettoyage des appareils Bedfont - Bedfont Scientific Ltd.\",\"isPartOf\":{\"@id\":\"https:\\\/\\\/www.bedfont.com\\\/fr\\\/#website\"},\"datePublished\":\"2024-01-09T16:29:36+00:00\",\"dateModified\":\"2024-10-14T08:01:05+00:00\",\"description\":\"Les produits de nettoyage et les lingettes nettoyantes contenant ces ingr\u00e9dients dans les concentrations recommand\u00e9es peuvent \u00eatre utilis\u00e9s avec nos appareils.\",\"breadcrumb\":{\"@id\":\"https:\\\/\\\/www.bedfont.com\\\/fr\\\/nettoyage-des-appareils-bedfont\\\/#breadcrumb\"},\"inLanguage\":\"fr-FR\",\"potentialAction\":[{\"@type\":\"ReadAction\",\"target\":[\"https:\\\/\\\/www.bedfont.com\\\/fr\\\/nettoyage-des-appareils-bedfont\\\/\"]}]},{\"@type\":\"BreadcrumbList\",\"@id\":\"https:\\\/\\\/www.bedfont.com\\\/fr\\\/nettoyage-des-appareils-bedfont\\\/#breadcrumb\",\"itemListElement\":[{\"@type\":\"ListItem\",\"position\":1,\"name\":\"Home\",\"item\":\"https:\\\/\\\/www.bedfont.com\\\/fr\\\/\"},{\"@type\":\"ListItem\",\"position\":2,\"name\":\"Nettoyage des appareils Bedfont\"}]},{\"@type\":\"WebSite\",\"@id\":\"https:\\\/\\\/www.bedfont.com\\\/fr\\\/#website\",\"url\":\"https:\\\/\\\/www.bedfont.com\\\/fr\\\/\",\"name\":\"Bedfont Scientific Ltd.\",\"description\":\"World leaders in breath analysis.\",\"potentialAction\":[{\"@type\":\"SearchAction\",\"target\":{\"@type\":\"EntryPoint\",\"urlTemplate\":\"https:\\\/\\\/www.bedfont.com\\\/fr\\\/?s={search_term_string}\"},\"query-input\":{\"@type\":\"PropertyValueSpecification\",\"valueRequired\":true,\"valueName\":\"search_term_string\"}}],\"inLanguage\":\"fr-FR\"}]}<\/script>\n<!-- \/ Yoast SEO plugin. -->","yoast_head_json":{"title":"Nettoyage des appareils Bedfont - Bedfont Scientific Ltd.","description":"Les produits de nettoyage et les lingettes nettoyantes contenant ces ingr\u00e9dients dans les concentrations recommand\u00e9es peuvent \u00eatre utilis\u00e9s avec nos appareils.","robots":{"index":"index","follow":"follow","max-snippet":"max-snippet:-1","max-image-preview":"max-image-preview:large","max-video-preview":"max-video-preview:-1"},"canonical":"https:\/\/www.bedfont.com\/fr\/nettoyage-des-appareils-bedfont\/","og_locale":"fr_FR","og_type":"article","og_title":"Nettoyage des appareils Bedfont - Bedfont Scientific Ltd.","og_description":"Les produits de nettoyage et les lingettes nettoyantes contenant ces ingr\u00e9dients dans les concentrations recommand\u00e9es peuvent \u00eatre utilis\u00e9s avec nos appareils.","og_url":"https:\/\/www.bedfont.com\/fr\/nettoyage-des-appareils-bedfont\/","og_site_name":"Bedfont Scientific Ltd.","article_publisher":"https:\/\/www.facebook.com\/Bedfontltd\/","article_modified_time":"2024-10-14T08:01:05+00:00","twitter_card":"summary_large_image","twitter_site":"@BedfontLtd","twitter_misc":{"Dur\u00e9e de lecture estim\u00e9e":"2 minutes"},"schema":{"@context":"https:\/\/schema.org","@graph":[{"@type":"WebPage","@id":"https:\/\/www.bedfont.com\/fr\/nettoyage-des-appareils-bedfont\/","url":"https:\/\/www.bedfont.com\/fr\/nettoyage-des-appareils-bedfont\/","name":"Nettoyage des appareils Bedfont - Bedfont Scientific Ltd.","isPartOf":{"@id":"https:\/\/www.bedfont.com\/fr\/#website"},"datePublished":"2024-01-09T16:29:36+00:00","dateModified":"2024-10-14T08:01:05+00:00","description":"Les produits de nettoyage et les lingettes nettoyantes contenant ces ingr\u00e9dients dans les concentrations recommand\u00e9es peuvent \u00eatre utilis\u00e9s avec nos appareils.","breadcrumb":{"@id":"https:\/\/www.bedfont.com\/fr\/nettoyage-des-appareils-bedfont\/#breadcrumb"},"inLanguage":"fr-FR","potentialAction":[{"@type":"ReadAction","target":["https:\/\/www.bedfont.com\/fr\/nettoyage-des-appareils-bedfont\/"]}]},{"@type":"BreadcrumbList","@id":"https:\/\/www.bedfont.com\/fr\/nettoyage-des-appareils-bedfont\/#breadcrumb","itemListElement":[{"@type":"ListItem","position":1,"name":"Home","item":"https:\/\/www.bedfont.com\/fr\/"},{"@type":"ListItem","position":2,"name":"Nettoyage des appareils Bedfont"}]},{"@type":"WebSite","@id":"https:\/\/www.bedfont.com\/fr\/#website","url":"https:\/\/www.bedfont.com\/fr\/","name":"Bedfont Scientific Ltd.","description":"World leaders in breath analysis.","potentialAction":[{"@type":"SearchAction","target":{"@type":"EntryPoint","urlTemplate":"https:\/\/www.bedfont.com\/fr\/?s={search_term_string}"},"query-input":{"@type":"PropertyValueSpecification","valueRequired":true,"valueName":"search_term_string"}}],"inLanguage":"fr-FR"}]}},"_links":{"self":[{"href":"https:\/\/www.bedfont.com\/fr\/wp-json\/wp\/v2\/pages\/3491","targetHints":{"allow":["GET"]}}],"collection":[{"href":"https:\/\/www.bedfont.com\/fr\/wp-json\/wp\/v2\/pages"}],"about":[{"href":"https:\/\/www.bedfont.com\/fr\/wp-json\/wp\/v2\/types\/page"}],"author":[{"embeddable":true,"href":"https:\/\/www.bedfont.com\/fr\/wp-json\/wp\/v2\/users\/6"}],"replies":[{"embeddable":true,"href":"https:\/\/www.bedfont.com\/fr\/wp-json\/wp\/v2\/comments?post=3491"}],"version-history":[{"count":6,"href":"https:\/\/www.bedfont.com\/fr\/wp-json\/wp\/v2\/pages\/3491\/revisions"}],"predecessor-version":[{"id":7031,"href":"https:\/\/www.bedfont.com\/fr\/wp-json\/wp\/v2\/pages\/3491\/revisions\/7031"}],"wp:attachment":[{"href":"https:\/\/www.bedfont.com\/fr\/wp-json\/wp\/v2\/media?parent=3491"}],"curies":[{"name":"wp","href":"https:\/\/api.w.org\/{rel}","templated":true}]}}