{"id":3451,"date":"2023-02-09T14:17:44","date_gmt":"2023-02-09T14:17:44","guid":{"rendered":"https:\/\/bedfont.theprogressteam.com\/devenir-distributeur\/"},"modified":"2025-02-04T14:35:18","modified_gmt":"2025-02-04T14:35:18","slug":"devenir-distributeur","status":"publish","type":"page","link":"https:\/\/www.bedfont.com\/fr\/devenir-distributeur\/","title":{"rendered":"Devenir distributeur"},"content":{"rendered":"<section class='subtle-bg  module-3451-hero-0' id='module-3451-hero-0'>\n\t<img decoding='async' src='https:\/\/www.bedfont.com\/wp-content\/themes\/bedfont\/assets\/img\/subtle-bg.jpg' class='subtle-bg' alt='Image of subtle website background'>\n\t<div class='container'>\n\t\t<div class='row'>\n\t\t\t<div class='col-12 col-md-6 pe-5 my-auto'>\n\t\t\t\t<h1 class='text-left mt-lg-0'>Devenir distributeur<\/h1>\n\t\t\t\t<p><p>Bedfont\u00ae s\u2019engage \u00e0 d\u00e9velopper ses activit\u00e9s par l\u2019interm\u00e9diaire de distributeurs soigneusement s\u00e9lectionn\u00e9s qui partagent le m\u00eame objectif d\u2019am\u00e9liorer les soins de sant\u00e9 dans le monde entier. Nos distributeurs ont fait leurs preuves en mati\u00e8re de leadership commercial dans diff\u00e9rents secteurs et nous travaillons en \u00e9troite collaboration pour entretenir une relation durable avec eux.<\/p>\n<p>Nous sommes toujours \u00e0 la recherche de personnes partageant les m\u00eames id\u00e9es pour nous aider \u00e0 distribuer nos produits dans le monde entier dans le cadre de notre mission de fournir des produits m\u00e9dicaux d\u2019analyse respiratoire de pointe.<\/p>\n<ul class=\"distributor-checklist\">\n<li><i class=\"fa-solid fa-check\" aria-hidden=\"true\"><\/i> Produits commercialis\u00e9s avec succ\u00e8s dans le monde entier depuis plus de 40 ans<\/li>\n<li><i class=\"fa-solid fa-check\" aria-hidden=\"true\"><\/i>  Nos marques sont reconnues dans plus de 70 pays<\/li>\n<li><i class=\"fa-solid fa-check\" aria-hidden=\"true\"><\/i>  Leader du march\u00e9 dans les secteurs du sevrage tabagique, de la gastro-ent\u00e9rologie et de l\u2019asthme<\/li>\n<li><i class=\"fa-solid fa-check\" aria-hidden=\"true\"><\/i>  Des produits innovants et de haute qualit\u00e9 \u00e0 des prix comp\u00e9titifs<\/li>\n<li><i class=\"fa-solid fa-check\" aria-hidden=\"true\"><\/i>  Un service rapide et une vari\u00e9t\u00e9 d\u2019outils de marketing pour soutenir vos activit\u00e9s<\/li>\n<li><i class=\"fa-solid fa-check\" aria-hidden=\"true\"><\/i>  Avantages du partenariat<\/li>\n<\/ul>\n<\/p>\n\t\t\t\t\n\t\t\t<\/div>\n\t\t\t<div class='col-12 col-md-6 mt-5 mt-lg-0'><img width=\"500\" height=\"542\" src=\"https:\/\/www.bedfont.com\/wp-content\/uploads\/2024\/10\/distributor-image.png\" class=\"img-fluid br-30\" alt=\"\" decoding=\"async\" loading=\"lazy\" srcset=\"https:\/\/www.bedfont.com\/wp-content\/uploads\/2024\/10\/distributor-image.png 500w, https:\/\/www.bedfont.com\/wp-content\/uploads\/2024\/10\/distributor-image-277x300.png 277w\" sizes=\"auto, (max-width: 500px) 100vw, 500px\" \/><\/div>\n\t\t<\/div>\n\t<\/div>\n<\/section><section class='two-column-image-text style-3 accordion-module  module-3451-accordion-1' id='module-3451-accordion-1'>\n\t<div class='container'>\n\t\t<div class='row '>\n\t\t\t<div class='col-12 col-lg-6 ps-md-5 who-we-are-home my-auto text-col'>\n\t<div class='inner'>\n\n\t\t\t\t<h2 class='text-center'>Avantages de devenir distributeur Bedfont<\/h2>\n    <div class='accordion' id='accordionModule'><div class='accordion-item'><h2 class='accordion-header' id='heading0'> <button class='accordion-button ' type='button' data-bs-toggle='collapse' data-bs-target='#collapse0' aria-expanded='true' aria-controls='collapse0'> Marketing <\/button> <\/h2><div id='collapse0' class='accordion-collapse collapse show' aria-labelledby='heading0' data-bs-parent='#accordionModule'>\n\t\t\t\t\t\t\t\t<div class='accordion-body'>\n\t\t\t\t\t\t\t\t\t<ul class='distributor-checklist'><li><i class='fa-solid fa-check' aria-hidden='true'><\/i>Mat\u00e9riel de marketing<\/li><li><i class='fa-solid fa-check' aria-hidden='true'><\/i>Kits de vente<\/li><li><i class='fa-solid fa-check' aria-hidden='true'><\/i>Liste sur notre site web<\/li><li><i class='fa-solid fa-check' aria-hidden='true'><\/i>Promotions locales : campagnes r\u00e9guli\u00e8res et incitations adapt\u00e9es \u00e0 votre r\u00e9gion de vente<\/li><li><i class='fa-solid fa-check' aria-hidden='true'><\/i>Possibilit\u00e9 de subventions pour des initiatives de marketing<\/li><\/ul>\n\t\t\t\t\t\t\t\t<\/div>\n\t\t\t\t\t\t\t<\/div><\/div><div class='accordion-item'><h2 class='accordion-header' id='heading1'> <button class='accordion-button collapsed' type='button' data-bs-toggle='collapse' data-bs-target='#collapse1' aria-expanded='false' aria-controls='collapse1'> Aide \u00e0 la vente <\/button> <\/h2><div id='collapse1' class='accordion-collapse collapse ' aria-labelledby='heading1' data-bs-parent='#accordionModule'>\n\t\t\t\t\t\t\t\t<div class='accordion-body'>\n\t\t\t\t\t\t\t\t\t<ul class='distributor-checklist'><li><i class='fa-solid fa-check' aria-hidden='true'><\/i>Am\u00e9lioration des marges de vente<\/li><li><i class='fa-solid fa-check' aria-hidden='true'><\/i>Mat\u00e9riel de d\u00e9monstration non destin\u00e9 \u00e0 la vente (NFR) \u00e0 prix r\u00e9duit<\/li><li><i class='fa-solid fa-check' aria-hidden='true'><\/i>Liste de prix RRP<\/li><li><i class='fa-solid fa-check' aria-hidden='true'><\/i>Gestion de compte d\u00e9di\u00e9e et g\u00e9n\u00e9ration de leads<\/li><li><i class='fa-solid fa-check' aria-hidden='true'><\/i>Un point de contact unique et r\u00e9actif<\/li><li><i class='fa-solid fa-check' aria-hidden='true'><\/i>Planification conjointe des ventes et du marketing<\/li><li><i class='fa-solid fa-check' aria-hidden='true'><\/i>Soutien aux visites des clients finaux<\/li><li><i class='fa-solid fa-check' aria-hidden='true'><\/i>Transmission des pistes aux clients<\/li><\/ul>\n\t\t\t\t\t\t\t\t<\/div>\n\t\t\t\t\t\t\t<\/div><\/div><div class='accordion-item'><h2 class='accordion-header' id='heading2'> <button class='accordion-button collapsed' type='button' data-bs-toggle='collapse' data-bs-target='#collapse2' aria-expanded='false' aria-controls='collapse2'> Formation <\/button> <\/h2><div id='collapse2' class='accordion-collapse collapse ' aria-labelledby='heading2' data-bs-parent='#accordionModule'>\n\t\t\t\t\t\t\t\t<div class='accordion-body'>\n\t\t\t\t\t\t\t\t\t<ul class='distributor-checklist'><li><i class='fa-solid fa-check' aria-hidden='true'><\/i>Ventes et d\u00e9veloppement des affaires<\/li><li><i class='fa-solid fa-check' aria-hidden='true'><\/i>Cours, s\u00e9minaires en ligne et tutoriels en ligne<\/li><li><i class='fa-solid fa-check' aria-hidden='true'><\/i>Vid\u00e9os sur les produits<\/li><\/ul>\n\t\t\t\t\t\t\t\t<\/div>\n\t\t\t\t\t\t\t<\/div><\/div><div class='accordion-item'><h2 class='accordion-header' id='heading3'> <button class='accordion-button collapsed' type='button' data-bs-toggle='collapse' data-bs-target='#collapse3' aria-expanded='false' aria-controls='collapse3'> Informations d\u00e9di\u00e9es <\/button> <\/h2><div id='collapse3' class='accordion-collapse collapse ' aria-labelledby='heading3' data-bs-parent='#accordionModule'>\n\t\t\t\t\t\t\t\t<div class='accordion-body'>\n\t\t\t\t\t\t\t\t\t<ul class='distributor-checklist'><li><i class='fa-solid fa-check' aria-hidden='true'><\/i>Bulletins d\u2019information r\u00e9guliers<\/li><li><i class='fa-solid fa-check' aria-hidden='true'><\/i>Site web du distributeur<\/li><li><i class='fa-solid fa-check' aria-hidden='true'><\/i>Annonces de lancement anticip\u00e9 de produits et d\u2019arr\u00eat de la production<\/li><li><i class='fa-solid fa-check' aria-hidden='true'><\/i>Sp\u00e9cifications techniques<\/li><\/ul>\n\t\t\t\t\t\t\t\t<\/div>\n\t\t\t\t\t\t\t<\/div><\/div><div class='accordion-item'><h2 class='accordion-header' id='heading4'> <button class='accordion-button collapsed' type='button' data-bs-toggle='collapse' data-bs-target='#collapse4' aria-expanded='false' aria-controls='collapse4'> Support technique <\/button> <\/h2><div id='collapse4' class='accordion-collapse collapse ' aria-labelledby='heading4' data-bs-parent='#accordionModule'>\n\t\t\t\t\t\t\t\t<div class='accordion-body'>\n\t\t\t\t\t\t\t\t\t<ul class='distributor-checklist'><li><i class='fa-solid fa-check' aria-hidden='true'><\/i>Support technique<\/li><li><i class='fa-solid fa-check' aria-hidden='true'><\/i>Assistance en ligne et par t\u00e9l\u00e9phone<\/li><li><i class='fa-solid fa-check' aria-hidden='true'><\/i>Vid\u00e9oconf\u00e9rences<\/li><li><i class='fa-solid fa-check' aria-hidden='true'><\/i>Liste sur notre site web<\/li><li><i class='fa-solid fa-check' aria-hidden='true'><\/i>Liste sur notre site web<\/li><li><i class='fa-solid fa-check' aria-hidden='true'><\/i>Garantie et extension de garantie<\/li><li><i class='fa-solid fa-check' aria-hidden='true'><\/i>Soutien local<\/li><\/ul>\n\t\t\t\t\t\t\t\t<\/div>\n\t\t\t\t\t\t\t<\/div><\/div><\/div>\n\t<div class='bottom-text mt-4 text-center'><p>Certains avantages d\u00e9pendent de la cat\u00e9gorie du distributeur.<\/p>\n<\/div>\n\t\t\t<\/div>\n\t\t\t<\/div>\n\t\t\t<div class='col-12 col-lg-6'>\n\t\t\t<div class='image-box'>\n\t\t\t<img width=\"640\" height=\"482\" src=\"https:\/\/www.bedfont.com\/wp-content\/uploads\/2024\/10\/distributor-meeting-1024x771.jpg\" class=\"attachment-large size-large\" alt=\"\" decoding=\"async\" loading=\"lazy\" srcset=\"https:\/\/www.bedfont.com\/wp-content\/uploads\/2024\/10\/distributor-meeting-1024x771.jpg 1024w, https:\/\/www.bedfont.com\/wp-content\/uploads\/2024\/10\/distributor-meeting-300x226.jpg 300w, https:\/\/www.bedfont.com\/wp-content\/uploads\/2024\/10\/distributor-meeting-768x578.jpg 768w, https:\/\/www.bedfont.com\/wp-content\/uploads\/2024\/10\/distributor-meeting-1536x1157.jpg 1536w, https:\/\/www.bedfont.com\/wp-content\/uploads\/2024\/10\/distributor-meeting.jpg 2000w\" sizes=\"auto, (max-width: 640px) 100vw, 640px\" \/>\n\t\t\t<\/div>\n\t\t\t<\/div>\n\t\t<\/div>\n\t<\/div>\n<\/section><section class='two-column-image-text style-1 already-bedfont-distributor module-3451-two_column_image_text-2' id='module-3451-two_column_image_text-2'>\n\t<div class='container'>\n\t\t<div class='row flex-row-reverse'>\n\t\t\t<div class='col-12 col-lg-6 ps-md-5 who-we-are-home my-auto text-col' >\n\t<div class='inner'>\n\n\t\t\t\t<h2 class='text-left'>\u00bfYa eres <span class=\"blue-text\">distribuidor de Bedfont<\/span>?<\/span><\/h2>\n\t\t\t\t<p>Si vous \u00eates d\u00e9j\u00e0 un distributeur Bedfont et que vous souhaitez acc\u00e9der \u00e0 notre site web d\u00e9di\u00e9 aux distributeurs, vous pouvez le faire en utilisant votre login \u00e0 partir du lien ci-dessous. Vous y trouverez des nouvelles, des informations et des ressources sur Bedfont Scientific Ltd et nos produits.<\/p>\n\n                <div class='button-box button-pink'><a class='btn ' href='https:\/\/www.bedfont-distributor.com\/' target=\"_self\">Visitez ici<i class='fa fa-arrow-right ms-1' aria-hidden='true'><\/i><\/a><\/div>\n\t\t\t<\/div>\n\t\t\t<\/div>\n\t\t\t<div class='col-12 col-lg-6'>\n\t\t\t<div class='image-box'>\n\t\t\t\t<img width=\"500\" height=\"542\" src=\"https:\/\/www.bedfont.com\/wp-content\/uploads\/2024\/10\/distributor-image.png\" class=\"attachment-large size-large\" alt=\"\" decoding=\"async\" loading=\"lazy\" srcset=\"https:\/\/www.bedfont.com\/wp-content\/uploads\/2024\/10\/distributor-image.png 500w, https:\/\/www.bedfont.com\/wp-content\/uploads\/2024\/10\/distributor-image-277x300.png 277w\" sizes=\"auto, (max-width: 500px) 100vw, 500px\" \/>\n\t\t\t<\/div>\n\t\t\t<\/div>\n\t\t<\/div>\n\t<\/div>\n<\/section><section class='form text-center style-1  module-3451-form-3' id='module-3451-form-3'><div class='container'><h2 class='text-center'>\u00a1Vu\u00e9lvete en un distribuidor hoy <span class=\"blue-text\"> mismo!<\/span><\/h2><p>Ne manquez pas cette opportunit\u00e9 de rejoindre une industrie florissante et en pleine croissance. Devenez un distributeur Bedfont d\u00e8s aujourd\u2019hui et prenez le contr\u00f4le de votre avenir financier. Remplissez le formulaire ci-dessous pour commencer !<\/p>\n<script charset=\"utf-8\" type=\"text\/javascript\" src=\"\/\/js.hsforms.net\/forms\/embed\/v2.js\"><\/script>\r\n<script>\r\n  hbspt.forms.create({\r\n    portalId: \"6295439\",\r\n    formId: \"59b6be1f-8abb-4c11-8b5d-44892f49b1fb\"\r\n  });\r\n<\/script><\/div><\/section>","protected":false},"excerpt":{"rendered":"<p>Devenir distributeur Bedfont\u00ae s\u2019engage \u00e0 d\u00e9velopper ses activit\u00e9s par l\u2019interm\u00e9diaire de distributeurs soigneusement s\u00e9lectionn\u00e9s qui partagent le m\u00eame objectif d\u2019am\u00e9liorer les soins de sant\u00e9 dans le monde entier. Nos distributeurs ont fait leurs preuves en mati\u00e8re de leadership commercial dans diff\u00e9rents secteurs et nous travaillons en \u00e9troite collaboration pour entretenir une relation durable avec eux. [&hellip;]<\/p>\n","protected":false},"author":6,"featured_media":0,"parent":0,"menu_order":0,"comment_status":"closed","ping_status":"closed","template":"templates\/page-modules.php","meta":{"_acf_changed":false,"footnotes":""},"class_list":["post-3451","page","type-page","status-publish","hentry"],"acf":[],"yoast_head":"<!-- This site is optimized with the Yoast SEO plugin v27.4 - https:\/\/yoast.com\/product\/yoast-seo-wordpress\/ -->\n<title>Devenir distributeur - Bedfont Scientific Ltd.<\/title>\n<meta name=\"description\" content=\"Bedfont s&#039;engage \u00e0 d\u00e9velopper ses activit\u00e9s par l&#039;interm\u00e9diaire de distributeurs soigneusement s\u00e9lectionn\u00e9s qui partagent le m\u00eame objectif d&#039;am\u00e9lioration des soins de sant\u00e9 dans le monde entier.\" \/>\n<meta name=\"robots\" content=\"index, follow, max-snippet:-1, max-image-preview:large, max-video-preview:-1\" \/>\n<link rel=\"canonical\" href=\"https:\/\/www.bedfont.com\/fr\/devenir-distributeur\/\" \/>\n<meta property=\"og:locale\" content=\"fr_FR\" \/>\n<meta property=\"og:type\" content=\"article\" \/>\n<meta property=\"og:title\" content=\"Devenir distributeur - Bedfont Scientific Ltd.\" \/>\n<meta property=\"og:description\" content=\"Bedfont s&#039;engage \u00e0 d\u00e9velopper ses activit\u00e9s par l&#039;interm\u00e9diaire de distributeurs soigneusement s\u00e9lectionn\u00e9s qui partagent le m\u00eame objectif d&#039;am\u00e9lioration des soins de sant\u00e9 dans le monde entier.\" \/>\n<meta property=\"og:url\" content=\"https:\/\/www.bedfont.com\/fr\/devenir-distributeur\/\" \/>\n<meta property=\"og:site_name\" content=\"Bedfont Scientific Ltd.\" \/>\n<meta property=\"article:publisher\" content=\"https:\/\/www.facebook.com\/Bedfontltd\/\" \/>\n<meta property=\"article:modified_time\" content=\"2025-02-04T14:35:18+00:00\" \/>\n<meta property=\"og:image\" content=\"https:\/\/www.bedfont.com\/wp-content\/themes\/bedfont\/assets\/img\/subtle-bg.jpg\" \/>\n<meta name=\"twitter:card\" content=\"summary_large_image\" \/>\n<meta name=\"twitter:site\" content=\"@BedfontLtd\" \/>\n<meta name=\"twitter:label1\" content=\"Dur\u00e9e de lecture estim\u00e9e\" \/>\n\t<meta name=\"twitter:data1\" content=\"3 minutes\" \/>\n<script type=\"application\/ld+json\" class=\"yoast-schema-graph\">{\"@context\":\"https:\\\/\\\/schema.org\",\"@graph\":[{\"@type\":\"WebPage\",\"@id\":\"https:\\\/\\\/www.bedfont.com\\\/fr\\\/devenir-distributeur\\\/\",\"url\":\"https:\\\/\\\/www.bedfont.com\\\/fr\\\/devenir-distributeur\\\/\",\"name\":\"Devenir distributeur - Bedfont Scientific Ltd.\",\"isPartOf\":{\"@id\":\"https:\\\/\\\/www.bedfont.com\\\/fr\\\/#website\"},\"primaryImageOfPage\":{\"@id\":\"https:\\\/\\\/www.bedfont.com\\\/fr\\\/devenir-distributeur\\\/#primaryimage\"},\"image\":{\"@id\":\"https:\\\/\\\/www.bedfont.com\\\/fr\\\/devenir-distributeur\\\/#primaryimage\"},\"thumbnailUrl\":\"https:\\\/\\\/www.bedfont.com\\\/wp-content\\\/themes\\\/bedfont\\\/assets\\\/img\\\/subtle-bg.jpg\",\"datePublished\":\"2023-02-09T14:17:44+00:00\",\"dateModified\":\"2025-02-04T14:35:18+00:00\",\"description\":\"Bedfont s'engage \u00e0 d\u00e9velopper ses activit\u00e9s par l'interm\u00e9diaire de distributeurs soigneusement s\u00e9lectionn\u00e9s qui partagent le m\u00eame objectif d'am\u00e9lioration des soins de sant\u00e9 dans le monde entier.\",\"breadcrumb\":{\"@id\":\"https:\\\/\\\/www.bedfont.com\\\/fr\\\/devenir-distributeur\\\/#breadcrumb\"},\"inLanguage\":\"fr-FR\",\"potentialAction\":[{\"@type\":\"ReadAction\",\"target\":[\"https:\\\/\\\/www.bedfont.com\\\/fr\\\/devenir-distributeur\\\/\"]}]},{\"@type\":\"ImageObject\",\"inLanguage\":\"fr-FR\",\"@id\":\"https:\\\/\\\/www.bedfont.com\\\/fr\\\/devenir-distributeur\\\/#primaryimage\",\"url\":\"https:\\\/\\\/www.bedfont.com\\\/wp-content\\\/themes\\\/bedfont\\\/assets\\\/img\\\/subtle-bg.jpg\",\"contentUrl\":\"https:\\\/\\\/www.bedfont.com\\\/wp-content\\\/themes\\\/bedfont\\\/assets\\\/img\\\/subtle-bg.jpg\"},{\"@type\":\"BreadcrumbList\",\"@id\":\"https:\\\/\\\/www.bedfont.com\\\/fr\\\/devenir-distributeur\\\/#breadcrumb\",\"itemListElement\":[{\"@type\":\"ListItem\",\"position\":1,\"name\":\"Home\",\"item\":\"https:\\\/\\\/www.bedfont.com\\\/fr\\\/\"},{\"@type\":\"ListItem\",\"position\":2,\"name\":\"Devenir distributeur\"}]},{\"@type\":\"WebSite\",\"@id\":\"https:\\\/\\\/www.bedfont.com\\\/fr\\\/#website\",\"url\":\"https:\\\/\\\/www.bedfont.com\\\/fr\\\/\",\"name\":\"Bedfont Scientific Ltd.\",\"description\":\"World leaders in breath analysis.\",\"publisher\":{\"@id\":\"https:\\\/\\\/www.bedfont.com\\\/fr\\\/#organization\"},\"potentialAction\":[{\"@type\":\"SearchAction\",\"target\":{\"@type\":\"EntryPoint\",\"urlTemplate\":\"https:\\\/\\\/www.bedfont.com\\\/fr\\\/?s={search_term_string}\"},\"query-input\":{\"@type\":\"PropertyValueSpecification\",\"valueRequired\":true,\"valueName\":\"search_term_string\"}}],\"inLanguage\":\"fr-FR\"},{\"@type\":\"Organization\",\"@id\":\"https:\\\/\\\/www.bedfont.com\\\/fr\\\/#organization\",\"name\":\"Bedfont Scientific Ltd.\",\"url\":\"https:\\\/\\\/www.bedfont.com\\\/fr\\\/\",\"logo\":{\"@type\":\"ImageObject\",\"inLanguage\":\"fr-FR\",\"@id\":\"https:\\\/\\\/www.bedfont.com\\\/fr\\\/#\\\/schema\\\/logo\\\/image\\\/\",\"url\":\"https:\\\/\\\/www.bedfont.com\\\/wp-content\\\/uploads\\\/2023\\\/06\\\/logo.png\",\"contentUrl\":\"https:\\\/\\\/www.bedfont.com\\\/wp-content\\\/uploads\\\/2023\\\/06\\\/logo.png\",\"width\":1600,\"height\":505,\"caption\":\"Bedfont Scientific Ltd.\"},\"image\":{\"@id\":\"https:\\\/\\\/www.bedfont.com\\\/fr\\\/#\\\/schema\\\/logo\\\/image\\\/\"},\"sameAs\":[\"https:\\\/\\\/www.facebook.com\\\/Bedfontltd\\\/\",\"https:\\\/\\\/x.com\\\/BedfontLtd\",\"https:\\\/\\\/www.instagram.com\\\/bedfontltd\\\/\",\"https:\\\/\\\/www.linkedin.com\\\/company\\\/bedfont-scientific-ltd\\\/\",\"https:\\\/\\\/www.youtube.com\\\/user\\\/BedfontScientificLtd\"]}]}<\/script>\n<!-- \/ Yoast SEO plugin. -->","yoast_head_json":{"title":"Devenir distributeur - Bedfont Scientific Ltd.","description":"Bedfont s'engage \u00e0 d\u00e9velopper ses activit\u00e9s par l'interm\u00e9diaire de distributeurs soigneusement s\u00e9lectionn\u00e9s qui partagent le m\u00eame objectif d'am\u00e9lioration des soins de sant\u00e9 dans le monde entier.","robots":{"index":"index","follow":"follow","max-snippet":"max-snippet:-1","max-image-preview":"max-image-preview:large","max-video-preview":"max-video-preview:-1"},"canonical":"https:\/\/www.bedfont.com\/fr\/devenir-distributeur\/","og_locale":"fr_FR","og_type":"article","og_title":"Devenir distributeur - Bedfont Scientific Ltd.","og_description":"Bedfont s'engage \u00e0 d\u00e9velopper ses activit\u00e9s par l'interm\u00e9diaire de distributeurs soigneusement s\u00e9lectionn\u00e9s qui partagent le m\u00eame objectif d'am\u00e9lioration des soins de sant\u00e9 dans le monde entier.","og_url":"https:\/\/www.bedfont.com\/fr\/devenir-distributeur\/","og_site_name":"Bedfont Scientific Ltd.","article_publisher":"https:\/\/www.facebook.com\/Bedfontltd\/","article_modified_time":"2025-02-04T14:35:18+00:00","og_image":[{"url":"https:\/\/www.bedfont.com\/wp-content\/themes\/bedfont\/assets\/img\/subtle-bg.jpg","type":"","width":"","height":""}],"twitter_card":"summary_large_image","twitter_site":"@BedfontLtd","twitter_misc":{"Dur\u00e9e de lecture estim\u00e9e":"3 minutes"},"schema":{"@context":"https:\/\/schema.org","@graph":[{"@type":"WebPage","@id":"https:\/\/www.bedfont.com\/fr\/devenir-distributeur\/","url":"https:\/\/www.bedfont.com\/fr\/devenir-distributeur\/","name":"Devenir distributeur - Bedfont Scientific Ltd.","isPartOf":{"@id":"https:\/\/www.bedfont.com\/fr\/#website"},"primaryImageOfPage":{"@id":"https:\/\/www.bedfont.com\/fr\/devenir-distributeur\/#primaryimage"},"image":{"@id":"https:\/\/www.bedfont.com\/fr\/devenir-distributeur\/#primaryimage"},"thumbnailUrl":"https:\/\/www.bedfont.com\/wp-content\/themes\/bedfont\/assets\/img\/subtle-bg.jpg","datePublished":"2023-02-09T14:17:44+00:00","dateModified":"2025-02-04T14:35:18+00:00","description":"Bedfont s'engage \u00e0 d\u00e9velopper ses activit\u00e9s par l'interm\u00e9diaire de distributeurs soigneusement s\u00e9lectionn\u00e9s qui partagent le m\u00eame objectif d'am\u00e9lioration des soins de sant\u00e9 dans le monde entier.","breadcrumb":{"@id":"https:\/\/www.bedfont.com\/fr\/devenir-distributeur\/#breadcrumb"},"inLanguage":"fr-FR","potentialAction":[{"@type":"ReadAction","target":["https:\/\/www.bedfont.com\/fr\/devenir-distributeur\/"]}]},{"@type":"ImageObject","inLanguage":"fr-FR","@id":"https:\/\/www.bedfont.com\/fr\/devenir-distributeur\/#primaryimage","url":"https:\/\/www.bedfont.com\/wp-content\/themes\/bedfont\/assets\/img\/subtle-bg.jpg","contentUrl":"https:\/\/www.bedfont.com\/wp-content\/themes\/bedfont\/assets\/img\/subtle-bg.jpg"},{"@type":"BreadcrumbList","@id":"https:\/\/www.bedfont.com\/fr\/devenir-distributeur\/#breadcrumb","itemListElement":[{"@type":"ListItem","position":1,"name":"Home","item":"https:\/\/www.bedfont.com\/fr\/"},{"@type":"ListItem","position":2,"name":"Devenir distributeur"}]},{"@type":"WebSite","@id":"https:\/\/www.bedfont.com\/fr\/#website","url":"https:\/\/www.bedfont.com\/fr\/","name":"Bedfont Scientific Ltd.","description":"World leaders in breath analysis.","publisher":{"@id":"https:\/\/www.bedfont.com\/fr\/#organization"},"potentialAction":[{"@type":"SearchAction","target":{"@type":"EntryPoint","urlTemplate":"https:\/\/www.bedfont.com\/fr\/?s={search_term_string}"},"query-input":{"@type":"PropertyValueSpecification","valueRequired":true,"valueName":"search_term_string"}}],"inLanguage":"fr-FR"},{"@type":"Organization","@id":"https:\/\/www.bedfont.com\/fr\/#organization","name":"Bedfont Scientific Ltd.","url":"https:\/\/www.bedfont.com\/fr\/","logo":{"@type":"ImageObject","inLanguage":"fr-FR","@id":"https:\/\/www.bedfont.com\/fr\/#\/schema\/logo\/image\/","url":"https:\/\/www.bedfont.com\/wp-content\/uploads\/2023\/06\/logo.png","contentUrl":"https:\/\/www.bedfont.com\/wp-content\/uploads\/2023\/06\/logo.png","width":1600,"height":505,"caption":"Bedfont Scientific Ltd."},"image":{"@id":"https:\/\/www.bedfont.com\/fr\/#\/schema\/logo\/image\/"},"sameAs":["https:\/\/www.facebook.com\/Bedfontltd\/","https:\/\/x.com\/BedfontLtd","https:\/\/www.instagram.com\/bedfontltd\/","https:\/\/www.linkedin.com\/company\/bedfont-scientific-ltd\/","https:\/\/www.youtube.com\/user\/BedfontScientificLtd"]}]}},"_links":{"self":[{"href":"https:\/\/www.bedfont.com\/fr\/wp-json\/wp\/v2\/pages\/3451","targetHints":{"allow":["GET"]}}],"collection":[{"href":"https:\/\/www.bedfont.com\/fr\/wp-json\/wp\/v2\/pages"}],"about":[{"href":"https:\/\/www.bedfont.com\/fr\/wp-json\/wp\/v2\/types\/page"}],"author":[{"embeddable":true,"href":"https:\/\/www.bedfont.com\/fr\/wp-json\/wp\/v2\/users\/6"}],"replies":[{"embeddable":true,"href":"https:\/\/www.bedfont.com\/fr\/wp-json\/wp\/v2\/comments?post=3451"}],"version-history":[{"count":15,"href":"https:\/\/www.bedfont.com\/fr\/wp-json\/wp\/v2\/pages\/3451\/revisions"}],"predecessor-version":[{"id":7787,"href":"https:\/\/www.bedfont.com\/fr\/wp-json\/wp\/v2\/pages\/3451\/revisions\/7787"}],"wp:attachment":[{"href":"https:\/\/www.bedfont.com\/fr\/wp-json\/wp\/v2\/media?parent=3451"}],"curies":[{"name":"wp","href":"https:\/\/api.w.org\/{rel}","templated":true}]}}