{"id":7500,"date":"2024-10-10T08:50:30","date_gmt":"2024-10-10T08:50:30","guid":{"rendered":"https:\/\/bedfont.theprogressteam.com\/comunidad\/"},"modified":"2024-11-18T09:35:49","modified_gmt":"2024-11-18T09:35:49","slug":"comunidad","status":"publish","type":"page","link":"https:\/\/www.bedfont.com\/es\/comunidad\/","title":{"rendered":"Comunidad"},"content":{"rendered":"<section class=\"subtle-bg careers-hero\" id=\"module-6726-hero-0\">\n\t<img decoding=\"async\" src=\"https:\/\/www.bedfont.com\/wp-content\/themes\/bedfont\/assets\/img\/subtle-bg.jpg\" class=\"subtle-bg\" alt=\"Image of subtle website background\"\/>\n\t<div class=\"container\">\n\t\t<div class=\"row\">\n\t\t\t<div class=\"col-12 col-md-6 pe-5 my-auto\">\n\t\t\t\t<h1 class=\"text-left mt-lg-0\">Comunidad<\/h1>\n\t\t\t\t<p><\/p><p>En Bedfont <sup>\u00ae<\/sup> , estamos comprometidos a apoyar y generar un impacto significativo en nuestra comunidad local a trav\u00e9s de diversas iniciativas que promueven el bienestar, el crecimiento y la conexi\u00f3n.<\/p>\n<p>Ya sea patrocinando equipos deportivos, apoyando servicios de salud vitales o participando en eventos de recaudaci\u00f3n de fondos, nuestro objetivo es marcar una diferencia positiva en las vidas de quienes nos rodean. Nuestra participaci\u00f3n va m\u00e1s all\u00e1 del apoyo financiero, ya que participamos activamente en muchas de estas iniciativas, trabajando junto con nuestra comunidad para crear un impacto duradero. <\/p>\n\n\t\t\t\t\n\t\t\t<\/div>\n\t\t\t<div class=\"col-12 col-md-6 mt-5 mt-lg-0\"><img width=\"1500\" height=\"950\" src=\"https:\/\/www.bedfont.com\/wp-content\/uploads\/2024\/10\/bedfont-office-logo.png\" class=\"img-fluid br-30\" alt=\"\" decoding=\"async\" loading=\"lazy\" srcset=\"https:\/\/www.bedfont.com\/wp-content\/uploads\/2024\/10\/bedfont-office-logo.png 1500w, https:\/\/www.bedfont.com\/wp-content\/uploads\/2024\/10\/bedfont-office-logo-300x190.png 300w, https:\/\/www.bedfont.com\/wp-content\/uploads\/2024\/10\/bedfont-office-logo-1024x649.png 1024w, https:\/\/www.bedfont.com\/wp-content\/uploads\/2024\/10\/bedfont-office-logo-768x486.png 768w\" sizes=\"auto, (max-width: 1500px) 100vw, 1500px\"\/><\/div>\n\t\t<\/div>\n\t<\/div>\n<\/section><section class=\"text-section text-center pb-0\" id=\"module-6726-text-1\">\n\t<div class=\"container\">\n\t<h2 class=\"text-center\">Nuestros <span class=\"blue-text\">patrocinios<\/span><\/h2>\n\t\t\t\t\n\t<\/div>\n<\/section><section class=\"two-column-image-text style-1 community-section\" id=\"module-6726-two_column_image_text-2\">\n\t<div class=\"container\">\n\t\t<div class=\"row flex-row-reverse\">\n\t\t\t<div class=\"col-12 col-lg-6 ps-md-5 who-we-are-home my-auto text-col\">\n\t<div class=\"inner\">\n\n\t\t\t\t<h2 class=\"text-left\"><span class=\"blue-text\">Equipo de f\u00fatbol femenino sub 11<\/span> de Medway United<\/h2>\n\t\t\t\t<p>Estamos sumamente orgullosos de patrocinar al equipo de f\u00fatbol femenino sub-11 Medway United. Las chicas tuvieron un verano fant\u00e1stico en 2024 en 3 torneos diferentes, quedando subcampeonas en el Queen of the Town y ganando la Anchorians Cup y el Medway Shield. Su arduo trabajo, determinaci\u00f3n y amor por el juego se hicieron notar, lo que hizo que fuera un verano verdaderamente exitoso para el equipo.  <\/p>\n<p>Nuestro propio director ejecutivo, Jason Smith, es uno de los tres entrenadores dedicados, lo que refuerza nuestro compromiso a trav\u00e9s del patrocinio y ayudando activamente al equipo a crecer y tener \u00e9xito. Seguiremos apoyando al equipo mientras logra grandes cosas dentro y fuera del campo. <\/p>\n\n                <div class='button-box button-pink'><a class='btn ' href='https:\/\/medwayunitedfc.co.uk\/teams\/under-11-girls-west' target=\"_blank\">Club Website<i class='fa fa-arrow-right ms-1' aria-hidden='true'><\/i><\/a><\/div>\n\t\t\t<\/div>\n\t\t\t<\/div>\n\t\t\t<div class=\"col-12 col-lg-6\">\n\t\t\t<div class=\"image-box\">\n\t\t\t\t<img width=\"640\" height=\"480\" src=\"https:\/\/www.bedfont.com\/wp-content\/uploads\/2024\/10\/medway-utd-1024x768.png\" class=\"attachment-large size-large\" alt=\"\" decoding=\"async\" loading=\"lazy\" srcset=\"https:\/\/www.bedfont.com\/wp-content\/uploads\/2024\/10\/medway-utd-1024x768.png 1024w, https:\/\/www.bedfont.com\/wp-content\/uploads\/2024\/10\/medway-utd-300x225.png 300w, https:\/\/www.bedfont.com\/wp-content\/uploads\/2024\/10\/medway-utd-768x576.png 768w, https:\/\/www.bedfont.com\/wp-content\/uploads\/2024\/10\/medway-utd.png 1200w\" sizes=\"auto, (max-width: 640px) 100vw, 640px\"\/>\n\t\t\t<\/div>\n\t\t\t<\/div>\n\t\t<\/div>\n\t<\/div>\n<\/section><section class=\"two-column-image-text style-1 community-section\" id=\"module-6726-two_column_image_text-3\">\n\t<div class=\"container\">\n\t\t<div class=\"row \">\n\t\t\t<div class=\"col-12 col-lg-6 ps-md-5 who-we-are-home my-auto text-col\">\n\t<div class=\"inner\">\n\n\t\t\t\t<h2 class=\"text-left\">Orgullosos patrocinadores de <span class=\"blue-text\">Heart of Kent Hospice<\/span><\/h2>\n\t\t\t\t<p>Heart of Kent Hospice es una organizaci\u00f3n ben\u00e9fica fant\u00e1stica que brinda atenci\u00f3n vital a quienes est\u00e1n al final de su vida, as\u00ed como a sus familias, ofreciendo apoyo, dignidad y consuelo durante algunos de los momentos m\u00e1s dif\u00edciles de la vida.<\/p>\n<p>A lo largo del a\u00f1o, Heart of Kent Hospice organiza una variedad de eventos para recaudar fondos vitales. Bedfont\u00ae tiene el honor de patrocinar y participar en estos eventos. A principios de este a\u00f1o, nos enorgulleci\u00f3 ayudar a recaudar m\u00e1s de \u00a328,000 a trav\u00e9s de su caminata anual Bluebell Walk, nuestro equipo particip\u00f3 y ayud\u00f3 a recaudar fondos adicionales a trav\u00e9s de una rifa. Adem\u00e1s, este verano, patrocinamos una escultura de Shaun the Sheep en su vibrante sendero art\u00edstico, un evento que reuni\u00f3 a la comunidad al tiempo que celebraba la creatividad y la generosidad.  <\/p>\n<p>En la reciente noche de subastas del hospicio, donde se pusieron a subasta 60 esculturas de la oveja Shaun, Bedfont\u00ae hizo una oferta exitosa y gan\u00f3 una de las esculturas \u00fanicas. Se vendieron las 60 ovejas y la subasta recaud\u00f3 la notable suma de \u00a3267,250 en total para la organizaci\u00f3n ben\u00e9fica. <\/p>\n<p>Apoyar al hospicio es una causa que nos apasiona y esperamos seguir apoy\u00e1ndolos para garantizar que puedan seguir ofreciendo sus invaluables servicios. Aseg\u00farese de seguirnos en las redes sociales para mantenerse al d\u00eda con toda la recaudaci\u00f3n de fondos del Heart of Kent Hospice. <\/p>\n\n                <div class='button-box button-pink'><a class='btn ' href='https:\/\/www.hokh.org\/' target=\"_blank\">View Website<i class='fa fa-arrow-right ms-1' aria-hidden='true'><\/i><\/a><\/div>\n\t\t\t<\/div>\n\t\t\t<\/div>\n\t\t\t<div class=\"col-12 col-lg-6\">\n\t\t\t<div class=\"image-box\">\n\t\t\t\t<img width=\"640\" height=\"480\" src=\"https:\/\/www.bedfont.com\/wp-content\/uploads\/2024\/10\/hokh-sponsor.jpg\" class=\"attachment-large size-large\" alt=\"\" decoding=\"async\" loading=\"lazy\" srcset=\"https:\/\/www.bedfont.com\/wp-content\/uploads\/2024\/10\/hokh-sponsor.jpg 1024w, https:\/\/www.bedfont.com\/wp-content\/uploads\/2024\/10\/hokh-sponsor-300x225.jpg 300w, https:\/\/www.bedfont.com\/wp-content\/uploads\/2024\/10\/hokh-sponsor-768x576.jpg 768w\" sizes=\"auto, (max-width: 640px) 100vw, 640px\"\/>\n\t\t\t<\/div>\n\t\t\t<\/div>\n\t\t<\/div>\n\t<\/div>\n<\/section><section class=\"two-column-image-text style-1 community-section\" id=\"module-6726-two_column_image_text-4\">\n\t<div class=\"container\">\n\t\t<div class=\"row flex-row-reverse\">\n\t\t\t<div class=\"col-12 col-lg-6 ps-md-5 who-we-are-home my-auto text-col\">\n\t<div class=\"inner\">\n\n\t\t\t\t<h2 class=\"text-left\">Apoyo <span class=\"blue-text\">a la autoayuda para el asma de Medway (MASH)<\/span><\/h2>\n\t\t\t\t<p>Nuestra visi\u00f3n es un mundo donde todos tengan acceso a pruebas de aliento instant\u00e1neas, no invasivas y sencillas para ayudar en el diagn\u00f3stico m\u00e9dico. Es por eso que apoyamos con orgullo a MASH, una organizaci\u00f3n ben\u00e9fica que ha estado ayudando a la gente de Medway desde 1996 con informaci\u00f3n y apoyo para personas con asma. <\/p>\n<p>Proporcionamos y mantenemos el dispositivo NObreath <sup>\u00ae<\/sup> de \u00f3xido n\u00edtrico exhalado fraccionado (FeNO) que se utiliza en el centro. El NObreath <sup>\u00ae<\/sup> desempe\u00f1a un papel fundamental en el diagn\u00f3stico y el tratamiento del asma, ya que mide la inflamaci\u00f3n de las v\u00edas respiratorias, que es vital para un tratamiento y un control eficaces. <\/p>\n<p>Nuestra contribuci\u00f3n garantiza que MASH pueda ofrecer este valioso servicio a la comunidad, empoderando a las personas a hacerse cargo de su salud respiratoria.<\/p>\n<p>En colaboraci\u00f3n con Carol Stonham, miembro de nuestro Consejo Asesor M\u00e9dico, MASH nos ayud\u00f3 recientemente a organizar un seminario web privado en l\u00ednea, ofreciendo orientaci\u00f3n valiosa sobre el manejo del asma en ni\u00f1os para los equipos de f\u00fatbol femenino de Medway United.<\/p>\n\n                <div class='button-box button-pink'><a class='btn ' href='https:\/\/www.medwayasthmaselfhelp.co.uk\/' target=\"_blank\">View Website<i class='fa fa-arrow-right ms-1' aria-hidden='true'><\/i><\/a><\/div>\n\t\t\t<\/div>\n\t\t\t<\/div>\n\t\t\t<div class=\"col-12 col-lg-6\">\n\t\t\t<div class=\"image-box\">\n\t\t\t\t<img width=\"640\" height=\"480\" src=\"https:\/\/www.bedfont.com\/wp-content\/uploads\/2024\/10\/mash-sponsor-1024x768.jpg\" class=\"attachment-large size-large\" alt=\"\" decoding=\"async\" loading=\"lazy\" srcset=\"https:\/\/www.bedfont.com\/wp-content\/uploads\/2024\/10\/mash-sponsor-1024x768.jpg 1024w, https:\/\/www.bedfont.com\/wp-content\/uploads\/2024\/10\/mash-sponsor-300x225.jpg 300w, https:\/\/www.bedfont.com\/wp-content\/uploads\/2024\/10\/mash-sponsor-768x576.jpg 768w, https:\/\/www.bedfont.com\/wp-content\/uploads\/2024\/10\/mash-sponsor.jpg 1200w\" sizes=\"auto, (max-width: 640px) 100vw, 640px\"\/>\n\t\t\t<\/div>\n\t\t\t<\/div>\n\t\t<\/div>\n\t<\/div>\n<\/section><section class=\"two-column-image-text style-1 community-section\" id=\"module-6726-two_column_image_text-5\">\n\t<div class=\"container\">\n\t\t<div class=\"row \">\n\t\t\t<div class=\"col-12 col-lg-6 ps-md-5 who-we-are-home my-auto text-col\">\n\t<div class=\"inner\">\n\n\t\t\t\t<h2 class=\"text-left\">Aplicaci\u00f3n Rymindr Rewards: <span class=\"blue-text\">apoyo a escuelas de todo el Reino Unido<\/span><\/h2>\n\t\t\t\t<p>Creemos en la creaci\u00f3n de un entorno de trabajo positivo y gratificante para nuestros empleados en Bedfont <sup>\u00ae<\/sup> , por lo que ofrecemos acceso a la aplicaci\u00f3n de recompensas para empleados Rymindr. La aplicaci\u00f3n ofrece a nuestro personal m\u00e1s de 16 000 ofertas y descuentos, que van desde ahorros diarios hasta ofertas especiales. <\/p>\n<p>Rymindr apoya a escuelas de todo el Reino Unido y les proporciona asistencia crucial, como comidas escolares gratuitas, material escolar y equipos esenciales, lo que hace que el uso de esta aplicaci\u00f3n sea a\u00fan m\u00e1s significativo. Nuestro personal no solo se beneficia personalmente, sino que tambi\u00e9n contribuye a una causa que ayuda a garantizar que los ni\u00f1os reciban el apoyo que necesitan en las escuelas. Esto se alinea con nuestros valores de retribuir a la comunidad.  <\/p>\n\n                <div class='button-box button-pink'><a class='btn ' href='https:\/\/rymindr.com\/' target=\"_blank\">View Website<i class='fa fa-arrow-right ms-1' aria-hidden='true'><\/i><\/a><\/div>\n\t\t\t<\/div>\n\t\t\t<\/div>\n\t\t\t<div class=\"col-12 col-lg-6\">\n\t\t\t<div class=\"image-box\">\n\t\t\t\t<img width=\"640\" height=\"480\" src=\"https:\/\/www.bedfont.com\/wp-content\/uploads\/2024\/10\/rymindr.jpg\" class=\"attachment-large size-large\" alt=\"\" decoding=\"async\" loading=\"lazy\" srcset=\"https:\/\/www.bedfont.com\/wp-content\/uploads\/2024\/10\/rymindr.jpg 900w, https:\/\/www.bedfont.com\/wp-content\/uploads\/2024\/10\/rymindr-300x225.jpg 300w, https:\/\/www.bedfont.com\/wp-content\/uploads\/2024\/10\/rymindr-768x576.jpg 768w\" sizes=\"auto, (max-width: 640px) 100vw, 640px\"\/>\n\t\t\t<\/div>\n\t\t\t<\/div>\n\t\t<\/div>\n\t<\/div>\n<\/section><section class=\"two-column-image-text style-1 community-section\" id=\"module-6726-two_column_image_text-6\">\n\t<div class=\"container\">\n\t\t<div class=\"row flex-row-reverse\">\n\t\t\t<div class=\"col-12 col-lg-6 ps-md-5 who-we-are-home my-auto text-col\">\n\t<div class=\"inner\">\n\n\t\t\t\t<h2 class=\"text-left\">Caja de flores en <span class=\"blue-text\">Harrietsham<\/span><\/h2>\n\t\t\t\t<p>Los peque\u00f1os esfuerzos pueden generar grandes mejoras en la calidad de vida de nuestra comunidad. Patrocinamos una jardinera a trav\u00e9s de Harrietsham in Bloom como parte de nuestro compromiso de mejorar el medio ambiente local. Los fondos se utilizan para mantener la jardinera, asegur\u00e1ndonos de que se mantenga vibrante y bien cuidada. Esto ayuda a mantener la zona local con un aspecto hermoso y acogedor.  <\/p>\n\n                \n\t\t\t<\/div>\n\t\t\t<\/div>\n\t\t\t<div class=\"col-12 col-lg-6\">\n\t\t\t<div class=\"image-box\">\n\t\t\t\t<img width=\"640\" height=\"480\" src=\"https:\/\/www.bedfont.com\/wp-content\/uploads\/2024\/10\/flower-box.jpg\" class=\"attachment-large size-large\" alt=\"\" decoding=\"async\" loading=\"lazy\" srcset=\"https:\/\/www.bedfont.com\/wp-content\/uploads\/2024\/10\/flower-box.jpg 800w, https:\/\/www.bedfont.com\/wp-content\/uploads\/2024\/10\/flower-box-300x225.jpg 300w, https:\/\/www.bedfont.com\/wp-content\/uploads\/2024\/10\/flower-box-768x576.jpg 768w\" sizes=\"auto, (max-width: 640px) 100vw, 640px\"\/>\n\t\t\t<\/div>\n\t\t\t<\/div>\n\t\t<\/div>\n\t<\/div>\n<\/section><section class=\"text-section text-center community-social\" id=\"module-6726-text-7\">\n\t<div class=\"container\">\n\t<h2 class=\"text-center\">Sigue nuestras <span class=\"blue-text\">redes sociales<\/span><\/h2>\n\t\t\t\t<p>S\u00edguenos en las redes sociales para conocer m\u00e1s sobre nuestro compromiso con la comunidad.<br\/>\n<div class='socials d-inline-block mt-5'><a class='nav-social-icon' target='_blank' href='https:\/\/www.facebook.com\/Bedfontltd\/'><i class='fa fa-facebook-f' aria-hidden='true'><\/i><\/a><a class='nav-social-icon' target='_blank' href='https:\/\/twitter.com\/BedfontLtd'><i class='fa-brands fa-x-twitter' aria-hidden='true'><\/i><\/a><a class='nav-social-icon' target='_blank' href='https:\/\/www.instagram.com\/bedfontltd\/'><i class='fa fa-instagram' aria-hidden='true'><\/i><\/a><a class='nav-social-icon' target='_blank' href='https:\/\/www.linkedin.com\/company\/bedfont-scientific-ltd'><i class='fa fa-linkedin' aria-hidden='true'><\/i><\/a><a class='nav-social-icon' target='_blank' href='https:\/\/www.youtube.com\/user\/BedfontScientificLtd'><i class='fa fa-youtube' aria-hidden='true'><\/i><\/a><\/div><\/p>\n\n\t<\/div>\n<\/section>","protected":false},"excerpt":{"rendered":"<p>Comunidad En Bedfont \u00ae , estamos comprometidos a apoyar y generar un impacto significativo en nuestra comunidad local a trav\u00e9s de diversas iniciativas que promueven el bienestar, el crecimiento y la conexi\u00f3n. Ya sea patrocinando equipos deportivos, apoyando servicios de salud vitales o participando en eventos de recaudaci\u00f3n de fondos, nuestro objetivo es marcar una [&hellip;]<\/p>\n","protected":false},"author":6,"featured_media":0,"parent":0,"menu_order":0,"comment_status":"closed","ping_status":"closed","template":"templates\/page-modules.php","meta":{"_acf_changed":false,"footnotes":""},"class_list":["post-7500","page","type-page","status-publish","hentry"],"acf":[],"yoast_head":"<!-- This site is optimized with the Yoast SEO plugin v27.6 - https:\/\/yoast.com\/product\/yoast-seo-wordpress\/ -->\n<title>Comunidad - Bedfont Scientific Ltd.<\/title>\n<meta name=\"robots\" content=\"index, follow, max-snippet:-1, max-image-preview:large, max-video-preview:-1\" \/>\n<link rel=\"canonical\" href=\"https:\/\/www.bedfont.com\/es\/comunidad\/\" \/>\n<meta property=\"og:locale\" content=\"es_ES\" \/>\n<meta property=\"og:type\" content=\"article\" \/>\n<meta property=\"og:title\" content=\"Comunidad - Bedfont Scientific Ltd.\" \/>\n<meta property=\"og:description\" content=\"Comunidad En Bedfont \u00ae , estamos comprometidos a apoyar y generar un impacto significativo en nuestra comunidad local a trav\u00e9s de diversas iniciativas que promueven el bienestar, el crecimiento y la conexi\u00f3n. Ya sea patrocinando equipos deportivos, apoyando servicios de salud vitales o participando en eventos de recaudaci\u00f3n de fondos, nuestro objetivo es marcar una [&hellip;]\" \/>\n<meta property=\"og:url\" content=\"https:\/\/www.bedfont.com\/es\/comunidad\/\" \/>\n<meta property=\"og:site_name\" content=\"Bedfont Scientific Ltd.\" \/>\n<meta property=\"article:publisher\" content=\"https:\/\/www.facebook.com\/Bedfontltd\/\" \/>\n<meta property=\"article:modified_time\" content=\"2024-11-18T09:35:49+00:00\" \/>\n<meta property=\"og:image\" content=\"https:\/\/www.bedfont.com\/wp-content\/themes\/bedfont\/assets\/img\/subtle-bg.jpg\" \/>\n<meta name=\"twitter:card\" content=\"summary_large_image\" \/>\n<meta name=\"twitter:site\" content=\"@BedfontLtd\" \/>\n<meta name=\"twitter:label1\" content=\"Tiempo de lectura\" \/>\n\t<meta name=\"twitter:data1\" content=\"6 minutos\" \/>\n<script type=\"application\/ld+json\" class=\"yoast-schema-graph\">{\"@context\":\"https:\\\/\\\/schema.org\",\"@graph\":[{\"@type\":\"WebPage\",\"@id\":\"https:\\\/\\\/www.bedfont.com\\\/es\\\/comunidad\\\/\",\"url\":\"https:\\\/\\\/www.bedfont.com\\\/es\\\/comunidad\\\/\",\"name\":\"Comunidad - Bedfont Scientific Ltd.\",\"isPartOf\":{\"@id\":\"https:\\\/\\\/www.bedfont.com\\\/es\\\/#website\"},\"primaryImageOfPage\":{\"@id\":\"https:\\\/\\\/www.bedfont.com\\\/es\\\/comunidad\\\/#primaryimage\"},\"image\":{\"@id\":\"https:\\\/\\\/www.bedfont.com\\\/es\\\/comunidad\\\/#primaryimage\"},\"thumbnailUrl\":\"https:\\\/\\\/www.bedfont.com\\\/wp-content\\\/themes\\\/bedfont\\\/assets\\\/img\\\/subtle-bg.jpg\",\"datePublished\":\"2024-10-10T08:50:30+00:00\",\"dateModified\":\"2024-11-18T09:35:49+00:00\",\"breadcrumb\":{\"@id\":\"https:\\\/\\\/www.bedfont.com\\\/es\\\/comunidad\\\/#breadcrumb\"},\"inLanguage\":\"es\",\"potentialAction\":[{\"@type\":\"ReadAction\",\"target\":[\"https:\\\/\\\/www.bedfont.com\\\/es\\\/comunidad\\\/\"]}]},{\"@type\":\"ImageObject\",\"inLanguage\":\"es\",\"@id\":\"https:\\\/\\\/www.bedfont.com\\\/es\\\/comunidad\\\/#primaryimage\",\"url\":\"https:\\\/\\\/www.bedfont.com\\\/wp-content\\\/themes\\\/bedfont\\\/assets\\\/img\\\/subtle-bg.jpg\",\"contentUrl\":\"https:\\\/\\\/www.bedfont.com\\\/wp-content\\\/themes\\\/bedfont\\\/assets\\\/img\\\/subtle-bg.jpg\"},{\"@type\":\"BreadcrumbList\",\"@id\":\"https:\\\/\\\/www.bedfont.com\\\/es\\\/comunidad\\\/#breadcrumb\",\"itemListElement\":[{\"@type\":\"ListItem\",\"position\":1,\"name\":\"Home\",\"item\":\"https:\\\/\\\/www.bedfont.com\\\/es\\\/\"},{\"@type\":\"ListItem\",\"position\":2,\"name\":\"Comunidad\"}]},{\"@type\":\"WebSite\",\"@id\":\"https:\\\/\\\/www.bedfont.com\\\/es\\\/#website\",\"url\":\"https:\\\/\\\/www.bedfont.com\\\/es\\\/\",\"name\":\"Bedfont Scientific Ltd.\",\"description\":\"World leaders in breath analysis.\",\"potentialAction\":[{\"@type\":\"SearchAction\",\"target\":{\"@type\":\"EntryPoint\",\"urlTemplate\":\"https:\\\/\\\/www.bedfont.com\\\/es\\\/?s={search_term_string}\"},\"query-input\":{\"@type\":\"PropertyValueSpecification\",\"valueRequired\":true,\"valueName\":\"search_term_string\"}}],\"inLanguage\":\"es\"}]}<\/script>\n<!-- \/ Yoast SEO plugin. -->","yoast_head_json":{"title":"Comunidad - Bedfont Scientific Ltd.","robots":{"index":"index","follow":"follow","max-snippet":"max-snippet:-1","max-image-preview":"max-image-preview:large","max-video-preview":"max-video-preview:-1"},"canonical":"https:\/\/www.bedfont.com\/es\/comunidad\/","og_locale":"es_ES","og_type":"article","og_title":"Comunidad - Bedfont Scientific Ltd.","og_description":"Comunidad En Bedfont \u00ae , estamos comprometidos a apoyar y generar un impacto significativo en nuestra comunidad local a trav\u00e9s de diversas iniciativas que promueven el bienestar, el crecimiento y la conexi\u00f3n. Ya sea patrocinando equipos deportivos, apoyando servicios de salud vitales o participando en eventos de recaudaci\u00f3n de fondos, nuestro objetivo es marcar una [&hellip;]","og_url":"https:\/\/www.bedfont.com\/es\/comunidad\/","og_site_name":"Bedfont Scientific Ltd.","article_publisher":"https:\/\/www.facebook.com\/Bedfontltd\/","article_modified_time":"2024-11-18T09:35:49+00:00","og_image":[{"url":"https:\/\/www.bedfont.com\/wp-content\/themes\/bedfont\/assets\/img\/subtle-bg.jpg","type":"","width":"","height":""}],"twitter_card":"summary_large_image","twitter_site":"@BedfontLtd","twitter_misc":{"Tiempo de lectura":"6 minutos"},"schema":{"@context":"https:\/\/schema.org","@graph":[{"@type":"WebPage","@id":"https:\/\/www.bedfont.com\/es\/comunidad\/","url":"https:\/\/www.bedfont.com\/es\/comunidad\/","name":"Comunidad - Bedfont Scientific Ltd.","isPartOf":{"@id":"https:\/\/www.bedfont.com\/es\/#website"},"primaryImageOfPage":{"@id":"https:\/\/www.bedfont.com\/es\/comunidad\/#primaryimage"},"image":{"@id":"https:\/\/www.bedfont.com\/es\/comunidad\/#primaryimage"},"thumbnailUrl":"https:\/\/www.bedfont.com\/wp-content\/themes\/bedfont\/assets\/img\/subtle-bg.jpg","datePublished":"2024-10-10T08:50:30+00:00","dateModified":"2024-11-18T09:35:49+00:00","breadcrumb":{"@id":"https:\/\/www.bedfont.com\/es\/comunidad\/#breadcrumb"},"inLanguage":"es","potentialAction":[{"@type":"ReadAction","target":["https:\/\/www.bedfont.com\/es\/comunidad\/"]}]},{"@type":"ImageObject","inLanguage":"es","@id":"https:\/\/www.bedfont.com\/es\/comunidad\/#primaryimage","url":"https:\/\/www.bedfont.com\/wp-content\/themes\/bedfont\/assets\/img\/subtle-bg.jpg","contentUrl":"https:\/\/www.bedfont.com\/wp-content\/themes\/bedfont\/assets\/img\/subtle-bg.jpg"},{"@type":"BreadcrumbList","@id":"https:\/\/www.bedfont.com\/es\/comunidad\/#breadcrumb","itemListElement":[{"@type":"ListItem","position":1,"name":"Home","item":"https:\/\/www.bedfont.com\/es\/"},{"@type":"ListItem","position":2,"name":"Comunidad"}]},{"@type":"WebSite","@id":"https:\/\/www.bedfont.com\/es\/#website","url":"https:\/\/www.bedfont.com\/es\/","name":"Bedfont Scientific Ltd.","description":"World leaders in breath analysis.","potentialAction":[{"@type":"SearchAction","target":{"@type":"EntryPoint","urlTemplate":"https:\/\/www.bedfont.com\/es\/?s={search_term_string}"},"query-input":{"@type":"PropertyValueSpecification","valueRequired":true,"valueName":"search_term_string"}}],"inLanguage":"es"}]}},"_links":{"self":[{"href":"https:\/\/www.bedfont.com\/es\/wp-json\/wp\/v2\/pages\/7500","targetHints":{"allow":["GET"]}}],"collection":[{"href":"https:\/\/www.bedfont.com\/es\/wp-json\/wp\/v2\/pages"}],"about":[{"href":"https:\/\/www.bedfont.com\/es\/wp-json\/wp\/v2\/types\/page"}],"author":[{"embeddable":true,"href":"https:\/\/www.bedfont.com\/es\/wp-json\/wp\/v2\/users\/6"}],"replies":[{"embeddable":true,"href":"https:\/\/www.bedfont.com\/es\/wp-json\/wp\/v2\/comments?post=7500"}],"version-history":[{"count":1,"href":"https:\/\/www.bedfont.com\/es\/wp-json\/wp\/v2\/pages\/7500\/revisions"}],"predecessor-version":[{"id":7502,"href":"https:\/\/www.bedfont.com\/es\/wp-json\/wp\/v2\/pages\/7500\/revisions\/7502"}],"wp:attachment":[{"href":"https:\/\/www.bedfont.com\/es\/wp-json\/wp\/v2\/media?parent=7500"}],"curies":[{"name":"wp","href":"https:\/\/api.w.org\/{rel}","templated":true}]}}