{"id":3732,"date":"2023-01-27T16:29:54","date_gmt":"2023-01-27T16:29:54","guid":{"rendered":"https:\/\/bedfont.theprogressteam.com\/encuentra-un-distribuidor\/"},"modified":"2024-10-10T06:26:16","modified_gmt":"2024-10-10T06:26:16","slug":"encuentra-un-distribuidor","status":"publish","type":"page","link":"https:\/\/www.bedfont.com\/es\/encuentra-un-distribuidor\/","title":{"rendered":"Encuentra un distribuidor"},"content":{"rendered":"\n<p>Desde 1976, nos hemos especializado en el dise\u00f1o y fabricaci\u00f3n de instrumentos para el control del aliento y los gases exhalados. Nuestros productos se utilizan en una variedad de industrias, incluidas la atenci\u00f3n m\u00e9dica, la farmac\u00e9utica y el diagn\u00f3stico. Nuestra experiencia se refleja en la amplia gama de productos que ofrecemos, desde dispositivos port\u00e1tiles hasta dispositivos de sobremesa, que se pueden utilizar para analizar el aliento de los pacientes.  <\/p>\n","protected":false},"excerpt":{"rendered":"<p>Desde 1976, nos hemos especializado en el dise\u00f1o y fabricaci\u00f3n de instrumentos para el control del aliento y los gases exhalados. Nuestros productos se utilizan en una variedad de industrias, incluidas la atenci\u00f3n m\u00e9dica, la farmac\u00e9utica y el diagn\u00f3stico. Nuestra experiencia se refleja en la amplia gama de productos que ofrecemos, desde dispositivos port\u00e1tiles hasta [&hellip;]<\/p>\n","protected":false},"author":6,"featured_media":0,"parent":0,"menu_order":0,"comment_status":"closed","ping_status":"closed","template":"page-find-distributor.php","meta":{"_acf_changed":false,"footnotes":""},"class_list":["post-3732","page","type-page","status-publish","hentry"],"acf":[],"yoast_head":"<!-- This site is optimized with the Yoast SEO plugin v27.4 - https:\/\/yoast.com\/product\/yoast-seo-wordpress\/ -->\n<title>Encuentra un distribuidor - Bedfont Scientific Ltd.<\/title>\n<meta name=\"description\" content=\"Encuentre su distribuidor local a continuaci\u00f3n simplemente seleccionando el pa\u00eds en el que se encuentra y el producto sobre el que desea obtener m\u00e1s informaci\u00f3n.\" \/>\n<meta name=\"robots\" content=\"index, follow, max-snippet:-1, max-image-preview:large, max-video-preview:-1\" \/>\n<link rel=\"canonical\" href=\"https:\/\/www.bedfont.com\/es\/encuentra-un-distribuidor\/\" \/>\n<meta property=\"og:locale\" content=\"es_ES\" \/>\n<meta property=\"og:type\" content=\"article\" \/>\n<meta property=\"og:title\" content=\"Encuentra un distribuidor - Bedfont Scientific Ltd.\" \/>\n<meta property=\"og:description\" content=\"Encuentre su distribuidor local a continuaci\u00f3n simplemente seleccionando el pa\u00eds en el que se encuentra y el producto sobre el que desea obtener m\u00e1s informaci\u00f3n.\" \/>\n<meta property=\"og:url\" content=\"https:\/\/www.bedfont.com\/es\/encuentra-un-distribuidor\/\" \/>\n<meta property=\"og:site_name\" content=\"Bedfont Scientific Ltd.\" \/>\n<meta property=\"article:publisher\" content=\"https:\/\/www.facebook.com\/Bedfontltd\/\" \/>\n<meta property=\"article:modified_time\" content=\"2024-10-10T06:26:16+00:00\" \/>\n<meta name=\"twitter:card\" content=\"summary_large_image\" \/>\n<meta name=\"twitter:site\" content=\"@BedfontLtd\" \/>\n<script type=\"application\/ld+json\" class=\"yoast-schema-graph\">{\"@context\":\"https:\\\/\\\/schema.org\",\"@graph\":[{\"@type\":\"WebPage\",\"@id\":\"https:\\\/\\\/www.bedfont.com\\\/es\\\/encuentra-un-distribuidor\\\/\",\"url\":\"https:\\\/\\\/www.bedfont.com\\\/es\\\/encuentra-un-distribuidor\\\/\",\"name\":\"Encuentra un distribuidor - Bedfont Scientific Ltd.\",\"isPartOf\":{\"@id\":\"https:\\\/\\\/www.bedfont.com\\\/es\\\/#website\"},\"datePublished\":\"2023-01-27T16:29:54+00:00\",\"dateModified\":\"2024-10-10T06:26:16+00:00\",\"description\":\"Encuentre su distribuidor local a continuaci\u00f3n simplemente seleccionando el pa\u00eds en el que se encuentra y el producto sobre el que desea obtener m\u00e1s informaci\u00f3n.\",\"breadcrumb\":{\"@id\":\"https:\\\/\\\/www.bedfont.com\\\/es\\\/encuentra-un-distribuidor\\\/#breadcrumb\"},\"inLanguage\":\"es\",\"potentialAction\":[{\"@type\":\"ReadAction\",\"target\":[\"https:\\\/\\\/www.bedfont.com\\\/es\\\/encuentra-un-distribuidor\\\/\"]}]},{\"@type\":\"BreadcrumbList\",\"@id\":\"https:\\\/\\\/www.bedfont.com\\\/es\\\/encuentra-un-distribuidor\\\/#breadcrumb\",\"itemListElement\":[{\"@type\":\"ListItem\",\"position\":1,\"name\":\"Home\",\"item\":\"https:\\\/\\\/www.bedfont.com\\\/es\\\/\"},{\"@type\":\"ListItem\",\"position\":2,\"name\":\"Encuentra un distribuidor\"}]},{\"@type\":\"WebSite\",\"@id\":\"https:\\\/\\\/www.bedfont.com\\\/es\\\/#website\",\"url\":\"https:\\\/\\\/www.bedfont.com\\\/es\\\/\",\"name\":\"Bedfont Scientific Ltd.\",\"description\":\"World leaders in breath analysis.\",\"publisher\":{\"@id\":\"https:\\\/\\\/www.bedfont.com\\\/es\\\/#organization\"},\"potentialAction\":[{\"@type\":\"SearchAction\",\"target\":{\"@type\":\"EntryPoint\",\"urlTemplate\":\"https:\\\/\\\/www.bedfont.com\\\/es\\\/?s={search_term_string}\"},\"query-input\":{\"@type\":\"PropertyValueSpecification\",\"valueRequired\":true,\"valueName\":\"search_term_string\"}}],\"inLanguage\":\"es\"},{\"@type\":\"Organization\",\"@id\":\"https:\\\/\\\/www.bedfont.com\\\/es\\\/#organization\",\"name\":\"Bedfont Scientific Ltd.\",\"url\":\"https:\\\/\\\/www.bedfont.com\\\/es\\\/\",\"logo\":{\"@type\":\"ImageObject\",\"inLanguage\":\"es\",\"@id\":\"https:\\\/\\\/www.bedfont.com\\\/es\\\/#\\\/schema\\\/logo\\\/image\\\/\",\"url\":\"https:\\\/\\\/www.bedfont.com\\\/wp-content\\\/uploads\\\/2023\\\/06\\\/logo.png\",\"contentUrl\":\"https:\\\/\\\/www.bedfont.com\\\/wp-content\\\/uploads\\\/2023\\\/06\\\/logo.png\",\"width\":1600,\"height\":505,\"caption\":\"Bedfont Scientific Ltd.\"},\"image\":{\"@id\":\"https:\\\/\\\/www.bedfont.com\\\/es\\\/#\\\/schema\\\/logo\\\/image\\\/\"},\"sameAs\":[\"https:\\\/\\\/www.facebook.com\\\/Bedfontltd\\\/\",\"https:\\\/\\\/x.com\\\/BedfontLtd\",\"https:\\\/\\\/www.instagram.com\\\/bedfontltd\\\/\",\"https:\\\/\\\/www.linkedin.com\\\/company\\\/bedfont-scientific-ltd\\\/\",\"https:\\\/\\\/www.youtube.com\\\/user\\\/BedfontScientificLtd\"]}]}<\/script>\n<!-- \/ Yoast SEO plugin. -->","yoast_head_json":{"title":"Encuentra un distribuidor - Bedfont Scientific Ltd.","description":"Encuentre su distribuidor local a continuaci\u00f3n simplemente seleccionando el pa\u00eds en el que se encuentra y el producto sobre el que desea obtener m\u00e1s informaci\u00f3n.","robots":{"index":"index","follow":"follow","max-snippet":"max-snippet:-1","max-image-preview":"max-image-preview:large","max-video-preview":"max-video-preview:-1"},"canonical":"https:\/\/www.bedfont.com\/es\/encuentra-un-distribuidor\/","og_locale":"es_ES","og_type":"article","og_title":"Encuentra un distribuidor - Bedfont Scientific Ltd.","og_description":"Encuentre su distribuidor local a continuaci\u00f3n simplemente seleccionando el pa\u00eds en el que se encuentra y el producto sobre el que desea obtener m\u00e1s informaci\u00f3n.","og_url":"https:\/\/www.bedfont.com\/es\/encuentra-un-distribuidor\/","og_site_name":"Bedfont Scientific Ltd.","article_publisher":"https:\/\/www.facebook.com\/Bedfontltd\/","article_modified_time":"2024-10-10T06:26:16+00:00","twitter_card":"summary_large_image","twitter_site":"@BedfontLtd","schema":{"@context":"https:\/\/schema.org","@graph":[{"@type":"WebPage","@id":"https:\/\/www.bedfont.com\/es\/encuentra-un-distribuidor\/","url":"https:\/\/www.bedfont.com\/es\/encuentra-un-distribuidor\/","name":"Encuentra un distribuidor - Bedfont Scientific Ltd.","isPartOf":{"@id":"https:\/\/www.bedfont.com\/es\/#website"},"datePublished":"2023-01-27T16:29:54+00:00","dateModified":"2024-10-10T06:26:16+00:00","description":"Encuentre su distribuidor local a continuaci\u00f3n simplemente seleccionando el pa\u00eds en el que se encuentra y el producto sobre el que desea obtener m\u00e1s informaci\u00f3n.","breadcrumb":{"@id":"https:\/\/www.bedfont.com\/es\/encuentra-un-distribuidor\/#breadcrumb"},"inLanguage":"es","potentialAction":[{"@type":"ReadAction","target":["https:\/\/www.bedfont.com\/es\/encuentra-un-distribuidor\/"]}]},{"@type":"BreadcrumbList","@id":"https:\/\/www.bedfont.com\/es\/encuentra-un-distribuidor\/#breadcrumb","itemListElement":[{"@type":"ListItem","position":1,"name":"Home","item":"https:\/\/www.bedfont.com\/es\/"},{"@type":"ListItem","position":2,"name":"Encuentra un distribuidor"}]},{"@type":"WebSite","@id":"https:\/\/www.bedfont.com\/es\/#website","url":"https:\/\/www.bedfont.com\/es\/","name":"Bedfont Scientific Ltd.","description":"World leaders in breath analysis.","publisher":{"@id":"https:\/\/www.bedfont.com\/es\/#organization"},"potentialAction":[{"@type":"SearchAction","target":{"@type":"EntryPoint","urlTemplate":"https:\/\/www.bedfont.com\/es\/?s={search_term_string}"},"query-input":{"@type":"PropertyValueSpecification","valueRequired":true,"valueName":"search_term_string"}}],"inLanguage":"es"},{"@type":"Organization","@id":"https:\/\/www.bedfont.com\/es\/#organization","name":"Bedfont Scientific Ltd.","url":"https:\/\/www.bedfont.com\/es\/","logo":{"@type":"ImageObject","inLanguage":"es","@id":"https:\/\/www.bedfont.com\/es\/#\/schema\/logo\/image\/","url":"https:\/\/www.bedfont.com\/wp-content\/uploads\/2023\/06\/logo.png","contentUrl":"https:\/\/www.bedfont.com\/wp-content\/uploads\/2023\/06\/logo.png","width":1600,"height":505,"caption":"Bedfont Scientific Ltd."},"image":{"@id":"https:\/\/www.bedfont.com\/es\/#\/schema\/logo\/image\/"},"sameAs":["https:\/\/www.facebook.com\/Bedfontltd\/","https:\/\/x.com\/BedfontLtd","https:\/\/www.instagram.com\/bedfontltd\/","https:\/\/www.linkedin.com\/company\/bedfont-scientific-ltd\/","https:\/\/www.youtube.com\/user\/BedfontScientificLtd"]}]}},"_links":{"self":[{"href":"https:\/\/www.bedfont.com\/es\/wp-json\/wp\/v2\/pages\/3732","targetHints":{"allow":["GET"]}}],"collection":[{"href":"https:\/\/www.bedfont.com\/es\/wp-json\/wp\/v2\/pages"}],"about":[{"href":"https:\/\/www.bedfont.com\/es\/wp-json\/wp\/v2\/types\/page"}],"author":[{"embeddable":true,"href":"https:\/\/www.bedfont.com\/es\/wp-json\/wp\/v2\/users\/6"}],"replies":[{"embeddable":true,"href":"https:\/\/www.bedfont.com\/es\/wp-json\/wp\/v2\/comments?post=3732"}],"version-history":[{"count":4,"href":"https:\/\/www.bedfont.com\/es\/wp-json\/wp\/v2\/pages\/3732\/revisions"}],"predecessor-version":[{"id":6669,"href":"https:\/\/www.bedfont.com\/es\/wp-json\/wp\/v2\/pages\/3732\/revisions\/6669"}],"wp:attachment":[{"href":"https:\/\/www.bedfont.com\/es\/wp-json\/wp\/v2\/media?parent=3732"}],"curies":[{"name":"wp","href":"https:\/\/api.w.org\/{rel}","templated":true}]}}