{"id":3679,"date":"2023-03-14T14:33:33","date_gmt":"2023-03-14T14:33:33","guid":{"rendered":"https:\/\/bedfont.theprogressteam.com\/solicitar-presupuesto\/"},"modified":"2025-02-04T11:59:11","modified_gmt":"2025-02-04T11:59:11","slug":"solicitar-presupuesto","status":"publish","type":"page","link":"https:\/\/www.bedfont.com\/es\/solicitar-presupuesto\/","title":{"rendered":"Solicitar Presupuesto"},"content":{"rendered":"\n<h1 class=\"wp-block-heading has-text-align-center\">Solicitar Presupuesto<\/h1>\n\n\n\n<p class=\"has-text-align-center col-12 col-md-8 mx-auto text-center mb-5\">Bedfont<sup>\u00ae<\/sup> opera a trav\u00e9s de una red de distribuidores cuidadosamente seleccionados en todo el mundo, que comparten nuestro objetivo de innovar y mejorar la atenci\u00f3n m\u00e9dica a trav\u00e9s de an\u00e1lisis del aliento r\u00e1pidos y no invasivos. Para que su distribuidor local se ponga en contacto con usted y reciba un presupuesto personalizado, ind\u00edquenos su lugar de residencia y qu\u00e9 producto(s) le interesan completando el siguiente formulario:   <\/p>\n\n\n\n<div class=\"request-a-quote p-4\">\n<script charset=\"utf-8\" type=\"text\/javascript\" src=\"\/\/js.hsforms.net\/forms\/embed\/v2.js\"><\/script>\n<script>\n  hbspt.forms.create({\n    portalId: \"6295439\",\n    formId: \"e6c087cd-350e-4e55-8d63-17b5be3b95be\"\n  });\n<\/script>\n<\/div>\n\n\n\n<p><\/p>\n","protected":false},"excerpt":{"rendered":"<p>Solicitar Presupuesto Bedfont\u00ae opera a trav\u00e9s de una red de distribuidores cuidadosamente seleccionados en todo el mundo, que comparten nuestro objetivo de innovar y mejorar la atenci\u00f3n m\u00e9dica a trav\u00e9s de an\u00e1lisis del aliento r\u00e1pidos y no invasivos. Para que su distribuidor local se ponga en contacto con usted y reciba un presupuesto personalizado, ind\u00edquenos [&hellip;]<\/p>\n","protected":false},"author":6,"featured_media":0,"parent":0,"menu_order":0,"comment_status":"closed","ping_status":"closed","template":"templates\/page-gutenberg.php","meta":{"_acf_changed":false,"footnotes":""},"class_list":["post-3679","page","type-page","status-publish","hentry"],"acf":[],"yoast_head":"<!-- This site is optimized with the Yoast SEO plugin v27.4 - https:\/\/yoast.com\/product\/yoast-seo-wordpress\/ -->\n<title>Solicitar Presupuesto - Bedfont Scientific Ltd.<\/title>\n<meta name=\"description\" content=\"Para ser contactado por su distribuidor local y recibir una cotizaci\u00f3n personalizada, complete el formulario a continuaci\u00f3n y se pondr\u00e1n en contacto con usted.\" \/>\n<meta name=\"robots\" content=\"index, follow, max-snippet:-1, max-image-preview:large, max-video-preview:-1\" \/>\n<link rel=\"canonical\" href=\"https:\/\/www.bedfont.com\/es\/solicitar-presupuesto\/\" \/>\n<meta property=\"og:locale\" content=\"es_ES\" \/>\n<meta property=\"og:type\" content=\"article\" \/>\n<meta property=\"og:title\" content=\"Solicitar Presupuesto - Bedfont Scientific Ltd.\" \/>\n<meta property=\"og:description\" content=\"Para ser contactado por su distribuidor local y recibir una cotizaci\u00f3n personalizada, complete el formulario a continuaci\u00f3n y se pondr\u00e1n en contacto con usted.\" \/>\n<meta property=\"og:url\" content=\"https:\/\/www.bedfont.com\/es\/solicitar-presupuesto\/\" \/>\n<meta property=\"og:site_name\" content=\"Bedfont Scientific Ltd.\" \/>\n<meta property=\"article:publisher\" content=\"https:\/\/www.facebook.com\/Bedfontltd\/\" \/>\n<meta property=\"article:modified_time\" content=\"2025-02-04T11:59:11+00:00\" \/>\n<meta name=\"twitter:card\" content=\"summary_large_image\" \/>\n<meta name=\"twitter:site\" content=\"@BedfontLtd\" \/>\n<meta name=\"twitter:label1\" content=\"Tiempo de lectura\" \/>\n\t<meta name=\"twitter:data1\" content=\"1 minuto\" \/>\n<script type=\"application\/ld+json\" class=\"yoast-schema-graph\">{\"@context\":\"https:\\\/\\\/schema.org\",\"@graph\":[{\"@type\":\"WebPage\",\"@id\":\"https:\\\/\\\/www.bedfont.com\\\/es\\\/solicitar-presupuesto\\\/\",\"url\":\"https:\\\/\\\/www.bedfont.com\\\/es\\\/solicitar-presupuesto\\\/\",\"name\":\"Solicitar Presupuesto - Bedfont Scientific Ltd.\",\"isPartOf\":{\"@id\":\"https:\\\/\\\/www.bedfont.com\\\/es\\\/#website\"},\"datePublished\":\"2023-03-14T14:33:33+00:00\",\"dateModified\":\"2025-02-04T11:59:11+00:00\",\"description\":\"Para ser contactado por su distribuidor local y recibir una cotizaci\u00f3n personalizada, complete el formulario a continuaci\u00f3n y se pondr\u00e1n en contacto con usted.\",\"breadcrumb\":{\"@id\":\"https:\\\/\\\/www.bedfont.com\\\/es\\\/solicitar-presupuesto\\\/#breadcrumb\"},\"inLanguage\":\"es\",\"potentialAction\":[{\"@type\":\"ReadAction\",\"target\":[\"https:\\\/\\\/www.bedfont.com\\\/es\\\/solicitar-presupuesto\\\/\"]}]},{\"@type\":\"BreadcrumbList\",\"@id\":\"https:\\\/\\\/www.bedfont.com\\\/es\\\/solicitar-presupuesto\\\/#breadcrumb\",\"itemListElement\":[{\"@type\":\"ListItem\",\"position\":1,\"name\":\"Home\",\"item\":\"https:\\\/\\\/www.bedfont.com\\\/es\\\/\"},{\"@type\":\"ListItem\",\"position\":2,\"name\":\"Solicitar Presupuesto\"}]},{\"@type\":\"WebSite\",\"@id\":\"https:\\\/\\\/www.bedfont.com\\\/es\\\/#website\",\"url\":\"https:\\\/\\\/www.bedfont.com\\\/es\\\/\",\"name\":\"Bedfont Scientific Ltd.\",\"description\":\"World leaders in breath analysis.\",\"publisher\":{\"@id\":\"https:\\\/\\\/www.bedfont.com\\\/es\\\/#organization\"},\"potentialAction\":[{\"@type\":\"SearchAction\",\"target\":{\"@type\":\"EntryPoint\",\"urlTemplate\":\"https:\\\/\\\/www.bedfont.com\\\/es\\\/?s={search_term_string}\"},\"query-input\":{\"@type\":\"PropertyValueSpecification\",\"valueRequired\":true,\"valueName\":\"search_term_string\"}}],\"inLanguage\":\"es\"},{\"@type\":\"Organization\",\"@id\":\"https:\\\/\\\/www.bedfont.com\\\/es\\\/#organization\",\"name\":\"Bedfont Scientific Ltd.\",\"url\":\"https:\\\/\\\/www.bedfont.com\\\/es\\\/\",\"logo\":{\"@type\":\"ImageObject\",\"inLanguage\":\"es\",\"@id\":\"https:\\\/\\\/www.bedfont.com\\\/es\\\/#\\\/schema\\\/logo\\\/image\\\/\",\"url\":\"https:\\\/\\\/www.bedfont.com\\\/wp-content\\\/uploads\\\/2023\\\/06\\\/logo.png\",\"contentUrl\":\"https:\\\/\\\/www.bedfont.com\\\/wp-content\\\/uploads\\\/2023\\\/06\\\/logo.png\",\"width\":1600,\"height\":505,\"caption\":\"Bedfont Scientific Ltd.\"},\"image\":{\"@id\":\"https:\\\/\\\/www.bedfont.com\\\/es\\\/#\\\/schema\\\/logo\\\/image\\\/\"},\"sameAs\":[\"https:\\\/\\\/www.facebook.com\\\/Bedfontltd\\\/\",\"https:\\\/\\\/x.com\\\/BedfontLtd\",\"https:\\\/\\\/www.instagram.com\\\/bedfontltd\\\/\",\"https:\\\/\\\/www.linkedin.com\\\/company\\\/bedfont-scientific-ltd\\\/\",\"https:\\\/\\\/www.youtube.com\\\/user\\\/BedfontScientificLtd\"]}]}<\/script>\n<!-- \/ Yoast SEO plugin. -->","yoast_head_json":{"title":"Solicitar Presupuesto - Bedfont Scientific Ltd.","description":"Para ser contactado por su distribuidor local y recibir una cotizaci\u00f3n personalizada, complete el formulario a continuaci\u00f3n y se pondr\u00e1n en contacto con usted.","robots":{"index":"index","follow":"follow","max-snippet":"max-snippet:-1","max-image-preview":"max-image-preview:large","max-video-preview":"max-video-preview:-1"},"canonical":"https:\/\/www.bedfont.com\/es\/solicitar-presupuesto\/","og_locale":"es_ES","og_type":"article","og_title":"Solicitar Presupuesto - Bedfont Scientific Ltd.","og_description":"Para ser contactado por su distribuidor local y recibir una cotizaci\u00f3n personalizada, complete el formulario a continuaci\u00f3n y se pondr\u00e1n en contacto con usted.","og_url":"https:\/\/www.bedfont.com\/es\/solicitar-presupuesto\/","og_site_name":"Bedfont Scientific Ltd.","article_publisher":"https:\/\/www.facebook.com\/Bedfontltd\/","article_modified_time":"2025-02-04T11:59:11+00:00","twitter_card":"summary_large_image","twitter_site":"@BedfontLtd","twitter_misc":{"Tiempo de lectura":"1 minuto"},"schema":{"@context":"https:\/\/schema.org","@graph":[{"@type":"WebPage","@id":"https:\/\/www.bedfont.com\/es\/solicitar-presupuesto\/","url":"https:\/\/www.bedfont.com\/es\/solicitar-presupuesto\/","name":"Solicitar Presupuesto - Bedfont Scientific Ltd.","isPartOf":{"@id":"https:\/\/www.bedfont.com\/es\/#website"},"datePublished":"2023-03-14T14:33:33+00:00","dateModified":"2025-02-04T11:59:11+00:00","description":"Para ser contactado por su distribuidor local y recibir una cotizaci\u00f3n personalizada, complete el formulario a continuaci\u00f3n y se pondr\u00e1n en contacto con usted.","breadcrumb":{"@id":"https:\/\/www.bedfont.com\/es\/solicitar-presupuesto\/#breadcrumb"},"inLanguage":"es","potentialAction":[{"@type":"ReadAction","target":["https:\/\/www.bedfont.com\/es\/solicitar-presupuesto\/"]}]},{"@type":"BreadcrumbList","@id":"https:\/\/www.bedfont.com\/es\/solicitar-presupuesto\/#breadcrumb","itemListElement":[{"@type":"ListItem","position":1,"name":"Home","item":"https:\/\/www.bedfont.com\/es\/"},{"@type":"ListItem","position":2,"name":"Solicitar Presupuesto"}]},{"@type":"WebSite","@id":"https:\/\/www.bedfont.com\/es\/#website","url":"https:\/\/www.bedfont.com\/es\/","name":"Bedfont Scientific Ltd.","description":"World leaders in breath analysis.","publisher":{"@id":"https:\/\/www.bedfont.com\/es\/#organization"},"potentialAction":[{"@type":"SearchAction","target":{"@type":"EntryPoint","urlTemplate":"https:\/\/www.bedfont.com\/es\/?s={search_term_string}"},"query-input":{"@type":"PropertyValueSpecification","valueRequired":true,"valueName":"search_term_string"}}],"inLanguage":"es"},{"@type":"Organization","@id":"https:\/\/www.bedfont.com\/es\/#organization","name":"Bedfont Scientific Ltd.","url":"https:\/\/www.bedfont.com\/es\/","logo":{"@type":"ImageObject","inLanguage":"es","@id":"https:\/\/www.bedfont.com\/es\/#\/schema\/logo\/image\/","url":"https:\/\/www.bedfont.com\/wp-content\/uploads\/2023\/06\/logo.png","contentUrl":"https:\/\/www.bedfont.com\/wp-content\/uploads\/2023\/06\/logo.png","width":1600,"height":505,"caption":"Bedfont Scientific Ltd."},"image":{"@id":"https:\/\/www.bedfont.com\/es\/#\/schema\/logo\/image\/"},"sameAs":["https:\/\/www.facebook.com\/Bedfontltd\/","https:\/\/x.com\/BedfontLtd","https:\/\/www.instagram.com\/bedfontltd\/","https:\/\/www.linkedin.com\/company\/bedfont-scientific-ltd\/","https:\/\/www.youtube.com\/user\/BedfontScientificLtd"]}]}},"_links":{"self":[{"href":"https:\/\/www.bedfont.com\/es\/wp-json\/wp\/v2\/pages\/3679","targetHints":{"allow":["GET"]}}],"collection":[{"href":"https:\/\/www.bedfont.com\/es\/wp-json\/wp\/v2\/pages"}],"about":[{"href":"https:\/\/www.bedfont.com\/es\/wp-json\/wp\/v2\/types\/page"}],"author":[{"embeddable":true,"href":"https:\/\/www.bedfont.com\/es\/wp-json\/wp\/v2\/users\/6"}],"replies":[{"embeddable":true,"href":"https:\/\/www.bedfont.com\/es\/wp-json\/wp\/v2\/comments?post=3679"}],"version-history":[{"count":4,"href":"https:\/\/www.bedfont.com\/es\/wp-json\/wp\/v2\/pages\/3679\/revisions"}],"predecessor-version":[{"id":7772,"href":"https:\/\/www.bedfont.com\/es\/wp-json\/wp\/v2\/pages\/3679\/revisions\/7772"}],"wp:attachment":[{"href":"https:\/\/www.bedfont.com\/es\/wp-json\/wp\/v2\/media?parent=3679"}],"curies":[{"name":"wp","href":"https:\/\/api.w.org\/{rel}","templated":true}]}}