{"id":3631,"date":"2023-04-06T08:13:17","date_gmt":"2023-04-06T08:13:17","guid":{"rendered":"https:\/\/bedfont.theprogressteam.com\/politica-de-privacidad\/"},"modified":"2024-10-10T08:45:47","modified_gmt":"2024-10-10T08:45:47","slug":"politica-de-privacidad","status":"publish","type":"page","link":"https:\/\/www.bedfont.com\/es\/politica-de-privacidad\/","title":{"rendered":"Aviso de Privacidad"},"content":{"rendered":"\n<h1 class=\"text-left\"><span class=\"blue-text\">Pol\u00edtica de Privacidad <\/span><\/h1>\n\n<p>Esta Pol\u00edtica de Privacidad se aplica a ti, el Usuario de los sitios web gestionados por Bedfont Scientific Ltd. Bedfont Scientific Ltd., la empresa que posee y opera estos sitios web, prioriza la privacidad de tu informaci\u00f3n. Este aviso rige nuestro uso de cualquier dato recopilado por nosotros o proporcionado por ti mientras utilizas estos sitios web, as\u00ed como cualquier dato recopilado a trav\u00e9s de eventos, exposiciones u otras interacciones con Bedfont Scientific Ltd.  <\/p>\n\n<p>Estos sitios web incluyen:<br\/><a href=\"https:\/\/www.bedfont.com\/\" target=\"_blank\" rel=\"noreferrer noopener\">www.bedfont.com<\/a><br\/><a href=\"https:\/\/www.nobreathfeno.com\/\" target=\"_blank\" rel=\"noreferrer noopener\">www.nobreathfeno.com<\/a><br\/><a href=\"https:\/\/www.gastrolyzer.com\/\" target=\"_blank\" rel=\"noreferrer noopener\">www.gastrolyzer.com<\/a><br\/><a href=\"https:\/\/www.bedfont-distributor.com\/\" target=\"_blank\" rel=\"noreferrer noopener\">www.bedfont-distributor.com<\/a><br\/><a href=\"https:\/\/www.icoquit.com\/\" target=\"_blank\" rel=\"noreferrer noopener\">www.icoquit.com<\/a><br\/><a href=\"https:\/\/www.toxco.com\/\" target=\"_blank\" rel=\"noreferrer noopener\">www.toxco.co.uk<\/a><br\/><a href=\"https:\/\/www.fenobreath.bedfont.com\/\" target=\"_blank\" rel=\"noreferrer noopener\">www.fenobreath.bedfont.com<\/a><br\/><a href=\"https:\/\/www.breathacise.com\/\" target=\"_blank\" rel=\"noreferrer noopener\">www.breathacise.com<\/a><br\/><a href=\"https:\/\/resources.bedfont.com\/\" target=\"_blank\" rel=\"noreferrer noopener\">resources.bedfont.com<\/a><\/p>\n\n<h2 class=\"wp-block-heading\">Definiciones<\/h2>\n\n<p><strong>Datos<\/strong>: Toda la informaci\u00f3n enviada a Bedfont<sup>\u00ae<\/sup> Scientific Ltd. a trav\u00e9s de cualquiera de los sitios web mencionados anteriormente.<br\/><strong>Cookies<\/strong>: Peque\u00f1os archivos de texto colocados en tu computadora por cualquiera de los sitios web mencionados anteriormente.<br\/><strong>Leyes de Protecci\u00f3n de Datos<\/strong>: Cualquier ley aplicable relacionada con el procesamiento de Datos personales.<br\/><strong>GDPR<\/strong>: El Reglamento General de Protecci\u00f3n de Datos (UE) 2016\/679.<br\/><strong>Bedfont<sup>\u00ae<\/sup> Scientific Ltd., nosotros, o nos<\/strong>: Bedfont<sup>\u00ae<\/sup> Scientific Ltd., una empresa constituida en Inglaterra y Gales<br\/><strong>Usuario o t\u00fa:<\/strong> Cualquier tercero que acceda a cualquiera de los sitios web mencionados anteriormente.<br\/><strong>Sitio web<\/strong>: El sitio web que estabas utilizando antes de ser redirigido a www.bedfont.com. O, este sitio web. <\/p>\n\n<h2 class=\"wp-block-heading\">\u00c1mbito<\/h2>\n\n<p>Este Aviso de Privacidad se aplica \u00fanicamente a las acciones de Bedfont<sup>\u00ae<\/sup> Scientific Ltd. y los Usuarios en relaci\u00f3n con este sitio web y cualquier otro sitio web propiedad u operado por nosotros, excluyendo los sitios web de redes sociales. Para obtener informaci\u00f3n sobre las pr\u00e1cticas de privacidad en sitios web de redes sociales u otros sitios web de terceros, consulta las respectivas pol\u00edticas de privacidad de esos sitios web. <\/p>\n\n<h2 class=\"wp-block-heading\">Recopilaci\u00f3n de Datos<\/h2>\n\n<p>Podemos recopilar los siguientes Datos de ti:<\/p>\n\n<ul class=\"wp-block-list\">\n<li>Nombre<\/li>\n\n\n\n<li>Informaci\u00f3n de contacto (direcciones de correo electr\u00f3nico y n\u00fameros de tel\u00e9fono)<\/li>\n\n\n\n<li>Informaci\u00f3n de la empresa (nombre, cargo y direcci\u00f3n)<\/li>\n\n\n\n<li>Informaci\u00f3n demogr\u00e1fica (c\u00f3digo postal, preferencias e intereses)<\/li>\n\n\n\n<li>Direcci\u00f3n IP, tipo y versi\u00f3n del navegador web<\/li>\n\n\n\n<li>URLs, tu actividad en este sitio web y los sitios a los que sales<\/li>\n\n\n\n<li>Visualizaciones de videos incrustados<\/li>\n<\/ul>\n\n<p>Adem\u00e1s de los datos recopilados directamente de ti, tambi\u00e9n podemos utilizar herramientas de terceros como HubSpot para el seguimiento de informaci\u00f3n relacionada con tu interacci\u00f3n en nuestro sitio web. Esto puede incluir informaci\u00f3n como vistas de p\u00e1gina, clics y env\u00edos de formularios. <\/p>\n\n<h2 class=\"wp-block-heading\">C\u00f3mo se recopilan los datos<\/h2>\n\n<p>Los datos se recopilan de las siguientes formas:<\/p>\n\n<ul class=\"wp-block-list\">\n<li>Proporcionados por ti (a trav\u00e9s de diversos canales, incluida la interacci\u00f3n en l\u00ednea en nuestros sitios web y la participaci\u00f3n en eventos, exposiciones u otras interacciones fuera de l\u00ednea organizadas o asistidas por Bedfont<sup>\u00ae<\/sup>)<\/li>\n\n\n\n<li>Recopilados autom\u00e1ticamente a trav\u00e9s de la interacci\u00f3n con nuestro sitio web (direcci\u00f3n IP, tipo y versi\u00f3n del navegador web, URLs visitadas, tu actividad en nuestro\/s sitio\/s web y los sitios a los que sales)<\/li>\n<\/ul>\n\n<h2 class=\"wp-block-heading\">Uso de los Datos<\/h2>\n\n<p>Tus datos pueden ser utilizados para:<\/p>\n\n<ul class=\"wp-block-list\">\n<li>Mantenimiento de registros internos (mantener registros de tus interacciones con nuestro\/s sitio\/s web y productos\/servicios)<\/li>\n\n\n\n<li>Mejorar nuestros productos\/servicios (analizar datos para comprender las preferencias y comportamientos de los usuarios y ayudar a mejorar la experiencia)<\/li>\n\n\n\n<li>Comunicaciones de marketing sobre nuestros productos o eventos (enviarte comunicaciones de marketing sobre nuestros productos, servicios o eventos, solo con tu consentimiento)<\/li>\n\n\n\n<li>Personalizar o actualizar el sitio web (tus datos se utilizar\u00e1n para mejorar el rendimiento de nuestro\/s sitio\/s web, ya que analizamos c\u00f3mo se utilizan los datos del sitio web)<\/li>\n<\/ul>\n\n<h2 class=\"wp-block-heading\">Compartir Datos<\/h2>\n\n<p>Podemos compartir tus Datos con:<\/p>\n\n<ul class=\"wp-block-list\">\n<li>Nuestros empleados, agentes y\/o asesores profesionales (para enviar material de marketing y obtener asesoramiento de asesores profesionales)<\/li>\n\n\n\n<li>Nuestros Distribuidores<\/li>\n<\/ul>\n\n<h2 class=\"wp-block-heading\">Seguridad de los Datos<\/h2>\n\n<p>Implementamos medidas t\u00e9cnicas y organizativas para proteger tus Datos. Estas medidas incluyen el almacenamiento de datos en servidores seguros y c\u00f3mo tratamos cualquier sospecha de violaci\u00f3n de datos. Si sospechas de alg\u00fan uso indebido, p\u00e9rdida o acceso no autorizado a tus Datos, por favor av\u00edsanos de inmediato contact\u00e1ndonos en <a href=\"\" title=\"\">ask@bedfont.com<\/a>.  <\/p>\n\n<h2 class=\"wp-block-heading\">Retenci\u00f3n de Datos<\/h2>\n\n<p>Seg\u00fan nuestra pol\u00edtica de GDPR, tus Datos ser\u00e1n retenidos por un m\u00e1ximo de 3 a\u00f1os si no hay actividad o interacci\u00f3n con nosotros durante ese per\u00edodo. Si contin\u00faas interactuando con nosotros, mantendremos tus datos hasta que solicites su eliminaci\u00f3n o no haya actividad durante 3 a\u00f1os. <\/p>\n\n<h2 class=\"wp-block-heading\">Tus Derechos<\/h2>\n\n<p>Tienes el derecho de acceder, corregir, eliminar, restringir el uso, portar y oponerte al uso de tus Datos. Para ejercer estos derechos o retirar tu consentimiento, cont\u00e1ctanos en <a href=\"\" title=\"\">ask@bedfont.com<\/a>. <\/p>\n\n<h2 class=\"wp-block-heading\">Enlaces a Otros Sitios Web<\/h2>\n\n<p>Este sitio web puede proporcionar enlaces a sitios web de terceros. No tenemos control sobre dichos sitios web y no somos responsables de sus pr\u00e1cticas de privacidad. Este Aviso de Privacidad se aplica \u00fanicamente a las acciones de Bedfont<sup>\u00ae<\/sup> Scientific Ltd. y los usuarios en relaci\u00f3n con este sitio web y cualquier otro sitio web propiedad u operado por Bedfont<sup>\u00ae<\/sup>, excluyendo los sitios web de redes sociales.  <\/p>\n\n<h2 class=\"wp-block-heading\">Cambios a este Aviso de Privacidad<\/h2>\n\n<p>Bedfont<sup>\u00ae<\/sup> Scientific Ltd. se reserva el derecho de cambiar este Aviso de Privacidad seg\u00fan sea necesario. Cualquier cambio se publicar\u00e1 en el sitio web. <\/p>\n\n<p><strong>Actualizado: Marzo de 2024<\/strong><\/p>\n","protected":false},"excerpt":{"rendered":"<p>Pol\u00edtica de Privacidad Esta Pol\u00edtica de Privacidad se aplica a ti, el Usuario de los sitios web gestionados por Bedfont Scientific Ltd. Bedfont Scientific Ltd., la empresa que posee y opera estos sitios web, prioriza la privacidad de tu informaci\u00f3n. Este aviso rige nuestro uso de cualquier dato recopilado por nosotros o proporcionado por ti [&hellip;]<\/p>\n","protected":false},"author":6,"featured_media":0,"parent":0,"menu_order":0,"comment_status":"closed","ping_status":"closed","template":"templates\/page-gutenberg.php","meta":{"_acf_changed":false,"footnotes":""},"class_list":["post-3631","page","type-page","status-publish","hentry"],"acf":[],"yoast_head":"<!-- This site is optimized with the Yoast SEO plugin v27.4 - https:\/\/yoast.com\/product\/yoast-seo-wordpress\/ -->\n<title>Aviso de Privacidad - Bedfont Scientific Ltd.<\/title>\n<meta name=\"description\" content=\"Este Aviso de Privacidad se aplica a ti, el Usuario de los sitios web gestionados por Bedfont. Bedfont da prioridad a la privacidad de tu informaci\u00f3n.\" \/>\n<meta name=\"robots\" content=\"index, follow, max-snippet:-1, max-image-preview:large, max-video-preview:-1\" \/>\n<link rel=\"canonical\" href=\"https:\/\/www.bedfont.com\/es\/politica-de-privacidad\/\" \/>\n<meta property=\"og:locale\" content=\"es_ES\" \/>\n<meta property=\"og:type\" content=\"article\" \/>\n<meta property=\"og:title\" content=\"Aviso de Privacidad - Bedfont Scientific Ltd.\" \/>\n<meta property=\"og:description\" content=\"Este Aviso de Privacidad se aplica a ti, el Usuario de los sitios web gestionados por Bedfont. Bedfont da prioridad a la privacidad de tu informaci\u00f3n.\" \/>\n<meta property=\"og:url\" content=\"https:\/\/www.bedfont.com\/es\/politica-de-privacidad\/\" \/>\n<meta property=\"og:site_name\" content=\"Bedfont Scientific Ltd.\" \/>\n<meta property=\"article:publisher\" content=\"https:\/\/www.facebook.com\/Bedfontltd\/\" \/>\n<meta property=\"article:modified_time\" content=\"2024-10-10T08:45:47+00:00\" \/>\n<meta name=\"twitter:card\" content=\"summary_large_image\" \/>\n<meta name=\"twitter:site\" content=\"@BedfontLtd\" \/>\n<meta name=\"twitter:label1\" content=\"Tiempo de lectura\" \/>\n\t<meta name=\"twitter:data1\" content=\"5 minutos\" \/>\n<script type=\"application\/ld+json\" class=\"yoast-schema-graph\">{\"@context\":\"https:\\\/\\\/schema.org\",\"@graph\":[{\"@type\":\"WebPage\",\"@id\":\"https:\\\/\\\/www.bedfont.com\\\/es\\\/politica-de-privacidad\\\/\",\"url\":\"https:\\\/\\\/www.bedfont.com\\\/es\\\/politica-de-privacidad\\\/\",\"name\":\"Aviso de Privacidad - Bedfont Scientific Ltd.\",\"isPartOf\":{\"@id\":\"https:\\\/\\\/www.bedfont.com\\\/es\\\/#website\"},\"datePublished\":\"2023-04-06T08:13:17+00:00\",\"dateModified\":\"2024-10-10T08:45:47+00:00\",\"description\":\"Este Aviso de Privacidad se aplica a ti, el Usuario de los sitios web gestionados por Bedfont. Bedfont da prioridad a la privacidad de tu informaci\u00f3n.\",\"breadcrumb\":{\"@id\":\"https:\\\/\\\/www.bedfont.com\\\/es\\\/politica-de-privacidad\\\/#breadcrumb\"},\"inLanguage\":\"es\",\"potentialAction\":[{\"@type\":\"ReadAction\",\"target\":[\"https:\\\/\\\/www.bedfont.com\\\/es\\\/politica-de-privacidad\\\/\"]}]},{\"@type\":\"BreadcrumbList\",\"@id\":\"https:\\\/\\\/www.bedfont.com\\\/es\\\/politica-de-privacidad\\\/#breadcrumb\",\"itemListElement\":[{\"@type\":\"ListItem\",\"position\":1,\"name\":\"Home\",\"item\":\"https:\\\/\\\/www.bedfont.com\\\/es\\\/\"},{\"@type\":\"ListItem\",\"position\":2,\"name\":\"Aviso de Privacidad\"}]},{\"@type\":\"WebSite\",\"@id\":\"https:\\\/\\\/www.bedfont.com\\\/es\\\/#website\",\"url\":\"https:\\\/\\\/www.bedfont.com\\\/es\\\/\",\"name\":\"Bedfont Scientific Ltd.\",\"description\":\"World leaders in breath analysis.\",\"publisher\":{\"@id\":\"https:\\\/\\\/www.bedfont.com\\\/es\\\/#organization\"},\"potentialAction\":[{\"@type\":\"SearchAction\",\"target\":{\"@type\":\"EntryPoint\",\"urlTemplate\":\"https:\\\/\\\/www.bedfont.com\\\/es\\\/?s={search_term_string}\"},\"query-input\":{\"@type\":\"PropertyValueSpecification\",\"valueRequired\":true,\"valueName\":\"search_term_string\"}}],\"inLanguage\":\"es\"},{\"@type\":\"Organization\",\"@id\":\"https:\\\/\\\/www.bedfont.com\\\/es\\\/#organization\",\"name\":\"Bedfont Scientific Ltd.\",\"url\":\"https:\\\/\\\/www.bedfont.com\\\/es\\\/\",\"logo\":{\"@type\":\"ImageObject\",\"inLanguage\":\"es\",\"@id\":\"https:\\\/\\\/www.bedfont.com\\\/es\\\/#\\\/schema\\\/logo\\\/image\\\/\",\"url\":\"https:\\\/\\\/www.bedfont.com\\\/wp-content\\\/uploads\\\/2023\\\/06\\\/logo.png\",\"contentUrl\":\"https:\\\/\\\/www.bedfont.com\\\/wp-content\\\/uploads\\\/2023\\\/06\\\/logo.png\",\"width\":1600,\"height\":505,\"caption\":\"Bedfont Scientific Ltd.\"},\"image\":{\"@id\":\"https:\\\/\\\/www.bedfont.com\\\/es\\\/#\\\/schema\\\/logo\\\/image\\\/\"},\"sameAs\":[\"https:\\\/\\\/www.facebook.com\\\/Bedfontltd\\\/\",\"https:\\\/\\\/x.com\\\/BedfontLtd\",\"https:\\\/\\\/www.instagram.com\\\/bedfontltd\\\/\",\"https:\\\/\\\/www.linkedin.com\\\/company\\\/bedfont-scientific-ltd\\\/\",\"https:\\\/\\\/www.youtube.com\\\/user\\\/BedfontScientificLtd\"]}]}<\/script>\n<!-- \/ Yoast SEO plugin. -->","yoast_head_json":{"title":"Aviso de Privacidad - Bedfont Scientific Ltd.","description":"Este Aviso de Privacidad se aplica a ti, el Usuario de los sitios web gestionados por Bedfont. Bedfont da prioridad a la privacidad de tu informaci\u00f3n.","robots":{"index":"index","follow":"follow","max-snippet":"max-snippet:-1","max-image-preview":"max-image-preview:large","max-video-preview":"max-video-preview:-1"},"canonical":"https:\/\/www.bedfont.com\/es\/politica-de-privacidad\/","og_locale":"es_ES","og_type":"article","og_title":"Aviso de Privacidad - Bedfont Scientific Ltd.","og_description":"Este Aviso de Privacidad se aplica a ti, el Usuario de los sitios web gestionados por Bedfont. Bedfont da prioridad a la privacidad de tu informaci\u00f3n.","og_url":"https:\/\/www.bedfont.com\/es\/politica-de-privacidad\/","og_site_name":"Bedfont Scientific Ltd.","article_publisher":"https:\/\/www.facebook.com\/Bedfontltd\/","article_modified_time":"2024-10-10T08:45:47+00:00","twitter_card":"summary_large_image","twitter_site":"@BedfontLtd","twitter_misc":{"Tiempo de lectura":"5 minutos"},"schema":{"@context":"https:\/\/schema.org","@graph":[{"@type":"WebPage","@id":"https:\/\/www.bedfont.com\/es\/politica-de-privacidad\/","url":"https:\/\/www.bedfont.com\/es\/politica-de-privacidad\/","name":"Aviso de Privacidad - Bedfont Scientific Ltd.","isPartOf":{"@id":"https:\/\/www.bedfont.com\/es\/#website"},"datePublished":"2023-04-06T08:13:17+00:00","dateModified":"2024-10-10T08:45:47+00:00","description":"Este Aviso de Privacidad se aplica a ti, el Usuario de los sitios web gestionados por Bedfont. Bedfont da prioridad a la privacidad de tu informaci\u00f3n.","breadcrumb":{"@id":"https:\/\/www.bedfont.com\/es\/politica-de-privacidad\/#breadcrumb"},"inLanguage":"es","potentialAction":[{"@type":"ReadAction","target":["https:\/\/www.bedfont.com\/es\/politica-de-privacidad\/"]}]},{"@type":"BreadcrumbList","@id":"https:\/\/www.bedfont.com\/es\/politica-de-privacidad\/#breadcrumb","itemListElement":[{"@type":"ListItem","position":1,"name":"Home","item":"https:\/\/www.bedfont.com\/es\/"},{"@type":"ListItem","position":2,"name":"Aviso de Privacidad"}]},{"@type":"WebSite","@id":"https:\/\/www.bedfont.com\/es\/#website","url":"https:\/\/www.bedfont.com\/es\/","name":"Bedfont Scientific Ltd.","description":"World leaders in breath analysis.","publisher":{"@id":"https:\/\/www.bedfont.com\/es\/#organization"},"potentialAction":[{"@type":"SearchAction","target":{"@type":"EntryPoint","urlTemplate":"https:\/\/www.bedfont.com\/es\/?s={search_term_string}"},"query-input":{"@type":"PropertyValueSpecification","valueRequired":true,"valueName":"search_term_string"}}],"inLanguage":"es"},{"@type":"Organization","@id":"https:\/\/www.bedfont.com\/es\/#organization","name":"Bedfont Scientific Ltd.","url":"https:\/\/www.bedfont.com\/es\/","logo":{"@type":"ImageObject","inLanguage":"es","@id":"https:\/\/www.bedfont.com\/es\/#\/schema\/logo\/image\/","url":"https:\/\/www.bedfont.com\/wp-content\/uploads\/2023\/06\/logo.png","contentUrl":"https:\/\/www.bedfont.com\/wp-content\/uploads\/2023\/06\/logo.png","width":1600,"height":505,"caption":"Bedfont Scientific Ltd."},"image":{"@id":"https:\/\/www.bedfont.com\/es\/#\/schema\/logo\/image\/"},"sameAs":["https:\/\/www.facebook.com\/Bedfontltd\/","https:\/\/x.com\/BedfontLtd","https:\/\/www.instagram.com\/bedfontltd\/","https:\/\/www.linkedin.com\/company\/bedfont-scientific-ltd\/","https:\/\/www.youtube.com\/user\/BedfontScientificLtd"]}]}},"_links":{"self":[{"href":"https:\/\/www.bedfont.com\/es\/wp-json\/wp\/v2\/pages\/3631","targetHints":{"allow":["GET"]}}],"collection":[{"href":"https:\/\/www.bedfont.com\/es\/wp-json\/wp\/v2\/pages"}],"about":[{"href":"https:\/\/www.bedfont.com\/es\/wp-json\/wp\/v2\/types\/page"}],"author":[{"embeddable":true,"href":"https:\/\/www.bedfont.com\/es\/wp-json\/wp\/v2\/users\/6"}],"replies":[{"embeddable":true,"href":"https:\/\/www.bedfont.com\/es\/wp-json\/wp\/v2\/comments?post=3631"}],"version-history":[{"count":3,"href":"https:\/\/www.bedfont.com\/es\/wp-json\/wp\/v2\/pages\/3631\/revisions"}],"predecessor-version":[{"id":6717,"href":"https:\/\/www.bedfont.com\/es\/wp-json\/wp\/v2\/pages\/3631\/revisions\/6717"}],"wp:attachment":[{"href":"https:\/\/www.bedfont.com\/es\/wp-json\/wp\/v2\/media?parent=3631"}],"curies":[{"name":"wp","href":"https:\/\/api.w.org\/{rel}","templated":true}]}}