{"id":3613,"date":"2022-07-06T14:45:21","date_gmt":"2022-07-06T14:45:21","guid":{"rendered":"https:\/\/bedfont.theprogressteam.com\/nuestra-posicion-ecologica\/"},"modified":"2024-10-08T07:37:41","modified_gmt":"2024-10-08T07:37:41","slug":"nuestra-posicion-ecologica","status":"publish","type":"page","link":"https:\/\/www.bedfont.com\/es\/nuestra-posicion-ecologica\/","title":{"rendered":"Nuestra posici\u00f3n ecol\u00f3gica"},"content":{"rendered":"<section id=\"eco-section\">\n\t\t<img decoding=\"async\" src=\"https:\/\/www.bedfont.com\/wp-content\/uploads\/2024\/10\/eco-planet.png\" id=\"eco-planet\"\/>\n\t \t<div class=\"container\">\n\t\t\t<div class=\"row\">\n\t\t\t\t<div class=\"col-12 col-lg-7\">\n\t\t\t\t\t<h1 class=\"eco\">El Bedfont<sup>\u00ae<\/sup> Posici\u00f3n Ecol\u00f3gica<\/h1>\n\t\t\t\t\t<p>Trabajamos con proveedores y empresas locales que est\u00e1n comprometidos con la sostenibilidad, y utilizamos materiales reciclados en todos nuestros productos siempre que sea posible. Usamos empaques ecol\u00f3gicos, fuentes de energ\u00eda sostenibles y limitamos nuestra producci\u00f3n de desechos siempre que es posible. <\/p>\n<h2 class=\"eco\"><span class=\"green-text\">Lo Que Hacemos <\/span><\/h2>\n<p>Siempre hemos sido conscientes de nuestra huella de carbono y, ahora m\u00e1s que nunca, buscamos formas de tener un impacto menos negativo en el medio ambiente.<\/p>\n<p>Trabajamos con proveedores locales y empresas comprometidas con la sostenibilidad, adem\u00e1s de utilizar materiales reciclados en la mayor\u00eda de nuestros productos. Utilizamos envases ecol\u00f3gicos, fuentes de energ\u00eda sostenibles y limitamos nuestra producci\u00f3n de residuos en la medida de lo posible. Creemos que no importa lo peque\u00f1o que sea el esfuerzo que hagas por un estilo de vida m\u00e1s ecol\u00f3gico: \u00a1todo ayuda!  <\/p>\n\n                    \n\t\t\t\t<\/div>\n\t\t\t<\/div>\n\t\t<\/div>\n\t<\/section><section class=\"text-section text-left\" style=\"--color: var(--green)\">\n\t<div class=\"container\">\n\t<h2 class=\"text-center\"><\/h2>\n\t\t\t\t<div class=\"row\">\n<div class=\"col-12 my-4\">\n<h2 class=\"eco\">Nuestra #EcoResoluci\u00f3n<\/h2>\n<p>Nos enorgullece anunciar nuestra #EcoResoluci\u00f3n para que todos nuestros consumibles sean ecol\u00f3gicos en 2025. Esto no solo incluye cambiar los materiales con los que se fabrican nuestros consumibles, sino tambi\u00e9n realizar cambios a lo largo de su vida \u00fatil de producci\u00f3n para reducir nuestro impacto clim\u00e1tico, incluido el abastecimiento de nuevos materiales ecol\u00f3gicos procedentes de recursos sostenibles. <\/p>\n<\/div>\n<div class=\"col-12 col-lg-10 my-auto\">\n<h2 class=\"eco\" id=\"eco\">Nuestros Ecoguerreros<\/h2>\n<p class=\"mb-0\">Como parte de nuestra #EcoResoluci\u00f3n para ser m\u00e1s respetuosos con el medio ambiente, hemos establecido Eco-Warriors dedicados que ayudar\u00e1n a innovar desde dentro de la empresa para reducir nuestra huella de carbono, pero tambi\u00e9n para aumentar la conciencia de incluso los cambios m\u00e1s peque\u00f1os que pueden hacer una gran reducci\u00f3n de nuestra huella de carbono.<\/p>\n<\/div>\n<div class=\"col-12 col-lg-2 my-auto\">\n\t\t\t\t\t<img decoding=\"async\" src=\"https:\/\/www.bedfont.com\/wp-content\/themes\/bedfont\/assets\/img\/eco-warrior-logo.png\" class=\"img-fluid mx-auto d-none d-lg-block eco-warrior-logo\" alt=\"Eco Warrior logo\"\/>\n\t\t\t\t<\/div>\n<\/div>\n\n\t<\/div>\n<\/section>","protected":false},"excerpt":{"rendered":"<p>El Bedfont\u00ae Posici\u00f3n Ecol\u00f3gica Trabajamos con proveedores y empresas locales que est\u00e1n comprometidos con la sostenibilidad, y utilizamos materiales reciclados en todos nuestros productos siempre que sea posible. Usamos empaques ecol\u00f3gicos, fuentes de energ\u00eda sostenibles y limitamos nuestra producci\u00f3n de desechos siempre que es posible. Lo Que Hacemos Siempre hemos sido conscientes de nuestra huella [&hellip;]<\/p>\n","protected":false},"author":6,"featured_media":0,"parent":0,"menu_order":0,"comment_status":"closed","ping_status":"closed","template":"templates\/page-modules.php","meta":{"_acf_changed":false,"footnotes":""},"class_list":["post-3613","page","type-page","status-publish","hentry"],"acf":[],"yoast_head":"<!-- This site is optimized with the Yoast SEO plugin v27.4 - https:\/\/yoast.com\/product\/yoast-seo-wordpress\/ -->\n<title>Nuestra posici\u00f3n ecol\u00f3gica - Bedfont Scientific Ltd.<\/title>\n<meta name=\"description\" content=\"Trabajamos con proveedores y empresas locales que est\u00e1n comprometidos con la sostenibilidad, y utilizamos materiales reciclados en todos nuestros productos siempre que sea posible.\" \/>\n<meta name=\"robots\" content=\"index, follow, max-snippet:-1, max-image-preview:large, max-video-preview:-1\" \/>\n<link rel=\"canonical\" href=\"https:\/\/www.bedfont.com\/es\/nuestra-posicion-ecologica\/\" \/>\n<meta property=\"og:locale\" content=\"es_ES\" \/>\n<meta property=\"og:type\" content=\"article\" \/>\n<meta property=\"og:title\" content=\"Nuestra posici\u00f3n ecol\u00f3gica - Bedfont Scientific Ltd.\" \/>\n<meta property=\"og:description\" content=\"Trabajamos con proveedores y empresas locales que est\u00e1n comprometidos con la sostenibilidad, y utilizamos materiales reciclados en todos nuestros productos siempre que sea posible.\" \/>\n<meta property=\"og:url\" content=\"https:\/\/www.bedfont.com\/es\/nuestra-posicion-ecologica\/\" \/>\n<meta property=\"og:site_name\" content=\"Bedfont Scientific Ltd.\" \/>\n<meta property=\"article:publisher\" content=\"https:\/\/www.facebook.com\/Bedfontltd\/\" \/>\n<meta property=\"article:modified_time\" content=\"2024-10-08T07:37:41+00:00\" \/>\n<meta property=\"og:image\" content=\"https:\/\/www.bedfont.com\/wp-content\/uploads\/2024\/10\/eco-planet.png\" \/>\n<meta name=\"twitter:card\" content=\"summary_large_image\" \/>\n<meta name=\"twitter:site\" content=\"@BedfontLtd\" \/>\n<meta name=\"twitter:label1\" content=\"Tiempo de lectura\" \/>\n\t<meta name=\"twitter:data1\" content=\"2 minutos\" \/>\n<script type=\"application\/ld+json\" class=\"yoast-schema-graph\">{\"@context\":\"https:\\\/\\\/schema.org\",\"@graph\":[{\"@type\":\"WebPage\",\"@id\":\"https:\\\/\\\/www.bedfont.com\\\/es\\\/nuestra-posicion-ecologica\\\/\",\"url\":\"https:\\\/\\\/www.bedfont.com\\\/es\\\/nuestra-posicion-ecologica\\\/\",\"name\":\"Nuestra posici\u00f3n ecol\u00f3gica - Bedfont Scientific Ltd.\",\"isPartOf\":{\"@id\":\"https:\\\/\\\/www.bedfont.com\\\/es\\\/#website\"},\"primaryImageOfPage\":{\"@id\":\"https:\\\/\\\/www.bedfont.com\\\/es\\\/nuestra-posicion-ecologica\\\/#primaryimage\"},\"image\":{\"@id\":\"https:\\\/\\\/www.bedfont.com\\\/es\\\/nuestra-posicion-ecologica\\\/#primaryimage\"},\"thumbnailUrl\":\"https:\\\/\\\/www.bedfont.com\\\/wp-content\\\/uploads\\\/2024\\\/10\\\/eco-planet.png\",\"datePublished\":\"2022-07-06T14:45:21+00:00\",\"dateModified\":\"2024-10-08T07:37:41+00:00\",\"description\":\"Trabajamos con proveedores y empresas locales que est\u00e1n comprometidos con la sostenibilidad, y utilizamos materiales reciclados en todos nuestros productos siempre que sea posible.\",\"breadcrumb\":{\"@id\":\"https:\\\/\\\/www.bedfont.com\\\/es\\\/nuestra-posicion-ecologica\\\/#breadcrumb\"},\"inLanguage\":\"es\",\"potentialAction\":[{\"@type\":\"ReadAction\",\"target\":[\"https:\\\/\\\/www.bedfont.com\\\/es\\\/nuestra-posicion-ecologica\\\/\"]}]},{\"@type\":\"ImageObject\",\"inLanguage\":\"es\",\"@id\":\"https:\\\/\\\/www.bedfont.com\\\/es\\\/nuestra-posicion-ecologica\\\/#primaryimage\",\"url\":\"https:\\\/\\\/www.bedfont.com\\\/wp-content\\\/uploads\\\/2024\\\/10\\\/eco-planet.png\",\"contentUrl\":\"https:\\\/\\\/www.bedfont.com\\\/wp-content\\\/uploads\\\/2024\\\/10\\\/eco-planet.png\"},{\"@type\":\"BreadcrumbList\",\"@id\":\"https:\\\/\\\/www.bedfont.com\\\/es\\\/nuestra-posicion-ecologica\\\/#breadcrumb\",\"itemListElement\":[{\"@type\":\"ListItem\",\"position\":1,\"name\":\"Home\",\"item\":\"https:\\\/\\\/www.bedfont.com\\\/es\\\/\"},{\"@type\":\"ListItem\",\"position\":2,\"name\":\"Nuestra posici\u00f3n ecol\u00f3gica\"}]},{\"@type\":\"WebSite\",\"@id\":\"https:\\\/\\\/www.bedfont.com\\\/es\\\/#website\",\"url\":\"https:\\\/\\\/www.bedfont.com\\\/es\\\/\",\"name\":\"Bedfont Scientific Ltd.\",\"description\":\"World leaders in breath analysis.\",\"publisher\":{\"@id\":\"https:\\\/\\\/www.bedfont.com\\\/es\\\/#organization\"},\"potentialAction\":[{\"@type\":\"SearchAction\",\"target\":{\"@type\":\"EntryPoint\",\"urlTemplate\":\"https:\\\/\\\/www.bedfont.com\\\/es\\\/?s={search_term_string}\"},\"query-input\":{\"@type\":\"PropertyValueSpecification\",\"valueRequired\":true,\"valueName\":\"search_term_string\"}}],\"inLanguage\":\"es\"},{\"@type\":\"Organization\",\"@id\":\"https:\\\/\\\/www.bedfont.com\\\/es\\\/#organization\",\"name\":\"Bedfont Scientific Ltd.\",\"url\":\"https:\\\/\\\/www.bedfont.com\\\/es\\\/\",\"logo\":{\"@type\":\"ImageObject\",\"inLanguage\":\"es\",\"@id\":\"https:\\\/\\\/www.bedfont.com\\\/es\\\/#\\\/schema\\\/logo\\\/image\\\/\",\"url\":\"https:\\\/\\\/www.bedfont.com\\\/wp-content\\\/uploads\\\/2023\\\/06\\\/logo.png\",\"contentUrl\":\"https:\\\/\\\/www.bedfont.com\\\/wp-content\\\/uploads\\\/2023\\\/06\\\/logo.png\",\"width\":1600,\"height\":505,\"caption\":\"Bedfont Scientific Ltd.\"},\"image\":{\"@id\":\"https:\\\/\\\/www.bedfont.com\\\/es\\\/#\\\/schema\\\/logo\\\/image\\\/\"},\"sameAs\":[\"https:\\\/\\\/www.facebook.com\\\/Bedfontltd\\\/\",\"https:\\\/\\\/x.com\\\/BedfontLtd\",\"https:\\\/\\\/www.instagram.com\\\/bedfontltd\\\/\",\"https:\\\/\\\/www.linkedin.com\\\/company\\\/bedfont-scientific-ltd\\\/\",\"https:\\\/\\\/www.youtube.com\\\/user\\\/BedfontScientificLtd\"]}]}<\/script>\n<!-- \/ Yoast SEO plugin. -->","yoast_head_json":{"title":"Nuestra posici\u00f3n ecol\u00f3gica - Bedfont Scientific Ltd.","description":"Trabajamos con proveedores y empresas locales que est\u00e1n comprometidos con la sostenibilidad, y utilizamos materiales reciclados en todos nuestros productos siempre que sea posible.","robots":{"index":"index","follow":"follow","max-snippet":"max-snippet:-1","max-image-preview":"max-image-preview:large","max-video-preview":"max-video-preview:-1"},"canonical":"https:\/\/www.bedfont.com\/es\/nuestra-posicion-ecologica\/","og_locale":"es_ES","og_type":"article","og_title":"Nuestra posici\u00f3n ecol\u00f3gica - Bedfont Scientific Ltd.","og_description":"Trabajamos con proveedores y empresas locales que est\u00e1n comprometidos con la sostenibilidad, y utilizamos materiales reciclados en todos nuestros productos siempre que sea posible.","og_url":"https:\/\/www.bedfont.com\/es\/nuestra-posicion-ecologica\/","og_site_name":"Bedfont Scientific Ltd.","article_publisher":"https:\/\/www.facebook.com\/Bedfontltd\/","article_modified_time":"2024-10-08T07:37:41+00:00","og_image":[{"url":"https:\/\/www.bedfont.com\/wp-content\/uploads\/2024\/10\/eco-planet.png","type":"","width":"","height":""}],"twitter_card":"summary_large_image","twitter_site":"@BedfontLtd","twitter_misc":{"Tiempo de lectura":"2 minutos"},"schema":{"@context":"https:\/\/schema.org","@graph":[{"@type":"WebPage","@id":"https:\/\/www.bedfont.com\/es\/nuestra-posicion-ecologica\/","url":"https:\/\/www.bedfont.com\/es\/nuestra-posicion-ecologica\/","name":"Nuestra posici\u00f3n ecol\u00f3gica - Bedfont Scientific Ltd.","isPartOf":{"@id":"https:\/\/www.bedfont.com\/es\/#website"},"primaryImageOfPage":{"@id":"https:\/\/www.bedfont.com\/es\/nuestra-posicion-ecologica\/#primaryimage"},"image":{"@id":"https:\/\/www.bedfont.com\/es\/nuestra-posicion-ecologica\/#primaryimage"},"thumbnailUrl":"https:\/\/www.bedfont.com\/wp-content\/uploads\/2024\/10\/eco-planet.png","datePublished":"2022-07-06T14:45:21+00:00","dateModified":"2024-10-08T07:37:41+00:00","description":"Trabajamos con proveedores y empresas locales que est\u00e1n comprometidos con la sostenibilidad, y utilizamos materiales reciclados en todos nuestros productos siempre que sea posible.","breadcrumb":{"@id":"https:\/\/www.bedfont.com\/es\/nuestra-posicion-ecologica\/#breadcrumb"},"inLanguage":"es","potentialAction":[{"@type":"ReadAction","target":["https:\/\/www.bedfont.com\/es\/nuestra-posicion-ecologica\/"]}]},{"@type":"ImageObject","inLanguage":"es","@id":"https:\/\/www.bedfont.com\/es\/nuestra-posicion-ecologica\/#primaryimage","url":"https:\/\/www.bedfont.com\/wp-content\/uploads\/2024\/10\/eco-planet.png","contentUrl":"https:\/\/www.bedfont.com\/wp-content\/uploads\/2024\/10\/eco-planet.png"},{"@type":"BreadcrumbList","@id":"https:\/\/www.bedfont.com\/es\/nuestra-posicion-ecologica\/#breadcrumb","itemListElement":[{"@type":"ListItem","position":1,"name":"Home","item":"https:\/\/www.bedfont.com\/es\/"},{"@type":"ListItem","position":2,"name":"Nuestra posici\u00f3n ecol\u00f3gica"}]},{"@type":"WebSite","@id":"https:\/\/www.bedfont.com\/es\/#website","url":"https:\/\/www.bedfont.com\/es\/","name":"Bedfont Scientific Ltd.","description":"World leaders in breath analysis.","publisher":{"@id":"https:\/\/www.bedfont.com\/es\/#organization"},"potentialAction":[{"@type":"SearchAction","target":{"@type":"EntryPoint","urlTemplate":"https:\/\/www.bedfont.com\/es\/?s={search_term_string}"},"query-input":{"@type":"PropertyValueSpecification","valueRequired":true,"valueName":"search_term_string"}}],"inLanguage":"es"},{"@type":"Organization","@id":"https:\/\/www.bedfont.com\/es\/#organization","name":"Bedfont Scientific Ltd.","url":"https:\/\/www.bedfont.com\/es\/","logo":{"@type":"ImageObject","inLanguage":"es","@id":"https:\/\/www.bedfont.com\/es\/#\/schema\/logo\/image\/","url":"https:\/\/www.bedfont.com\/wp-content\/uploads\/2023\/06\/logo.png","contentUrl":"https:\/\/www.bedfont.com\/wp-content\/uploads\/2023\/06\/logo.png","width":1600,"height":505,"caption":"Bedfont Scientific Ltd."},"image":{"@id":"https:\/\/www.bedfont.com\/es\/#\/schema\/logo\/image\/"},"sameAs":["https:\/\/www.facebook.com\/Bedfontltd\/","https:\/\/x.com\/BedfontLtd","https:\/\/www.instagram.com\/bedfontltd\/","https:\/\/www.linkedin.com\/company\/bedfont-scientific-ltd\/","https:\/\/www.youtube.com\/user\/BedfontScientificLtd"]}]}},"_links":{"self":[{"href":"https:\/\/www.bedfont.com\/es\/wp-json\/wp\/v2\/pages\/3613","targetHints":{"allow":["GET"]}}],"collection":[{"href":"https:\/\/www.bedfont.com\/es\/wp-json\/wp\/v2\/pages"}],"about":[{"href":"https:\/\/www.bedfont.com\/es\/wp-json\/wp\/v2\/types\/page"}],"author":[{"embeddable":true,"href":"https:\/\/www.bedfont.com\/es\/wp-json\/wp\/v2\/users\/6"}],"replies":[{"embeddable":true,"href":"https:\/\/www.bedfont.com\/es\/wp-json\/wp\/v2\/comments?post=3613"}],"version-history":[{"count":3,"href":"https:\/\/www.bedfont.com\/es\/wp-json\/wp\/v2\/pages\/3613\/revisions"}],"predecessor-version":[{"id":6309,"href":"https:\/\/www.bedfont.com\/es\/wp-json\/wp\/v2\/pages\/3613\/revisions\/6309"}],"wp:attachment":[{"href":"https:\/\/www.bedfont.com\/es\/wp-json\/wp\/v2\/media?parent=3613"}],"curies":[{"name":"wp","href":"https:\/\/api.w.org\/{rel}","templated":true}]}}