{"id":3571,"date":"2022-11-04T14:14:34","date_gmt":"2022-11-04T14:14:34","guid":{"rendered":"https:\/\/bedfont.theprogressteam.com\/medi-gas-check\/"},"modified":"2024-10-28T06:41:38","modified_gmt":"2024-10-28T06:41:38","slug":"medi-gas-check","status":"publish","type":"page","link":"https:\/\/www.bedfont.com\/es\/productos\/medi-gas-check\/","title":{"rendered":"Medi-Gas Check"},"content":{"rendered":"<section class=\"hero-style-4 p-0 position-relative \" id=\"module-741-hero-0\">\n\t\t<div class=\"container-fluid overlay-img-holder\">\n\t\t\t<img width=\"1469\" height=\"400\" src=\"https:\/\/www.bedfont.com\/wp-content\/uploads\/2024\/10\/medigas-product-page.jpg\" class=\"w-100\" alt=\"\" decoding=\"async\" loading=\"lazy\" srcset=\"https:\/\/www.bedfont.com\/wp-content\/uploads\/2024\/10\/medigas-product-page.jpg 1469w, https:\/\/www.bedfont.com\/wp-content\/uploads\/2024\/10\/medigas-product-page-300x82.jpg 300w, https:\/\/www.bedfont.com\/wp-content\/uploads\/2024\/10\/medigas-product-page-1024x279.jpg 1024w, https:\/\/www.bedfont.com\/wp-content\/uploads\/2024\/10\/medigas-product-page-768x209.jpg 768w\" sizes=\"auto, (max-width: 1469px) 100vw, 1469px\"\/>\n\t\t\t<div class=\"overlay\">\n\t\t\t\t<div class=\"col-12 col-md-8 mx-auto\">\n\t\t\t\t\t<h1>Medi-Gas Check<\/h1>\n\t\t\t\t\t<p>La gama Medi-Gas Check de equipos de comprobaci\u00f3n de tuber\u00edas m\u00e9dicas sirve para proteger a los pacientes y al personal de gases nocivos. Al comprobar el gas de la tuber\u00eda, puede verificar que se est\u00e1 administrando el gas adecuado, as\u00ed como la cantidad y calidad correctas de dicho gas. <\/p>\n\n\t\t\t\t<\/div>\n\t\t\t<\/div>\n\t\t<\/div>\n\t<\/section><section class=\"two-column-style-5 two-column-style-6 bg-gradient-red \" id=\"module-741-two_column_image_text-1\">\n\t \t<div class=\"container\">\n\t\t\t<div class=\"row flex-row-reverse\">\n\t\t\t\t\t<div class=\"col-12 col-lg-7 my-auto\">\n                    <div class=\"box\">\n\t\t\t\t\t<h2 class=\"text-left\"> G210<\/h2>\n\t\t\t\t<p><strong>N2O, O2, CO2, CO Monitorizaci\u00f3n<\/strong><\/p>\n<p>Dise\u00f1ado espec\u00edficamente para medir con gran precisi\u00f3n los porcentajes de N2O y O2 en gases medicinales canalizados. Este monitor port\u00e1til y ligero es ideal para su uso en hospitales de gran actividad. Verifica r\u00e1pidamente la calidad del gas en una pantalla digital de f\u00e1cil lectura. Introduce n\u00fameros de identificaci\u00f3n espec\u00edficos para puntos de monitorizaci\u00f3n concretos en todo el hospital. La unidad puede identificar posibles contaminantes de CO y CO2 en el gas canalizado de los hospitales. Con almacenamiento de datos y alarmas, el G210 es ideal para muchos de sus requisitos de verificaci\u00f3n y pruebas de MGPS, dise\u00f1ado para medir con gran precisi\u00f3n el N2O y el O2 en % del gas m\u00e9dico canalizado.    <\/p>\n\n\t\t\t\t\t\n\t\t\t\t<\/div>\n\t\t\t\t<\/div>\n\t\t\t\t<div class=\"col-1\"><\/div>\n\t\t\t\n                <div class=\"col-12 col-lg-4\">\n\t\t\t\t\t<img width=\"750\" height=\"1000\" src=\"https:\/\/www.bedfont.com\/wp-content\/uploads\/2024\/10\/g210.png\" class=\"img-fluid w-75 mx-auto d-block\" alt=\"\" decoding=\"async\" loading=\"lazy\" srcset=\"https:\/\/www.bedfont.com\/wp-content\/uploads\/2024\/10\/g210.png 750w, https:\/\/www.bedfont.com\/wp-content\/uploads\/2024\/10\/g210-225x300.png 225w\" sizes=\"auto, (max-width: 750px) 100vw, 750px\"\/>\n\t\t\t\t<\/div>\n\t\t\t<\/div>\n\t\t<\/div>\n\t<\/section><section class=\"two-column-style-5 two-column-style-6 bg-gradient-red \" id=\"module-741-two_column_image_text-2\">\n\t \t<div class=\"container\">\n\t\t\t<div class=\"row flex-row-reverse\">\n\t\t\t\t\t<div class=\"col-12 col-lg-7 my-auto\">\n                    <div class=\"box\">\n\t\t\t\t\t<h2 class=\"text-left\">F8004 Comprobador Multi-Aire<\/h2>\n\t\t\t\t<p><strong>Pruebas de seguridad del aire para uso m\u00e9dico y dental<\/strong><\/p>\n<p>El nuevo comprobador de aire m\u00faltiple F8004 es ideal para realizar pruebas de aire tanto m\u00e9dicas como dentales para detectar una amplia gama de gases y contaminantes, todo en un solo dispositivo. Dise\u00f1ado para proporcionar un m\u00e9todo r\u00e1pido y sencillo de realizar pruebas precisas de los suministros de aire respirable, el comprobador multiaire es la \u00faltima incorporaci\u00f3n a la gama Medi-Gas Check de analizadores port\u00e1tiles de gases m\u00e9dicos para tuber\u00edas. <\/p>\n\n\t\t\t\t\t\n\t\t\t\t<\/div>\n\t\t\t\t<\/div>\n\t\t\t\t<div class=\"col-1\"><\/div>\n\t\t\t\n                <div class=\"col-12 col-lg-4\">\n\t\t\t\t\t<img width=\"750\" height=\"1000\" src=\"https:\/\/www.bedfont.com\/wp-content\/uploads\/2024\/10\/f8004.png\" class=\"img-fluid w-75 mx-auto d-block\" alt=\"\" decoding=\"async\" loading=\"lazy\" srcset=\"https:\/\/www.bedfont.com\/wp-content\/uploads\/2024\/10\/f8004.png 750w, https:\/\/www.bedfont.com\/wp-content\/uploads\/2024\/10\/f8004-225x300.png 225w\" sizes=\"auto, (max-width: 750px) 100vw, 750px\"\/>\n\t\t\t\t<\/div>\n\t\t\t<\/div>\n\t\t<\/div>\n\t<\/section><section class=\"two-column-style-5 two-column-style-6 bg-gradient-red \" id=\"module-741-two_column_image_text-3\">\n\t \t<div class=\"container\">\n\t\t\t<div class=\"row flex-row-reverse\">\n\t\t\t\t\t<div class=\"col-12 col-lg-7 my-auto\">\n                    <div class=\"box\">\n\t\t\t\t\t<h2 class=\"text-left\">G200<\/h2>\n\t\t\t\t<p><strong>Medici\u00f3n atmosf\u00e9rica de N2O a bajo nivel<\/strong><\/p>\n<p>Este monitor port\u00e1til no s\u00f3lo act\u00faa como alarma personal, sino que tambi\u00e9n calcula la media ponderada en el tiempo (TWA) de la exposici\u00f3n de una persona al N2O. El G200 tambi\u00e9n act\u00faa como un dispositivo de detecci\u00f3n de fugas y almacenar\u00e1 hasta 1.000 lecturas que se utilizar\u00e1n para gr\u00e1ficos y an\u00e1lisis de datos. El G200 es capaz de proporcionar lecturas de 0-1.000 ppm en menos de 40 segundos y de 0-10.000 ppm en modo de detecci\u00f3n de fugas, protegiendo tanto a los profesionales sanitarios como a los pacientes. Este producto es ideal para: departamentos dentales, departamentos de anestesia, teatros de hospital, as\u00ed como departamentos de recuperaci\u00f3n, veterinaria y rayos X.   <\/p>\n\n\t\t\t\t\t\n\t\t\t\t<\/div>\n\t\t\t\t<\/div>\n\t\t\t\t<div class=\"col-1\"><\/div>\n\t\t\t\n                <div class=\"col-12 col-lg-4\">\n\t\t\t\t\t<img width=\"600\" height=\"851\" src=\"https:\/\/www.bedfont.com\/wp-content\/uploads\/2024\/10\/g200.png\" class=\"img-fluid w-75 mx-auto d-block\" alt=\"\" decoding=\"async\" loading=\"lazy\" srcset=\"https:\/\/www.bedfont.com\/wp-content\/uploads\/2024\/10\/g200.png 600w, https:\/\/www.bedfont.com\/wp-content\/uploads\/2024\/10\/g200-212x300.png 212w\" sizes=\"auto, (max-width: 600px) 100vw, 600px\"\/>\n\t\t\t\t<\/div>\n\t\t\t<\/div>\n\t\t<\/div>\n\t<\/section><section class=\"two-column-style-5 two-column-style-6 bg-gradient-red \" id=\"module-741-two_column_image_text-4\">\n\t \t<div class=\"container\">\n\t\t\t<div class=\"row flex-row-reverse\">\n\t\t\t\t\t<div class=\"col-12 col-lg-7 my-auto\">\n                    <div class=\"box\">\n\t\t\t\t\t<h2 class=\"text-left\">Pipeline Sampling Kit<\/h2>\n\t\t\t\t<p>Como parte del compromiso de Bedfont de hacer que la verificaci\u00f3n y validaci\u00f3n de MGPS sea lo m\u00e1s r\u00e1pida y sencilla posible, suministramos un kit de muestreo para su uso con todos nuestros monitores, tubos detectores y equipos. Este kit consta de un regulador para garantizar que el flujo de gas pase por el monitor o el tubo detector con el caudal correcto, 5 sondas de gas especializadas y accesorios de conexi\u00f3n r\u00e1pida para cambiar de gas. <\/p>\n\n\t\t\t\t\t\n\t\t\t\t<\/div>\n\t\t\t\t<\/div>\n\t\t\t\t<div class=\"col-1\"><\/div>\n\t\t\t\n                <div class=\"col-12 col-lg-4\">\n\t\t\t\t\t<img width=\"800\" height=\"431\" src=\"https:\/\/www.bedfont.com\/wp-content\/uploads\/2024\/10\/pipeline-sampling-kit.png\" class=\"img-fluid w-75 mx-auto d-block\" alt=\"\" decoding=\"async\" loading=\"lazy\" srcset=\"https:\/\/www.bedfont.com\/wp-content\/uploads\/2024\/10\/pipeline-sampling-kit.png 800w, https:\/\/www.bedfont.com\/wp-content\/uploads\/2024\/10\/pipeline-sampling-kit-300x162.png 300w, https:\/\/www.bedfont.com\/wp-content\/uploads\/2024\/10\/pipeline-sampling-kit-768x414.png 768w\" sizes=\"auto, (max-width: 800px) 100vw, 800px\"\/>\n\t\t\t\t<\/div>\n\t\t\t<\/div>\n\t\t<\/div>\n\t<\/section>","protected":false},"excerpt":{"rendered":"<p>Medi-Gas Check La gama Medi-Gas Check de equipos de comprobaci\u00f3n de tuber\u00edas m\u00e9dicas sirve para proteger a los pacientes y al personal de gases nocivos. Al comprobar el gas de la tuber\u00eda, puede verificar que se est\u00e1 administrando el gas adecuado, as\u00ed como la cantidad y calidad correctas de dicho gas. G210 N2O, O2, CO2, [&hellip;]<\/p>\n","protected":false},"author":6,"featured_media":0,"parent":3665,"menu_order":0,"comment_status":"closed","ping_status":"closed","template":"templates\/page-modules.php","meta":{"_acf_changed":false,"footnotes":""},"class_list":["post-3571","page","type-page","status-publish","hentry"],"acf":[],"yoast_head":"<!-- This site is optimized with the Yoast SEO plugin v27.4 - https:\/\/yoast.com\/product\/yoast-seo-wordpress\/ -->\n<title>Medi-Gas Check - Bedfont Scientific Ltd.<\/title>\n<meta name=\"description\" content=\"La gama Medi-Gas Check de equipos de comprobaci\u00f3n de tuber\u00edas m\u00e9dicas sirve para proteger a los pacientes y al personal de gases nocivos.\" \/>\n<meta name=\"robots\" content=\"index, follow, max-snippet:-1, max-image-preview:large, max-video-preview:-1\" \/>\n<link rel=\"canonical\" href=\"https:\/\/www.bedfont.com\/es\/productos\/medi-gas-check\/\" \/>\n<meta property=\"og:locale\" content=\"es_ES\" \/>\n<meta property=\"og:type\" content=\"article\" \/>\n<meta property=\"og:title\" content=\"Medi-Gas Check - Bedfont Scientific Ltd.\" \/>\n<meta property=\"og:description\" content=\"La gama Medi-Gas Check de equipos de comprobaci\u00f3n de tuber\u00edas m\u00e9dicas sirve para proteger a los pacientes y al personal de gases nocivos.\" \/>\n<meta property=\"og:url\" content=\"https:\/\/www.bedfont.com\/es\/productos\/medi-gas-check\/\" \/>\n<meta property=\"og:site_name\" content=\"Bedfont Scientific Ltd.\" \/>\n<meta property=\"article:publisher\" content=\"https:\/\/www.facebook.com\/Bedfontltd\/\" \/>\n<meta property=\"article:modified_time\" content=\"2024-10-28T06:41:38+00:00\" \/>\n<meta property=\"og:image\" content=\"https:\/\/www.bedfont.com\/wp-content\/uploads\/2024\/10\/medigas-product-page.jpg\" \/>\n<meta name=\"twitter:card\" content=\"summary_large_image\" \/>\n<meta name=\"twitter:site\" content=\"@BedfontLtd\" \/>\n<meta name=\"twitter:label1\" content=\"Tiempo de lectura\" \/>\n\t<meta name=\"twitter:data1\" content=\"3 minutos\" \/>\n<script type=\"application\/ld+json\" class=\"yoast-schema-graph\">{\"@context\":\"https:\\\/\\\/schema.org\",\"@graph\":[{\"@type\":\"WebPage\",\"@id\":\"https:\\\/\\\/www.bedfont.com\\\/es\\\/productos\\\/medi-gas-check\\\/\",\"url\":\"https:\\\/\\\/www.bedfont.com\\\/es\\\/productos\\\/medi-gas-check\\\/\",\"name\":\"Medi-Gas Check - Bedfont Scientific Ltd.\",\"isPartOf\":{\"@id\":\"https:\\\/\\\/www.bedfont.com\\\/es\\\/#website\"},\"primaryImageOfPage\":{\"@id\":\"https:\\\/\\\/www.bedfont.com\\\/es\\\/productos\\\/medi-gas-check\\\/#primaryimage\"},\"image\":{\"@id\":\"https:\\\/\\\/www.bedfont.com\\\/es\\\/productos\\\/medi-gas-check\\\/#primaryimage\"},\"thumbnailUrl\":\"https:\\\/\\\/www.bedfont.com\\\/wp-content\\\/uploads\\\/2024\\\/10\\\/medigas-product-page.jpg\",\"datePublished\":\"2022-11-04T14:14:34+00:00\",\"dateModified\":\"2024-10-28T06:41:38+00:00\",\"description\":\"La gama Medi-Gas Check de equipos de comprobaci\u00f3n de tuber\u00edas m\u00e9dicas sirve para proteger a los pacientes y al personal de gases nocivos.\",\"breadcrumb\":{\"@id\":\"https:\\\/\\\/www.bedfont.com\\\/es\\\/productos\\\/medi-gas-check\\\/#breadcrumb\"},\"inLanguage\":\"es\",\"potentialAction\":[{\"@type\":\"ReadAction\",\"target\":[\"https:\\\/\\\/www.bedfont.com\\\/es\\\/productos\\\/medi-gas-check\\\/\"]}]},{\"@type\":\"ImageObject\",\"inLanguage\":\"es\",\"@id\":\"https:\\\/\\\/www.bedfont.com\\\/es\\\/productos\\\/medi-gas-check\\\/#primaryimage\",\"url\":\"https:\\\/\\\/www.bedfont.com\\\/wp-content\\\/uploads\\\/2024\\\/10\\\/medigas-product-page.jpg\",\"contentUrl\":\"https:\\\/\\\/www.bedfont.com\\\/wp-content\\\/uploads\\\/2024\\\/10\\\/medigas-product-page.jpg\"},{\"@type\":\"BreadcrumbList\",\"@id\":\"https:\\\/\\\/www.bedfont.com\\\/es\\\/productos\\\/medi-gas-check\\\/#breadcrumb\",\"itemListElement\":[{\"@type\":\"ListItem\",\"position\":1,\"name\":\"Home\",\"item\":\"https:\\\/\\\/www.bedfont.com\\\/es\\\/\"},{\"@type\":\"ListItem\",\"position\":2,\"name\":\"Productos\",\"item\":\"https:\\\/\\\/www.bedfont.com\\\/es\\\/productos\\\/\"},{\"@type\":\"ListItem\",\"position\":3,\"name\":\"Medi-Gas Check\"}]},{\"@type\":\"WebSite\",\"@id\":\"https:\\\/\\\/www.bedfont.com\\\/es\\\/#website\",\"url\":\"https:\\\/\\\/www.bedfont.com\\\/es\\\/\",\"name\":\"Bedfont Scientific Ltd.\",\"description\":\"World leaders in breath analysis.\",\"publisher\":{\"@id\":\"https:\\\/\\\/www.bedfont.com\\\/es\\\/#organization\"},\"potentialAction\":[{\"@type\":\"SearchAction\",\"target\":{\"@type\":\"EntryPoint\",\"urlTemplate\":\"https:\\\/\\\/www.bedfont.com\\\/es\\\/?s={search_term_string}\"},\"query-input\":{\"@type\":\"PropertyValueSpecification\",\"valueRequired\":true,\"valueName\":\"search_term_string\"}}],\"inLanguage\":\"es\"},{\"@type\":\"Organization\",\"@id\":\"https:\\\/\\\/www.bedfont.com\\\/es\\\/#organization\",\"name\":\"Bedfont Scientific Ltd.\",\"url\":\"https:\\\/\\\/www.bedfont.com\\\/es\\\/\",\"logo\":{\"@type\":\"ImageObject\",\"inLanguage\":\"es\",\"@id\":\"https:\\\/\\\/www.bedfont.com\\\/es\\\/#\\\/schema\\\/logo\\\/image\\\/\",\"url\":\"https:\\\/\\\/www.bedfont.com\\\/wp-content\\\/uploads\\\/2023\\\/06\\\/logo.png\",\"contentUrl\":\"https:\\\/\\\/www.bedfont.com\\\/wp-content\\\/uploads\\\/2023\\\/06\\\/logo.png\",\"width\":1600,\"height\":505,\"caption\":\"Bedfont Scientific Ltd.\"},\"image\":{\"@id\":\"https:\\\/\\\/www.bedfont.com\\\/es\\\/#\\\/schema\\\/logo\\\/image\\\/\"},\"sameAs\":[\"https:\\\/\\\/www.facebook.com\\\/Bedfontltd\\\/\",\"https:\\\/\\\/x.com\\\/BedfontLtd\",\"https:\\\/\\\/www.instagram.com\\\/bedfontltd\\\/\",\"https:\\\/\\\/www.linkedin.com\\\/company\\\/bedfont-scientific-ltd\\\/\",\"https:\\\/\\\/www.youtube.com\\\/user\\\/BedfontScientificLtd\"]}]}<\/script>\n<!-- \/ Yoast SEO plugin. -->","yoast_head_json":{"title":"Medi-Gas Check - Bedfont Scientific Ltd.","description":"La gama Medi-Gas Check de equipos de comprobaci\u00f3n de tuber\u00edas m\u00e9dicas sirve para proteger a los pacientes y al personal de gases nocivos.","robots":{"index":"index","follow":"follow","max-snippet":"max-snippet:-1","max-image-preview":"max-image-preview:large","max-video-preview":"max-video-preview:-1"},"canonical":"https:\/\/www.bedfont.com\/es\/productos\/medi-gas-check\/","og_locale":"es_ES","og_type":"article","og_title":"Medi-Gas Check - Bedfont Scientific Ltd.","og_description":"La gama Medi-Gas Check de equipos de comprobaci\u00f3n de tuber\u00edas m\u00e9dicas sirve para proteger a los pacientes y al personal de gases nocivos.","og_url":"https:\/\/www.bedfont.com\/es\/productos\/medi-gas-check\/","og_site_name":"Bedfont Scientific Ltd.","article_publisher":"https:\/\/www.facebook.com\/Bedfontltd\/","article_modified_time":"2024-10-28T06:41:38+00:00","og_image":[{"url":"https:\/\/www.bedfont.com\/wp-content\/uploads\/2024\/10\/medigas-product-page.jpg","type":"","width":"","height":""}],"twitter_card":"summary_large_image","twitter_site":"@BedfontLtd","twitter_misc":{"Tiempo de lectura":"3 minutos"},"schema":{"@context":"https:\/\/schema.org","@graph":[{"@type":"WebPage","@id":"https:\/\/www.bedfont.com\/es\/productos\/medi-gas-check\/","url":"https:\/\/www.bedfont.com\/es\/productos\/medi-gas-check\/","name":"Medi-Gas Check - Bedfont Scientific Ltd.","isPartOf":{"@id":"https:\/\/www.bedfont.com\/es\/#website"},"primaryImageOfPage":{"@id":"https:\/\/www.bedfont.com\/es\/productos\/medi-gas-check\/#primaryimage"},"image":{"@id":"https:\/\/www.bedfont.com\/es\/productos\/medi-gas-check\/#primaryimage"},"thumbnailUrl":"https:\/\/www.bedfont.com\/wp-content\/uploads\/2024\/10\/medigas-product-page.jpg","datePublished":"2022-11-04T14:14:34+00:00","dateModified":"2024-10-28T06:41:38+00:00","description":"La gama Medi-Gas Check de equipos de comprobaci\u00f3n de tuber\u00edas m\u00e9dicas sirve para proteger a los pacientes y al personal de gases nocivos.","breadcrumb":{"@id":"https:\/\/www.bedfont.com\/es\/productos\/medi-gas-check\/#breadcrumb"},"inLanguage":"es","potentialAction":[{"@type":"ReadAction","target":["https:\/\/www.bedfont.com\/es\/productos\/medi-gas-check\/"]}]},{"@type":"ImageObject","inLanguage":"es","@id":"https:\/\/www.bedfont.com\/es\/productos\/medi-gas-check\/#primaryimage","url":"https:\/\/www.bedfont.com\/wp-content\/uploads\/2024\/10\/medigas-product-page.jpg","contentUrl":"https:\/\/www.bedfont.com\/wp-content\/uploads\/2024\/10\/medigas-product-page.jpg"},{"@type":"BreadcrumbList","@id":"https:\/\/www.bedfont.com\/es\/productos\/medi-gas-check\/#breadcrumb","itemListElement":[{"@type":"ListItem","position":1,"name":"Home","item":"https:\/\/www.bedfont.com\/es\/"},{"@type":"ListItem","position":2,"name":"Productos","item":"https:\/\/www.bedfont.com\/es\/productos\/"},{"@type":"ListItem","position":3,"name":"Medi-Gas Check"}]},{"@type":"WebSite","@id":"https:\/\/www.bedfont.com\/es\/#website","url":"https:\/\/www.bedfont.com\/es\/","name":"Bedfont Scientific Ltd.","description":"World leaders in breath analysis.","publisher":{"@id":"https:\/\/www.bedfont.com\/es\/#organization"},"potentialAction":[{"@type":"SearchAction","target":{"@type":"EntryPoint","urlTemplate":"https:\/\/www.bedfont.com\/es\/?s={search_term_string}"},"query-input":{"@type":"PropertyValueSpecification","valueRequired":true,"valueName":"search_term_string"}}],"inLanguage":"es"},{"@type":"Organization","@id":"https:\/\/www.bedfont.com\/es\/#organization","name":"Bedfont Scientific Ltd.","url":"https:\/\/www.bedfont.com\/es\/","logo":{"@type":"ImageObject","inLanguage":"es","@id":"https:\/\/www.bedfont.com\/es\/#\/schema\/logo\/image\/","url":"https:\/\/www.bedfont.com\/wp-content\/uploads\/2023\/06\/logo.png","contentUrl":"https:\/\/www.bedfont.com\/wp-content\/uploads\/2023\/06\/logo.png","width":1600,"height":505,"caption":"Bedfont Scientific Ltd."},"image":{"@id":"https:\/\/www.bedfont.com\/es\/#\/schema\/logo\/image\/"},"sameAs":["https:\/\/www.facebook.com\/Bedfontltd\/","https:\/\/x.com\/BedfontLtd","https:\/\/www.instagram.com\/bedfontltd\/","https:\/\/www.linkedin.com\/company\/bedfont-scientific-ltd\/","https:\/\/www.youtube.com\/user\/BedfontScientificLtd"]}]}},"_links":{"self":[{"href":"https:\/\/www.bedfont.com\/es\/wp-json\/wp\/v2\/pages\/3571","targetHints":{"allow":["GET"]}}],"collection":[{"href":"https:\/\/www.bedfont.com\/es\/wp-json\/wp\/v2\/pages"}],"about":[{"href":"https:\/\/www.bedfont.com\/es\/wp-json\/wp\/v2\/types\/page"}],"author":[{"embeddable":true,"href":"https:\/\/www.bedfont.com\/es\/wp-json\/wp\/v2\/users\/6"}],"replies":[{"embeddable":true,"href":"https:\/\/www.bedfont.com\/es\/wp-json\/wp\/v2\/comments?post=3571"}],"version-history":[{"count":4,"href":"https:\/\/www.bedfont.com\/es\/wp-json\/wp\/v2\/pages\/3571\/revisions"}],"predecessor-version":[{"id":7334,"href":"https:\/\/www.bedfont.com\/es\/wp-json\/wp\/v2\/pages\/3571\/revisions\/7334"}],"up":[{"embeddable":true,"href":"https:\/\/www.bedfont.com\/es\/wp-json\/wp\/v2\/pages\/3665"}],"wp:attachment":[{"href":"https:\/\/www.bedfont.com\/es\/wp-json\/wp\/v2\/media?parent=3571"}],"curies":[{"name":"wp","href":"https:\/\/api.w.org\/{rel}","templated":true}]}}