{"id":3551,"date":"2023-02-15T16:35:39","date_gmt":"2023-02-15T16:35:39","guid":{"rendered":"https:\/\/bedfont.theprogressteam.com\/junta-medica-asesora\/"},"modified":"2025-01-02T11:29:31","modified_gmt":"2025-01-02T11:29:31","slug":"junta-medica-asesora","status":"publish","type":"page","link":"https:\/\/www.bedfont.com\/es\/junta-medica-asesora\/","title":{"rendered":"Junta M\u00e9dica Asesora"},"content":{"rendered":"<section class=\"hero-style-4 p-0 position-relative \" id=\"module-772-hero-0\">\n\t\t<div class=\"container-fluid overlay-img-holder\">\n\t\t\t<img width=\"1998\" height=\"544\" src=\"https:\/\/www.bedfont.com\/wp-content\/uploads\/2024\/10\/who-we-are.jpg\" class=\"w-100\" alt=\"\" decoding=\"async\" loading=\"lazy\" srcset=\"https:\/\/www.bedfont.com\/wp-content\/uploads\/2024\/10\/who-we-are.jpg 1998w, https:\/\/www.bedfont.com\/wp-content\/uploads\/2024\/10\/who-we-are-300x82.jpg 300w, https:\/\/www.bedfont.com\/wp-content\/uploads\/2024\/10\/who-we-are-1024x279.jpg 1024w, https:\/\/www.bedfont.com\/wp-content\/uploads\/2024\/10\/who-we-are-768x209.jpg 768w, https:\/\/www.bedfont.com\/wp-content\/uploads\/2024\/10\/who-we-are-1536x418.jpg 1536w\" sizes=\"auto, (max-width: 1998px) 100vw, 1998px\"\/>\n\t\t\t<div class=\"overlay\">\n\t\t\t\t<div class=\"col-12 col-md-8 mx-auto\">\n\t\t\t\t\t<h1>Junta M\u00e9dica Asesora<\/h1>\n\t\t\t\t\t<p>Estamos orgullosos de trabajar con una serie de l\u00edderes de opini\u00f3n clave (KOL) en el mundo respiratorio para ayudar a concienciar y educar sobre los beneficios del an\u00e1lisis de la respiraci\u00f3n para aplicaciones m\u00e9dicas.<\/p>\n\n\t\t\t\t<\/div>\n\t\t\t<\/div>\n\t\t<\/div>\n\t<\/section><section class=\"text-section text-center \" id=\"module-772-text-1\">\n\t<div class=\"container\">\n\t<h2 class=\"text-center\">Nuestros <span class=\"blue-text\">l\u00edderes de opini\u00f3n clave<\/span><\/h2>\n\t\t\t\t<p>Bienvenidos a nuestra p\u00e1gina del Consejo Asesor M\u00e9dico. Nos enorgullece presentar al equipo de L\u00edderes de Opini\u00f3n Clave que nos gu\u00edan en nuestra misi\u00f3n de mejorar la salud y el bienestar de nuestros clientes. <\/p>\n<p>Nuestros principales l\u00edderes de opini\u00f3n Nuestro Consejo Asesor M\u00e9dico est\u00e1 compuesto por profesionales sanitarios de gran experiencia, entre los que se incluyen m\u00e9dicos, farmac\u00e9uticos y otros expertos sanitarios. Aportan una gran cantidad de conocimientos y experiencia en diversas \u00e1reas de la medicina, como medicina interna, cirug\u00eda, cardiolog\u00eda, oncolog\u00eda y muchas otras. La funci\u00f3n principal de nuestro Consejo Asesor M\u00e9dico es proporcionar orientaci\u00f3n estrat\u00e9gica a nuestra empresa sobre diversas cuestiones m\u00e9dicas y sanitarias. Nos ayudan a estar al d\u00eda de los \u00faltimos avances m\u00e9dicos, opciones de tratamiento y directrices para garantizar que nuestros servicios cumplan los m\u00e1s altos est\u00e1ndares de atenci\u00f3n.   <\/p>\n<p>Nuestro Consejo Asesor M\u00e9dico tambi\u00e9n desempe\u00f1a un papel crucial en el desarrollo de nuestros productos y servicios. Nos ayudan a dise\u00f1ar y mejorar nuestras ofertas para garantizar que satisfacen las necesidades espec\u00edficas de nuestros clientes. Su experiencia y conocimientos nos ayudan a ofrecer soluciones innovadoras que mejoran la salud y la calidad de vida de nuestros clientes.  <\/p>\n<p>Estamos orgullosos de contar con un grupo tan diverso y talentoso de expertos m\u00e9dicos en nuestro Consejo Asesor M\u00e9dico. Su compromiso con el avance de la asistencia sanitaria y la mejora de los resultados de los pacientes es una parte esencial de nuestro \u00e9xito. Estamos agradecidos por su orientaci\u00f3n y apoyo, que nos ayudan a ofrecer la m\u00e1xima calidad asistencial a nuestros clientes.  <\/p>\n<p>Si tiene alguna pregunta o desea obtener m\u00e1s informaci\u00f3n sobre nuestro Consejo Asesor M\u00e9dico, p\u00f3ngase en contacto con nosotros. Estaremos encantados de facilitarle m\u00e1s informaci\u00f3n sobre la labor de nuestra junta y el papel que desempe\u00f1an en nuestra empresa. <\/p>\n\n\t<\/div>\n<\/section><section class=\"two-column-style-4 p-0 mab \" id=\"module-772-two_column_image_text-2\" style=\"--color: var(--purple);\">\n\t\t<div class=\"container-fluid m-0 p-0\">\n\t\t\t<div class=\"row m-0 flex-row-reverse\">\n\t\t\t\t<div class=\"col-12 col-lg-7 my-auto img-div-content text-white\">\n\t\t\t\t\t<h2 class=\"text-left\">Prof. Rodolfo de Paula Vieira<\/h2>\n\t\t\t\t\t<p>Profesor de la Universidad Evang\u00e9lica de Goi\u00e1s (UniEvang\u00e9lica), Supervisor del Programa de Maestr\u00eda y Doctorado de la UNIFESP y Director del IBEPIPE, Rodolfo de Paula Vieira tiene un doctorado en Patolog\u00eda, espec\u00edficamente en Inmunopatolog\u00eda de los pulmones, y 3 acreditaciones postdoctorales de la Facultad de Medicina de Sao Paulo en Brasil, el Departamento de Neumolog\u00eda del Hospital Universitario de Friburgo en Alemania y una beca postdoctoral otorgada por la Sociedad Respiratoria Europea y la Fundaci\u00f3n Marie Currie y la Uni\u00f3n Europea. Habiendo publicado m\u00e1s de 200 art\u00edculos cient\u00edficos revisados por pares internacionales, los principales estudios pre y cl\u00ednicos del Profesor Vieira giran en torno a la respuesta inmune, la fisiopatolog\u00eda de las enfermedades respiratorias y los efectos del ejercicio f\u00edsico en la rehabilitaci\u00f3n pulmonar. <\/p>\n\n\t\t\t\t<\/div>\n                <div class=\"col-12 col-lg-5 p-0 img-div\" style=\"background-image: url(https:\/\/www.bedfont.com\/wp-content\/uploads\/2024\/10\/rodolfo-1024x682.png)\"><\/div>\n\t\t\t<\/div>\n\t\t<\/div>\n\t<\/section><section class=\"two-column-style-4 p-0 mab \" id=\"module-772-two_column_image_text-3\" style=\"--color: var(--purple);\">\n\t\t<div class=\"container-fluid m-0 p-0\">\n\t\t\t<div class=\"row m-0 \">\n\t\t\t\t<div class=\"col-12 col-lg-7 my-auto img-div-content text-white\">\n\t\t\t\t\t<h2 class=\"text-left\">Carol Stonham<\/h2>\n\t\t\t\t\t<p>Carol, enfermera titulada desde 1986, pas\u00f3 de los hospitales de agudos a la atenci\u00f3n primaria en 1990. Con 26 a\u00f1os en la pr\u00e1ctica general, ahora trabaja en Gloucestershire ICB, dirigiendo el Grupo de Programa Cl\u00ednico Respiratorio y sirviendo como Jefe Cl\u00ednico de Asma para Ni\u00f1os y J\u00f3venes. Adem\u00e1s, codirige la Red Respiratoria del Suroeste de la NHSE. Carol fue pionera en el uso del FeNO en atenci\u00f3n primaria y lo integr\u00f3 en su kit de herramientas para el asma, implement\u00e1ndolo recientemente en las consultas de Gloucestershire. Fue presidenta ejecutiva de la PCRS, la primera mujer no m\u00e9dico que ocup\u00f3 ese cargo, y actualmente dirige la pol\u00edtica. Carol copreside el grupo de diagn\u00f3stico precoz y preciso del Lung Health Task Force y ha contribuido al grupo de diagn\u00f3stico de la disnea del NHS Long Term Plan. Titular de un m\u00e1ster en cuidados respiratorios, recibi\u00f3 el premio Queen&#8217;s Nurse en 2007 y fue distinguida con un MBE en 2016 por sus servicios a la enfermer\u00eda y la atenci\u00f3n sanitaria.      <\/p>\n\n\t\t\t\t<\/div>\n                <div class=\"col-12 col-lg-5 p-0 img-div\" style=\"background-image: url(https:\/\/www.bedfont.com\/wp-content\/uploads\/2024\/10\/carol-1024x682.jpg)\"><\/div>\n\t\t\t<\/div>\n\t\t<\/div>\n\t<\/section><section class=\"two-column-style-4 p-0 mab \" id=\"module-772-two_column_image_text-4\" style=\"--color: var(--pink);\">\n\t\t<div class=\"container-fluid m-0 p-0\">\n\t\t\t<div class=\"row m-0 flex-row-reverse\">\n\t\t\t\t<div class=\"col-12 col-lg-7 my-auto img-div-content text-white\">\n\t\t\t\t\t<h2 class=\"text-left\">Dr Jafar Jafari<\/h2>\n\t\t\t\t\t<p>Jefe de Fisiolog\u00eda del tracto gastrointestinal superior en los hospitales Guy&#8217;s and St Thomas&#8217; Foundation Trust, el Dr. Jafari es doctor en Medicina y en Neurogastroenterolog\u00eda, y ha participado en m\u00e1s de 100 publicaciones de investigaci\u00f3n sobre gastroenterolog\u00eda. Una de las principales \u00e1reas de inter\u00e9s del Dr. Jafari son las pruebas de hidr\u00f3geno y C13 en el aliento gastrointestinal. <\/p>\n\n\t\t\t\t<\/div>\n                <div class=\"col-12 col-lg-5 p-0 img-div\" style=\"background-image: url(https:\/\/www.bedfont.com\/wp-content\/uploads\/2024\/10\/jafari-1024x682.png)\"><\/div>\n\t\t\t<\/div>\n\t\t<\/div>\n\t<\/section><section class=\"two-column-style-4 p-0 mab \" id=\"module-772-two_column_image_text-5\" style=\"--color: var(--pink);\">\n\t\t<div class=\"container-fluid m-0 p-0\">\n\t\t\t<div class=\"row m-0 \">\n\t\t\t\t<div class=\"col-12 col-lg-7 my-auto img-div-content text-white\">\n\t\t\t\t\t<h2 class=\"text-left\">Melissa Dooley<\/h2>\n\t\t\t\t\t<p>Melissa comenz\u00f3 su carrera como fisi\u00f3loga gastrointestinal en el St. James&#8217;s Hospital de Dubl\u00edn. Durante su carrera, Melissa se interes\u00f3 mucho por el sobrecrecimiento bacteriano del intestino delgado y complet\u00f3 un proyecto de investigaci\u00f3n titulado \u00abSobrecrecimiento bacteriano del intestino delgado en pacientes posesofagectomizados y gastrectomizados\u00bb. Melissa es fisi\u00f3loga gastrointestinal acreditada y miembro del Instituto Irland\u00e9s de Cient\u00edficos de Medici\u00f3n Cl\u00ednica y de la Sociedad Brit\u00e1nica de Gastroenterolog\u00eda. Melissa tiene m\u00faltiples publicaciones y ha presentado sus investigaciones en conferencias nacionales e internacionales. Melissa fue galardonada con el premio RES MED\/PEI en 2008 por la Universidad Tecnol\u00f3gica de Dubl\u00edn (anteriormente Instituto de Tecnolog\u00eda de Dubl\u00edn) por sus destacados logros acad\u00e9micos.    <\/p>\n\n\t\t\t\t<\/div>\n                <div class=\"col-12 col-lg-5 p-0 img-div\" style=\"background-image: url(https:\/\/www.bedfont.com\/wp-content\/uploads\/2024\/10\/melissa-1024x683.jpg)\"><\/div>\n\t\t\t<\/div>\n\t\t<\/div>\n\t<\/section><section class=\"two-column-style-4 p-0 mab \" id=\"module-772-two_column_image_text-6\" style=\"--color: var(--blue);\">\n\t\t<div class=\"container-fluid m-0 p-0\">\n\t\t\t<div class=\"row m-0 flex-row-reverse\">\n\t\t\t\t<div class=\"col-12 col-lg-7 my-auto img-div-content text-white\">\n\t\t\t\t\t<h2 class=\"text-left\">Dr Amer Siddiq Amer Nordin<\/h2>\n\t\t\t\t\t<p>Profesor asociado de psiquiatr\u00eda y psiquiatra asesor de la Universidad de Malaya. Tambi\u00e9n es profesor adjunto de Salud P\u00fablica en la Universitas Airlanggar de Surabaya (Indonesia). Adem\u00e1s, dirige el grupo de investigaci\u00f3n sobre adicci\u00f3n a la nicotina en el Centro de Ciencias de la Adicci\u00f3n de la Universidad de Malaya (UMCAS) -NARCC y su trabajo de investigaci\u00f3n se centra principalmente en el control del tabaco y en ayudar a las personas a dejar de fumar.  <\/p>\n\n\t\t\t\t<\/div>\n                <div class=\"col-12 col-lg-5 p-0 img-div\" style=\"background-image: url(https:\/\/www.bedfont.com\/wp-content\/uploads\/2024\/10\/dr-amer-1024x683.png)\"><\/div>\n\t\t\t<\/div>\n\t\t<\/div>\n\t<\/section><section class=\"two-column-style-4 p-0 mab \" id=\"module-772-two_column_image_text-7\" style=\"--color: var(--blue);\">\n\t\t<div class=\"container-fluid m-0 p-0\">\n\t\t\t<div class=\"row m-0 \">\n\t\t\t\t<div class=\"col-12 col-lg-7 my-auto img-div-content text-white\">\n\t\t\t\t\t<h2 class=\"text-left\">Dr Anne Yee<\/h2>\n\t\t\t\t\t<p>La Dra. Anne Yee es actualmente profesora asociada y psiquiatra cl\u00ednica en la Universidad Monash de Malasia y en el Centro M\u00e9dico de la Universidad Malaya. Su investigaci\u00f3n se centra en la adicci\u00f3n a la nicotina. En la actualidad tambi\u00e9n es asesora t\u00e9cnica y experta del Ministerio de Sanidad de Malasia en el desarrollo y la aplicaci\u00f3n de las directrices nacionales de pr\u00e1ctica cl\u00ednica para el trastorno por consumo de tabaco, el proyecto mQuit Service, el grupo de trabajo t\u00e9cnico para dejar de fumar basado en la evidencia y la pol\u00edtica de tabaco libre en su universidad.  <\/p>\n\n\t\t\t\t<\/div>\n                <div class=\"col-12 col-lg-5 p-0 img-div\" style=\"background-image: url(https:\/\/www.bedfont.com\/wp-content\/uploads\/2024\/10\/dr-anne-yee-1024x781.jpg)\"><\/div>\n\t\t\t<\/div>\n\t\t<\/div>\n\t<\/section><section class=\"two-column-style-4 p-0 mab \" id=\"module-772-two_column_image_text-8\" style=\"--color: var(--blue);\">\n\t\t<div class=\"container-fluid m-0 p-0\">\n\t\t\t<div class=\"row m-0 flex-row-reverse\">\n\t\t\t\t<div class=\"col-12 col-lg-7 my-auto img-div-content text-white\">\n\t\t\t\t\t<h2 class=\"text-left\">Prof. Dr Sachin Sinha<\/h2>\n\t\t\t\t\t<p>Trabaja como profesor en el departamento de Patolog\u00eda maxilofacial en la India. Trabaja en Narain Sewa Sansthan desde hace 14 a\u00f1os en el campo de la intervenci\u00f3n y adicci\u00f3n al tabaco. Ha formado a m\u00e1s de 1.000 dentistas, m\u00e9dicos y param\u00e9dicos en la deshabituaci\u00f3n tab\u00e1quica a trav\u00e9s de un programa educativo continuo. El Dr. Sinha ha creado un total de 11 r\u00e9cords mundiales sobre el control del tabaco y la intoxicaci\u00f3n por mon\u00f3xido de carbono. Ha llevado a cabo el mayor programa de detecci\u00f3n de mon\u00f3xido de carbono de la India a trav\u00e9s de Sansthan para funcionarios del departamento de polic\u00eda en carretera, ya sea debido al tabaquismo o a la contaminaci\u00f3n ambiental.    <\/p>\n\n\t\t\t\t<\/div>\n                <div class=\"col-12 col-lg-5 p-0 img-div\" style=\"background-image: url(https:\/\/www.bedfont.com\/wp-content\/uploads\/2024\/10\/dr-sachin-sinha-1024x683.jpg)\"><\/div>\n\t\t\t<\/div>\n\t\t<\/div>\n\t<\/section>","protected":false},"excerpt":{"rendered":"<p>Junta M\u00e9dica Asesora Estamos orgullosos de trabajar con una serie de l\u00edderes de opini\u00f3n clave (KOL) en el mundo respiratorio para ayudar a concienciar y educar sobre los beneficios del an\u00e1lisis de la respiraci\u00f3n para aplicaciones m\u00e9dicas. Nuestros l\u00edderes de opini\u00f3n clave Bienvenidos a nuestra p\u00e1gina del Consejo Asesor M\u00e9dico. Nos enorgullece presentar al equipo [&hellip;]<\/p>\n","protected":false},"author":6,"featured_media":0,"parent":0,"menu_order":0,"comment_status":"closed","ping_status":"closed","template":"templates\/page-modules.php","meta":{"_acf_changed":false,"footnotes":""},"class_list":["post-3551","page","type-page","status-publish","hentry"],"acf":[],"yoast_head":"<!-- This site is optimized with the Yoast SEO plugin v27.4 - https:\/\/yoast.com\/product\/yoast-seo-wordpress\/ -->\n<title>Junta M\u00e9dica Asesora - Bedfont Scientific Ltd.<\/title>\n<meta name=\"description\" content=\"Estamos orgullosos de trabajar con una serie de l\u00edderes de opini\u00f3n clave (KOL) en el mundo respiratorio para ayudar a concienciar y educar sobre los beneficios del an\u00e1lisis de la respiraci\u00f3n para aplicaciones m\u00e9dicas.\" \/>\n<meta name=\"robots\" content=\"index, follow, max-snippet:-1, max-image-preview:large, max-video-preview:-1\" \/>\n<link rel=\"canonical\" href=\"https:\/\/www.bedfont.com\/es\/junta-medica-asesora\/\" \/>\n<meta property=\"og:locale\" content=\"es_ES\" \/>\n<meta property=\"og:type\" content=\"article\" \/>\n<meta property=\"og:title\" content=\"Junta M\u00e9dica Asesora - Bedfont Scientific Ltd.\" \/>\n<meta property=\"og:description\" content=\"Estamos orgullosos de trabajar con una serie de l\u00edderes de opini\u00f3n clave (KOL) en el mundo respiratorio para ayudar a concienciar y educar sobre los beneficios del an\u00e1lisis de la respiraci\u00f3n para aplicaciones m\u00e9dicas.\" \/>\n<meta property=\"og:url\" content=\"https:\/\/www.bedfont.com\/es\/junta-medica-asesora\/\" \/>\n<meta property=\"og:site_name\" content=\"Bedfont Scientific Ltd.\" \/>\n<meta property=\"article:publisher\" content=\"https:\/\/www.facebook.com\/Bedfontltd\/\" \/>\n<meta property=\"article:modified_time\" content=\"2025-01-02T11:29:31+00:00\" \/>\n<meta property=\"og:image\" content=\"https:\/\/www.bedfont.com\/wp-content\/uploads\/2024\/10\/who-we-are.jpg\" \/>\n<meta name=\"twitter:card\" content=\"summary_large_image\" \/>\n<meta name=\"twitter:site\" content=\"@BedfontLtd\" \/>\n<meta name=\"twitter:label1\" content=\"Tiempo de lectura\" \/>\n\t<meta name=\"twitter:data1\" content=\"6 minutos\" \/>\n<script type=\"application\/ld+json\" class=\"yoast-schema-graph\">{\"@context\":\"https:\\\/\\\/schema.org\",\"@graph\":[{\"@type\":\"WebPage\",\"@id\":\"https:\\\/\\\/www.bedfont.com\\\/es\\\/junta-medica-asesora\\\/\",\"url\":\"https:\\\/\\\/www.bedfont.com\\\/es\\\/junta-medica-asesora\\\/\",\"name\":\"Junta M\u00e9dica Asesora - Bedfont Scientific Ltd.\",\"isPartOf\":{\"@id\":\"https:\\\/\\\/www.bedfont.com\\\/es\\\/#website\"},\"primaryImageOfPage\":{\"@id\":\"https:\\\/\\\/www.bedfont.com\\\/es\\\/junta-medica-asesora\\\/#primaryimage\"},\"image\":{\"@id\":\"https:\\\/\\\/www.bedfont.com\\\/es\\\/junta-medica-asesora\\\/#primaryimage\"},\"thumbnailUrl\":\"https:\\\/\\\/www.bedfont.com\\\/wp-content\\\/uploads\\\/2024\\\/10\\\/who-we-are.jpg\",\"datePublished\":\"2023-02-15T16:35:39+00:00\",\"dateModified\":\"2025-01-02T11:29:31+00:00\",\"description\":\"Estamos orgullosos de trabajar con una serie de l\u00edderes de opini\u00f3n clave (KOL) en el mundo respiratorio para ayudar a concienciar y educar sobre los beneficios del an\u00e1lisis de la respiraci\u00f3n para aplicaciones m\u00e9dicas.\",\"breadcrumb\":{\"@id\":\"https:\\\/\\\/www.bedfont.com\\\/es\\\/junta-medica-asesora\\\/#breadcrumb\"},\"inLanguage\":\"es\",\"potentialAction\":[{\"@type\":\"ReadAction\",\"target\":[\"https:\\\/\\\/www.bedfont.com\\\/es\\\/junta-medica-asesora\\\/\"]}]},{\"@type\":\"ImageObject\",\"inLanguage\":\"es\",\"@id\":\"https:\\\/\\\/www.bedfont.com\\\/es\\\/junta-medica-asesora\\\/#primaryimage\",\"url\":\"https:\\\/\\\/www.bedfont.com\\\/wp-content\\\/uploads\\\/2024\\\/10\\\/who-we-are.jpg\",\"contentUrl\":\"https:\\\/\\\/www.bedfont.com\\\/wp-content\\\/uploads\\\/2024\\\/10\\\/who-we-are.jpg\"},{\"@type\":\"BreadcrumbList\",\"@id\":\"https:\\\/\\\/www.bedfont.com\\\/es\\\/junta-medica-asesora\\\/#breadcrumb\",\"itemListElement\":[{\"@type\":\"ListItem\",\"position\":1,\"name\":\"Home\",\"item\":\"https:\\\/\\\/www.bedfont.com\\\/es\\\/\"},{\"@type\":\"ListItem\",\"position\":2,\"name\":\"Junta M\u00e9dica Asesora\"}]},{\"@type\":\"WebSite\",\"@id\":\"https:\\\/\\\/www.bedfont.com\\\/es\\\/#website\",\"url\":\"https:\\\/\\\/www.bedfont.com\\\/es\\\/\",\"name\":\"Bedfont Scientific Ltd.\",\"description\":\"World leaders in breath analysis.\",\"publisher\":{\"@id\":\"https:\\\/\\\/www.bedfont.com\\\/es\\\/#organization\"},\"potentialAction\":[{\"@type\":\"SearchAction\",\"target\":{\"@type\":\"EntryPoint\",\"urlTemplate\":\"https:\\\/\\\/www.bedfont.com\\\/es\\\/?s={search_term_string}\"},\"query-input\":{\"@type\":\"PropertyValueSpecification\",\"valueRequired\":true,\"valueName\":\"search_term_string\"}}],\"inLanguage\":\"es\"},{\"@type\":\"Organization\",\"@id\":\"https:\\\/\\\/www.bedfont.com\\\/es\\\/#organization\",\"name\":\"Bedfont Scientific Ltd.\",\"url\":\"https:\\\/\\\/www.bedfont.com\\\/es\\\/\",\"logo\":{\"@type\":\"ImageObject\",\"inLanguage\":\"es\",\"@id\":\"https:\\\/\\\/www.bedfont.com\\\/es\\\/#\\\/schema\\\/logo\\\/image\\\/\",\"url\":\"https:\\\/\\\/www.bedfont.com\\\/wp-content\\\/uploads\\\/2023\\\/06\\\/logo.png\",\"contentUrl\":\"https:\\\/\\\/www.bedfont.com\\\/wp-content\\\/uploads\\\/2023\\\/06\\\/logo.png\",\"width\":1600,\"height\":505,\"caption\":\"Bedfont Scientific Ltd.\"},\"image\":{\"@id\":\"https:\\\/\\\/www.bedfont.com\\\/es\\\/#\\\/schema\\\/logo\\\/image\\\/\"},\"sameAs\":[\"https:\\\/\\\/www.facebook.com\\\/Bedfontltd\\\/\",\"https:\\\/\\\/x.com\\\/BedfontLtd\",\"https:\\\/\\\/www.instagram.com\\\/bedfontltd\\\/\",\"https:\\\/\\\/www.linkedin.com\\\/company\\\/bedfont-scientific-ltd\\\/\",\"https:\\\/\\\/www.youtube.com\\\/user\\\/BedfontScientificLtd\"]}]}<\/script>\n<!-- \/ Yoast SEO plugin. -->","yoast_head_json":{"title":"Junta M\u00e9dica Asesora - Bedfont Scientific Ltd.","description":"Estamos orgullosos de trabajar con una serie de l\u00edderes de opini\u00f3n clave (KOL) en el mundo respiratorio para ayudar a concienciar y educar sobre los beneficios del an\u00e1lisis de la respiraci\u00f3n para aplicaciones m\u00e9dicas.","robots":{"index":"index","follow":"follow","max-snippet":"max-snippet:-1","max-image-preview":"max-image-preview:large","max-video-preview":"max-video-preview:-1"},"canonical":"https:\/\/www.bedfont.com\/es\/junta-medica-asesora\/","og_locale":"es_ES","og_type":"article","og_title":"Junta M\u00e9dica Asesora - Bedfont Scientific Ltd.","og_description":"Estamos orgullosos de trabajar con una serie de l\u00edderes de opini\u00f3n clave (KOL) en el mundo respiratorio para ayudar a concienciar y educar sobre los beneficios del an\u00e1lisis de la respiraci\u00f3n para aplicaciones m\u00e9dicas.","og_url":"https:\/\/www.bedfont.com\/es\/junta-medica-asesora\/","og_site_name":"Bedfont Scientific Ltd.","article_publisher":"https:\/\/www.facebook.com\/Bedfontltd\/","article_modified_time":"2025-01-02T11:29:31+00:00","og_image":[{"url":"https:\/\/www.bedfont.com\/wp-content\/uploads\/2024\/10\/who-we-are.jpg","type":"","width":"","height":""}],"twitter_card":"summary_large_image","twitter_site":"@BedfontLtd","twitter_misc":{"Tiempo de lectura":"6 minutos"},"schema":{"@context":"https:\/\/schema.org","@graph":[{"@type":"WebPage","@id":"https:\/\/www.bedfont.com\/es\/junta-medica-asesora\/","url":"https:\/\/www.bedfont.com\/es\/junta-medica-asesora\/","name":"Junta M\u00e9dica Asesora - Bedfont Scientific Ltd.","isPartOf":{"@id":"https:\/\/www.bedfont.com\/es\/#website"},"primaryImageOfPage":{"@id":"https:\/\/www.bedfont.com\/es\/junta-medica-asesora\/#primaryimage"},"image":{"@id":"https:\/\/www.bedfont.com\/es\/junta-medica-asesora\/#primaryimage"},"thumbnailUrl":"https:\/\/www.bedfont.com\/wp-content\/uploads\/2024\/10\/who-we-are.jpg","datePublished":"2023-02-15T16:35:39+00:00","dateModified":"2025-01-02T11:29:31+00:00","description":"Estamos orgullosos de trabajar con una serie de l\u00edderes de opini\u00f3n clave (KOL) en el mundo respiratorio para ayudar a concienciar y educar sobre los beneficios del an\u00e1lisis de la respiraci\u00f3n para aplicaciones m\u00e9dicas.","breadcrumb":{"@id":"https:\/\/www.bedfont.com\/es\/junta-medica-asesora\/#breadcrumb"},"inLanguage":"es","potentialAction":[{"@type":"ReadAction","target":["https:\/\/www.bedfont.com\/es\/junta-medica-asesora\/"]}]},{"@type":"ImageObject","inLanguage":"es","@id":"https:\/\/www.bedfont.com\/es\/junta-medica-asesora\/#primaryimage","url":"https:\/\/www.bedfont.com\/wp-content\/uploads\/2024\/10\/who-we-are.jpg","contentUrl":"https:\/\/www.bedfont.com\/wp-content\/uploads\/2024\/10\/who-we-are.jpg"},{"@type":"BreadcrumbList","@id":"https:\/\/www.bedfont.com\/es\/junta-medica-asesora\/#breadcrumb","itemListElement":[{"@type":"ListItem","position":1,"name":"Home","item":"https:\/\/www.bedfont.com\/es\/"},{"@type":"ListItem","position":2,"name":"Junta M\u00e9dica Asesora"}]},{"@type":"WebSite","@id":"https:\/\/www.bedfont.com\/es\/#website","url":"https:\/\/www.bedfont.com\/es\/","name":"Bedfont Scientific Ltd.","description":"World leaders in breath analysis.","publisher":{"@id":"https:\/\/www.bedfont.com\/es\/#organization"},"potentialAction":[{"@type":"SearchAction","target":{"@type":"EntryPoint","urlTemplate":"https:\/\/www.bedfont.com\/es\/?s={search_term_string}"},"query-input":{"@type":"PropertyValueSpecification","valueRequired":true,"valueName":"search_term_string"}}],"inLanguage":"es"},{"@type":"Organization","@id":"https:\/\/www.bedfont.com\/es\/#organization","name":"Bedfont Scientific Ltd.","url":"https:\/\/www.bedfont.com\/es\/","logo":{"@type":"ImageObject","inLanguage":"es","@id":"https:\/\/www.bedfont.com\/es\/#\/schema\/logo\/image\/","url":"https:\/\/www.bedfont.com\/wp-content\/uploads\/2023\/06\/logo.png","contentUrl":"https:\/\/www.bedfont.com\/wp-content\/uploads\/2023\/06\/logo.png","width":1600,"height":505,"caption":"Bedfont Scientific Ltd."},"image":{"@id":"https:\/\/www.bedfont.com\/es\/#\/schema\/logo\/image\/"},"sameAs":["https:\/\/www.facebook.com\/Bedfontltd\/","https:\/\/x.com\/BedfontLtd","https:\/\/www.instagram.com\/bedfontltd\/","https:\/\/www.linkedin.com\/company\/bedfont-scientific-ltd\/","https:\/\/www.youtube.com\/user\/BedfontScientificLtd"]}]}},"_links":{"self":[{"href":"https:\/\/www.bedfont.com\/es\/wp-json\/wp\/v2\/pages\/3551","targetHints":{"allow":["GET"]}}],"collection":[{"href":"https:\/\/www.bedfont.com\/es\/wp-json\/wp\/v2\/pages"}],"about":[{"href":"https:\/\/www.bedfont.com\/es\/wp-json\/wp\/v2\/types\/page"}],"author":[{"embeddable":true,"href":"https:\/\/www.bedfont.com\/es\/wp-json\/wp\/v2\/users\/6"}],"replies":[{"embeddable":true,"href":"https:\/\/www.bedfont.com\/es\/wp-json\/wp\/v2\/comments?post=3551"}],"version-history":[{"count":8,"href":"https:\/\/www.bedfont.com\/es\/wp-json\/wp\/v2\/pages\/3551\/revisions"}],"predecessor-version":[{"id":7635,"href":"https:\/\/www.bedfont.com\/es\/wp-json\/wp\/v2\/pages\/3551\/revisions\/7635"}],"wp:attachment":[{"href":"https:\/\/www.bedfont.com\/es\/wp-json\/wp\/v2\/media?parent=3551"}],"curies":[{"name":"wp","href":"https:\/\/api.w.org\/{rel}","templated":true}]}}