{"id":3501,"date":"2024-01-09T16:29:36","date_gmt":"2024-01-09T16:29:36","guid":{"rendered":"https:\/\/bedfont.theprogressteam.com\/cleaning-bedfont-devices\/"},"modified":"2024-10-14T08:04:50","modified_gmt":"2024-10-14T08:04:50","slug":"limpieza-de-dispositivos-bedfont","status":"publish","type":"page","link":"https:\/\/www.bedfont.com\/es\/limpieza-de-dispositivos-bedfont\/","title":{"rendered":"Limpieza de dispositivos Bedfont"},"content":{"rendered":"\n<h1 class=\"wp-block-heading\">C\u00f3mo limpiar los dispositivos de an\u00e1lisis del aliento Bedfont<sup>\u00ae<\/sup><\/h1>\n\n<p>Para la limpieza de los analizadores de aliento Smokeryzer <sup>\u00ae<\/sup> , NObreath <sup>\u00ae<\/sup> , ToxCO <sup>\u00ae<\/sup> y Gastrolyzer <sup>\u00ae<\/sup> , se recomienda utilizar soluciones sin alcohol. <\/p>\n\n<p>Una opci\u00f3n es limpiar el dispositivo con un pa\u00f1o h\u00famedo con agua o un detergente suave; se recomiendan las siguientes categor\u00edas de productos de limpieza sin alcohol:<\/p>\n\n<figure class=\"wp-block-table mt-5 mb-5\"><table class=\"has-fixed-layout\"><tbody><tr><th>Ingredientes activos<\/th><th>Concentraci\u00f3n<\/th><th>Ejemplo<\/th><\/tr><tr><td>Isotiazolinona<\/td><td>&lt;0.01%<\/td><td>5-cloro-2-metil-2H-isotiazol-3-ona<\/td><\/tr><tr><td>Biguanida<\/td><td>&lt;1.0%<\/td><td>Clorhidrato de polihexametilenbiguanida<\/td><\/tr><tr><td>Biguanida<\/td><td>&lt;2%<\/td><td>Digluconato de clorhexidina<\/td><\/tr><tr><td>Compuesto de amonio cuaternario<\/td><td>&lt;5%<\/td><td>Cloruro de benzalconio<\/td><\/tr><tr><td>Hipoclorito de sodio<\/td><td>&lt;0.74%<\/td><td><\/td><\/tr><tr><td>Hidr\u00f3xido de sodio<\/td><td>&lt;0.25%<\/td><\/tr><\/tbody><\/table><\/figure>\n\n<p>Los productos y toallitas de limpieza que contengan los ingredientes mencionados en las concentraciones recomendadas son adecuados para su uso con los dispositivos de an\u00e1lisis del aliento Bedfont<sup>\u00ae<\/sup>.<\/p>\n\n<p><strong>Bedfont<sup>\u00ae<\/sup> ha probado y puede recomendar las siguientes toallitas limpiadoras:<\/strong><\/p>\n\n<ul class=\"wp-block-list\">\n<li>Toallitas Azomax Universal (de Vernacare)<\/li>\n\n\n\n<li>Toallitas Clinell Universal (de Gama Healthcare)<\/li>\n\n\n\n<li>Toallitas Clinell Clorox (de Gama Healthcare)<\/li>\n\n\n\n<li>Toallita desechable germicida AF3 Sani-cloth (por PDI)<\/li>\n<\/ul>\n\n<p>No limpie el dispositivo con productos que contengan cualquier tipo de alcohol, incluidos los productos de limpieza que puedan utilizarse para limpiar otros equipos o la superficie circundante, as\u00ed como toallitas, geles o sprays con alcohol utilizados en pacientes.<\/p>\n\n<p>No utilice productos como, entre otros:<\/p>\n\n<ul class=\"wp-block-list\">\n<li>Desinfectantes, sprays o toallitas que contengan alcohol.<\/li>\n\n\n\n<li>Cualquier producto de limpieza utilizado para limpiar sus instalaciones u otros equipos de la zona, as\u00ed como toallitas o sprays con alcohol utilizados con los pacientes.<\/li>\n\n\n\n<li>Desinfectante de manos que contenga alcohol.<\/li>\n<\/ul>\n\n<p>El uso de sustancias que contienen alcohol cerca de los dispositivos de an\u00e1lisis de aliento de Bedfont<sup>\u00ae<\/sup> puede causar resultados err\u00f3neos. Bedfont<sup>\u00ae<\/sup> recomienda minimizar el uso de cualquier solvente cerca o alrededor del dispositivo. <\/p>\n\n<p>Para m\u00e1s informaci\u00f3n sobre los procedimientos de limpieza, consulte los manuales de usuario de su aparato. Todos los manuales est\u00e1n <a href=\"\" target=\"\" title=\"\" rel=\"noopener\">disponibles <\/a> <\/p>\n\n<p>Si tiene alguna pregunta adicional sobre esta informaci\u00f3n, p\u00f3ngase en contacto con nosotros por correo electr\u00f3nico en <a href=\"mailto:ask@bedfont.com\">ask@bedfont.com<\/a> . Tambi\u00e9n puede llamarnos al +44 (0) 1622 851122. <\/p>\n","protected":false},"excerpt":{"rendered":"<p>C\u00f3mo limpiar los dispositivos de an\u00e1lisis del aliento Bedfont\u00ae Para la limpieza de los analizadores de aliento Smokeryzer \u00ae , NObreath \u00ae , ToxCO \u00ae y Gastrolyzer \u00ae , se recomienda utilizar soluciones sin alcohol. Una opci\u00f3n es limpiar el dispositivo con un pa\u00f1o h\u00famedo con agua o un detergente suave; se recomiendan las siguientes [&hellip;]<\/p>\n","protected":false},"author":6,"featured_media":0,"parent":0,"menu_order":0,"comment_status":"closed","ping_status":"closed","template":"templates\/page-gutenberg.php","meta":{"_acf_changed":false,"footnotes":""},"class_list":["post-3501","page","type-page","status-publish","hentry"],"acf":[],"yoast_head":"<!-- This site is optimized with the Yoast SEO plugin v27.5 - https:\/\/yoast.com\/product\/yoast-seo-wordpress\/ -->\n<title>Limpieza de dispositivos Bedfont - Bedfont Scientific Ltd.<\/title>\n<meta name=\"description\" content=\"Los productos de limpieza y toallitas de limpieza que contienen estos ingredientes en las concentraciones recomendadas son adecuados para su uso con nuestros dispositivos.\" \/>\n<meta name=\"robots\" content=\"index, follow, max-snippet:-1, max-image-preview:large, max-video-preview:-1\" \/>\n<link rel=\"canonical\" href=\"https:\/\/www.bedfont.com\/es\/limpieza-de-dispositivos-bedfont\/\" \/>\n<meta property=\"og:locale\" content=\"es_ES\" \/>\n<meta property=\"og:type\" content=\"article\" \/>\n<meta property=\"og:title\" content=\"Limpieza de dispositivos Bedfont - Bedfont Scientific Ltd.\" \/>\n<meta property=\"og:description\" content=\"Los productos de limpieza y toallitas de limpieza que contienen estos ingredientes en las concentraciones recomendadas son adecuados para su uso con nuestros dispositivos.\" \/>\n<meta property=\"og:url\" content=\"https:\/\/www.bedfont.com\/es\/limpieza-de-dispositivos-bedfont\/\" \/>\n<meta property=\"og:site_name\" content=\"Bedfont Scientific Ltd.\" \/>\n<meta property=\"article:publisher\" content=\"https:\/\/www.facebook.com\/Bedfontltd\/\" \/>\n<meta property=\"article:modified_time\" content=\"2024-10-14T08:04:50+00:00\" \/>\n<meta name=\"twitter:card\" content=\"summary_large_image\" \/>\n<meta name=\"twitter:site\" content=\"@BedfontLtd\" \/>\n<meta name=\"twitter:label1\" content=\"Tiempo de lectura\" \/>\n\t<meta name=\"twitter:data1\" content=\"2 minutos\" \/>\n<script type=\"application\/ld+json\" class=\"yoast-schema-graph\">{\"@context\":\"https:\\\/\\\/schema.org\",\"@graph\":[{\"@type\":\"WebPage\",\"@id\":\"https:\\\/\\\/www.bedfont.com\\\/es\\\/limpieza-de-dispositivos-bedfont\\\/\",\"url\":\"https:\\\/\\\/www.bedfont.com\\\/es\\\/limpieza-de-dispositivos-bedfont\\\/\",\"name\":\"Limpieza de dispositivos Bedfont - Bedfont Scientific Ltd.\",\"isPartOf\":{\"@id\":\"https:\\\/\\\/www.bedfont.com\\\/es\\\/#website\"},\"datePublished\":\"2024-01-09T16:29:36+00:00\",\"dateModified\":\"2024-10-14T08:04:50+00:00\",\"description\":\"Los productos de limpieza y toallitas de limpieza que contienen estos ingredientes en las concentraciones recomendadas son adecuados para su uso con nuestros dispositivos.\",\"breadcrumb\":{\"@id\":\"https:\\\/\\\/www.bedfont.com\\\/es\\\/limpieza-de-dispositivos-bedfont\\\/#breadcrumb\"},\"inLanguage\":\"es\",\"potentialAction\":[{\"@type\":\"ReadAction\",\"target\":[\"https:\\\/\\\/www.bedfont.com\\\/es\\\/limpieza-de-dispositivos-bedfont\\\/\"]}]},{\"@type\":\"BreadcrumbList\",\"@id\":\"https:\\\/\\\/www.bedfont.com\\\/es\\\/limpieza-de-dispositivos-bedfont\\\/#breadcrumb\",\"itemListElement\":[{\"@type\":\"ListItem\",\"position\":1,\"name\":\"Home\",\"item\":\"https:\\\/\\\/www.bedfont.com\\\/es\\\/\"},{\"@type\":\"ListItem\",\"position\":2,\"name\":\"Limpieza de dispositivos Bedfont\"}]},{\"@type\":\"WebSite\",\"@id\":\"https:\\\/\\\/www.bedfont.com\\\/es\\\/#website\",\"url\":\"https:\\\/\\\/www.bedfont.com\\\/es\\\/\",\"name\":\"Bedfont Scientific Ltd.\",\"description\":\"World leaders in breath analysis.\",\"potentialAction\":[{\"@type\":\"SearchAction\",\"target\":{\"@type\":\"EntryPoint\",\"urlTemplate\":\"https:\\\/\\\/www.bedfont.com\\\/es\\\/?s={search_term_string}\"},\"query-input\":{\"@type\":\"PropertyValueSpecification\",\"valueRequired\":true,\"valueName\":\"search_term_string\"}}],\"inLanguage\":\"es\"}]}<\/script>\n<!-- \/ Yoast SEO plugin. -->","yoast_head_json":{"title":"Limpieza de dispositivos Bedfont - Bedfont Scientific Ltd.","description":"Los productos de limpieza y toallitas de limpieza que contienen estos ingredientes en las concentraciones recomendadas son adecuados para su uso con nuestros dispositivos.","robots":{"index":"index","follow":"follow","max-snippet":"max-snippet:-1","max-image-preview":"max-image-preview:large","max-video-preview":"max-video-preview:-1"},"canonical":"https:\/\/www.bedfont.com\/es\/limpieza-de-dispositivos-bedfont\/","og_locale":"es_ES","og_type":"article","og_title":"Limpieza de dispositivos Bedfont - Bedfont Scientific Ltd.","og_description":"Los productos de limpieza y toallitas de limpieza que contienen estos ingredientes en las concentraciones recomendadas son adecuados para su uso con nuestros dispositivos.","og_url":"https:\/\/www.bedfont.com\/es\/limpieza-de-dispositivos-bedfont\/","og_site_name":"Bedfont Scientific Ltd.","article_publisher":"https:\/\/www.facebook.com\/Bedfontltd\/","article_modified_time":"2024-10-14T08:04:50+00:00","twitter_card":"summary_large_image","twitter_site":"@BedfontLtd","twitter_misc":{"Tiempo de lectura":"2 minutos"},"schema":{"@context":"https:\/\/schema.org","@graph":[{"@type":"WebPage","@id":"https:\/\/www.bedfont.com\/es\/limpieza-de-dispositivos-bedfont\/","url":"https:\/\/www.bedfont.com\/es\/limpieza-de-dispositivos-bedfont\/","name":"Limpieza de dispositivos Bedfont - Bedfont Scientific Ltd.","isPartOf":{"@id":"https:\/\/www.bedfont.com\/es\/#website"},"datePublished":"2024-01-09T16:29:36+00:00","dateModified":"2024-10-14T08:04:50+00:00","description":"Los productos de limpieza y toallitas de limpieza que contienen estos ingredientes en las concentraciones recomendadas son adecuados para su uso con nuestros dispositivos.","breadcrumb":{"@id":"https:\/\/www.bedfont.com\/es\/limpieza-de-dispositivos-bedfont\/#breadcrumb"},"inLanguage":"es","potentialAction":[{"@type":"ReadAction","target":["https:\/\/www.bedfont.com\/es\/limpieza-de-dispositivos-bedfont\/"]}]},{"@type":"BreadcrumbList","@id":"https:\/\/www.bedfont.com\/es\/limpieza-de-dispositivos-bedfont\/#breadcrumb","itemListElement":[{"@type":"ListItem","position":1,"name":"Home","item":"https:\/\/www.bedfont.com\/es\/"},{"@type":"ListItem","position":2,"name":"Limpieza de dispositivos Bedfont"}]},{"@type":"WebSite","@id":"https:\/\/www.bedfont.com\/es\/#website","url":"https:\/\/www.bedfont.com\/es\/","name":"Bedfont Scientific Ltd.","description":"World leaders in breath analysis.","potentialAction":[{"@type":"SearchAction","target":{"@type":"EntryPoint","urlTemplate":"https:\/\/www.bedfont.com\/es\/?s={search_term_string}"},"query-input":{"@type":"PropertyValueSpecification","valueRequired":true,"valueName":"search_term_string"}}],"inLanguage":"es"}]}},"_links":{"self":[{"href":"https:\/\/www.bedfont.com\/es\/wp-json\/wp\/v2\/pages\/3501","targetHints":{"allow":["GET"]}}],"collection":[{"href":"https:\/\/www.bedfont.com\/es\/wp-json\/wp\/v2\/pages"}],"about":[{"href":"https:\/\/www.bedfont.com\/es\/wp-json\/wp\/v2\/types\/page"}],"author":[{"embeddable":true,"href":"https:\/\/www.bedfont.com\/es\/wp-json\/wp\/v2\/users\/6"}],"replies":[{"embeddable":true,"href":"https:\/\/www.bedfont.com\/es\/wp-json\/wp\/v2\/comments?post=3501"}],"version-history":[{"count":6,"href":"https:\/\/www.bedfont.com\/es\/wp-json\/wp\/v2\/pages\/3501\/revisions"}],"predecessor-version":[{"id":6351,"href":"https:\/\/www.bedfont.com\/es\/wp-json\/wp\/v2\/pages\/3501\/revisions\/6351"}],"wp:attachment":[{"href":"https:\/\/www.bedfont.com\/es\/wp-json\/wp\/v2\/media?parent=3501"}],"curies":[{"name":"wp","href":"https:\/\/api.w.org\/{rel}","templated":true}]}}