{"id":3467,"date":"2023-02-09T14:17:44","date_gmt":"2023-02-09T14:17:44","guid":{"rendered":"https:\/\/bedfont.theprogressteam.com\/se-un-distribuidor\/"},"modified":"2024-10-14T10:51:54","modified_gmt":"2024-10-14T10:51:54","slug":"se-un-distribuidor","status":"publish","type":"page","link":"https:\/\/www.bedfont.com\/es\/se-un-distribuidor\/","title":{"rendered":"Convi\u00e9rtase en distribuidor"},"content":{"rendered":"<section class=\"subtle-bg mb-60px\" id=\"module-767-hero-0\">\n\t<img decoding=\"async\" src=\"https:\/\/www.bedfont.com\/wp-content\/themes\/bedfont\/assets\/img\/subtle-bg.jpg\" class=\"subtle-bg\" alt=\"Image of subtle website background\"\/>\n\t<div class=\"container\">\n\t\t<div class=\"row\">\n\t\t\t<div class=\"col-12 col-md-6 pe-5 my-auto\">\n\t\t\t\t<h1 class=\"text-left mt-lg-0\">Convi\u00e9rtase en distribuidor<\/h1>\n\t\t\t\t<p><\/p><p>Bedfont<sup>\u00ae<\/sup> se compromete a impulsar su negocio a trav\u00e9s de distribuidores cuidadosamente seleccionados que comparten el mismo objetivo de mejorar la atenci\u00f3n sanitaria en todo el mundo. Nuestros distribuidores tienen una trayectoria comprobada de liderazgo empresarial en diferentes sectores y trabajamos en estrecha colaboraci\u00f3n para mantener una relaci\u00f3n duradera con ellos. <\/p>\n<p>Siempre estamos buscando personas con ideas afines que nos ayuden a distribuir nuestros productos en todo el mundo en nuestra misi\u00f3n de proporcionar productos m\u00e9dicos de an\u00e1lisis del aliento de vanguardia.<\/p>\n<ul class=\"distributor-checklist\">\n<li><i class=\"fa-solid fa-check\" aria-hidden=\"true\"><\/i> Productos comercializados exitosamente a nivel mundial por m\u00e1s de 40 a\u00f1os<\/li>\n<li><i class=\"fa-solid fa-check\" aria-hidden=\"true\"><\/i> Nuestras marcas registradas se reconocen en m\u00e1s de 70 pa\u00edses<\/li>\n<li><i class=\"fa-solid fa-check\" aria-hidden=\"true\"><\/i> L\u00edderes del mercado en los sectores del cese del tabaquismo, gastroenterolog\u00eda y asma<\/li>\n<li><i class=\"fa-solid fa-check\" aria-hidden=\"true\"><\/i> Productos innovadores y de alta calidad a precios competitivos<\/li>\n<li><i class=\"fa-solid fa-check\" aria-hidden=\"true\"><\/i> Servicio r\u00e1pido y herramientas de mercadeo para apoyar tus actividades<\/li>\n<li><i class=\"fa-solid fa-check\" aria-hidden=\"true\"><\/i> Beneficios para socios<\/li>\n<\/ul>\n\n\t\t\t\t\n\t\t\t<\/div>\n\t\t\t<div class=\"col-12 col-md-6 mt-5 mt-lg-0\"><img width=\"500\" height=\"542\" src=\"https:\/\/www.bedfont.com\/wp-content\/uploads\/2024\/10\/distributor-image.png\" class=\"img-fluid br-30\" alt=\"\" decoding=\"async\" loading=\"lazy\" srcset=\"https:\/\/www.bedfont.com\/wp-content\/uploads\/2024\/10\/distributor-image.png 500w, https:\/\/www.bedfont.com\/wp-content\/uploads\/2024\/10\/distributor-image-277x300.png 277w\" sizes=\"auto, (max-width: 500px) 100vw, 500px\"\/><\/div>\n\t\t<\/div>\n\t<\/div>\n<\/section><section class=\"two-column-image-text style-3 accordion-module \" id=\"module-767-accordion-1\">\n\t<div class=\"container\">\n\t\t<div class=\"row \">\n\t\t\t<div class=\"col-12 col-lg-6 ps-md-5 who-we-are-home my-auto text-col\">\n\t<div class=\"inner\">\n\n\t\t\t\t<h2 class=\"text-center\">Beneficios de ser un distribuidor de Bedfont<\/h2>\n    <div class=\"accordion\" id=\"accordionModule\"><div class=\"accordion-item\"><h2 class=\"accordion-header\" id=\"heading0\"> <button class=\"accordion-button \" type=\"button\" data-bs-toggle=\"collapse\" data-bs-target=\"#collapse0\" aria-expanded=\"true\" aria-controls=\"collapse0\"> Mercadeo <\/button> <\/h2><div id=\"collapse0\" class=\"accordion-collapse collapse show\" aria-labelledby=\"heading0\" data-bs-parent=\"#accordionModule\">\n\t\t\t\t\t\t\t\t<div class=\"accordion-body\">\n\t\t\t\t\t\t\t\t\t<ul class=\"distributor-checklist\"><li><i class=\"fa-solid fa-check\" aria-hidden=\"true\"><\/i>Material de mercadeo<\/li><li><i class=\"fa-solid fa-check\" aria-hidden=\"true\"><\/i>Sales kitsKits de ventas<\/li><li><i class=\"fa-solid fa-check\" aria-hidden=\"true\"><\/i>Inclusi\u00f3n en nuestra p\u00e1gina web<\/li><li><i class=\"fa-solid fa-check\" aria-hidden=\"true\"><\/i>Promociones locales: campa\u00f1as regulares e incentivos adaptados a tu regi\u00f3n de ventas<\/li><li><i class=\"fa-solid fa-check\" aria-hidden=\"true\"><\/i>Posibilidad de subvenciones para iniciativas de mercadeo<\/li><\/ul>\n\t\t\t\t\t\t\t\t<\/div>\n\t\t\t\t\t\t\t<\/div><\/div><div class=\"accordion-item\"><h2 class=\"accordion-header\" id=\"heading1\"> <button class=\"accordion-button collapsed\" type=\"button\" data-bs-toggle=\"collapse\" data-bs-target=\"#collapse1\" aria-expanded=\"false\" aria-controls=\"collapse1\"> Soporte de ventas <\/button> <\/h2><div id=\"collapse1\" class=\"accordion-collapse collapse \" aria-labelledby=\"heading1\" data-bs-parent=\"#accordionModule\">\n\t\t\t\t\t\t\t\t<div class=\"accordion-body\">\n\t\t\t\t\t\t\t\t\t<ul class=\"distributor-checklist\"><li><i class=\"fa-solid fa-check\" aria-hidden=\"true\"><\/i>M\u00e1rgenes de ventas mejorados<\/li><li><i class=\"fa-solid fa-check\" aria-hidden=\"true\"><\/i>Descuentos en equipos de demostraci\u00f3n no destinados a la reventa (NFR)<\/li><li><i class=\"fa-solid fa-check\" aria-hidden=\"true\"><\/i>Lista de precios de venta al p\u00fablico (PVP)<\/li><li><i class=\"fa-solid fa-check\" aria-hidden=\"true\"><\/i>Gesti\u00f3n de cuentas dedicada y generaci\u00f3n de clientes potenciales<\/li><li><i class=\"fa-solid fa-check\" aria-hidden=\"true\"><\/i>Punto de contacto \u00fanico y receptivo<\/li><li><i class=\"fa-solid fa-check\" aria-hidden=\"true\"><\/i>Planificaci\u00f3n conjunta de ventas y mercadeo<\/li><li><i class=\"fa-solid fa-check\" aria-hidden=\"true\"><\/i>Soporte para visitas a clientes finales<\/li><li><i class=\"fa-solid fa-check\" aria-hidden=\"true\"><\/i>Transferencia de clientes potenciales<\/li><\/ul>\n\t\t\t\t\t\t\t\t<\/div>\n\t\t\t\t\t\t\t<\/div><\/div><div class=\"accordion-item\"><h2 class=\"accordion-header\" id=\"heading2\"> <button class=\"accordion-button collapsed\" type=\"button\" data-bs-toggle=\"collapse\" data-bs-target=\"#collapse2\" aria-expanded=\"false\" aria-controls=\"collapse2\"> Formaci\u00f3n <\/button> <\/h2><div id=\"collapse2\" class=\"accordion-collapse collapse \" aria-labelledby=\"heading2\" data-bs-parent=\"#accordionModule\">\n\t\t\t\t\t\t\t\t<div class=\"accordion-body\">\n\t\t\t\t\t\t\t\t\t<ul class=\"distributor-checklist\"><li><i class=\"fa-solid fa-check\" aria-hidden=\"true\"><\/i>Desarrollo de ventas y negocios<\/li><li><i class=\"fa-solid fa-check\" aria-hidden=\"true\"><\/i>Tutoriales en aula, webinar y en l\u00ednea<\/li><li><i class=\"fa-solid fa-check\" aria-hidden=\"true\"><\/i>Videos de productos<\/li><\/ul>\n\t\t\t\t\t\t\t\t<\/div>\n\t\t\t\t\t\t\t<\/div><\/div><div class=\"accordion-item\"><h2 class=\"accordion-header\" id=\"heading3\"> <button class=\"accordion-button collapsed\" type=\"button\" data-bs-toggle=\"collapse\" data-bs-target=\"#collapse3\" aria-expanded=\"false\" aria-controls=\"collapse3\"> Informaci\u00f3n dedicada <\/button> <\/h2><div id=\"collapse3\" class=\"accordion-collapse collapse \" aria-labelledby=\"heading3\" data-bs-parent=\"#accordionModule\">\n\t\t\t\t\t\t\t\t<div class=\"accordion-body\">\n\t\t\t\t\t\t\t\t\t<ul class=\"distributor-checklist\"><li><i class=\"fa-solid fa-check\" aria-hidden=\"true\"><\/i>Boletines regulares<\/li><li><i class=\"fa-solid fa-check\" aria-hidden=\"true\"><\/i>P\u00e1gina web para distribuidores<\/li><li><i class=\"fa-solid fa-check\" aria-hidden=\"true\"><\/i>Aviso temprano de lanzamiento y retirada de productos<\/li><li><i class=\"fa-solid fa-check\" aria-hidden=\"true\"><\/i>Especificaciones t\u00e9cnicas<\/li><\/ul>\n\t\t\t\t\t\t\t\t<\/div>\n\t\t\t\t\t\t\t<\/div><\/div><div class=\"accordion-item\"><h2 class=\"accordion-header\" id=\"heading4\"> <button class=\"accordion-button collapsed\" type=\"button\" data-bs-toggle=\"collapse\" data-bs-target=\"#collapse4\" aria-expanded=\"false\" aria-controls=\"collapse4\"> Soporte t\u00e9cnico <\/button> <\/h2><div id=\"collapse4\" class=\"accordion-collapse collapse \" aria-labelledby=\"heading4\" data-bs-parent=\"#accordionModule\">\n\t\t\t\t\t\t\t\t<div class=\"accordion-body\">\n\t\t\t\t\t\t\t\t\t<ul class=\"distributor-checklist\"><li><i class=\"fa-solid fa-check\" aria-hidden=\"true\"><\/i>Soporte en l\u00ednea y telef\u00f3nico<\/li><li><i class=\"fa-solid fa-check\" aria-hidden=\"true\"><\/i>Videoconferencias<\/li><li><i class=\"fa-solid fa-check\" aria-hidden=\"true\"><\/i>Inclusi\u00f3n en nuestra p\u00e1gina web<\/li><li><i class=\"fa-solid fa-check\" aria-hidden=\"true\"><\/i>Inclusi\u00f3n en nuestra p\u00e1gina web<\/li><li><i class=\"fa-solid fa-check\" aria-hidden=\"true\"><\/i>Garant\u00eda y garant\u00eda extendida<\/li><li><i class=\"fa-solid fa-check\" aria-hidden=\"true\"><\/i>Algunos beneficios dependen de la categor\u00eda del distribuidor.<\/li><\/ul>\n\t\t\t\t\t\t\t\t<\/div>\n\t\t\t\t\t\t\t<\/div><\/div><\/div>\n\t<div class=\"bottom-text mt-4 text-center\"><p>Algunos beneficios dependen de la categor\u00eda del distribuidor.<\/p>\n<\/div>\n\t\t\t<\/div>\n\t\t\t<\/div>\n\t\t\t<div class=\"col-12 col-lg-6\">\n\t\t\t<div class=\"image-box\">\n\t\t\t<img width=\"640\" height=\"482\" src=\"https:\/\/www.bedfont.com\/wp-content\/uploads\/2024\/10\/distributor-meeting-1024x771.jpg\" class=\"attachment-large size-large\" alt=\"\" decoding=\"async\" loading=\"lazy\" srcset=\"https:\/\/www.bedfont.com\/wp-content\/uploads\/2024\/10\/distributor-meeting-1024x771.jpg 1024w, https:\/\/www.bedfont.com\/wp-content\/uploads\/2024\/10\/distributor-meeting-300x226.jpg 300w, https:\/\/www.bedfont.com\/wp-content\/uploads\/2024\/10\/distributor-meeting-768x578.jpg 768w, https:\/\/www.bedfont.com\/wp-content\/uploads\/2024\/10\/distributor-meeting-1536x1157.jpg 1536w, https:\/\/www.bedfont.com\/wp-content\/uploads\/2024\/10\/distributor-meeting.jpg 2000w\" sizes=\"auto, (max-width: 640px) 100vw, 640px\"\/>\n\t\t\t<\/div>\n\t\t\t<\/div>\n\t\t<\/div>\n\t<\/div>\n<\/section><section class=\"two-column-image-text style-1 already-bedfont-distributor\" id=\"module-767-two_column_image_text-2\">\n\t<div class=\"container\">\n\t\t<div class=\"row flex-row-reverse\">\n\t\t\t<div class=\"col-12 col-lg-6 ps-md-5 who-we-are-home my-auto text-col\">\n\t<div class=\"inner\">\n\n\t\t\t\t<h2 class=\"text-left\">\u00bfYa eres <span class=\"blue-text\">distribuidor de Bedfont<\/span>?<\/h2>\n\t\t\t\t<p>Si ya eres distribuidor de Bedfont, puedes acceder a nuestra p\u00e1gina web para distribuidores utilizando tu login en el siguiente enlace. Aqu\u00ed encontrar\u00e1s noticias, informaci\u00f3n y recursos sobre Bedfont Scientific Ltd y nuestros productos. <\/p>\n\n                <div class='button-box button-pink'><a class='btn ' href='https:\/\/www.bedfont-distributor.com\/' target=\"_self\">Visite aqui<i class='fa fa-arrow-right ms-1' aria-hidden='true'><\/i><\/a><\/div>\n\t\t\t<\/div>\n\t\t\t<\/div>\n\t\t\t<div class=\"col-12 col-lg-6\">\n\t\t\t<div class=\"image-box\">\n\t\t\t\t<img width=\"500\" height=\"542\" src=\"https:\/\/www.bedfont.com\/wp-content\/uploads\/2024\/10\/distributor-image.png\" class=\"attachment-large size-large\" alt=\"\" decoding=\"async\" loading=\"lazy\" srcset=\"https:\/\/www.bedfont.com\/wp-content\/uploads\/2024\/10\/distributor-image.png 500w, https:\/\/www.bedfont.com\/wp-content\/uploads\/2024\/10\/distributor-image-277x300.png 277w\" sizes=\"auto, (max-width: 500px) 100vw, 500px\"\/>\n\t\t\t<\/div>\n\t\t\t<\/div>\n\t\t<\/div>\n\t<\/div>\n<\/section><section class=\"form text-center style-1 become-distributor-form\" id=\"module-767-form-3\"><div class=\"container\"><h2 class=\"text-center\">\u00a1Vu\u00e9lvete en un distribuidor hoy <span class=\"blue-text\">mismo!<\/span><\/h2><p>No pierdas esta oportunidad de unirte a una industria pr\u00f3spera y en crecimiento. Convi\u00e9rtete en distribuidor de Bedfont hoy mismo y toma el control de tu futuro financiero. \u00a1Llena el siguiente formulario para empezar!  <\/p>\n<script charset=\"utf-8\" type=\"text\/javascript\" src=\"\/\/js.hsforms.net\/forms\/embed\/v2.js\"><\/script>\n\t\t\t\t\t<script>\n\t\t\t\t\t  hbspt.forms.create({\n\t\t\t\t\t\tregion: \"na1\",\n\t\t\t\t\t\tportalId: \"6295439\",\n\t\t\t\t\t\tformId: \"306e0c18-ece3-46dc-93e9-31eca2c8c19a\"\n\t\t\t\t\t  });\n\t\t\t\t\t<\/script><\/div><\/section>","protected":false},"excerpt":{"rendered":"<p>Convi\u00e9rtase en distribuidor Bedfont\u00ae se compromete a impulsar su negocio a trav\u00e9s de distribuidores cuidadosamente seleccionados que comparten el mismo objetivo de mejorar la atenci\u00f3n sanitaria en todo el mundo. Nuestros distribuidores tienen una trayectoria comprobada de liderazgo empresarial en diferentes sectores y trabajamos en estrecha colaboraci\u00f3n para mantener una relaci\u00f3n duradera con ellos. Siempre [&hellip;]<\/p>\n","protected":false},"author":6,"featured_media":0,"parent":0,"menu_order":0,"comment_status":"closed","ping_status":"closed","template":"templates\/page-modules.php","meta":{"_acf_changed":false,"footnotes":""},"class_list":["post-3467","page","type-page","status-publish","hentry"],"acf":[],"yoast_head":"<!-- This site is optimized with the Yoast SEO plugin v27.5 - https:\/\/yoast.com\/product\/yoast-seo-wordpress\/ -->\n<title>Convi\u00e9rtase en distribuidor - Bedfont Scientific Ltd.<\/title>\n<meta name=\"description\" content=\"En Bedfont, estamos comprometidos a crecer el negocio a trav\u00e9s de distribuidores cuidadosamente seleccionados que comparten nuestro objetivo de mejorar la atenci\u00f3n sanitaria a nivel mundial.\" \/>\n<meta name=\"robots\" content=\"index, follow, max-snippet:-1, max-image-preview:large, max-video-preview:-1\" \/>\n<link rel=\"canonical\" href=\"https:\/\/www.bedfont.com\/es\/se-un-distribuidor\/\" \/>\n<meta property=\"og:locale\" content=\"es_ES\" \/>\n<meta property=\"og:type\" content=\"article\" \/>\n<meta property=\"og:title\" content=\"Convi\u00e9rtase en distribuidor - Bedfont Scientific Ltd.\" \/>\n<meta property=\"og:description\" content=\"En Bedfont, estamos comprometidos a crecer el negocio a trav\u00e9s de distribuidores cuidadosamente seleccionados que comparten nuestro objetivo de mejorar la atenci\u00f3n sanitaria a nivel mundial.\" \/>\n<meta property=\"og:url\" content=\"https:\/\/www.bedfont.com\/es\/se-un-distribuidor\/\" \/>\n<meta property=\"og:site_name\" content=\"Bedfont Scientific Ltd.\" \/>\n<meta property=\"article:publisher\" content=\"https:\/\/www.facebook.com\/Bedfontltd\/\" \/>\n<meta property=\"article:modified_time\" content=\"2024-10-14T10:51:54+00:00\" \/>\n<meta property=\"og:image\" content=\"https:\/\/www.bedfont.com\/wp-content\/themes\/bedfont\/assets\/img\/subtle-bg.jpg\" \/>\n<meta name=\"twitter:card\" content=\"summary_large_image\" \/>\n<meta name=\"twitter:site\" content=\"@BedfontLtd\" \/>\n<meta name=\"twitter:label1\" content=\"Tiempo de lectura\" \/>\n\t<meta name=\"twitter:data1\" content=\"2 minutos\" \/>\n<script type=\"application\/ld+json\" class=\"yoast-schema-graph\">{\"@context\":\"https:\\\/\\\/schema.org\",\"@graph\":[{\"@type\":\"WebPage\",\"@id\":\"https:\\\/\\\/www.bedfont.com\\\/es\\\/se-un-distribuidor\\\/\",\"url\":\"https:\\\/\\\/www.bedfont.com\\\/es\\\/se-un-distribuidor\\\/\",\"name\":\"Convi\u00e9rtase en distribuidor - Bedfont Scientific Ltd.\",\"isPartOf\":{\"@id\":\"https:\\\/\\\/www.bedfont.com\\\/es\\\/#website\"},\"primaryImageOfPage\":{\"@id\":\"https:\\\/\\\/www.bedfont.com\\\/es\\\/se-un-distribuidor\\\/#primaryimage\"},\"image\":{\"@id\":\"https:\\\/\\\/www.bedfont.com\\\/es\\\/se-un-distribuidor\\\/#primaryimage\"},\"thumbnailUrl\":\"https:\\\/\\\/www.bedfont.com\\\/wp-content\\\/themes\\\/bedfont\\\/assets\\\/img\\\/subtle-bg.jpg\",\"datePublished\":\"2023-02-09T14:17:44+00:00\",\"dateModified\":\"2024-10-14T10:51:54+00:00\",\"description\":\"En Bedfont, estamos comprometidos a crecer el negocio a trav\u00e9s de distribuidores cuidadosamente seleccionados que comparten nuestro objetivo de mejorar la atenci\u00f3n sanitaria a nivel mundial.\",\"breadcrumb\":{\"@id\":\"https:\\\/\\\/www.bedfont.com\\\/es\\\/se-un-distribuidor\\\/#breadcrumb\"},\"inLanguage\":\"es\",\"potentialAction\":[{\"@type\":\"ReadAction\",\"target\":[\"https:\\\/\\\/www.bedfont.com\\\/es\\\/se-un-distribuidor\\\/\"]}]},{\"@type\":\"ImageObject\",\"inLanguage\":\"es\",\"@id\":\"https:\\\/\\\/www.bedfont.com\\\/es\\\/se-un-distribuidor\\\/#primaryimage\",\"url\":\"https:\\\/\\\/www.bedfont.com\\\/wp-content\\\/themes\\\/bedfont\\\/assets\\\/img\\\/subtle-bg.jpg\",\"contentUrl\":\"https:\\\/\\\/www.bedfont.com\\\/wp-content\\\/themes\\\/bedfont\\\/assets\\\/img\\\/subtle-bg.jpg\"},{\"@type\":\"BreadcrumbList\",\"@id\":\"https:\\\/\\\/www.bedfont.com\\\/es\\\/se-un-distribuidor\\\/#breadcrumb\",\"itemListElement\":[{\"@type\":\"ListItem\",\"position\":1,\"name\":\"Home\",\"item\":\"https:\\\/\\\/www.bedfont.com\\\/es\\\/\"},{\"@type\":\"ListItem\",\"position\":2,\"name\":\"Convi\u00e9rtase en distribuidor\"}]},{\"@type\":\"WebSite\",\"@id\":\"https:\\\/\\\/www.bedfont.com\\\/es\\\/#website\",\"url\":\"https:\\\/\\\/www.bedfont.com\\\/es\\\/\",\"name\":\"Bedfont Scientific Ltd.\",\"description\":\"World leaders in breath analysis.\",\"potentialAction\":[{\"@type\":\"SearchAction\",\"target\":{\"@type\":\"EntryPoint\",\"urlTemplate\":\"https:\\\/\\\/www.bedfont.com\\\/es\\\/?s={search_term_string}\"},\"query-input\":{\"@type\":\"PropertyValueSpecification\",\"valueRequired\":true,\"valueName\":\"search_term_string\"}}],\"inLanguage\":\"es\"}]}<\/script>\n<!-- \/ Yoast SEO plugin. -->","yoast_head_json":{"title":"Convi\u00e9rtase en distribuidor - Bedfont Scientific Ltd.","description":"En Bedfont, estamos comprometidos a crecer el negocio a trav\u00e9s de distribuidores cuidadosamente seleccionados que comparten nuestro objetivo de mejorar la atenci\u00f3n sanitaria a nivel mundial.","robots":{"index":"index","follow":"follow","max-snippet":"max-snippet:-1","max-image-preview":"max-image-preview:large","max-video-preview":"max-video-preview:-1"},"canonical":"https:\/\/www.bedfont.com\/es\/se-un-distribuidor\/","og_locale":"es_ES","og_type":"article","og_title":"Convi\u00e9rtase en distribuidor - Bedfont Scientific Ltd.","og_description":"En Bedfont, estamos comprometidos a crecer el negocio a trav\u00e9s de distribuidores cuidadosamente seleccionados que comparten nuestro objetivo de mejorar la atenci\u00f3n sanitaria a nivel mundial.","og_url":"https:\/\/www.bedfont.com\/es\/se-un-distribuidor\/","og_site_name":"Bedfont Scientific Ltd.","article_publisher":"https:\/\/www.facebook.com\/Bedfontltd\/","article_modified_time":"2024-10-14T10:51:54+00:00","og_image":[{"url":"https:\/\/www.bedfont.com\/wp-content\/themes\/bedfont\/assets\/img\/subtle-bg.jpg","type":"","width":"","height":""}],"twitter_card":"summary_large_image","twitter_site":"@BedfontLtd","twitter_misc":{"Tiempo de lectura":"2 minutos"},"schema":{"@context":"https:\/\/schema.org","@graph":[{"@type":"WebPage","@id":"https:\/\/www.bedfont.com\/es\/se-un-distribuidor\/","url":"https:\/\/www.bedfont.com\/es\/se-un-distribuidor\/","name":"Convi\u00e9rtase en distribuidor - Bedfont Scientific Ltd.","isPartOf":{"@id":"https:\/\/www.bedfont.com\/es\/#website"},"primaryImageOfPage":{"@id":"https:\/\/www.bedfont.com\/es\/se-un-distribuidor\/#primaryimage"},"image":{"@id":"https:\/\/www.bedfont.com\/es\/se-un-distribuidor\/#primaryimage"},"thumbnailUrl":"https:\/\/www.bedfont.com\/wp-content\/themes\/bedfont\/assets\/img\/subtle-bg.jpg","datePublished":"2023-02-09T14:17:44+00:00","dateModified":"2024-10-14T10:51:54+00:00","description":"En Bedfont, estamos comprometidos a crecer el negocio a trav\u00e9s de distribuidores cuidadosamente seleccionados que comparten nuestro objetivo de mejorar la atenci\u00f3n sanitaria a nivel mundial.","breadcrumb":{"@id":"https:\/\/www.bedfont.com\/es\/se-un-distribuidor\/#breadcrumb"},"inLanguage":"es","potentialAction":[{"@type":"ReadAction","target":["https:\/\/www.bedfont.com\/es\/se-un-distribuidor\/"]}]},{"@type":"ImageObject","inLanguage":"es","@id":"https:\/\/www.bedfont.com\/es\/se-un-distribuidor\/#primaryimage","url":"https:\/\/www.bedfont.com\/wp-content\/themes\/bedfont\/assets\/img\/subtle-bg.jpg","contentUrl":"https:\/\/www.bedfont.com\/wp-content\/themes\/bedfont\/assets\/img\/subtle-bg.jpg"},{"@type":"BreadcrumbList","@id":"https:\/\/www.bedfont.com\/es\/se-un-distribuidor\/#breadcrumb","itemListElement":[{"@type":"ListItem","position":1,"name":"Home","item":"https:\/\/www.bedfont.com\/es\/"},{"@type":"ListItem","position":2,"name":"Convi\u00e9rtase en distribuidor"}]},{"@type":"WebSite","@id":"https:\/\/www.bedfont.com\/es\/#website","url":"https:\/\/www.bedfont.com\/es\/","name":"Bedfont Scientific Ltd.","description":"World leaders in breath analysis.","potentialAction":[{"@type":"SearchAction","target":{"@type":"EntryPoint","urlTemplate":"https:\/\/www.bedfont.com\/es\/?s={search_term_string}"},"query-input":{"@type":"PropertyValueSpecification","valueRequired":true,"valueName":"search_term_string"}}],"inLanguage":"es"}]}},"_links":{"self":[{"href":"https:\/\/www.bedfont.com\/es\/wp-json\/wp\/v2\/pages\/3467","targetHints":{"allow":["GET"]}}],"collection":[{"href":"https:\/\/www.bedfont.com\/es\/wp-json\/wp\/v2\/pages"}],"about":[{"href":"https:\/\/www.bedfont.com\/es\/wp-json\/wp\/v2\/types\/page"}],"author":[{"embeddable":true,"href":"https:\/\/www.bedfont.com\/es\/wp-json\/wp\/v2\/users\/6"}],"replies":[{"embeddable":true,"href":"https:\/\/www.bedfont.com\/es\/wp-json\/wp\/v2\/comments?post=3467"}],"version-history":[{"count":5,"href":"https:\/\/www.bedfont.com\/es\/wp-json\/wp\/v2\/pages\/3467\/revisions"}],"predecessor-version":[{"id":7090,"href":"https:\/\/www.bedfont.com\/es\/wp-json\/wp\/v2\/pages\/3467\/revisions\/7090"}],"wp:attachment":[{"href":"https:\/\/www.bedfont.com\/es\/wp-json\/wp\/v2\/media?parent=3467"}],"curies":[{"name":"wp","href":"https:\/\/api.w.org\/{rel}","templated":true}]}}