{"id":7494,"date":"2024-10-10T08:50:30","date_gmt":"2024-10-10T08:50:30","guid":{"rendered":"https:\/\/bedfont.theprogressteam.com\/gemeinschaft\/"},"modified":"2024-11-18T09:35:44","modified_gmt":"2024-11-18T09:35:44","slug":"gemeinschaft","status":"publish","type":"page","link":"https:\/\/www.bedfont.com\/de\/gemeinschaft\/","title":{"rendered":"Gemeinschaft"},"content":{"rendered":"<section class=\"subtle-bg careers-hero\" id=\"module-6726-hero-0\">\n\t<img decoding=\"async\" src=\"https:\/\/www.bedfont.com\/wp-content\/themes\/bedfont\/assets\/img\/subtle-bg.jpg\" class=\"subtle-bg\" alt=\"Bild eines dezenten Website-Hintergrunds\"\/>\n\t<div class=\"container\">\n\t\t<div class=\"row\">\n\t\t\t<div class=\"col-12 col-md-6 pe-5 my-auto\">\n\t\t\t\t<h1 class=\"text-left mt-lg-0\">Gemeinschaft<\/h1>\n\t\t\t\t<p><\/p><p>Bei Bedfont <sup>\u00ae<\/sup> engagieren wir uns daf\u00fcr, unsere lokale Gemeinschaft durch verschiedene Initiativen zur F\u00f6rderung von Wohlbefinden, Wachstum und Verbundenheit zu unterst\u00fctzen und einen sinnvollen Einfluss auf sie auszu\u00fcben.<\/p>\n<p>Ob wir Sportteams sponsern, wichtige Gesundheitsdienste unterst\u00fctzen oder an Spendenaktionen teilnehmen \u2013 unser Ziel ist es, das Leben der Menschen um uns herum positiv zu ver\u00e4ndern. Unser Engagement geht \u00fcber die finanzielle Unterst\u00fctzung hinaus, denn wir beteiligen uns aktiv an vielen dieser Initiativen und arbeiten gemeinsam mit unserer Community, um eine nachhaltige Wirkung zu erzielen. <\/p>\n\n\t\t\t\t\n\t\t\t<\/div>\n\t\t\t<div class=\"col-12 col-md-6 mt-5 mt-lg-0\"><img width=\"1500\" height=\"950\" src=\"https:\/\/www.bedfont.com\/wp-content\/uploads\/2024\/10\/bedfont-office-logo.png\" class=\"img-fluid br-30\" alt=\"\" decoding=\"async\" loading=\"lazy\" srcset=\"https:\/\/www.bedfont.com\/wp-content\/uploads\/2024\/10\/bedfont-office-logo.png 1500w, https:\/\/www.bedfont.com\/wp-content\/uploads\/2024\/10\/bedfont-office-logo-300x190.png 300w, https:\/\/www.bedfont.com\/wp-content\/uploads\/2024\/10\/bedfont-office-logo-1024x649.png 1024w, https:\/\/www.bedfont.com\/wp-content\/uploads\/2024\/10\/bedfont-office-logo-768x486.png 768w\" sizes=\"auto, (max-width: 1500px) 100vw, 1500px\"\/><\/div>\n\t\t<\/div>\n\t<\/div>\n<\/section><section class=\"text-section text-center pb-0\" id=\"module-6726-text-1\">\n\t<div class=\"container\">\n\t<h2 class=\"text-center\">Unsere <span class=\"blue-text\">Sponsorings<\/span><\/h2>\n\t\t\t\t\n\t<\/div>\n<\/section><section class=\"two-column-image-text style-1 community-section\" id=\"module-6726-two_column_image_text-2\">\n\t<div class=\"container\">\n\t\t<div class=\"row flex-row-reverse\">\n\t\t\t<div class=\"col-12 col-lg-6 ps-md-5 who-we-are-home my-auto text-col\">\n\t<div class=\"inner\">\n\n\t\t\t\t<h2 class=\"text-left\">Medway United <span class=\"blue-text\">U11-M\u00e4dchenfu\u00dfballmannschaft<\/span><\/h2>\n\t\t\t\t<p>Wir sind sehr stolz, die Fu\u00dfballmannschaft Medway United der M\u00e4dchen unter 11 Jahren zu sponsern. Die M\u00e4dchen hatten 2024 einen fantastischen Sommer bei drei verschiedenen Turnieren, wurden Zweite bei der Queen of the Town und gewannen den Anchorians Cup und den Medway Sheild. Ihre harte Arbeit, Entschlossenheit und Liebe zum Spiel waren deutlich zu erkennen und machten den Sommer f\u00fcr das Team zu einem wirklich erfolgreichen.  <\/p>\n<p>Unser CEO, Jason Smith, ist einer von drei engagierten Trainern, die unser Engagement durch Sponsoring und aktive Unterst\u00fctzung des Teams bei Wachstum und Erfolg bekr\u00e4ftigen. Wir werden das Team auch weiterhin unterst\u00fctzen, wenn es auf und neben dem Spielfeld Gro\u00dfes leistet. <\/p>\n\n                <div class='button-box button-pink'><a class='btn ' href='https:\/\/medwayunitedfc.co.uk\/teams\/under-11-girls-west' target=\"_blank\">Club Website<i class='fa fa-arrow-right ms-1' aria-hidden='true'><\/i><\/a><\/div>\n\t\t\t<\/div>\n\t\t\t<\/div>\n\t\t\t<div class=\"col-12 col-lg-6\">\n\t\t\t<div class=\"image-box\">\n\t\t\t\t<img width=\"640\" height=\"480\" src=\"https:\/\/www.bedfont.com\/wp-content\/uploads\/2024\/10\/medway-utd-1024x768.png\" class=\"attachment-large size-large\" alt=\"\" decoding=\"async\" loading=\"lazy\" srcset=\"https:\/\/www.bedfont.com\/wp-content\/uploads\/2024\/10\/medway-utd-1024x768.png 1024w, https:\/\/www.bedfont.com\/wp-content\/uploads\/2024\/10\/medway-utd-300x225.png 300w, https:\/\/www.bedfont.com\/wp-content\/uploads\/2024\/10\/medway-utd-768x576.png 768w, https:\/\/www.bedfont.com\/wp-content\/uploads\/2024\/10\/medway-utd.png 1200w\" sizes=\"auto, (max-width: 640px) 100vw, 640px\"\/>\n\t\t\t<\/div>\n\t\t\t<\/div>\n\t\t<\/div>\n\t<\/div>\n<\/section><section class=\"two-column-image-text style-1 community-section\" id=\"module-6726-two_column_image_text-3\">\n\t<div class=\"container\">\n\t\t<div class=\"row \">\n\t\t\t<div class=\"col-12 col-lg-6 ps-md-5 who-we-are-home my-auto text-col\">\n\t<div class=\"inner\">\n\n\t\t\t\t<h2 class=\"text-left\">Stolze Sponsoren des <span class=\"blue-text\">Heart of Kent Hospice<\/span><\/h2>\n\t\t\t\t<p>Heart of Kent Hospice ist eine fantastische Wohlt\u00e4tigkeitsorganisation, die Menschen am Ende ihres Lebens und deren Familien lebenswichtige Pflege bietet und ihnen in einigen der schwierigsten Momente des Lebens Unterst\u00fctzung, W\u00fcrde und Trost bietet.<\/p>\n<p>Das ganze Jahr \u00fcber organisiert das Heart of Kent Hospice verschiedene Veranstaltungen, um wichtige Gelder zu sammeln. Bedfont\u00ae ist stolz, diese Veranstaltungen sowohl zu sponsern als auch daran teilzunehmen. Anfang des Jahres waren wir stolz darauf, beim j\u00e4hrlichen Bluebell Walk \u00fcber 28.000 \u00a3 sammeln zu k\u00f6nnen. Unser Team nahm teil und half, durch eine Tombola zus\u00e4tzliche Mittel zu sammeln. Dar\u00fcber hinaus haben wir diesen Sommer eine Shaun-das-Schaf-Skulptur in ihrem lebendigen Kunstpfad gesponsert, eine Veranstaltung, die die Gemeinschaft zusammenbrachte und gleichzeitig Kreativit\u00e4t und Gro\u00dfz\u00fcgigkeit feierte.  <\/p>\n<p>Bei der j\u00fcngsten Auktion des Hospizes, bei der 60 Shaun-das-Schaf-Skulpturen versteigert wurden, konnte Bedfont\u00ae mitbieten und eine der einzigartigen Skulpturen ersteigern. Alle 60 Schafe wurden verkauft und die Auktion brachte der Wohlt\u00e4tigkeitsorganisation insgesamt bemerkenswerte 267.250 \u00a3 ein. <\/p>\n<p>Die Unterst\u00fctzung des Hospizes liegt uns wirklich am Herzen und wir freuen uns darauf, es auch weiterhin zu unterst\u00fctzen, damit es seine unsch\u00e4tzbaren Dienste weiterhin anbieten kann. Folgen Sie uns in den sozialen Medien, um \u00fcber alle Spendenaktionen des Heart of Kent Hospice auf dem Laufenden zu bleiben. <\/p>\n\n                <div class='button-box button-pink'><a class='btn ' href='https:\/\/www.hokh.org\/' target=\"_blank\">View Website<i class='fa fa-arrow-right ms-1' aria-hidden='true'><\/i><\/a><\/div>\n\t\t\t<\/div>\n\t\t\t<\/div>\n\t\t\t<div class=\"col-12 col-lg-6\">\n\t\t\t<div class=\"image-box\">\n\t\t\t\t<img width=\"640\" height=\"480\" src=\"https:\/\/www.bedfont.com\/wp-content\/uploads\/2024\/10\/hokh-sponsor.jpg\" class=\"attachment-large size-large\" alt=\"\" decoding=\"async\" loading=\"lazy\" srcset=\"https:\/\/www.bedfont.com\/wp-content\/uploads\/2024\/10\/hokh-sponsor.jpg 1024w, https:\/\/www.bedfont.com\/wp-content\/uploads\/2024\/10\/hokh-sponsor-300x225.jpg 300w, https:\/\/www.bedfont.com\/wp-content\/uploads\/2024\/10\/hokh-sponsor-768x576.jpg 768w\" sizes=\"auto, (max-width: 640px) 100vw, 640px\"\/>\n\t\t\t<\/div>\n\t\t\t<\/div>\n\t\t<\/div>\n\t<\/div>\n<\/section><section class=\"two-column-image-text style-1 community-section\" id=\"module-6726-two_column_image_text-4\">\n\t<div class=\"container\">\n\t\t<div class=\"row flex-row-reverse\">\n\t\t\t<div class=\"col-12 col-lg-6 ps-md-5 who-we-are-home my-auto text-col\">\n\t<div class=\"inner\">\n\n\t\t\t\t<h2 class=\"text-left\">Unterst\u00fctzung <span class=\"blue-text\">der Medway Asthma Self-Help (MASH)<\/span><\/h2>\n\t\t\t\t<p>Unsere Vision ist eine Welt, in der jeder Zugang zu sofortigen, nicht-invasiven und einfachen Atemtests hat, die bei der medizinischen Diagnose helfen. Deshalb unterst\u00fctzen wir mit Stolz MASH, eine Wohlt\u00e4tigkeitsorganisation, die den Menschen in Medway seit 1996 mit Informationen und Unterst\u00fctzung f\u00fcr Asthmatiker hilft. <\/p>\n<p>Wir liefern und warten das im Zentrum verwendete NObreath <sup>\u00ae-<\/sup> Ger\u00e4t zur Messung fraktionierten ausgeatmeten Stickstoffmonoxids (FeNO). NObreath <sup>\u00ae<\/sup> spielt eine entscheidende Rolle bei der Diagnose und Behandlung von Asthma, indem es die Entz\u00fcndung der Atemwege misst, was f\u00fcr eine wirksame Behandlung und Kontrolle von entscheidender Bedeutung ist. <\/p>\n<p>Unser Beitrag stellt sicher, dass MASH der Gemeinschaft diesen wertvollen Dienst anbieten kann und es Einzelpersonen erm\u00f6glicht, Verantwortung f\u00fcr ihre Atemwegsgesundheit zu \u00fcbernehmen.<\/p>\n<p>In Zusammenarbeit mit Carol Stonham, Mitglied unseres medizinischen Beirats, hat uns MASH k\u00fcrzlich dabei geholfen, ein privates Online-Webinar zu veranstalten, das den M\u00e4dchenfu\u00dfballmannschaften von Medway United wertvolle Hinweise zur Asthmabehandlung bei Kindern bot.<\/p>\n\n                <div class='button-box button-pink'><a class='btn ' href='https:\/\/www.medwayasthmaselfhelp.co.uk\/' target=\"_blank\">View Website<i class='fa fa-arrow-right ms-1' aria-hidden='true'><\/i><\/a><\/div>\n\t\t\t<\/div>\n\t\t\t<\/div>\n\t\t\t<div class=\"col-12 col-lg-6\">\n\t\t\t<div class=\"image-box\">\n\t\t\t\t<img width=\"640\" height=\"480\" src=\"https:\/\/www.bedfont.com\/wp-content\/uploads\/2024\/10\/mash-sponsor-1024x768.jpg\" class=\"attachment-large size-large\" alt=\"\" decoding=\"async\" loading=\"lazy\" srcset=\"https:\/\/www.bedfont.com\/wp-content\/uploads\/2024\/10\/mash-sponsor-1024x768.jpg 1024w, https:\/\/www.bedfont.com\/wp-content\/uploads\/2024\/10\/mash-sponsor-300x225.jpg 300w, https:\/\/www.bedfont.com\/wp-content\/uploads\/2024\/10\/mash-sponsor-768x576.jpg 768w, https:\/\/www.bedfont.com\/wp-content\/uploads\/2024\/10\/mash-sponsor.jpg 1200w\" sizes=\"auto, (max-width: 640px) 100vw, 640px\"\/>\n\t\t\t<\/div>\n\t\t\t<\/div>\n\t\t<\/div>\n\t<\/div>\n<\/section><section class=\"two-column-image-text style-1 community-section\" id=\"module-6726-two_column_image_text-5\">\n\t<div class=\"container\">\n\t\t<div class=\"row \">\n\t\t\t<div class=\"col-12 col-lg-6 ps-md-5 who-we-are-home my-auto text-col\">\n\t<div class=\"inner\">\n\n\t\t\t\t<h2 class=\"text-left\">Rymindr Rewards App: <span class=\"blue-text\">Unterst\u00fctzung f\u00fcr Schulen in ganz Gro\u00dfbritannien<\/span><\/h2>\n\t\t\t\t<p>Wir bei Bedfont <sup>\u00ae<\/sup> m\u00f6chten unseren Mitarbeitern ein positives und lohnendes Arbeitsumfeld bieten. Deshalb bieten wir Zugriff auf die Rymindr-App f\u00fcr Mitarbeiterpr\u00e4mien. Die App bietet unseren Mitarbeitern \u00fcber 16.000 Angebote und Rabatte, von allt\u00e4glichen Ersparnissen bis hin zu Sonderangeboten. <\/p>\n<p>Rymindr unterst\u00fctzt Schulen in ganz Gro\u00dfbritannien und bietet wichtige Hilfe wie kostenlose Schulmahlzeiten, Unterrichtsmaterialien und wichtige Ausr\u00fcstung, was die Nutzung dieser App noch sinnvoller macht. Unsere Mitarbeiter profitieren nicht nur pers\u00f6nlich, sondern tragen auch zu einer Sache bei, die dazu beitr\u00e4gt, dass Kinder in der Schule die Unterst\u00fctzung erhalten, die sie brauchen. Dies steht im Einklang mit unseren Werten, der Gemeinschaft etwas zur\u00fcckzugeben.  <\/p>\n\n                <div class='button-box button-pink'><a class='btn ' href='https:\/\/rymindr.com\/' target=\"_blank\">View Website<i class='fa fa-arrow-right ms-1' aria-hidden='true'><\/i><\/a><\/div>\n\t\t\t<\/div>\n\t\t\t<\/div>\n\t\t\t<div class=\"col-12 col-lg-6\">\n\t\t\t<div class=\"image-box\">\n\t\t\t\t<img width=\"640\" height=\"480\" src=\"https:\/\/www.bedfont.com\/wp-content\/uploads\/2024\/10\/rymindr.jpg\" class=\"attachment-large size-large\" alt=\"\" decoding=\"async\" loading=\"lazy\" srcset=\"https:\/\/www.bedfont.com\/wp-content\/uploads\/2024\/10\/rymindr.jpg 900w, https:\/\/www.bedfont.com\/wp-content\/uploads\/2024\/10\/rymindr-300x225.jpg 300w, https:\/\/www.bedfont.com\/wp-content\/uploads\/2024\/10\/rymindr-768x576.jpg 768w\" sizes=\"auto, (max-width: 640px) 100vw, 640px\"\/>\n\t\t\t<\/div>\n\t\t\t<\/div>\n\t\t<\/div>\n\t<\/div>\n<\/section><section class=\"two-column-image-text style-1 community-section\" id=\"module-6726-two_column_image_text-6\">\n\t<div class=\"container\">\n\t\t<div class=\"row flex-row-reverse\">\n\t\t\t<div class=\"col-12 col-lg-6 ps-md-5 who-we-are-home my-auto text-col\">\n\t<div class=\"inner\">\n\n\t\t\t\t<h2 class=\"text-left\">Blumenkasten in <span class=\"blue-text\">Harrietsham<\/span><\/h2>\n\t\t\t\t<p>Kleine Anstrengungen k\u00f6nnen zu gro\u00dfen Verbesserungen der Lebensqualit\u00e4t in unserer Gemeinde f\u00fchren. Als Teil unseres Engagements zur Verbesserung der \u00f6rtlichen Umwelt sponsern wir \u00fcber Harrietsham in Bloom einen Blumenkasten. Die Mittel werden zur Pflege des Blumenkastens verwendet, um sicherzustellen, dass er lebendig und gut gepflegt bleibt. Dies tr\u00e4gt dazu bei, dass die \u00f6rtliche Gegend sch\u00f6n und einladend bleibt.  <\/p>\n\n                \n\t\t\t<\/div>\n\t\t\t<\/div>\n\t\t\t<div class=\"col-12 col-lg-6\">\n\t\t\t<div class=\"image-box\">\n\t\t\t\t<img width=\"640\" height=\"480\" src=\"https:\/\/www.bedfont.com\/wp-content\/uploads\/2024\/10\/flower-box.jpg\" class=\"attachment-large size-large\" alt=\"\" decoding=\"async\" loading=\"lazy\" srcset=\"https:\/\/www.bedfont.com\/wp-content\/uploads\/2024\/10\/flower-box.jpg 800w, https:\/\/www.bedfont.com\/wp-content\/uploads\/2024\/10\/flower-box-300x225.jpg 300w, https:\/\/www.bedfont.com\/wp-content\/uploads\/2024\/10\/flower-box-768x576.jpg 768w\" sizes=\"auto, (max-width: 640px) 100vw, 640px\"\/>\n\t\t\t<\/div>\n\t\t\t<\/div>\n\t\t<\/div>\n\t<\/div>\n<\/section><section class=\"text-section text-center community-social\" id=\"module-6726-text-7\">\n\t<div class=\"container\">\n\t<h2 class=\"text-center\">Folgen Sie uns auf <span class=\"blue-text\">Social Media<\/span><\/h2>\n\t\t\t\t<p>Folgen Sie uns in den sozialen Medien, um mehr \u00fcber unser Engagement f\u00fcr die Gemeinschaft zu erfahren.<br\/>\n<div class='socials d-inline-block mt-5'><a class='nav-social-icon' target='_blank' href='https:\/\/www.facebook.com\/Bedfontltd\/'><i class='fa fa-facebook-f' aria-hidden='true'><\/i><\/a><a class='nav-social-icon' target='_blank' href='https:\/\/twitter.com\/BedfontLtd'><i class='fa-brands fa-x-twitter' aria-hidden='true'><\/i><\/a><a class='nav-social-icon' target='_blank' href='https:\/\/www.instagram.com\/bedfontltd\/'><i class='fa fa-instagram' aria-hidden='true'><\/i><\/a><a class='nav-social-icon' target='_blank' href='https:\/\/www.linkedin.com\/company\/bedfont-scientific-ltd'><i class='fa fa-linkedin' aria-hidden='true'><\/i><\/a><a class='nav-social-icon' target='_blank' href='https:\/\/www.youtube.com\/user\/BedfontScientificLtd'><i class='fa fa-youtube' aria-hidden='true'><\/i><\/a><\/div><\/p>\n\n\t<\/div>\n<\/section>","protected":false},"excerpt":{"rendered":"<p>Gemeinschaft Bei Bedfont \u00ae engagieren wir uns daf\u00fcr, unsere lokale Gemeinschaft durch verschiedene Initiativen zur F\u00f6rderung von Wohlbefinden, Wachstum und Verbundenheit zu unterst\u00fctzen und einen sinnvollen Einfluss auf sie auszu\u00fcben. Ob wir Sportteams sponsern, wichtige Gesundheitsdienste unterst\u00fctzen oder an Spendenaktionen teilnehmen \u2013 unser Ziel ist es, das Leben der Menschen um uns herum positiv zu [&hellip;]<\/p>\n","protected":false},"author":6,"featured_media":0,"parent":0,"menu_order":0,"comment_status":"closed","ping_status":"closed","template":"templates\/page-modules.php","meta":{"_acf_changed":false,"footnotes":""},"class_list":["post-7494","page","type-page","status-publish","hentry"],"acf":[],"yoast_head":"<!-- This site is optimized with the Yoast SEO plugin v27.5 - https:\/\/yoast.com\/product\/yoast-seo-wordpress\/ -->\n<title>Gemeinschaft - Bedfont Scientific Ltd.<\/title>\n<meta name=\"robots\" content=\"index, follow, max-snippet:-1, max-image-preview:large, max-video-preview:-1\" \/>\n<link rel=\"canonical\" href=\"https:\/\/www.bedfont.com\/de\/gemeinschaft\/\" \/>\n<meta property=\"og:locale\" content=\"de_DE\" \/>\n<meta property=\"og:type\" content=\"article\" \/>\n<meta property=\"og:title\" content=\"Gemeinschaft - Bedfont Scientific Ltd.\" \/>\n<meta property=\"og:description\" content=\"Gemeinschaft Bei Bedfont \u00ae engagieren wir uns daf\u00fcr, unsere lokale Gemeinschaft durch verschiedene Initiativen zur F\u00f6rderung von Wohlbefinden, Wachstum und Verbundenheit zu unterst\u00fctzen und einen sinnvollen Einfluss auf sie auszu\u00fcben. Ob wir Sportteams sponsern, wichtige Gesundheitsdienste unterst\u00fctzen oder an Spendenaktionen teilnehmen \u2013 unser Ziel ist es, das Leben der Menschen um uns herum positiv zu [&hellip;]\" \/>\n<meta property=\"og:url\" content=\"https:\/\/www.bedfont.com\/de\/gemeinschaft\/\" \/>\n<meta property=\"og:site_name\" content=\"Bedfont Scientific Ltd.\" \/>\n<meta property=\"article:publisher\" content=\"https:\/\/www.facebook.com\/Bedfontltd\/\" \/>\n<meta property=\"article:modified_time\" content=\"2024-11-18T09:35:44+00:00\" \/>\n<meta property=\"og:image\" content=\"https:\/\/www.bedfont.com\/wp-content\/themes\/bedfont\/assets\/img\/subtle-bg.jpg\" \/>\n<meta name=\"twitter:card\" content=\"summary_large_image\" \/>\n<meta name=\"twitter:site\" content=\"@BedfontLtd\" \/>\n<meta name=\"twitter:label1\" content=\"Gesch\u00e4tzte Lesezeit\" \/>\n\t<meta name=\"twitter:data1\" content=\"5\u00a0Minuten\" \/>\n<script type=\"application\/ld+json\" class=\"yoast-schema-graph\">{\"@context\":\"https:\\\/\\\/schema.org\",\"@graph\":[{\"@type\":\"WebPage\",\"@id\":\"https:\\\/\\\/www.bedfont.com\\\/de\\\/gemeinschaft\\\/\",\"url\":\"https:\\\/\\\/www.bedfont.com\\\/de\\\/gemeinschaft\\\/\",\"name\":\"Gemeinschaft - Bedfont Scientific Ltd.\",\"isPartOf\":{\"@id\":\"https:\\\/\\\/www.bedfont.com\\\/de\\\/#website\"},\"primaryImageOfPage\":{\"@id\":\"https:\\\/\\\/www.bedfont.com\\\/de\\\/gemeinschaft\\\/#primaryimage\"},\"image\":{\"@id\":\"https:\\\/\\\/www.bedfont.com\\\/de\\\/gemeinschaft\\\/#primaryimage\"},\"thumbnailUrl\":\"https:\\\/\\\/www.bedfont.com\\\/wp-content\\\/themes\\\/bedfont\\\/assets\\\/img\\\/subtle-bg.jpg\",\"datePublished\":\"2024-10-10T08:50:30+00:00\",\"dateModified\":\"2024-11-18T09:35:44+00:00\",\"breadcrumb\":{\"@id\":\"https:\\\/\\\/www.bedfont.com\\\/de\\\/gemeinschaft\\\/#breadcrumb\"},\"inLanguage\":\"de\",\"potentialAction\":[{\"@type\":\"ReadAction\",\"target\":[\"https:\\\/\\\/www.bedfont.com\\\/de\\\/gemeinschaft\\\/\"]}]},{\"@type\":\"ImageObject\",\"inLanguage\":\"de\",\"@id\":\"https:\\\/\\\/www.bedfont.com\\\/de\\\/gemeinschaft\\\/#primaryimage\",\"url\":\"https:\\\/\\\/www.bedfont.com\\\/wp-content\\\/themes\\\/bedfont\\\/assets\\\/img\\\/subtle-bg.jpg\",\"contentUrl\":\"https:\\\/\\\/www.bedfont.com\\\/wp-content\\\/themes\\\/bedfont\\\/assets\\\/img\\\/subtle-bg.jpg\"},{\"@type\":\"BreadcrumbList\",\"@id\":\"https:\\\/\\\/www.bedfont.com\\\/de\\\/gemeinschaft\\\/#breadcrumb\",\"itemListElement\":[{\"@type\":\"ListItem\",\"position\":1,\"name\":\"Home\",\"item\":\"https:\\\/\\\/www.bedfont.com\\\/de\\\/\"},{\"@type\":\"ListItem\",\"position\":2,\"name\":\"Gemeinschaft\"}]},{\"@type\":\"WebSite\",\"@id\":\"https:\\\/\\\/www.bedfont.com\\\/de\\\/#website\",\"url\":\"https:\\\/\\\/www.bedfont.com\\\/de\\\/\",\"name\":\"Bedfont Scientific Ltd.\",\"description\":\"World leaders in breath analysis.\",\"potentialAction\":[{\"@type\":\"SearchAction\",\"target\":{\"@type\":\"EntryPoint\",\"urlTemplate\":\"https:\\\/\\\/www.bedfont.com\\\/de\\\/?s={search_term_string}\"},\"query-input\":{\"@type\":\"PropertyValueSpecification\",\"valueRequired\":true,\"valueName\":\"search_term_string\"}}],\"inLanguage\":\"de\"}]}<\/script>\n<!-- \/ Yoast SEO plugin. -->","yoast_head_json":{"title":"Gemeinschaft - Bedfont Scientific Ltd.","robots":{"index":"index","follow":"follow","max-snippet":"max-snippet:-1","max-image-preview":"max-image-preview:large","max-video-preview":"max-video-preview:-1"},"canonical":"https:\/\/www.bedfont.com\/de\/gemeinschaft\/","og_locale":"de_DE","og_type":"article","og_title":"Gemeinschaft - Bedfont Scientific Ltd.","og_description":"Gemeinschaft Bei Bedfont \u00ae engagieren wir uns daf\u00fcr, unsere lokale Gemeinschaft durch verschiedene Initiativen zur F\u00f6rderung von Wohlbefinden, Wachstum und Verbundenheit zu unterst\u00fctzen und einen sinnvollen Einfluss auf sie auszu\u00fcben. Ob wir Sportteams sponsern, wichtige Gesundheitsdienste unterst\u00fctzen oder an Spendenaktionen teilnehmen \u2013 unser Ziel ist es, das Leben der Menschen um uns herum positiv zu [&hellip;]","og_url":"https:\/\/www.bedfont.com\/de\/gemeinschaft\/","og_site_name":"Bedfont Scientific Ltd.","article_publisher":"https:\/\/www.facebook.com\/Bedfontltd\/","article_modified_time":"2024-11-18T09:35:44+00:00","og_image":[{"url":"https:\/\/www.bedfont.com\/wp-content\/themes\/bedfont\/assets\/img\/subtle-bg.jpg","type":"","width":"","height":""}],"twitter_card":"summary_large_image","twitter_site":"@BedfontLtd","twitter_misc":{"Gesch\u00e4tzte Lesezeit":"5\u00a0Minuten"},"schema":{"@context":"https:\/\/schema.org","@graph":[{"@type":"WebPage","@id":"https:\/\/www.bedfont.com\/de\/gemeinschaft\/","url":"https:\/\/www.bedfont.com\/de\/gemeinschaft\/","name":"Gemeinschaft - Bedfont Scientific Ltd.","isPartOf":{"@id":"https:\/\/www.bedfont.com\/de\/#website"},"primaryImageOfPage":{"@id":"https:\/\/www.bedfont.com\/de\/gemeinschaft\/#primaryimage"},"image":{"@id":"https:\/\/www.bedfont.com\/de\/gemeinschaft\/#primaryimage"},"thumbnailUrl":"https:\/\/www.bedfont.com\/wp-content\/themes\/bedfont\/assets\/img\/subtle-bg.jpg","datePublished":"2024-10-10T08:50:30+00:00","dateModified":"2024-11-18T09:35:44+00:00","breadcrumb":{"@id":"https:\/\/www.bedfont.com\/de\/gemeinschaft\/#breadcrumb"},"inLanguage":"de","potentialAction":[{"@type":"ReadAction","target":["https:\/\/www.bedfont.com\/de\/gemeinschaft\/"]}]},{"@type":"ImageObject","inLanguage":"de","@id":"https:\/\/www.bedfont.com\/de\/gemeinschaft\/#primaryimage","url":"https:\/\/www.bedfont.com\/wp-content\/themes\/bedfont\/assets\/img\/subtle-bg.jpg","contentUrl":"https:\/\/www.bedfont.com\/wp-content\/themes\/bedfont\/assets\/img\/subtle-bg.jpg"},{"@type":"BreadcrumbList","@id":"https:\/\/www.bedfont.com\/de\/gemeinschaft\/#breadcrumb","itemListElement":[{"@type":"ListItem","position":1,"name":"Home","item":"https:\/\/www.bedfont.com\/de\/"},{"@type":"ListItem","position":2,"name":"Gemeinschaft"}]},{"@type":"WebSite","@id":"https:\/\/www.bedfont.com\/de\/#website","url":"https:\/\/www.bedfont.com\/de\/","name":"Bedfont Scientific Ltd.","description":"World leaders in breath analysis.","potentialAction":[{"@type":"SearchAction","target":{"@type":"EntryPoint","urlTemplate":"https:\/\/www.bedfont.com\/de\/?s={search_term_string}"},"query-input":{"@type":"PropertyValueSpecification","valueRequired":true,"valueName":"search_term_string"}}],"inLanguage":"de"}]}},"_links":{"self":[{"href":"https:\/\/www.bedfont.com\/de\/wp-json\/wp\/v2\/pages\/7494","targetHints":{"allow":["GET"]}}],"collection":[{"href":"https:\/\/www.bedfont.com\/de\/wp-json\/wp\/v2\/pages"}],"about":[{"href":"https:\/\/www.bedfont.com\/de\/wp-json\/wp\/v2\/types\/page"}],"author":[{"embeddable":true,"href":"https:\/\/www.bedfont.com\/de\/wp-json\/wp\/v2\/users\/6"}],"replies":[{"embeddable":true,"href":"https:\/\/www.bedfont.com\/de\/wp-json\/wp\/v2\/comments?post=7494"}],"version-history":[{"count":1,"href":"https:\/\/www.bedfont.com\/de\/wp-json\/wp\/v2\/pages\/7494\/revisions"}],"predecessor-version":[{"id":7496,"href":"https:\/\/www.bedfont.com\/de\/wp-json\/wp\/v2\/pages\/7494\/revisions\/7496"}],"wp:attachment":[{"href":"https:\/\/www.bedfont.com\/de\/wp-json\/wp\/v2\/media?parent=7494"}],"curies":[{"name":"wp","href":"https:\/\/api.w.org\/{rel}","templated":true}]}}