{"id":3705,"date":"2023-11-10T13:44:39","date_gmt":"2023-11-10T13:44:39","guid":{"rendered":"https:\/\/bedfont.theprogressteam.com\/terms-and-conditions\/"},"modified":"2024-10-10T09:57:02","modified_gmt":"2024-10-10T09:57:02","slug":"terms-and-conditions","status":"publish","type":"page","link":"https:\/\/www.bedfont.com\/de\/terms-and-conditions\/","title":{"rendered":"Gesch\u00e4ftsbedingungen"},"content":{"rendered":"\n<h1 class=\"text-left\">Allgemeine <span class=\"blue-text\">Gesch\u00e4ftsbedingungen <\/span><\/h1>\n\n<h2 class=\"wp-block-heading\">Einf\u00fchrung<\/h2>\n\n<p>Diese Bedingungen regeln Ihre Nutzung der Website von <sup>Bedfont\u00ae<\/sup> Scientific Ltd. (im Folgenden als &#8222;die Website&#8220; bezeichnet).\nDurch den Zugriff auf die Website erkl\u00e4ren Sie sich damit einverstanden, diese Bedingungen einzuhalten und an sie gebunden zu sein.\nWenn Sie mit einem Teil dieser Bedingungen nicht einverstanden sind, sollten Sie die Website nicht nutzen.  <\/p>\n\n<h2 class=\"wp-block-heading\">Begriffserkl\u00e4rungen<\/h2>\n\n<p><strong>\u201eBenutzer\u201c oder \u201eBenutzer\u201c:<\/strong> Bezieht sich auf Dritte, die auf diese Website oder eine andere Website in Verbindung mit <sup>Bedfont\u00ae<\/sup> zugreifen.<br\/><strong>\u201eInhalt\u201c:<\/strong> Umfasst Text, Grafiken, Bilder, Audio, Video, Software, Datenzusammenstellungen, Seitenlayout, zugrunde liegenden Code und alle anderen auf der Website gespeicherten Informationen.<br\/><strong>\u201eWebsite\u201c:<\/strong> Die Website, die Sie verwendet haben, bevor Sie zu www.bedfont.com weitergeleitet wurden. Oder diese Website. <\/p>\n\n<h2 class=\"wp-block-heading\">Geistiges Eigentum und angemessene Nutzung<\/h2>\n\n<p>Alle Inhalte auf der Website, sofern sie nicht von Nutzern hochgeladen wurden, sind Eigentum von <sup>Bedfont\u00ae<\/sup> Scientific Ltd. oder seinen verbundenen Unternehmen und durch Urheberrechte, Marken und andere geistige Eigentumsrechte gesch\u00fctzt.<\/p>\n\n<p>Benutzer d\u00fcrfen den Inhalt nur f\u00fcr den pers\u00f6nlichen, nicht-kommerziellen Gebrauch abrufen, anzeigen und ausdrucken.\nJede andere Verwendung erfordert eine schriftliche Genehmigung von <sup>Bedfont\u00ae<\/sup> Scientific Ltd. <\/p>\n\n<h2 class=\"wp-block-heading\">Verbotene Nutzung<\/h2>\n\n<p>Die Benutzer d\u00fcrfen nicht:<\/p>\n\n<ul class=\"wp-block-list\">\n<li>die Website zu besch\u00e4digen oder die Nutzung durch andere zu st\u00f6ren.<\/li>\n\n\n\n<li>Sch\u00e4dliches, ungesetzliches, missbr\u00e4uchliches oder anst\u00f6\u00dfiges Verhalten.<\/li>\n\n\n\n<li>Unerlaubte Kopien von urheberrechtlich gesch\u00fctzten Inhalten anzufertigen.<\/li>\n<\/ul>\n\n<h2 class=\"wp-block-heading\">Links zu anderen Websites<\/h2>\n\n<p>Die Website kann Links zu Websites Dritter enthalten. Bedfont<sup>\u00ae<\/sup> Scientific Ltd. ist nicht f\u00fcr den Inhalt dieser Seiten verantwortlich und lehnt jede Haftung f\u00fcr Verluste oder Sch\u00e4den ab, die sich aus deren Nutzung ergeben. <\/p>\n\n<h2 class=\"wp-block-heading\">Datenschutzhinweis<\/h2>\n\n<p>Ihre Nutzung der Website unterliegt unserer Datenschutzerkl\u00e4rung, die Sie unter folgender Adresse einsehen k\u00f6nnen:<a href=\"https:\/\/www.bedfont.com\/privacy-notice\/\"> https:\/\/www.bedfont.com\/privacy-notice\/. <\/a><\/p>\n\n<h2 class=\"wp-block-heading\">Verf\u00fcgbarkeit der Website und Haftungsausschl\u00fcsse<\/h2>\n\n<ol class=\"wp-block-list\">\n<li>Die Website und ihre Dienste werden &#8222;wie besehen&#8220; und &#8222;wie verf\u00fcgbar&#8220; ohne jegliche Garantie bereitgestellt. ( Einfach gesagt: Wir geben unser Bestes, dass alles super l\u00e4uft, aber garantieren k\u00f6nnen wir&#8217;s leider nicht.)<\/li>\n\n\n\n<li>Wir bei Bedfont<sup>\u00ae<\/sup> Scientific Ltd. tun unser M\u00f6glichstes, damit unsere Website sicher und fehlerfrei ist. Trotzdem k\u00f6nnen wir leider keine Garantie f\u00fcr absolute Sicherheit oder komplette Freiheit von Schadsoftware \u00fcbernehmen.<\/li>\n\n\n\n<li>Bedfont<sup>\u00ae<\/sup> Scientific Ltd. reserves the right to modify or discontinue any part of the Website without notice.<\/li>\n<\/ol>\n\n<h2 class=\"wp-block-heading\">Haftungsbeschr\u00e4nkung<\/h2>\n\n<ol class=\"wp-block-list\">\n<li>Die Haftung von Bedfont<sup>\u00ae<\/sup> Scientific Ltd. ist auf das gesetzlich zul\u00e4ssige Ma\u00df beschr\u00e4nkt.<\/li>\n\n\n\n<li>F\u00fcr Dinge, die wir nicht \u00e4ndern k\u00f6nnen, k\u00f6nnen wir leider keine Verantwortung \u00fcbernehmen.<\/li>\n\n\n\n<li>F\u00fcr finanzielle Einbu\u00dfen, Datenverlust oder Folgesch\u00e4den k\u00f6nnen wir leider nicht haften.<\/li>\n<\/ol>\n\n<h2 class=\"wp-block-heading\">Allgemein<\/h2>\n\n<ol class=\"wp-block-list\">\n<li>Diese Bedingungen k\u00f6nnen von <sup>Bedfont\u00ae<\/sup> Scientific Ltd. jederzeit ge\u00e4ndert werden.\nBenutzer sollten sie regelm\u00e4\u00dfig \u00fcberpr\u00fcfen. <\/li>\n\n\n\n<li>Diese Vereinbarung ist jetzt der Ma\u00dfstab f\u00fcr alles, was zwischen uns vereinbart wurde. Alle fr\u00fcheren Absprachen, egal ob m\u00fcndlich oder schriftlich, sind jetzt Schnee von gestern. So einfach ist das!<\/li>\n\n\n\n<li>Dieser Vertrag zwischen uns gilt nur f\u00fcr uns beide. Dritte haben hier keine Rechte.<\/li>\n\n\n\n<li>Sollte eine Bestimmung dieser Vereinbarung f\u00fcr unwirksam erkl\u00e4rt werden, bleiben die \u00fcbrigen Bestimmungen davon unber\u00fchrt.<\/li>\n\n\n\n<li>F\u00fcr diese Vereinbarung gilt englisches Recht, und Streitigkeiten werden vor englischen Gerichten entschieden. ( Alle Streitigkeiten im Zusammenhang mit diesen Nutzungsbedingungen werden ausschlie\u00dflich von den englischen und walisischen Gerichten entschieden.)<\/li>\n<\/ol>\n\n<h2 class=\"wp-block-heading\"><sup>Bedfont\u00ae<\/sup> Scientific Ltd.\nEinzelheiten <\/h2>\n\n<p>Bedfont<sup>\u00ae<\/sup> Scientific Ltd.: Ihr Partner f\u00fcr wissenschaftliche Belange: Standort und rechtliches: Sollten Sie es einmal ganz genau wissen wollen: Die Bedfont\u00ae Scientific Ltd. ist in England und Wales registriert (Firmennummer 01289798). Unser Firmensitz befindet sich in Station Yard, Station Road, Harrietsham, Kent, ME17 1JA.<\/p>\n\n<p>E-Mail: ask@bedfont.com | Telefon: +44(0)1622 851122<\/p>\n","protected":false},"excerpt":{"rendered":"<p>Allgemeine Gesch\u00e4ftsbedingungen Einf\u00fchrung Diese Bedingungen regeln Ihre Nutzung der Website von Bedfont\u00ae Scientific Ltd. (im Folgenden als &#8222;die Website&#8220; bezeichnet). Durch den Zugriff auf die Website erkl\u00e4ren Sie sich damit einverstanden, diese Bedingungen einzuhalten und an sie gebunden zu sein. Wenn Sie mit einem Teil dieser Bedingungen nicht einverstanden sind, sollten Sie die Website nicht [&hellip;]<\/p>\n","protected":false},"author":6,"featured_media":0,"parent":0,"menu_order":0,"comment_status":"closed","ping_status":"closed","template":"templates\/page-gutenberg.php","meta":{"_acf_changed":false,"footnotes":""},"class_list":["post-3705","page","type-page","status-publish","hentry"],"acf":[],"yoast_head":"<!-- This site is optimized with the Yoast SEO plugin v27.4 - https:\/\/yoast.com\/product\/yoast-seo-wordpress\/ -->\n<title>Gesch\u00e4ftsbedingungen - Bedfont Scientific Ltd.<\/title>\n<meta name=\"description\" content=\"Diese Gesch\u00e4ftsbedingungen gelten zwischen Ihnen, dem Benutzer dieser Website, und Bedfont Scientific Ltd, dem Eigent\u00fcmer und Betreiber dieser Website.\" \/>\n<meta name=\"robots\" content=\"index, follow, max-snippet:-1, max-image-preview:large, max-video-preview:-1\" \/>\n<link rel=\"canonical\" href=\"https:\/\/www.bedfont.com\/de\/terms-and-conditions\/\" \/>\n<meta property=\"og:locale\" content=\"de_DE\" \/>\n<meta property=\"og:type\" content=\"article\" \/>\n<meta property=\"og:title\" content=\"Gesch\u00e4ftsbedingungen - Bedfont Scientific Ltd.\" \/>\n<meta property=\"og:description\" content=\"Diese Gesch\u00e4ftsbedingungen gelten zwischen Ihnen, dem Benutzer dieser Website, und Bedfont Scientific Ltd, dem Eigent\u00fcmer und Betreiber dieser Website.\" \/>\n<meta property=\"og:url\" content=\"https:\/\/www.bedfont.com\/de\/terms-and-conditions\/\" \/>\n<meta property=\"og:site_name\" content=\"Bedfont Scientific Ltd.\" \/>\n<meta property=\"article:publisher\" content=\"https:\/\/www.facebook.com\/Bedfontltd\/\" \/>\n<meta property=\"article:modified_time\" content=\"2024-10-10T09:57:02+00:00\" \/>\n<meta name=\"twitter:card\" content=\"summary_large_image\" \/>\n<meta name=\"twitter:site\" content=\"@BedfontLtd\" \/>\n<meta name=\"twitter:label1\" content=\"Gesch\u00e4tzte Lesezeit\" \/>\n\t<meta name=\"twitter:data1\" content=\"3\u00a0Minuten\" \/>\n<script type=\"application\/ld+json\" class=\"yoast-schema-graph\">{\"@context\":\"https:\\\/\\\/schema.org\",\"@graph\":[{\"@type\":\"WebPage\",\"@id\":\"https:\\\/\\\/www.bedfont.com\\\/de\\\/terms-and-conditions\\\/\",\"url\":\"https:\\\/\\\/www.bedfont.com\\\/de\\\/terms-and-conditions\\\/\",\"name\":\"Gesch\u00e4ftsbedingungen - Bedfont Scientific Ltd.\",\"isPartOf\":{\"@id\":\"https:\\\/\\\/www.bedfont.com\\\/de\\\/#website\"},\"datePublished\":\"2023-11-10T13:44:39+00:00\",\"dateModified\":\"2024-10-10T09:57:02+00:00\",\"description\":\"Diese Gesch\u00e4ftsbedingungen gelten zwischen Ihnen, dem Benutzer dieser Website, und Bedfont Scientific Ltd, dem Eigent\u00fcmer und Betreiber dieser Website.\",\"breadcrumb\":{\"@id\":\"https:\\\/\\\/www.bedfont.com\\\/de\\\/terms-and-conditions\\\/#breadcrumb\"},\"inLanguage\":\"de\",\"potentialAction\":[{\"@type\":\"ReadAction\",\"target\":[\"https:\\\/\\\/www.bedfont.com\\\/de\\\/terms-and-conditions\\\/\"]}]},{\"@type\":\"BreadcrumbList\",\"@id\":\"https:\\\/\\\/www.bedfont.com\\\/de\\\/terms-and-conditions\\\/#breadcrumb\",\"itemListElement\":[{\"@type\":\"ListItem\",\"position\":1,\"name\":\"Home\",\"item\":\"https:\\\/\\\/www.bedfont.com\\\/de\\\/\"},{\"@type\":\"ListItem\",\"position\":2,\"name\":\"Gesch\u00e4ftsbedingungen\"}]},{\"@type\":\"WebSite\",\"@id\":\"https:\\\/\\\/www.bedfont.com\\\/de\\\/#website\",\"url\":\"https:\\\/\\\/www.bedfont.com\\\/de\\\/\",\"name\":\"Bedfont Scientific Ltd.\",\"description\":\"World leaders in breath analysis.\",\"publisher\":{\"@id\":\"https:\\\/\\\/www.bedfont.com\\\/de\\\/#organization\"},\"potentialAction\":[{\"@type\":\"SearchAction\",\"target\":{\"@type\":\"EntryPoint\",\"urlTemplate\":\"https:\\\/\\\/www.bedfont.com\\\/de\\\/?s={search_term_string}\"},\"query-input\":{\"@type\":\"PropertyValueSpecification\",\"valueRequired\":true,\"valueName\":\"search_term_string\"}}],\"inLanguage\":\"de\"},{\"@type\":\"Organization\",\"@id\":\"https:\\\/\\\/www.bedfont.com\\\/de\\\/#organization\",\"name\":\"Bedfont Scientific Ltd.\",\"url\":\"https:\\\/\\\/www.bedfont.com\\\/de\\\/\",\"logo\":{\"@type\":\"ImageObject\",\"inLanguage\":\"de\",\"@id\":\"https:\\\/\\\/www.bedfont.com\\\/de\\\/#\\\/schema\\\/logo\\\/image\\\/\",\"url\":\"https:\\\/\\\/www.bedfont.com\\\/wp-content\\\/uploads\\\/2023\\\/06\\\/logo.png\",\"contentUrl\":\"https:\\\/\\\/www.bedfont.com\\\/wp-content\\\/uploads\\\/2023\\\/06\\\/logo.png\",\"width\":1600,\"height\":505,\"caption\":\"Bedfont Scientific Ltd.\"},\"image\":{\"@id\":\"https:\\\/\\\/www.bedfont.com\\\/de\\\/#\\\/schema\\\/logo\\\/image\\\/\"},\"sameAs\":[\"https:\\\/\\\/www.facebook.com\\\/Bedfontltd\\\/\",\"https:\\\/\\\/x.com\\\/BedfontLtd\",\"https:\\\/\\\/www.instagram.com\\\/bedfontltd\\\/\",\"https:\\\/\\\/www.linkedin.com\\\/company\\\/bedfont-scientific-ltd\\\/\",\"https:\\\/\\\/www.youtube.com\\\/user\\\/BedfontScientificLtd\"]}]}<\/script>\n<!-- \/ Yoast SEO plugin. -->","yoast_head_json":{"title":"Gesch\u00e4ftsbedingungen - Bedfont Scientific Ltd.","description":"Diese Gesch\u00e4ftsbedingungen gelten zwischen Ihnen, dem Benutzer dieser Website, und Bedfont Scientific Ltd, dem Eigent\u00fcmer und Betreiber dieser Website.","robots":{"index":"index","follow":"follow","max-snippet":"max-snippet:-1","max-image-preview":"max-image-preview:large","max-video-preview":"max-video-preview:-1"},"canonical":"https:\/\/www.bedfont.com\/de\/terms-and-conditions\/","og_locale":"de_DE","og_type":"article","og_title":"Gesch\u00e4ftsbedingungen - Bedfont Scientific Ltd.","og_description":"Diese Gesch\u00e4ftsbedingungen gelten zwischen Ihnen, dem Benutzer dieser Website, und Bedfont Scientific Ltd, dem Eigent\u00fcmer und Betreiber dieser Website.","og_url":"https:\/\/www.bedfont.com\/de\/terms-and-conditions\/","og_site_name":"Bedfont Scientific Ltd.","article_publisher":"https:\/\/www.facebook.com\/Bedfontltd\/","article_modified_time":"2024-10-10T09:57:02+00:00","twitter_card":"summary_large_image","twitter_site":"@BedfontLtd","twitter_misc":{"Gesch\u00e4tzte Lesezeit":"3\u00a0Minuten"},"schema":{"@context":"https:\/\/schema.org","@graph":[{"@type":"WebPage","@id":"https:\/\/www.bedfont.com\/de\/terms-and-conditions\/","url":"https:\/\/www.bedfont.com\/de\/terms-and-conditions\/","name":"Gesch\u00e4ftsbedingungen - Bedfont Scientific Ltd.","isPartOf":{"@id":"https:\/\/www.bedfont.com\/de\/#website"},"datePublished":"2023-11-10T13:44:39+00:00","dateModified":"2024-10-10T09:57:02+00:00","description":"Diese Gesch\u00e4ftsbedingungen gelten zwischen Ihnen, dem Benutzer dieser Website, und Bedfont Scientific Ltd, dem Eigent\u00fcmer und Betreiber dieser Website.","breadcrumb":{"@id":"https:\/\/www.bedfont.com\/de\/terms-and-conditions\/#breadcrumb"},"inLanguage":"de","potentialAction":[{"@type":"ReadAction","target":["https:\/\/www.bedfont.com\/de\/terms-and-conditions\/"]}]},{"@type":"BreadcrumbList","@id":"https:\/\/www.bedfont.com\/de\/terms-and-conditions\/#breadcrumb","itemListElement":[{"@type":"ListItem","position":1,"name":"Home","item":"https:\/\/www.bedfont.com\/de\/"},{"@type":"ListItem","position":2,"name":"Gesch\u00e4ftsbedingungen"}]},{"@type":"WebSite","@id":"https:\/\/www.bedfont.com\/de\/#website","url":"https:\/\/www.bedfont.com\/de\/","name":"Bedfont Scientific Ltd.","description":"World leaders in breath analysis.","publisher":{"@id":"https:\/\/www.bedfont.com\/de\/#organization"},"potentialAction":[{"@type":"SearchAction","target":{"@type":"EntryPoint","urlTemplate":"https:\/\/www.bedfont.com\/de\/?s={search_term_string}"},"query-input":{"@type":"PropertyValueSpecification","valueRequired":true,"valueName":"search_term_string"}}],"inLanguage":"de"},{"@type":"Organization","@id":"https:\/\/www.bedfont.com\/de\/#organization","name":"Bedfont Scientific Ltd.","url":"https:\/\/www.bedfont.com\/de\/","logo":{"@type":"ImageObject","inLanguage":"de","@id":"https:\/\/www.bedfont.com\/de\/#\/schema\/logo\/image\/","url":"https:\/\/www.bedfont.com\/wp-content\/uploads\/2023\/06\/logo.png","contentUrl":"https:\/\/www.bedfont.com\/wp-content\/uploads\/2023\/06\/logo.png","width":1600,"height":505,"caption":"Bedfont Scientific Ltd."},"image":{"@id":"https:\/\/www.bedfont.com\/de\/#\/schema\/logo\/image\/"},"sameAs":["https:\/\/www.facebook.com\/Bedfontltd\/","https:\/\/x.com\/BedfontLtd","https:\/\/www.instagram.com\/bedfontltd\/","https:\/\/www.linkedin.com\/company\/bedfont-scientific-ltd\/","https:\/\/www.youtube.com\/user\/BedfontScientificLtd"]}]}},"_links":{"self":[{"href":"https:\/\/www.bedfont.com\/de\/wp-json\/wp\/v2\/pages\/3705","targetHints":{"allow":["GET"]}}],"collection":[{"href":"https:\/\/www.bedfont.com\/de\/wp-json\/wp\/v2\/pages"}],"about":[{"href":"https:\/\/www.bedfont.com\/de\/wp-json\/wp\/v2\/types\/page"}],"author":[{"embeddable":true,"href":"https:\/\/www.bedfont.com\/de\/wp-json\/wp\/v2\/users\/6"}],"replies":[{"embeddable":true,"href":"https:\/\/www.bedfont.com\/de\/wp-json\/wp\/v2\/comments?post=3705"}],"version-history":[{"count":3,"href":"https:\/\/www.bedfont.com\/de\/wp-json\/wp\/v2\/pages\/3705\/revisions"}],"predecessor-version":[{"id":6839,"href":"https:\/\/www.bedfont.com\/de\/wp-json\/wp\/v2\/pages\/3705\/revisions\/6839"}],"wp:attachment":[{"href":"https:\/\/www.bedfont.com\/de\/wp-json\/wp\/v2\/media?parent=3705"}],"curies":[{"name":"wp","href":"https:\/\/api.w.org\/{rel}","templated":true}]}}