{"id":3687,"date":"2022-07-06T14:48:53","date_gmt":"2022-07-06T14:48:53","guid":{"rendered":"https:\/\/bedfont.theprogressteam.com\/software\/"},"modified":"2024-10-14T10:56:08","modified_gmt":"2024-10-14T10:56:08","slug":"software","status":"publish","type":"page","link":"https:\/\/www.bedfont.com\/de\/software\/","title":{"rendered":"Software"},"content":{"rendered":"\n<h1 class=\"wp-block-heading\">Software<\/h1>\n\n<p class=\"mb-5\">Alle Informationen und Dokumente zu den Softwarel\u00f6sungen f\u00fcr unsere Produkte finden Sie im Folgenden. Sollten Sie ein Problem mit einem Produkt melden m\u00fcssen, wenden Sie sich bitte an Ihren H\u00e4ndler. <\/p>\n\n<div class=\"wp-block-columns is-layout-flex wp-container-core-columns-is-layout-9d6595d7 wp-block-columns-is-layout-flex\">\n<div class=\"wp-block-column is-layout-flow wp-block-column-is-layout-flow\" style=\"flex-basis:50%\">\n<div class=\"wp-block-columns are-vertically-aligned-center is-layout-flex wp-container-core-columns-is-layout-9d6595d7 wp-block-columns-is-layout-flex\">\n<div class=\"wp-block-column is-vertically-aligned-center is-layout-flow wp-block-column-is-layout-flow\" style=\"flex-basis:25%\">\n<figure class=\"wp-block-image size-full\"><a href=\"https:\/\/www.bedfont.com\/wp-content\/themes\/bedfont\/assets\/documents\/downloads\/Bedsoft_Framework.exe\"><img loading=\"lazy\" decoding=\"async\" width=\"180\" height=\"170\" src=\"https:\/\/www.bedfont.com\/wp-content\/uploads\/2024\/10\/bedsoft-icon.png\" alt=\"\" class=\"wp-image-5918\"\/><\/a><\/figure>\n<\/div>\n\n\n\n<div class=\"wp-block-column is-vertically-aligned-center is-layout-flow wp-block-column-is-layout-flow\" style=\"flex-basis:75%\">\n<h3 class=\"wp-block-heading has-text-color has-link-color wp-elements-9943bcf4066241e93d6c84e1c4cbc110\" style=\"color:#002b53\"><a href=\"https:\/\/www.bedfont.com\/wp-content\/themes\/bedfont\/assets\/documents\/downloads\/Bedsoft_Framework.exe\">Bedsoft<\/a><\/h3>\n\n\n\n<p class=\"has-text-color has-link-color wp-elements-0d4c3784729cd4dd7157495cc37ce3b5\" style=\"color:#002b53\"><a href=\"https:\/\/www.bedfont.com\/wp-content\/themes\/bedfont\/assets\/documents\/downloads\/Bedsoft_Framework.exe\">Mit dem Download von Bedsoft erhalten Sie Zugriff auf COdata+, ToxCOdata und GastroCHART, die mit Ihrem Smokerlyzer, ToxCO oder Gastrolyzer kompatibel sind.<\/a><\/p>\n<\/div>\n<\/div>\n<\/div>\n\n\n\n<div class=\"wp-block-column is-layout-flow wp-block-column-is-layout-flow\" style=\"flex-basis:50%\">\n<div class=\"wp-block-columns are-vertically-aligned-center is-layout-flex wp-container-core-columns-is-layout-9d6595d7 wp-block-columns-is-layout-flex\">\n<div class=\"wp-block-column is-vertically-aligned-center is-layout-flow wp-block-column-is-layout-flow\" style=\"flex-basis:25%\">\n<figure class=\"wp-block-image size-full\"><a href=\"https:\/\/www.bedfont.com\/wp-content\/themes\/bedfont\/assets\/documents\/downloads\/Bedsoft_Update_Tool_QSG.pdf\"><img loading=\"lazy\" decoding=\"async\" width=\"150\" height=\"150\" src=\"https:\/\/www.bedfont.com\/wp-content\/uploads\/2024\/10\/bedfont-icon.png\" alt=\"\" class=\"wp-image-5940\"\/><\/a><\/figure>\n<\/div>\n\n\n\n<div class=\"wp-block-column is-vertically-aligned-center is-layout-flow wp-block-column-is-layout-flow\" style=\"flex-basis:75%\">\n<h3 class=\"wp-block-heading has-text-color has-link-color wp-elements-8ddde0bb22a1f91e3bbc74ad6b8a875b\" style=\"color:#002b53\"><a href=\"https:\/\/www.bedfont.com\/wp-content\/themes\/bedfont\/assets\/documents\/downloads\/Bedsoft_Update_Tool_QSG.pdf\">Manual Bedsoft Update Tool QSG<\/a><\/h3>\n\n\n\n<p class=\"has-text-color has-link-color wp-elements-adcbf85fc7121ab88ede572a040887b3\" style=\"color:#002b53\"><a href=\"https:\/\/www.bedfont.com\/wp-content\/themes\/bedfont\/assets\/documents\/downloads\/Bedsoft_Update_Tool_QSG.pdf\">Diese Kurzanleitung enth\u00e4lt Anweisungen zur Verwendung des manuellen Bedsoft Update Tools. Erfahren Sie, wie Sie das Update Tool effizient finden, installieren und verwenden. <\/a><\/p>\n<\/div>\n<\/div>\n<\/div>\n<\/div>\n\n<div class=\"wp-block-columns is-layout-flex wp-container-core-columns-is-layout-9d6595d7 wp-block-columns-is-layout-flex\">\n<div class=\"wp-block-column is-layout-flow wp-block-column-is-layout-flow\" style=\"flex-basis:50%\">\n<div class=\"wp-block-columns are-vertically-aligned-center is-layout-flex wp-container-core-columns-is-layout-9d6595d7 wp-block-columns-is-layout-flex\">\n<div class=\"wp-block-column is-vertically-aligned-center is-layout-flow wp-block-column-is-layout-flow\" style=\"flex-basis:25%\">\n<figure class=\"wp-block-image size-full\"><a href=\"https:\/\/www.bedfont.com\/wp-content\/themes\/bedfont\/assets\/documents\/downloads\/Firmware_Updater.exe\"><img loading=\"lazy\" decoding=\"async\" width=\"180\" height=\"170\" src=\"https:\/\/www.bedfont.com\/wp-content\/uploads\/2024\/10\/bedsoft-icon.png\" alt=\"\" class=\"wp-image-5918\"\/><\/a><\/figure>\n<\/div>\n\n\n\n<div class=\"wp-block-column is-vertically-aligned-center is-layout-flow wp-block-column-is-layout-flow\" style=\"flex-basis:75%\">\n<h3 class=\"wp-block-heading has-text-color has-link-color wp-elements-4569e70fece462caa0a48ff9b2811a64\" style=\"color:#002b53\"><a href=\"https:\/\/www.bedfont.com\/wp-content\/themes\/bedfont\/assets\/documents\/downloads\/Firmware_Updater.exe\">Bedfont Firmware Updater Tool v1.84<\/a><\/h3>\n\n\n\n<p class=\"has-text-color has-link-color wp-elements-61df1ee3d9893ba590848612e1bbc68c\" style=\"color:#002b53\"><a href=\"https:\/\/www.bedfont.com\/wp-content\/themes\/bedfont\/assets\/documents\/downloads\/Firmware_Updater.exe\">Mit diesem Tool k\u00f6nnen Sie Firmware-Updates f\u00fcr die Produkte NObreath, Smokerlyzer, ToxCO und Gastrolyzer herunterladen. Stellen Sie sicher, dass Ihre Produkte auf dem neuesten Stand sind, indem Sie dieses Tool herunterladen und auf die neueste Version aktualisieren. <\/a><\/p>\n<\/div>\n<\/div>\n<\/div>\n\n\n\n<div class=\"wp-block-column is-layout-flow wp-block-column-is-layout-flow\" style=\"flex-basis:50%\">\n<div class=\"wp-block-columns are-vertically-aligned-center is-layout-flex wp-container-core-columns-is-layout-9d6595d7 wp-block-columns-is-layout-flex\">\n<div class=\"wp-block-column is-vertically-aligned-center is-layout-flow wp-block-column-is-layout-flow\" style=\"flex-basis:25%\">\n<figure class=\"wp-block-image size-full\"><a href=\"https:\/\/www.bedfont.com\/software\/product-software-activation\"><img loading=\"lazy\" decoding=\"async\" width=\"150\" height=\"150\" src=\"https:\/\/www.bedfont.com\/wp-content\/uploads\/2024\/10\/bedfont-icon.png\" alt=\"\" class=\"wp-image-5940\"\/><\/a><\/figure>\n<\/div>\n\n\n\n<div class=\"wp-block-column is-vertically-aligned-center is-layout-flow wp-block-column-is-layout-flow\" style=\"flex-basis:75%\">\n<h3 class=\"wp-block-heading has-text-color has-link-color wp-elements-77b0579d4ef5a3772e16cb59e847fbc1\" style=\"color:#002b53\"><a href=\"https:\/\/www.bedfont.com\/software\/product-software-activation\"><br\/>Product Software Activation Tool<\/a><\/h3>\n\n\n\n<p class=\"has-text-color has-link-color wp-elements-21a2cfc91de6af937b1f349c6314c523\" style=\"color:#002b53\"><a href=\"https:\/\/www.bedfont.com\/software\/product-software-activation\">Aktivieren Sie Ihre Produktsoftware manuell mit diesem Tool. Geben Sie einfach Ihren Produktschl\u00fcssel und Installationscode auf dieser Seite ein und klicken Sie dann auf die Schaltfl\u00e4che \u201eAktivieren\u201c. <\/a><\/p>\n<\/div>\n<\/div>\n<\/div>\n<\/div>\n","protected":false},"excerpt":{"rendered":"<p>Software Alle Informationen und Dokumente zu den Softwarel\u00f6sungen f\u00fcr unsere Produkte finden Sie im Folgenden. Sollten Sie ein Problem mit einem Produkt melden m\u00fcssen, wenden Sie sich bitte an Ihren H\u00e4ndler. Bedsoft Mit dem Download von Bedsoft erhalten Sie Zugriff auf COdata+, ToxCOdata und GastroCHART, die mit Ihrem Smokerlyzer, ToxCO oder Gastrolyzer kompatibel sind. Manual [&hellip;]<\/p>\n","protected":false},"author":6,"featured_media":0,"parent":0,"menu_order":0,"comment_status":"closed","ping_status":"closed","template":"templates\/page-gutenberg.php","meta":{"_acf_changed":false,"footnotes":""},"class_list":["post-3687","page","type-page","status-publish","hentry"],"acf":[],"yoast_head":"<!-- This site is optimized with the Yoast SEO plugin v27.4 - https:\/\/yoast.com\/product\/yoast-seo-wordpress\/ -->\n<title>Software - Bedfont Scientific Ltd.<\/title>\n<meta name=\"description\" content=\"Nachfolgend finden Sie s\u00e4mtliche Informationen und Dokumentationen zu der Software, die wir f\u00fcr unsere Produkte zur Atemanalyse bereitstellen.\" \/>\n<meta name=\"robots\" content=\"index, follow, max-snippet:-1, max-image-preview:large, max-video-preview:-1\" \/>\n<link rel=\"canonical\" href=\"https:\/\/www.bedfont.com\/de\/software\/\" \/>\n<meta property=\"og:locale\" content=\"de_DE\" \/>\n<meta property=\"og:type\" content=\"article\" \/>\n<meta property=\"og:title\" content=\"Software - Bedfont Scientific Ltd.\" \/>\n<meta property=\"og:description\" content=\"Nachfolgend finden Sie s\u00e4mtliche Informationen und Dokumentationen zu der Software, die wir f\u00fcr unsere Produkte zur Atemanalyse bereitstellen.\" \/>\n<meta property=\"og:url\" content=\"https:\/\/www.bedfont.com\/de\/software\/\" \/>\n<meta property=\"og:site_name\" content=\"Bedfont Scientific Ltd.\" \/>\n<meta property=\"article:publisher\" content=\"https:\/\/www.facebook.com\/Bedfontltd\/\" \/>\n<meta property=\"article:modified_time\" content=\"2024-10-14T10:56:08+00:00\" \/>\n<meta property=\"og:image\" content=\"https:\/\/www.bedfont.com\/wp-content\/uploads\/2024\/10\/bedsoft-icon.png\" \/>\n<meta name=\"twitter:card\" content=\"summary_large_image\" \/>\n<meta name=\"twitter:site\" content=\"@BedfontLtd\" \/>\n<meta name=\"twitter:label1\" content=\"Gesch\u00e4tzte Lesezeit\" \/>\n\t<meta name=\"twitter:data1\" content=\"1\u00a0Minute\" \/>\n<script type=\"application\/ld+json\" class=\"yoast-schema-graph\">{\"@context\":\"https:\\\/\\\/schema.org\",\"@graph\":[{\"@type\":\"WebPage\",\"@id\":\"https:\\\/\\\/www.bedfont.com\\\/de\\\/software\\\/\",\"url\":\"https:\\\/\\\/www.bedfont.com\\\/de\\\/software\\\/\",\"name\":\"Software - Bedfont Scientific Ltd.\",\"isPartOf\":{\"@id\":\"https:\\\/\\\/www.bedfont.com\\\/de\\\/#website\"},\"primaryImageOfPage\":{\"@id\":\"https:\\\/\\\/www.bedfont.com\\\/de\\\/software\\\/#primaryimage\"},\"image\":{\"@id\":\"https:\\\/\\\/www.bedfont.com\\\/de\\\/software\\\/#primaryimage\"},\"thumbnailUrl\":\"https:\\\/\\\/www.bedfont.com\\\/wp-content\\\/uploads\\\/2024\\\/10\\\/bedsoft-icon.png\",\"datePublished\":\"2022-07-06T14:48:53+00:00\",\"dateModified\":\"2024-10-14T10:56:08+00:00\",\"description\":\"Nachfolgend finden Sie s\u00e4mtliche Informationen und Dokumentationen zu der Software, die wir f\u00fcr unsere Produkte zur Atemanalyse bereitstellen.\",\"breadcrumb\":{\"@id\":\"https:\\\/\\\/www.bedfont.com\\\/de\\\/software\\\/#breadcrumb\"},\"inLanguage\":\"de\",\"potentialAction\":[{\"@type\":\"ReadAction\",\"target\":[\"https:\\\/\\\/www.bedfont.com\\\/de\\\/software\\\/\"]}]},{\"@type\":\"ImageObject\",\"inLanguage\":\"de\",\"@id\":\"https:\\\/\\\/www.bedfont.com\\\/de\\\/software\\\/#primaryimage\",\"url\":\"https:\\\/\\\/www.bedfont.com\\\/wp-content\\\/uploads\\\/2024\\\/10\\\/bedsoft-icon.png\",\"contentUrl\":\"https:\\\/\\\/www.bedfont.com\\\/wp-content\\\/uploads\\\/2024\\\/10\\\/bedsoft-icon.png\"},{\"@type\":\"BreadcrumbList\",\"@id\":\"https:\\\/\\\/www.bedfont.com\\\/de\\\/software\\\/#breadcrumb\",\"itemListElement\":[{\"@type\":\"ListItem\",\"position\":1,\"name\":\"Home\",\"item\":\"https:\\\/\\\/www.bedfont.com\\\/de\\\/\"},{\"@type\":\"ListItem\",\"position\":2,\"name\":\"Software\"}]},{\"@type\":\"WebSite\",\"@id\":\"https:\\\/\\\/www.bedfont.com\\\/de\\\/#website\",\"url\":\"https:\\\/\\\/www.bedfont.com\\\/de\\\/\",\"name\":\"Bedfont Scientific Ltd.\",\"description\":\"World leaders in breath analysis.\",\"publisher\":{\"@id\":\"https:\\\/\\\/www.bedfont.com\\\/de\\\/#organization\"},\"potentialAction\":[{\"@type\":\"SearchAction\",\"target\":{\"@type\":\"EntryPoint\",\"urlTemplate\":\"https:\\\/\\\/www.bedfont.com\\\/de\\\/?s={search_term_string}\"},\"query-input\":{\"@type\":\"PropertyValueSpecification\",\"valueRequired\":true,\"valueName\":\"search_term_string\"}}],\"inLanguage\":\"de\"},{\"@type\":\"Organization\",\"@id\":\"https:\\\/\\\/www.bedfont.com\\\/de\\\/#organization\",\"name\":\"Bedfont Scientific Ltd.\",\"url\":\"https:\\\/\\\/www.bedfont.com\\\/de\\\/\",\"logo\":{\"@type\":\"ImageObject\",\"inLanguage\":\"de\",\"@id\":\"https:\\\/\\\/www.bedfont.com\\\/de\\\/#\\\/schema\\\/logo\\\/image\\\/\",\"url\":\"https:\\\/\\\/www.bedfont.com\\\/wp-content\\\/uploads\\\/2023\\\/06\\\/logo.png\",\"contentUrl\":\"https:\\\/\\\/www.bedfont.com\\\/wp-content\\\/uploads\\\/2023\\\/06\\\/logo.png\",\"width\":1600,\"height\":505,\"caption\":\"Bedfont Scientific Ltd.\"},\"image\":{\"@id\":\"https:\\\/\\\/www.bedfont.com\\\/de\\\/#\\\/schema\\\/logo\\\/image\\\/\"},\"sameAs\":[\"https:\\\/\\\/www.facebook.com\\\/Bedfontltd\\\/\",\"https:\\\/\\\/x.com\\\/BedfontLtd\",\"https:\\\/\\\/www.instagram.com\\\/bedfontltd\\\/\",\"https:\\\/\\\/www.linkedin.com\\\/company\\\/bedfont-scientific-ltd\\\/\",\"https:\\\/\\\/www.youtube.com\\\/user\\\/BedfontScientificLtd\"]}]}<\/script>\n<!-- \/ Yoast SEO plugin. -->","yoast_head_json":{"title":"Software - Bedfont Scientific Ltd.","description":"Nachfolgend finden Sie s\u00e4mtliche Informationen und Dokumentationen zu der Software, die wir f\u00fcr unsere Produkte zur Atemanalyse bereitstellen.","robots":{"index":"index","follow":"follow","max-snippet":"max-snippet:-1","max-image-preview":"max-image-preview:large","max-video-preview":"max-video-preview:-1"},"canonical":"https:\/\/www.bedfont.com\/de\/software\/","og_locale":"de_DE","og_type":"article","og_title":"Software - Bedfont Scientific Ltd.","og_description":"Nachfolgend finden Sie s\u00e4mtliche Informationen und Dokumentationen zu der Software, die wir f\u00fcr unsere Produkte zur Atemanalyse bereitstellen.","og_url":"https:\/\/www.bedfont.com\/de\/software\/","og_site_name":"Bedfont Scientific Ltd.","article_publisher":"https:\/\/www.facebook.com\/Bedfontltd\/","article_modified_time":"2024-10-14T10:56:08+00:00","og_image":[{"url":"https:\/\/www.bedfont.com\/wp-content\/uploads\/2024\/10\/bedsoft-icon.png","type":"","width":"","height":""}],"twitter_card":"summary_large_image","twitter_site":"@BedfontLtd","twitter_misc":{"Gesch\u00e4tzte Lesezeit":"1\u00a0Minute"},"schema":{"@context":"https:\/\/schema.org","@graph":[{"@type":"WebPage","@id":"https:\/\/www.bedfont.com\/de\/software\/","url":"https:\/\/www.bedfont.com\/de\/software\/","name":"Software - Bedfont Scientific Ltd.","isPartOf":{"@id":"https:\/\/www.bedfont.com\/de\/#website"},"primaryImageOfPage":{"@id":"https:\/\/www.bedfont.com\/de\/software\/#primaryimage"},"image":{"@id":"https:\/\/www.bedfont.com\/de\/software\/#primaryimage"},"thumbnailUrl":"https:\/\/www.bedfont.com\/wp-content\/uploads\/2024\/10\/bedsoft-icon.png","datePublished":"2022-07-06T14:48:53+00:00","dateModified":"2024-10-14T10:56:08+00:00","description":"Nachfolgend finden Sie s\u00e4mtliche Informationen und Dokumentationen zu der Software, die wir f\u00fcr unsere Produkte zur Atemanalyse bereitstellen.","breadcrumb":{"@id":"https:\/\/www.bedfont.com\/de\/software\/#breadcrumb"},"inLanguage":"de","potentialAction":[{"@type":"ReadAction","target":["https:\/\/www.bedfont.com\/de\/software\/"]}]},{"@type":"ImageObject","inLanguage":"de","@id":"https:\/\/www.bedfont.com\/de\/software\/#primaryimage","url":"https:\/\/www.bedfont.com\/wp-content\/uploads\/2024\/10\/bedsoft-icon.png","contentUrl":"https:\/\/www.bedfont.com\/wp-content\/uploads\/2024\/10\/bedsoft-icon.png"},{"@type":"BreadcrumbList","@id":"https:\/\/www.bedfont.com\/de\/software\/#breadcrumb","itemListElement":[{"@type":"ListItem","position":1,"name":"Home","item":"https:\/\/www.bedfont.com\/de\/"},{"@type":"ListItem","position":2,"name":"Software"}]},{"@type":"WebSite","@id":"https:\/\/www.bedfont.com\/de\/#website","url":"https:\/\/www.bedfont.com\/de\/","name":"Bedfont Scientific Ltd.","description":"World leaders in breath analysis.","publisher":{"@id":"https:\/\/www.bedfont.com\/de\/#organization"},"potentialAction":[{"@type":"SearchAction","target":{"@type":"EntryPoint","urlTemplate":"https:\/\/www.bedfont.com\/de\/?s={search_term_string}"},"query-input":{"@type":"PropertyValueSpecification","valueRequired":true,"valueName":"search_term_string"}}],"inLanguage":"de"},{"@type":"Organization","@id":"https:\/\/www.bedfont.com\/de\/#organization","name":"Bedfont Scientific Ltd.","url":"https:\/\/www.bedfont.com\/de\/","logo":{"@type":"ImageObject","inLanguage":"de","@id":"https:\/\/www.bedfont.com\/de\/#\/schema\/logo\/image\/","url":"https:\/\/www.bedfont.com\/wp-content\/uploads\/2023\/06\/logo.png","contentUrl":"https:\/\/www.bedfont.com\/wp-content\/uploads\/2023\/06\/logo.png","width":1600,"height":505,"caption":"Bedfont Scientific Ltd."},"image":{"@id":"https:\/\/www.bedfont.com\/de\/#\/schema\/logo\/image\/"},"sameAs":["https:\/\/www.facebook.com\/Bedfontltd\/","https:\/\/x.com\/BedfontLtd","https:\/\/www.instagram.com\/bedfontltd\/","https:\/\/www.linkedin.com\/company\/bedfont-scientific-ltd\/","https:\/\/www.youtube.com\/user\/BedfontScientificLtd"]}]}},"_links":{"self":[{"href":"https:\/\/www.bedfont.com\/de\/wp-json\/wp\/v2\/pages\/3687","targetHints":{"allow":["GET"]}}],"collection":[{"href":"https:\/\/www.bedfont.com\/de\/wp-json\/wp\/v2\/pages"}],"about":[{"href":"https:\/\/www.bedfont.com\/de\/wp-json\/wp\/v2\/types\/page"}],"author":[{"embeddable":true,"href":"https:\/\/www.bedfont.com\/de\/wp-json\/wp\/v2\/users\/6"}],"replies":[{"embeddable":true,"href":"https:\/\/www.bedfont.com\/de\/wp-json\/wp\/v2\/comments?post=3687"}],"version-history":[{"count":9,"href":"https:\/\/www.bedfont.com\/de\/wp-json\/wp\/v2\/pages\/3687\/revisions"}],"predecessor-version":[{"id":7099,"href":"https:\/\/www.bedfont.com\/de\/wp-json\/wp\/v2\/pages\/3687\/revisions\/7099"}],"wp:attachment":[{"href":"https:\/\/www.bedfont.com\/de\/wp-json\/wp\/v2\/media?parent=3687"}],"curies":[{"name":"wp","href":"https:\/\/api.w.org\/{rel}","templated":true}]}}