{"id":3671,"date":"2023-03-14T14:33:33","date_gmt":"2023-03-14T14:33:33","guid":{"rendered":"https:\/\/bedfont.theprogressteam.com\/angebot-fuer-bedfont-produkte-anfordern\/"},"modified":"2025-02-04T11:58:31","modified_gmt":"2025-02-04T11:58:31","slug":"angebot-fuer-bedfont-produkte-anfordern","status":"publish","type":"page","link":"https:\/\/www.bedfont.com\/de\/angebot-fuer-bedfont-produkte-anfordern\/","title":{"rendered":"Angebot f\u00fcr Bedfont\u00ae Produkte anfordern"},"content":{"rendered":"\n<h1 class=\"wp-block-heading has-text-align-center\">Angebot f\u00fcr Bedfont\u00ae Produkte anfordern<\/h1>\n\n\n\n<p class=\"has-text-align-center col-12 col-md-8 mx-auto text-center mb-5\">Bedfont<sup>\u00ae<\/sup> arbeitet \u00fcber ein Netzwerk sorgf\u00e4ltig ausgew\u00e4hlter Vertriebspartner weltweit, die unser Ziel teilen, die Gesundheitsf\u00fcrsorge durch schnelle und nichtinvasive Atemanalyse zu erneuern und zu verbessern. Um von Ihrem lokalen Vertriebspartner kontaktiert zu werden und ein personalisiertes Angebot zu erhalten, teilen Sie uns bitte mit, woher Sie kommen und an welchen Produkten Sie interessiert sind, indem Sie das folgende Formular ausf\u00fcllen:   <\/p>\n\n\n\n<div class=\"request-a-quote p-4\">\n<script charset=\"utf-8\" type=\"text\/javascript\" src=\"\/\/js.hsforms.net\/forms\/embed\/v2.js\"><\/script>\n<script>\n  hbspt.forms.create({\n    portalId: \"6295439\",\n    formId: \"30e4eacb-9c61-46fb-9161-997ccb1d49a1\"\n  });\n<\/script>\n<\/div>\n\n\n\n<p><\/p>\n","protected":false},"excerpt":{"rendered":"<p>Angebot f\u00fcr Bedfont\u00ae Produkte anfordern Bedfont\u00ae arbeitet \u00fcber ein Netzwerk sorgf\u00e4ltig ausgew\u00e4hlter Vertriebspartner weltweit, die unser Ziel teilen, die Gesundheitsf\u00fcrsorge durch schnelle und nichtinvasive Atemanalyse zu erneuern und zu verbessern. Um von Ihrem lokalen Vertriebspartner kontaktiert zu werden und ein personalisiertes Angebot zu erhalten, teilen Sie uns bitte mit, woher Sie kommen und an welchen [&hellip;]<\/p>\n","protected":false},"author":6,"featured_media":0,"parent":0,"menu_order":0,"comment_status":"closed","ping_status":"closed","template":"templates\/page-gutenberg.php","meta":{"_acf_changed":false,"footnotes":""},"class_list":["post-3671","page","type-page","status-publish","hentry"],"acf":[],"yoast_head":"<!-- This site is optimized with the Yoast SEO plugin v27.4 - https:\/\/yoast.com\/product\/yoast-seo-wordpress\/ -->\n<title>Angebot f\u00fcr Bedfont\u00ae Produkte anfordern - Bedfont Scientific Ltd.<\/title>\n<meta name=\"description\" content=\"Um von Ihrem H\u00e4ndler vor Ort kontaktiert zu werden und ein individuelles Angebot zu erhalten, f\u00fcllen Sie bitte das untenstehende Formular aus. Unser H\u00e4ndler wird sich dann mit Ihnen in Verbindung setzen.\" \/>\n<meta name=\"robots\" content=\"index, follow, max-snippet:-1, max-image-preview:large, max-video-preview:-1\" \/>\n<link rel=\"canonical\" href=\"https:\/\/www.bedfont.com\/de\/angebot-fuer-bedfont-produkte-anfordern\/\" \/>\n<meta property=\"og:locale\" content=\"de_DE\" \/>\n<meta property=\"og:type\" content=\"article\" \/>\n<meta property=\"og:title\" content=\"Angebot f\u00fcr Bedfont\u00ae Produkte anfordern - Bedfont Scientific Ltd.\" \/>\n<meta property=\"og:description\" content=\"Um von Ihrem H\u00e4ndler vor Ort kontaktiert zu werden und ein individuelles Angebot zu erhalten, f\u00fcllen Sie bitte das untenstehende Formular aus. Unser H\u00e4ndler wird sich dann mit Ihnen in Verbindung setzen.\" \/>\n<meta property=\"og:url\" content=\"https:\/\/www.bedfont.com\/de\/angebot-fuer-bedfont-produkte-anfordern\/\" \/>\n<meta property=\"og:site_name\" content=\"Bedfont Scientific Ltd.\" \/>\n<meta property=\"article:publisher\" content=\"https:\/\/www.facebook.com\/Bedfontltd\/\" \/>\n<meta property=\"article:modified_time\" content=\"2025-02-04T11:58:31+00:00\" \/>\n<meta name=\"twitter:card\" content=\"summary_large_image\" \/>\n<meta name=\"twitter:site\" content=\"@BedfontLtd\" \/>\n<meta name=\"twitter:label1\" content=\"Gesch\u00e4tzte Lesezeit\" \/>\n\t<meta name=\"twitter:data1\" content=\"1\u00a0Minute\" \/>\n<script type=\"application\/ld+json\" class=\"yoast-schema-graph\">{\"@context\":\"https:\\\/\\\/schema.org\",\"@graph\":[{\"@type\":\"WebPage\",\"@id\":\"https:\\\/\\\/www.bedfont.com\\\/de\\\/angebot-fuer-bedfont-produkte-anfordern\\\/\",\"url\":\"https:\\\/\\\/www.bedfont.com\\\/de\\\/angebot-fuer-bedfont-produkte-anfordern\\\/\",\"name\":\"Angebot f\u00fcr Bedfont\u00ae Produkte anfordern - Bedfont Scientific Ltd.\",\"isPartOf\":{\"@id\":\"https:\\\/\\\/www.bedfont.com\\\/de\\\/#website\"},\"datePublished\":\"2023-03-14T14:33:33+00:00\",\"dateModified\":\"2025-02-04T11:58:31+00:00\",\"description\":\"Um von Ihrem H\u00e4ndler vor Ort kontaktiert zu werden und ein individuelles Angebot zu erhalten, f\u00fcllen Sie bitte das untenstehende Formular aus. Unser H\u00e4ndler wird sich dann mit Ihnen in Verbindung setzen.\",\"breadcrumb\":{\"@id\":\"https:\\\/\\\/www.bedfont.com\\\/de\\\/angebot-fuer-bedfont-produkte-anfordern\\\/#breadcrumb\"},\"inLanguage\":\"de\",\"potentialAction\":[{\"@type\":\"ReadAction\",\"target\":[\"https:\\\/\\\/www.bedfont.com\\\/de\\\/angebot-fuer-bedfont-produkte-anfordern\\\/\"]}]},{\"@type\":\"BreadcrumbList\",\"@id\":\"https:\\\/\\\/www.bedfont.com\\\/de\\\/angebot-fuer-bedfont-produkte-anfordern\\\/#breadcrumb\",\"itemListElement\":[{\"@type\":\"ListItem\",\"position\":1,\"name\":\"Home\",\"item\":\"https:\\\/\\\/www.bedfont.com\\\/de\\\/\"},{\"@type\":\"ListItem\",\"position\":2,\"name\":\"Angebot f\u00fcr Bedfont\u00ae Produkte anfordern\"}]},{\"@type\":\"WebSite\",\"@id\":\"https:\\\/\\\/www.bedfont.com\\\/de\\\/#website\",\"url\":\"https:\\\/\\\/www.bedfont.com\\\/de\\\/\",\"name\":\"Bedfont Scientific Ltd.\",\"description\":\"World leaders in breath analysis.\",\"publisher\":{\"@id\":\"https:\\\/\\\/www.bedfont.com\\\/de\\\/#organization\"},\"potentialAction\":[{\"@type\":\"SearchAction\",\"target\":{\"@type\":\"EntryPoint\",\"urlTemplate\":\"https:\\\/\\\/www.bedfont.com\\\/de\\\/?s={search_term_string}\"},\"query-input\":{\"@type\":\"PropertyValueSpecification\",\"valueRequired\":true,\"valueName\":\"search_term_string\"}}],\"inLanguage\":\"de\"},{\"@type\":\"Organization\",\"@id\":\"https:\\\/\\\/www.bedfont.com\\\/de\\\/#organization\",\"name\":\"Bedfont Scientific Ltd.\",\"url\":\"https:\\\/\\\/www.bedfont.com\\\/de\\\/\",\"logo\":{\"@type\":\"ImageObject\",\"inLanguage\":\"de\",\"@id\":\"https:\\\/\\\/www.bedfont.com\\\/de\\\/#\\\/schema\\\/logo\\\/image\\\/\",\"url\":\"https:\\\/\\\/www.bedfont.com\\\/wp-content\\\/uploads\\\/2023\\\/06\\\/logo.png\",\"contentUrl\":\"https:\\\/\\\/www.bedfont.com\\\/wp-content\\\/uploads\\\/2023\\\/06\\\/logo.png\",\"width\":1600,\"height\":505,\"caption\":\"Bedfont Scientific Ltd.\"},\"image\":{\"@id\":\"https:\\\/\\\/www.bedfont.com\\\/de\\\/#\\\/schema\\\/logo\\\/image\\\/\"},\"sameAs\":[\"https:\\\/\\\/www.facebook.com\\\/Bedfontltd\\\/\",\"https:\\\/\\\/x.com\\\/BedfontLtd\",\"https:\\\/\\\/www.instagram.com\\\/bedfontltd\\\/\",\"https:\\\/\\\/www.linkedin.com\\\/company\\\/bedfont-scientific-ltd\\\/\",\"https:\\\/\\\/www.youtube.com\\\/user\\\/BedfontScientificLtd\"]}]}<\/script>\n<!-- \/ Yoast SEO plugin. -->","yoast_head_json":{"title":"Angebot f\u00fcr Bedfont\u00ae Produkte anfordern - Bedfont Scientific Ltd.","description":"Um von Ihrem H\u00e4ndler vor Ort kontaktiert zu werden und ein individuelles Angebot zu erhalten, f\u00fcllen Sie bitte das untenstehende Formular aus. Unser H\u00e4ndler wird sich dann mit Ihnen in Verbindung setzen.","robots":{"index":"index","follow":"follow","max-snippet":"max-snippet:-1","max-image-preview":"max-image-preview:large","max-video-preview":"max-video-preview:-1"},"canonical":"https:\/\/www.bedfont.com\/de\/angebot-fuer-bedfont-produkte-anfordern\/","og_locale":"de_DE","og_type":"article","og_title":"Angebot f\u00fcr Bedfont\u00ae Produkte anfordern - Bedfont Scientific Ltd.","og_description":"Um von Ihrem H\u00e4ndler vor Ort kontaktiert zu werden und ein individuelles Angebot zu erhalten, f\u00fcllen Sie bitte das untenstehende Formular aus. Unser H\u00e4ndler wird sich dann mit Ihnen in Verbindung setzen.","og_url":"https:\/\/www.bedfont.com\/de\/angebot-fuer-bedfont-produkte-anfordern\/","og_site_name":"Bedfont Scientific Ltd.","article_publisher":"https:\/\/www.facebook.com\/Bedfontltd\/","article_modified_time":"2025-02-04T11:58:31+00:00","twitter_card":"summary_large_image","twitter_site":"@BedfontLtd","twitter_misc":{"Gesch\u00e4tzte Lesezeit":"1\u00a0Minute"},"schema":{"@context":"https:\/\/schema.org","@graph":[{"@type":"WebPage","@id":"https:\/\/www.bedfont.com\/de\/angebot-fuer-bedfont-produkte-anfordern\/","url":"https:\/\/www.bedfont.com\/de\/angebot-fuer-bedfont-produkte-anfordern\/","name":"Angebot f\u00fcr Bedfont\u00ae Produkte anfordern - Bedfont Scientific Ltd.","isPartOf":{"@id":"https:\/\/www.bedfont.com\/de\/#website"},"datePublished":"2023-03-14T14:33:33+00:00","dateModified":"2025-02-04T11:58:31+00:00","description":"Um von Ihrem H\u00e4ndler vor Ort kontaktiert zu werden und ein individuelles Angebot zu erhalten, f\u00fcllen Sie bitte das untenstehende Formular aus. Unser H\u00e4ndler wird sich dann mit Ihnen in Verbindung setzen.","breadcrumb":{"@id":"https:\/\/www.bedfont.com\/de\/angebot-fuer-bedfont-produkte-anfordern\/#breadcrumb"},"inLanguage":"de","potentialAction":[{"@type":"ReadAction","target":["https:\/\/www.bedfont.com\/de\/angebot-fuer-bedfont-produkte-anfordern\/"]}]},{"@type":"BreadcrumbList","@id":"https:\/\/www.bedfont.com\/de\/angebot-fuer-bedfont-produkte-anfordern\/#breadcrumb","itemListElement":[{"@type":"ListItem","position":1,"name":"Home","item":"https:\/\/www.bedfont.com\/de\/"},{"@type":"ListItem","position":2,"name":"Angebot f\u00fcr Bedfont\u00ae Produkte anfordern"}]},{"@type":"WebSite","@id":"https:\/\/www.bedfont.com\/de\/#website","url":"https:\/\/www.bedfont.com\/de\/","name":"Bedfont Scientific Ltd.","description":"World leaders in breath analysis.","publisher":{"@id":"https:\/\/www.bedfont.com\/de\/#organization"},"potentialAction":[{"@type":"SearchAction","target":{"@type":"EntryPoint","urlTemplate":"https:\/\/www.bedfont.com\/de\/?s={search_term_string}"},"query-input":{"@type":"PropertyValueSpecification","valueRequired":true,"valueName":"search_term_string"}}],"inLanguage":"de"},{"@type":"Organization","@id":"https:\/\/www.bedfont.com\/de\/#organization","name":"Bedfont Scientific Ltd.","url":"https:\/\/www.bedfont.com\/de\/","logo":{"@type":"ImageObject","inLanguage":"de","@id":"https:\/\/www.bedfont.com\/de\/#\/schema\/logo\/image\/","url":"https:\/\/www.bedfont.com\/wp-content\/uploads\/2023\/06\/logo.png","contentUrl":"https:\/\/www.bedfont.com\/wp-content\/uploads\/2023\/06\/logo.png","width":1600,"height":505,"caption":"Bedfont Scientific Ltd."},"image":{"@id":"https:\/\/www.bedfont.com\/de\/#\/schema\/logo\/image\/"},"sameAs":["https:\/\/www.facebook.com\/Bedfontltd\/","https:\/\/x.com\/BedfontLtd","https:\/\/www.instagram.com\/bedfontltd\/","https:\/\/www.linkedin.com\/company\/bedfont-scientific-ltd\/","https:\/\/www.youtube.com\/user\/BedfontScientificLtd"]}]}},"_links":{"self":[{"href":"https:\/\/www.bedfont.com\/de\/wp-json\/wp\/v2\/pages\/3671","targetHints":{"allow":["GET"]}}],"collection":[{"href":"https:\/\/www.bedfont.com\/de\/wp-json\/wp\/v2\/pages"}],"about":[{"href":"https:\/\/www.bedfont.com\/de\/wp-json\/wp\/v2\/types\/page"}],"author":[{"embeddable":true,"href":"https:\/\/www.bedfont.com\/de\/wp-json\/wp\/v2\/users\/6"}],"replies":[{"embeddable":true,"href":"https:\/\/www.bedfont.com\/de\/wp-json\/wp\/v2\/comments?post=3671"}],"version-history":[{"count":10,"href":"https:\/\/www.bedfont.com\/de\/wp-json\/wp\/v2\/pages\/3671\/revisions"}],"predecessor-version":[{"id":7768,"href":"https:\/\/www.bedfont.com\/de\/wp-json\/wp\/v2\/pages\/3671\/revisions\/7768"}],"wp:attachment":[{"href":"https:\/\/www.bedfont.com\/de\/wp-json\/wp\/v2\/media?parent=3671"}],"curies":[{"name":"wp","href":"https:\/\/api.w.org\/{rel}","templated":true}]}}