{"id":3623,"date":"2023-04-06T08:13:17","date_gmt":"2023-04-06T08:13:17","guid":{"rendered":"https:\/\/bedfont.theprogressteam.com\/datenschutzhinweis\/"},"modified":"2024-10-10T08:44:32","modified_gmt":"2024-10-10T08:44:32","slug":"datenschutzhinweis","status":"publish","type":"page","link":"https:\/\/www.bedfont.com\/de\/datenschutzhinweis\/","title":{"rendered":"Datenschutzhinweis"},"content":{"rendered":"\n<h1 class=\"text-left\"><span class=\"blue-text\">Datenschutzhinweis<\/span><\/h1>\n\n<p>Dieser Datenschutzhinweis richtet sich an Nutzer der von Bedfont Scientific Ltd. betriebenen Websites. Bedfont Scientific Ltd., das Eigent\u00fcmer und Betreiber dieser Websites, legt gr\u00f6\u00dften Wert auf den Schutz Ihrer Daten. Dieser Hinweis regelt die Nutzung der Daten, die von uns erfasst oder von Ihnen bei der Nutzung dieser Websites bereitgestellt werden, sowie die Daten, die bei Veranstaltungen, Ausstellungen oder anderen Interaktionen mit Bedfont Scientific Ltd. gesammelt werden.  <\/p>\n\n<p>Diese Websites umfassen:<br\/><a href=\"https:\/\/www.bedfont.com\/\" target=\"_blank\" rel=\"noreferrer noopener\">www.bedfont.com<\/a><br\/><a href=\"https:\/\/www.nobreathfeno.com\/\" target=\"_blank\" rel=\"noreferrer noopener\">www.nobreathfeno.com<\/a><br\/><a href=\"https:\/\/www.gastrolyzer.com\/\" target=\"_blank\" rel=\"noreferrer noopener\">www.gastrolyzer.com<\/a><br\/><a href=\"https:\/\/www.bedfont-distributor.com\/\" target=\"_blank\" rel=\"noreferrer noopener\">www.bedfont-distributor.com<\/a><br\/><a href=\"https:\/\/www.icoquit.com\/\" target=\"_blank\" rel=\"noreferrer noopener\">www.icoquit.com<\/a><br\/><a href=\"https:\/\/www.toxco.com\/\" target=\"_blank\" rel=\"noreferrer noopener\">www.toxco.co.uk<\/a><br\/><a href=\"https:\/\/www.fenobreath.bedfont.com\/\" target=\"_blank\" rel=\"noreferrer noopener\">www.fenobreath.bedfont.com<\/a><br\/><a href=\"https:\/\/www.breathacise.com\/\" target=\"_blank\" rel=\"noreferrer noopener\">www.breathacise.com<\/a><br\/><a href=\"https:\/\/resources.bedfont.com\/\" target=\"_blank\" rel=\"noreferrer noopener\">resources.bedfont.com<\/a><\/p>\n\n<h2 class=\"wp-block-heading\">Begriffserkl\u00e4rungen<\/h2>\n\n<p><strong>Daten<\/strong>: Alle Informationen, die an Bedfont<sup>\u00ae <\/sup> Scientific Ltd. \u00fcber eine der oben genannten Websites \u00fcbermittelt werden.<br\/><strong>Cookies<\/strong>: Kleine Textdateien, die von einer der oben genannten Websites auf Ihrem Computer gespeichert werden.<br\/><strong>Datenschutzgesetze<\/strong>: Alle anwendbaren Gesetze, die sich auf die Verarbeitung personenbezogener Daten beziehen.<br\/><strong>GDPR<\/strong>: Die Allgemeine Datenschutzverordnung (EU) 2016\/679.<br\/><strong>Bedfont<sup>\u00ae<\/sup> Scientific Ltd., wir, oder uns:<\/strong> Bedfont<sup>\u00ae<\/sup> Scientific Ltd., ein in England und Wales eingetragenes Unternehmen.<br\/><strong>Nutzer oder Sie<\/strong>: Jede dritte Partei, die auf eine der oben genannten Websites zugreift.<br\/><strong>Website<\/strong>: Die Website, die Sie genutzt haben, bevor Sie zu www.bedfont.com weitergeleitet wurden, oder diese Website. <\/p>\n\n<h2 class=\"wp-block-heading\">Geltungsbereich<\/h2>\n\n<p>&#8222;Diese Datenschutzerkl\u00e4rung gilt ausschlie\u00dflich f\u00fcr die Aktivit\u00e4ten von Bedfont<sup>\u00ae<\/sup> Scientific Ltd. und den Nutzern dieser Website sowie aller anderen Websites, die uns geh\u00f6ren oder von uns betrieben werden. Social-Media-Websites sind hiervon ausgenommen. Informationen zu den Datenschutzpraktiken auf Social-Media-Websites oder anderen Websites Dritter finden Sie in den jeweiligen Datenschutzerkl\u00e4rungen dieser Websites.&#8220; <\/p>\n\n<h2 class=\"wp-block-heading\">Datenerhebung<\/h2>\n\n<p>Wir k\u00f6nnen folgende Daten von Ihnen erheben:<\/p>\n\n<ul class=\"wp-block-list\">\n<li>Name<\/li>\n\n\n\n<li>Informations de contact (adresses \u00e9lectroniques et num\u00e9ros de t\u00e9l\u00e9phone)<\/li>\n\n\n\n<li>Unternehmensinformationen (Name, Berufsbezeichnung und Adresse)<\/li>\n\n\n\n<li>Demografische Informationen (Postleitzahl, Vorlieben und Interessen)<\/li>\n\n\n\n<li>IP-Adresse, Typ und Version des Webbrowsers<\/li>\n\n\n\n<li>URLs, Ihre Aktivit\u00e4ten auf dieser Website und Seiten, die Sie verlassen<\/li>\n\n\n\n<li>Eingebettete Videoaufrufe<\/li>\n<\/ul>\n\n<p>M\u00f6glicherweise verwenden wir auch Tools von Drittanbietern wie HubSpot, um Informationen \u00fcber Ihre Interaktion mit unserer Website zu verfolgen. Dazu k\u00f6nnen Seitenaufrufe, Klicks und Formular\u00fcbermittlungen geh\u00f6ren. <\/p>\n\n<h2 class=\"wp-block-heading\">Wie werden Daten erhoben?<\/h2>\n\n<p>Die Daten werden auf folgende Weise erhoben:<\/p>\n\n<ul class=\"wp-block-list\">\n<li>Von Ihnen bereitgestellte Daten (\u00fcber verschiedene Kan\u00e4le, einschlie\u00dflich Online-Interaktionen auf unseren Websites und Teilnahme an Veranstaltungen, Messen oder anderen Offline-Interaktionen, die von Bedfont<sup>\u00ae<\/sup> organisiert oder besucht werden)<\/li>\n\n\n\n<li>Automatisch durch die Interaktion mit unserer Website erhoben (IP-Adresse, Art und Version des Webbrowsers, besuchte URLs, Ihre Aktivit\u00e4ten auf unserer\/unseren Website\/n und Seiten, die Sie verlassen)<\/li>\n<\/ul>\n\n<h2 class=\"wp-block-heading\">Verwendung der Daten<\/h2>\n\n<p>Ihre Daten k\u00f6nnen f\u00fcr folgende Zwecke verwendet werden:<\/p>\n\n<ul class=\"wp-block-list\">\n<li>Interne Datenspeicherung (Aufzeichnung Ihrer Interaktionen mit unseren Websites und Produkten\/Dienstleistungen)<\/li>\n\n\n\n<li>Wir werden unsere Produkte und Dienstleistungen verbessern, indem wir Daten analysieren, um die Vorlieben und das Verhalten der Nutzer zu verstehen. Dies wird uns helfen, das Erlebnis f\u00fcr unsere Kunden zu verbessern.<\/li>\n\n\n\n<li>Wir werden Ihnen nur dann Marketingmitteilungen \u00fcber unsere Produkte, Dienstleistungen oder Veranstaltungen zusenden, wenn Sie uns Ihre Zustimmung geben.<\/li>\n\n\n\n<li>Wir verwenden Ihre Daten, um die Leistung unserer Website(s) zu verbessern. Auf diese Weise analysieren wir, wie unsere Website(s) genutzt werden.<\/li>\n<\/ul>\n\n<h2 class=\"wp-block-heading\">Weitergabe von Daten<\/h2>\n\n<p>Wir k\u00f6nnen Ihre Daten weitergeben an:<\/p>\n\n<ul class=\"wp-block-list\">\n<li>Unsere Mitarbeiter, Vertreter und\/oder professionellen Berater (um Marketingmaterial zu versenden und um Ratschl\u00e4ge von professionellen Beratern einzuholen)<\/li>\n\n\n\n<li>Unsere Distributoren<\/li>\n<\/ul>\n\n<h2 class=\"wp-block-heading\">Datensicherheit<\/h2>\n\n<p>Wir nehmen die Sicherheit Ihrer Daten ernst und setzen technische und organisatorische Ma\u00dfnahmen zu deren Schutz ein. Wir nehmen die Sicherheit Ihrer Daten sehr ernst. Dazu geh\u00f6rt die Speicherung der Daten auf sicheren Servern und die Art und Weise, wie wir mit vermuteten Datenschutzverletzungen umgehen. Wenn Sie einen Missbrauch, Verlust oder unbefugten Zugriff auf Ihre Daten vermuten, teilen Sie uns dies bitte unverz\u00fcglich mit, indem Sie uns unter <a href=\"\" title=\"\">ask@bedfont.com<\/a> kontaktieren.  <\/p>\n\n<h2 class=\"wp-block-heading\">Vorratsdatenspeicherung<\/h2>\n\n<p>Gem\u00e4\u00df unserer GDPR-Richtlinie werden Ihre Daten f\u00fcr maximal 3 Jahre aufbewahrt, sofern in diesem Zeitraum keine Aktivit\u00e4t oder Interaktion mit uns stattfindet. Wenn Sie weiterhin mit uns in Kontakt bleiben, werden wir Ihre Daten so lange aufbewahren, bis Sie die L\u00f6schung beantragen oder f\u00fcr 3 Jahre nicht mehr aktiv sind. <\/p>\n\n<h2 class=\"wp-block-heading\">Ihre Rechte<\/h2>\n\n<p>&#8222;Sie haben Rechte! Bei Bedfont\u00ae nehmen wir den Datenschutz ernst und m\u00f6chten sicherstellen, dass Sie die Kontrolle \u00fcber Ihre Daten behalten. M\u00f6chten Sie eines dieser Rechte aus\u00fcben oder Ihre Einwilligung zur Datennutzung widerrufen? Dann wenden Sie sich einfach per E-Mail an uns: <a href=\"\" title=\"\">ask@bedfont.com<\/a>.&#8220; <\/p>\n\n<h2 class=\"wp-block-heading\">Links zu anderen Websites<\/h2>\n\n<p>&#8222;Diese Website enth\u00e4lt m\u00f6glicherweise Links zu Websites Dritter. Wir haben keinen Einfluss auf diese Websites und \u00fcbernehmen keine Verantwortung f\u00fcr deren Datenschutzpraktiken. Wichtig zu wissen: Diese Datenschutzerkl\u00e4rung gilt ausschlie\u00dflich f\u00fcr die Aktivit\u00e4ten von Bedfont<sup><sup>\u00ae<\/sup><\/sup> Scientific Ltd. und den Nutzern dieser Website sowie aller anderen Websites, die uns geh\u00f6ren oder von uns betrieben werden. Social-Media-Websites sind hiervon ausgenommen.&#8220;  <\/p>\n\n<h2 class=\"wp-block-heading\">\u00c4nderungen an dieser Datenschutzerkl\u00e4rung<\/h2>\n\n<p>Wir bei Bedfont<sup>\u00ae<\/sup> Scientific Ltd. entwickeln uns st\u00e4ndig weiter und passen unsere Datenschutzma\u00dfnahmen entsprechend an. Daher behalten wir uns das Recht vor, diese Datenschutzerkl\u00e4rung gelegentlich zu aktualisieren. <\/p>\n\n<p><strong>Aktualisiert: M\u00e4rz 2024<\/strong><\/p>\n","protected":false},"excerpt":{"rendered":"<p>Datenschutzhinweis Dieser Datenschutzhinweis richtet sich an Nutzer der von Bedfont Scientific Ltd. betriebenen Websites. Bedfont Scientific Ltd., das Eigent\u00fcmer und Betreiber dieser Websites, legt gr\u00f6\u00dften Wert auf den Schutz Ihrer Daten. Dieser Hinweis regelt die Nutzung der Daten, die von uns erfasst oder von Ihnen bei der Nutzung dieser Websites bereitgestellt werden, sowie die Daten, [&hellip;]<\/p>\n","protected":false},"author":6,"featured_media":0,"parent":0,"menu_order":0,"comment_status":"closed","ping_status":"closed","template":"templates\/page-gutenberg.php","meta":{"_acf_changed":false,"footnotes":""},"class_list":["post-3623","page","type-page","status-publish","hentry"],"acf":[],"yoast_head":"<!-- This site is optimized with the Yoast SEO plugin v27.4 - https:\/\/yoast.com\/product\/yoast-seo-wordpress\/ -->\n<title>Datenschutzhinweis - Bedfont Scientific Ltd.<\/title>\n<meta name=\"description\" content=\"This Privacy Notice applies to you, the User of websites managed by Bedfont. Bedfont prioritises the privacy of your information.\" \/>\n<meta name=\"robots\" content=\"index, follow, max-snippet:-1, max-image-preview:large, max-video-preview:-1\" \/>\n<link rel=\"canonical\" href=\"https:\/\/www.bedfont.com\/de\/datenschutzhinweis\/\" \/>\n<meta property=\"og:locale\" content=\"de_DE\" \/>\n<meta property=\"og:type\" content=\"article\" \/>\n<meta property=\"og:title\" content=\"Datenschutzhinweis - Bedfont Scientific Ltd.\" \/>\n<meta property=\"og:description\" content=\"This Privacy Notice applies to you, the User of websites managed by Bedfont. Bedfont prioritises the privacy of your information.\" \/>\n<meta property=\"og:url\" content=\"https:\/\/www.bedfont.com\/de\/datenschutzhinweis\/\" \/>\n<meta property=\"og:site_name\" content=\"Bedfont Scientific Ltd.\" \/>\n<meta property=\"article:publisher\" content=\"https:\/\/www.facebook.com\/Bedfontltd\/\" \/>\n<meta property=\"article:modified_time\" content=\"2024-10-10T08:44:32+00:00\" \/>\n<meta name=\"twitter:card\" content=\"summary_large_image\" \/>\n<meta name=\"twitter:site\" content=\"@BedfontLtd\" \/>\n<meta name=\"twitter:label1\" content=\"Gesch\u00e4tzte Lesezeit\" \/>\n\t<meta name=\"twitter:data1\" content=\"4\u00a0Minuten\" \/>\n<script type=\"application\/ld+json\" class=\"yoast-schema-graph\">{\"@context\":\"https:\\\/\\\/schema.org\",\"@graph\":[{\"@type\":\"WebPage\",\"@id\":\"https:\\\/\\\/www.bedfont.com\\\/de\\\/datenschutzhinweis\\\/\",\"url\":\"https:\\\/\\\/www.bedfont.com\\\/de\\\/datenschutzhinweis\\\/\",\"name\":\"Datenschutzhinweis - Bedfont Scientific Ltd.\",\"isPartOf\":{\"@id\":\"https:\\\/\\\/www.bedfont.com\\\/de\\\/#website\"},\"datePublished\":\"2023-04-06T08:13:17+00:00\",\"dateModified\":\"2024-10-10T08:44:32+00:00\",\"description\":\"This Privacy Notice applies to you, the User of websites managed by Bedfont. Bedfont prioritises the privacy of your information.\",\"breadcrumb\":{\"@id\":\"https:\\\/\\\/www.bedfont.com\\\/de\\\/datenschutzhinweis\\\/#breadcrumb\"},\"inLanguage\":\"de\",\"potentialAction\":[{\"@type\":\"ReadAction\",\"target\":[\"https:\\\/\\\/www.bedfont.com\\\/de\\\/datenschutzhinweis\\\/\"]}]},{\"@type\":\"BreadcrumbList\",\"@id\":\"https:\\\/\\\/www.bedfont.com\\\/de\\\/datenschutzhinweis\\\/#breadcrumb\",\"itemListElement\":[{\"@type\":\"ListItem\",\"position\":1,\"name\":\"Home\",\"item\":\"https:\\\/\\\/www.bedfont.com\\\/de\\\/\"},{\"@type\":\"ListItem\",\"position\":2,\"name\":\"Datenschutzhinweis\"}]},{\"@type\":\"WebSite\",\"@id\":\"https:\\\/\\\/www.bedfont.com\\\/de\\\/#website\",\"url\":\"https:\\\/\\\/www.bedfont.com\\\/de\\\/\",\"name\":\"Bedfont Scientific Ltd.\",\"description\":\"World leaders in breath analysis.\",\"publisher\":{\"@id\":\"https:\\\/\\\/www.bedfont.com\\\/de\\\/#organization\"},\"potentialAction\":[{\"@type\":\"SearchAction\",\"target\":{\"@type\":\"EntryPoint\",\"urlTemplate\":\"https:\\\/\\\/www.bedfont.com\\\/de\\\/?s={search_term_string}\"},\"query-input\":{\"@type\":\"PropertyValueSpecification\",\"valueRequired\":true,\"valueName\":\"search_term_string\"}}],\"inLanguage\":\"de\"},{\"@type\":\"Organization\",\"@id\":\"https:\\\/\\\/www.bedfont.com\\\/de\\\/#organization\",\"name\":\"Bedfont Scientific Ltd.\",\"url\":\"https:\\\/\\\/www.bedfont.com\\\/de\\\/\",\"logo\":{\"@type\":\"ImageObject\",\"inLanguage\":\"de\",\"@id\":\"https:\\\/\\\/www.bedfont.com\\\/de\\\/#\\\/schema\\\/logo\\\/image\\\/\",\"url\":\"https:\\\/\\\/www.bedfont.com\\\/wp-content\\\/uploads\\\/2023\\\/06\\\/logo.png\",\"contentUrl\":\"https:\\\/\\\/www.bedfont.com\\\/wp-content\\\/uploads\\\/2023\\\/06\\\/logo.png\",\"width\":1600,\"height\":505,\"caption\":\"Bedfont Scientific Ltd.\"},\"image\":{\"@id\":\"https:\\\/\\\/www.bedfont.com\\\/de\\\/#\\\/schema\\\/logo\\\/image\\\/\"},\"sameAs\":[\"https:\\\/\\\/www.facebook.com\\\/Bedfontltd\\\/\",\"https:\\\/\\\/x.com\\\/BedfontLtd\",\"https:\\\/\\\/www.instagram.com\\\/bedfontltd\\\/\",\"https:\\\/\\\/www.linkedin.com\\\/company\\\/bedfont-scientific-ltd\\\/\",\"https:\\\/\\\/www.youtube.com\\\/user\\\/BedfontScientificLtd\"]}]}<\/script>\n<!-- \/ Yoast SEO plugin. -->","yoast_head_json":{"title":"Datenschutzhinweis - Bedfont Scientific Ltd.","description":"This Privacy Notice applies to you, the User of websites managed by Bedfont. Bedfont prioritises the privacy of your information.","robots":{"index":"index","follow":"follow","max-snippet":"max-snippet:-1","max-image-preview":"max-image-preview:large","max-video-preview":"max-video-preview:-1"},"canonical":"https:\/\/www.bedfont.com\/de\/datenschutzhinweis\/","og_locale":"de_DE","og_type":"article","og_title":"Datenschutzhinweis - Bedfont Scientific Ltd.","og_description":"This Privacy Notice applies to you, the User of websites managed by Bedfont. Bedfont prioritises the privacy of your information.","og_url":"https:\/\/www.bedfont.com\/de\/datenschutzhinweis\/","og_site_name":"Bedfont Scientific Ltd.","article_publisher":"https:\/\/www.facebook.com\/Bedfontltd\/","article_modified_time":"2024-10-10T08:44:32+00:00","twitter_card":"summary_large_image","twitter_site":"@BedfontLtd","twitter_misc":{"Gesch\u00e4tzte Lesezeit":"4\u00a0Minuten"},"schema":{"@context":"https:\/\/schema.org","@graph":[{"@type":"WebPage","@id":"https:\/\/www.bedfont.com\/de\/datenschutzhinweis\/","url":"https:\/\/www.bedfont.com\/de\/datenschutzhinweis\/","name":"Datenschutzhinweis - Bedfont Scientific Ltd.","isPartOf":{"@id":"https:\/\/www.bedfont.com\/de\/#website"},"datePublished":"2023-04-06T08:13:17+00:00","dateModified":"2024-10-10T08:44:32+00:00","description":"This Privacy Notice applies to you, the User of websites managed by Bedfont. Bedfont prioritises the privacy of your information.","breadcrumb":{"@id":"https:\/\/www.bedfont.com\/de\/datenschutzhinweis\/#breadcrumb"},"inLanguage":"de","potentialAction":[{"@type":"ReadAction","target":["https:\/\/www.bedfont.com\/de\/datenschutzhinweis\/"]}]},{"@type":"BreadcrumbList","@id":"https:\/\/www.bedfont.com\/de\/datenschutzhinweis\/#breadcrumb","itemListElement":[{"@type":"ListItem","position":1,"name":"Home","item":"https:\/\/www.bedfont.com\/de\/"},{"@type":"ListItem","position":2,"name":"Datenschutzhinweis"}]},{"@type":"WebSite","@id":"https:\/\/www.bedfont.com\/de\/#website","url":"https:\/\/www.bedfont.com\/de\/","name":"Bedfont Scientific Ltd.","description":"World leaders in breath analysis.","publisher":{"@id":"https:\/\/www.bedfont.com\/de\/#organization"},"potentialAction":[{"@type":"SearchAction","target":{"@type":"EntryPoint","urlTemplate":"https:\/\/www.bedfont.com\/de\/?s={search_term_string}"},"query-input":{"@type":"PropertyValueSpecification","valueRequired":true,"valueName":"search_term_string"}}],"inLanguage":"de"},{"@type":"Organization","@id":"https:\/\/www.bedfont.com\/de\/#organization","name":"Bedfont Scientific Ltd.","url":"https:\/\/www.bedfont.com\/de\/","logo":{"@type":"ImageObject","inLanguage":"de","@id":"https:\/\/www.bedfont.com\/de\/#\/schema\/logo\/image\/","url":"https:\/\/www.bedfont.com\/wp-content\/uploads\/2023\/06\/logo.png","contentUrl":"https:\/\/www.bedfont.com\/wp-content\/uploads\/2023\/06\/logo.png","width":1600,"height":505,"caption":"Bedfont Scientific Ltd."},"image":{"@id":"https:\/\/www.bedfont.com\/de\/#\/schema\/logo\/image\/"},"sameAs":["https:\/\/www.facebook.com\/Bedfontltd\/","https:\/\/x.com\/BedfontLtd","https:\/\/www.instagram.com\/bedfontltd\/","https:\/\/www.linkedin.com\/company\/bedfont-scientific-ltd\/","https:\/\/www.youtube.com\/user\/BedfontScientificLtd"]}]}},"_links":{"self":[{"href":"https:\/\/www.bedfont.com\/de\/wp-json\/wp\/v2\/pages\/3623","targetHints":{"allow":["GET"]}}],"collection":[{"href":"https:\/\/www.bedfont.com\/de\/wp-json\/wp\/v2\/pages"}],"about":[{"href":"https:\/\/www.bedfont.com\/de\/wp-json\/wp\/v2\/types\/page"}],"author":[{"embeddable":true,"href":"https:\/\/www.bedfont.com\/de\/wp-json\/wp\/v2\/users\/6"}],"replies":[{"embeddable":true,"href":"https:\/\/www.bedfont.com\/de\/wp-json\/wp\/v2\/comments?post=3623"}],"version-history":[{"count":2,"href":"https:\/\/www.bedfont.com\/de\/wp-json\/wp\/v2\/pages\/3623\/revisions"}],"predecessor-version":[{"id":6710,"href":"https:\/\/www.bedfont.com\/de\/wp-json\/wp\/v2\/pages\/3623\/revisions\/6710"}],"wp:attachment":[{"href":"https:\/\/www.bedfont.com\/de\/wp-json\/wp\/v2\/media?parent=3623"}],"curies":[{"name":"wp","href":"https:\/\/api.w.org\/{rel}","templated":true}]}}