{"id":3607,"date":"2022-07-06T14:45:21","date_gmt":"2022-07-06T14:45:21","guid":{"rendered":"https:\/\/bedfont.theprogressteam.com\/unsere-oeko-haltung\/"},"modified":"2024-10-08T07:37:41","modified_gmt":"2024-10-08T07:37:41","slug":"unsere-oeko-haltung","status":"publish","type":"page","link":"https:\/\/www.bedfont.com\/de\/unsere-oeko-haltung\/","title":{"rendered":"Unsere \u00d6ko-Haltung"},"content":{"rendered":"<section id=\"eco-section\">\n\t\t<img decoding=\"async\" src=\"https:\/\/www.bedfont.com\/wp-content\/uploads\/2024\/10\/eco-planet.png\" id=\"eco-planet\"\/>\n\t \t<div class=\"container\">\n\t\t\t<div class=\"row\">\n\t\t\t\t<div class=\"col-12 col-lg-7\">\n\t\t\t\t\t<h1 class=\"eco\">Die \u00f6kologische Haltung von Bedfont<sup>\u00ae<\/sup><\/h1>\n\t\t\t\t\t<p>Wir kooperieren mit lokalen Lieferanten und Unternehmen, die sich der Nachhaltigkeit verpflichtet haben, und verwenden f\u00fcr alle unsere Produkte, wann immer m\u00f6glich, recycelte Materialien. Unsere Verpackungen sind umweltfreundlich, und wir setzen auf nachhaltige Energiequellen. Dar\u00fcber hinaus bem\u00fchen wir uns, unser Abfallaufkommen so weit wie m\u00f6glich zu minimieren. <\/p>\n<h2 class=\"eco\">Was <span class=\"green-text\">wir tun<\/span><\/h2>\n<p>Der Schutz der Umwelt liegt uns schon immer am Herzen. Aber gerade jetzt suchen wir verst\u00e4rkt nach M\u00f6glichkeiten, unseren \u00f6kologischen Fu\u00dfabdruck zu verringern.<\/p>\n<p>Bei Bedfont\u00ae ist uns Nachhaltigkeit ein gro\u00dfes Anliegen. Deshalb arbeiten wir mit Lieferanten und Partnern aus der Region zusammen, die sich ebenfalls f\u00fcr den Umweltschutz einsetzen. Wo immer m\u00f6glich verwenden wir recycelte Materialien in unseren Produkten und achten auf \u00f6kologische Verpackungen. Auch bei der Energieversorgung setzen wir auf Nachhaltigkeit und versuchen Abfall so gut es geht zu vermeiden. Wir sind \u00fcberzeugt: Im Kampf gegen den Klimawandel z\u00e4hlt jeder noch so kleine Schritt \u2013 gemeinsam k\u00f6nnen wir Gro\u00dfes erreichen!  <\/p>\n\n                    \n\t\t\t\t<\/div>\n\t\t\t<\/div>\n\t\t<\/div>\n\t<\/section><section class=\"text-section text-left\" style=\"--color: var(--green)\">\n\t<div class=\"container\">\n\t<h2 class=\"text-center\"><\/h2>\n\t\t\t\t<div class=\"row\">\n<div class=\"col-12 my-4\">\n<h2 class=\"eco\">#EcoResolution: Unser Beitrag f\u00fcr eine nachhaltige Zukunft<\/h2>\n<p>Gro\u00dfartige Neuigkeiten! Wir bei Bedfont\u00ae freuen uns riesig, unsere #EcoResolutionInitiative zu erweitern und verk\u00fcnden voller Stolz unsere #\u00d6koVersprechen: Bis 2025 sollen all unsere Verbrauchsmaterialien umweltfreundlich werden! Das geht aber weit \u00fcber die blo\u00dfe Materialwahl hinaus. Wir nehmen den gesamten Lebenszyklus unserer Verbrauchsmaterialien unter die Lupe, um unsere Klimabilanz zu verbessern. Dazu geh\u00f6rt: \u00d6kologische Materialien: Wir suchen aktiv nach umweltfreundlichen Materialien aus nachhaltigen Quellen.Umweltfreundliche Produktion: Wir optimieren unsere Produktionsprozesse, um die Umweltbelastung zu minimieren. <\/p>\n<\/div>\n<div class=\"col-12 col-lg-10 my-auto\">\n<h2 class=\"eco\" id=\"eco\">Unsere \u00d6ko-Helden<\/h2>\n<p class=\"mb-0\">Im Rahmen unserer #EcoResolution f\u00fcr mehr Umweltfreundlichkeit haben wir ein Team engagierter Umweltbeauftragter ins Leben gerufen. Diese \u00d6ko-Krieger werden Innovationen innerhalb des Unternehmens vorantreiben, um unseren CO2-Fu\u00dfabdruck zu verringern. Dar\u00fcber hinaus werden sie das Bewusstsein f\u00fcr selbst die kleinsten Ver\u00e4nderungen sch\u00e4rfen, die eine erhebliche Reduktion unseres CO2-Fu\u00dfabdrucks bewirken k\u00f6nnen.<\/p>\n<\/div>\n<div class=\"col-12 col-lg-2 my-auto\">\n\t\t\t\t\t<img decoding=\"async\" src=\"https:\/\/www.bedfont.com\/wp-content\/themes\/bedfont\/assets\/img\/eco-warrior-logo.png\" class=\"img-fluid mx-auto d-none d-lg-block eco-warrior-logo\" alt=\"Eco Warrior logo\"\/>\n\t\t\t\t<\/div>\n<\/div>\n\n\t<\/div>\n<\/section>","protected":false},"excerpt":{"rendered":"<p>Die \u00f6kologische Haltung von Bedfont\u00ae Wir kooperieren mit lokalen Lieferanten und Unternehmen, die sich der Nachhaltigkeit verpflichtet haben, und verwenden f\u00fcr alle unsere Produkte, wann immer m\u00f6glich, recycelte Materialien. Unsere Verpackungen sind umweltfreundlich, und wir setzen auf nachhaltige Energiequellen. Dar\u00fcber hinaus bem\u00fchen wir uns, unser Abfallaufkommen so weit wie m\u00f6glich zu minimieren. Was wir tun [&hellip;]<\/p>\n","protected":false},"author":6,"featured_media":0,"parent":0,"menu_order":0,"comment_status":"closed","ping_status":"closed","template":"templates\/page-modules.php","meta":{"_acf_changed":false,"footnotes":""},"class_list":["post-3607","page","type-page","status-publish","hentry"],"acf":[],"yoast_head":"<!-- This site is optimized with the Yoast SEO plugin v27.4 - https:\/\/yoast.com\/product\/yoast-seo-wordpress\/ -->\n<title>Unsere \u00d6ko-Haltung - Bedfont Scientific Ltd.<\/title>\n<meta name=\"description\" content=\"Wir kooperieren mit lokalen Lieferanten und Unternehmen, die sich der Nachhaltigkeit verpflichtet haben, und verwenden f\u00fcr alle unsere Produkte, wann immer m\u00f6glich, recycelte Materialien.\" \/>\n<meta name=\"robots\" content=\"index, follow, max-snippet:-1, max-image-preview:large, max-video-preview:-1\" \/>\n<link rel=\"canonical\" href=\"https:\/\/www.bedfont.com\/de\/unsere-oeko-haltung\/\" \/>\n<meta property=\"og:locale\" content=\"de_DE\" \/>\n<meta property=\"og:type\" content=\"article\" \/>\n<meta property=\"og:title\" content=\"Unsere \u00d6ko-Haltung - Bedfont Scientific Ltd.\" \/>\n<meta property=\"og:description\" content=\"Wir kooperieren mit lokalen Lieferanten und Unternehmen, die sich der Nachhaltigkeit verpflichtet haben, und verwenden f\u00fcr alle unsere Produkte, wann immer m\u00f6glich, recycelte Materialien.\" \/>\n<meta property=\"og:url\" content=\"https:\/\/www.bedfont.com\/de\/unsere-oeko-haltung\/\" \/>\n<meta property=\"og:site_name\" content=\"Bedfont Scientific Ltd.\" \/>\n<meta property=\"article:publisher\" content=\"https:\/\/www.facebook.com\/Bedfontltd\/\" \/>\n<meta property=\"article:modified_time\" content=\"2024-10-08T07:37:41+00:00\" \/>\n<meta property=\"og:image\" content=\"https:\/\/www.bedfont.com\/wp-content\/uploads\/2024\/10\/eco-planet.png\" \/>\n<meta name=\"twitter:card\" content=\"summary_large_image\" \/>\n<meta name=\"twitter:site\" content=\"@BedfontLtd\" \/>\n<meta name=\"twitter:label1\" content=\"Gesch\u00e4tzte Lesezeit\" \/>\n\t<meta name=\"twitter:data1\" content=\"2\u00a0Minuten\" \/>\n<script type=\"application\/ld+json\" class=\"yoast-schema-graph\">{\"@context\":\"https:\\\/\\\/schema.org\",\"@graph\":[{\"@type\":\"WebPage\",\"@id\":\"https:\\\/\\\/www.bedfont.com\\\/de\\\/unsere-oeko-haltung\\\/\",\"url\":\"https:\\\/\\\/www.bedfont.com\\\/de\\\/unsere-oeko-haltung\\\/\",\"name\":\"Unsere \u00d6ko-Haltung - Bedfont Scientific Ltd.\",\"isPartOf\":{\"@id\":\"https:\\\/\\\/www.bedfont.com\\\/de\\\/#website\"},\"primaryImageOfPage\":{\"@id\":\"https:\\\/\\\/www.bedfont.com\\\/de\\\/unsere-oeko-haltung\\\/#primaryimage\"},\"image\":{\"@id\":\"https:\\\/\\\/www.bedfont.com\\\/de\\\/unsere-oeko-haltung\\\/#primaryimage\"},\"thumbnailUrl\":\"https:\\\/\\\/www.bedfont.com\\\/wp-content\\\/uploads\\\/2024\\\/10\\\/eco-planet.png\",\"datePublished\":\"2022-07-06T14:45:21+00:00\",\"dateModified\":\"2024-10-08T07:37:41+00:00\",\"description\":\"Wir kooperieren mit lokalen Lieferanten und Unternehmen, die sich der Nachhaltigkeit verpflichtet haben, und verwenden f\u00fcr alle unsere Produkte, wann immer m\u00f6glich, recycelte Materialien.\",\"breadcrumb\":{\"@id\":\"https:\\\/\\\/www.bedfont.com\\\/de\\\/unsere-oeko-haltung\\\/#breadcrumb\"},\"inLanguage\":\"de\",\"potentialAction\":[{\"@type\":\"ReadAction\",\"target\":[\"https:\\\/\\\/www.bedfont.com\\\/de\\\/unsere-oeko-haltung\\\/\"]}]},{\"@type\":\"ImageObject\",\"inLanguage\":\"de\",\"@id\":\"https:\\\/\\\/www.bedfont.com\\\/de\\\/unsere-oeko-haltung\\\/#primaryimage\",\"url\":\"https:\\\/\\\/www.bedfont.com\\\/wp-content\\\/uploads\\\/2024\\\/10\\\/eco-planet.png\",\"contentUrl\":\"https:\\\/\\\/www.bedfont.com\\\/wp-content\\\/uploads\\\/2024\\\/10\\\/eco-planet.png\"},{\"@type\":\"BreadcrumbList\",\"@id\":\"https:\\\/\\\/www.bedfont.com\\\/de\\\/unsere-oeko-haltung\\\/#breadcrumb\",\"itemListElement\":[{\"@type\":\"ListItem\",\"position\":1,\"name\":\"Home\",\"item\":\"https:\\\/\\\/www.bedfont.com\\\/de\\\/\"},{\"@type\":\"ListItem\",\"position\":2,\"name\":\"Unsere \u00d6ko-Haltung\"}]},{\"@type\":\"WebSite\",\"@id\":\"https:\\\/\\\/www.bedfont.com\\\/de\\\/#website\",\"url\":\"https:\\\/\\\/www.bedfont.com\\\/de\\\/\",\"name\":\"Bedfont Scientific Ltd.\",\"description\":\"World leaders in breath analysis.\",\"publisher\":{\"@id\":\"https:\\\/\\\/www.bedfont.com\\\/de\\\/#organization\"},\"potentialAction\":[{\"@type\":\"SearchAction\",\"target\":{\"@type\":\"EntryPoint\",\"urlTemplate\":\"https:\\\/\\\/www.bedfont.com\\\/de\\\/?s={search_term_string}\"},\"query-input\":{\"@type\":\"PropertyValueSpecification\",\"valueRequired\":true,\"valueName\":\"search_term_string\"}}],\"inLanguage\":\"de\"},{\"@type\":\"Organization\",\"@id\":\"https:\\\/\\\/www.bedfont.com\\\/de\\\/#organization\",\"name\":\"Bedfont Scientific Ltd.\",\"url\":\"https:\\\/\\\/www.bedfont.com\\\/de\\\/\",\"logo\":{\"@type\":\"ImageObject\",\"inLanguage\":\"de\",\"@id\":\"https:\\\/\\\/www.bedfont.com\\\/de\\\/#\\\/schema\\\/logo\\\/image\\\/\",\"url\":\"https:\\\/\\\/www.bedfont.com\\\/wp-content\\\/uploads\\\/2023\\\/06\\\/logo.png\",\"contentUrl\":\"https:\\\/\\\/www.bedfont.com\\\/wp-content\\\/uploads\\\/2023\\\/06\\\/logo.png\",\"width\":1600,\"height\":505,\"caption\":\"Bedfont Scientific Ltd.\"},\"image\":{\"@id\":\"https:\\\/\\\/www.bedfont.com\\\/de\\\/#\\\/schema\\\/logo\\\/image\\\/\"},\"sameAs\":[\"https:\\\/\\\/www.facebook.com\\\/Bedfontltd\\\/\",\"https:\\\/\\\/x.com\\\/BedfontLtd\",\"https:\\\/\\\/www.instagram.com\\\/bedfontltd\\\/\",\"https:\\\/\\\/www.linkedin.com\\\/company\\\/bedfont-scientific-ltd\\\/\",\"https:\\\/\\\/www.youtube.com\\\/user\\\/BedfontScientificLtd\"]}]}<\/script>\n<!-- \/ Yoast SEO plugin. -->","yoast_head_json":{"title":"Unsere \u00d6ko-Haltung - Bedfont Scientific Ltd.","description":"Wir kooperieren mit lokalen Lieferanten und Unternehmen, die sich der Nachhaltigkeit verpflichtet haben, und verwenden f\u00fcr alle unsere Produkte, wann immer m\u00f6glich, recycelte Materialien.","robots":{"index":"index","follow":"follow","max-snippet":"max-snippet:-1","max-image-preview":"max-image-preview:large","max-video-preview":"max-video-preview:-1"},"canonical":"https:\/\/www.bedfont.com\/de\/unsere-oeko-haltung\/","og_locale":"de_DE","og_type":"article","og_title":"Unsere \u00d6ko-Haltung - Bedfont Scientific Ltd.","og_description":"Wir kooperieren mit lokalen Lieferanten und Unternehmen, die sich der Nachhaltigkeit verpflichtet haben, und verwenden f\u00fcr alle unsere Produkte, wann immer m\u00f6glich, recycelte Materialien.","og_url":"https:\/\/www.bedfont.com\/de\/unsere-oeko-haltung\/","og_site_name":"Bedfont Scientific Ltd.","article_publisher":"https:\/\/www.facebook.com\/Bedfontltd\/","article_modified_time":"2024-10-08T07:37:41+00:00","og_image":[{"url":"https:\/\/www.bedfont.com\/wp-content\/uploads\/2024\/10\/eco-planet.png","type":"","width":"","height":""}],"twitter_card":"summary_large_image","twitter_site":"@BedfontLtd","twitter_misc":{"Gesch\u00e4tzte Lesezeit":"2\u00a0Minuten"},"schema":{"@context":"https:\/\/schema.org","@graph":[{"@type":"WebPage","@id":"https:\/\/www.bedfont.com\/de\/unsere-oeko-haltung\/","url":"https:\/\/www.bedfont.com\/de\/unsere-oeko-haltung\/","name":"Unsere \u00d6ko-Haltung - Bedfont Scientific Ltd.","isPartOf":{"@id":"https:\/\/www.bedfont.com\/de\/#website"},"primaryImageOfPage":{"@id":"https:\/\/www.bedfont.com\/de\/unsere-oeko-haltung\/#primaryimage"},"image":{"@id":"https:\/\/www.bedfont.com\/de\/unsere-oeko-haltung\/#primaryimage"},"thumbnailUrl":"https:\/\/www.bedfont.com\/wp-content\/uploads\/2024\/10\/eco-planet.png","datePublished":"2022-07-06T14:45:21+00:00","dateModified":"2024-10-08T07:37:41+00:00","description":"Wir kooperieren mit lokalen Lieferanten und Unternehmen, die sich der Nachhaltigkeit verpflichtet haben, und verwenden f\u00fcr alle unsere Produkte, wann immer m\u00f6glich, recycelte Materialien.","breadcrumb":{"@id":"https:\/\/www.bedfont.com\/de\/unsere-oeko-haltung\/#breadcrumb"},"inLanguage":"de","potentialAction":[{"@type":"ReadAction","target":["https:\/\/www.bedfont.com\/de\/unsere-oeko-haltung\/"]}]},{"@type":"ImageObject","inLanguage":"de","@id":"https:\/\/www.bedfont.com\/de\/unsere-oeko-haltung\/#primaryimage","url":"https:\/\/www.bedfont.com\/wp-content\/uploads\/2024\/10\/eco-planet.png","contentUrl":"https:\/\/www.bedfont.com\/wp-content\/uploads\/2024\/10\/eco-planet.png"},{"@type":"BreadcrumbList","@id":"https:\/\/www.bedfont.com\/de\/unsere-oeko-haltung\/#breadcrumb","itemListElement":[{"@type":"ListItem","position":1,"name":"Home","item":"https:\/\/www.bedfont.com\/de\/"},{"@type":"ListItem","position":2,"name":"Unsere \u00d6ko-Haltung"}]},{"@type":"WebSite","@id":"https:\/\/www.bedfont.com\/de\/#website","url":"https:\/\/www.bedfont.com\/de\/","name":"Bedfont Scientific Ltd.","description":"World leaders in breath analysis.","publisher":{"@id":"https:\/\/www.bedfont.com\/de\/#organization"},"potentialAction":[{"@type":"SearchAction","target":{"@type":"EntryPoint","urlTemplate":"https:\/\/www.bedfont.com\/de\/?s={search_term_string}"},"query-input":{"@type":"PropertyValueSpecification","valueRequired":true,"valueName":"search_term_string"}}],"inLanguage":"de"},{"@type":"Organization","@id":"https:\/\/www.bedfont.com\/de\/#organization","name":"Bedfont Scientific Ltd.","url":"https:\/\/www.bedfont.com\/de\/","logo":{"@type":"ImageObject","inLanguage":"de","@id":"https:\/\/www.bedfont.com\/de\/#\/schema\/logo\/image\/","url":"https:\/\/www.bedfont.com\/wp-content\/uploads\/2023\/06\/logo.png","contentUrl":"https:\/\/www.bedfont.com\/wp-content\/uploads\/2023\/06\/logo.png","width":1600,"height":505,"caption":"Bedfont Scientific Ltd."},"image":{"@id":"https:\/\/www.bedfont.com\/de\/#\/schema\/logo\/image\/"},"sameAs":["https:\/\/www.facebook.com\/Bedfontltd\/","https:\/\/x.com\/BedfontLtd","https:\/\/www.instagram.com\/bedfontltd\/","https:\/\/www.linkedin.com\/company\/bedfont-scientific-ltd\/","https:\/\/www.youtube.com\/user\/BedfontScientificLtd"]}]}},"_links":{"self":[{"href":"https:\/\/www.bedfont.com\/de\/wp-json\/wp\/v2\/pages\/3607","targetHints":{"allow":["GET"]}}],"collection":[{"href":"https:\/\/www.bedfont.com\/de\/wp-json\/wp\/v2\/pages"}],"about":[{"href":"https:\/\/www.bedfont.com\/de\/wp-json\/wp\/v2\/types\/page"}],"author":[{"embeddable":true,"href":"https:\/\/www.bedfont.com\/de\/wp-json\/wp\/v2\/users\/6"}],"replies":[{"embeddable":true,"href":"https:\/\/www.bedfont.com\/de\/wp-json\/wp\/v2\/comments?post=3607"}],"version-history":[{"count":4,"href":"https:\/\/www.bedfont.com\/de\/wp-json\/wp\/v2\/pages\/3607\/revisions"}],"predecessor-version":[{"id":6312,"href":"https:\/\/www.bedfont.com\/de\/wp-json\/wp\/v2\/pages\/3607\/revisions\/6312"}],"wp:attachment":[{"href":"https:\/\/www.bedfont.com\/de\/wp-json\/wp\/v2\/media?parent=3607"}],"curies":[{"name":"wp","href":"https:\/\/api.w.org\/{rel}","templated":true}]}}