{"id":3575,"date":"2024-01-04T16:18:29","date_gmt":"2024-01-04T16:18:29","guid":{"rendered":"https:\/\/bedfont.theprogressteam.com\/raucherlyzer\/"},"modified":"2024-10-18T05:53:24","modified_gmt":"2024-10-18T05:53:24","slug":"smokerlyzer","status":"publish","type":"page","link":"https:\/\/www.bedfont.com\/de\/produkte\/smokerlyzer\/","title":{"rendered":"Smokerlyzer"},"content":{"rendered":"<section class=\"hero-style-4 p-0 position-relative \" id=\"module-950-hero-0\">\n\t\t<div class=\"container-fluid overlay-img-holder\">\n\t\t\t<img width=\"1998\" height=\"544\" src=\"https:\/\/www.bedfont.com\/wp-content\/uploads\/2024\/10\/smokerlyzer-product-page.jpg\" class=\"w-100\" alt=\"\" decoding=\"async\" loading=\"lazy\" srcset=\"https:\/\/www.bedfont.com\/wp-content\/uploads\/2024\/10\/smokerlyzer-product-page.jpg 1998w, https:\/\/www.bedfont.com\/wp-content\/uploads\/2024\/10\/smokerlyzer-product-page-300x82.jpg 300w, https:\/\/www.bedfont.com\/wp-content\/uploads\/2024\/10\/smokerlyzer-product-page-1024x279.jpg 1024w, https:\/\/www.bedfont.com\/wp-content\/uploads\/2024\/10\/smokerlyzer-product-page-768x209.jpg 768w, https:\/\/www.bedfont.com\/wp-content\/uploads\/2024\/10\/smokerlyzer-product-page-1536x418.jpg 1536w\" sizes=\"auto, (max-width: 1998px) 100vw, 1998px\"\/>\n\t\t\t<div class=\"overlay\">\n\t\t\t\t<div class=\"col-12 col-md-8 mx-auto\">\n\t\t\t\t\t<h1>Smokerlyzer<sup>\u00ae<\/sup><\/h1>\n\t\t\t\t\t<p>Die Smokerlyzer-Ger\u00e4tereihe hilft Rauchern dabei, den Zigaretten endg\u00fcltig den R\u00fccken zu kehren. Diese handlichen Helfer messen den Kohlenmonoxid-Gehalt (CO) in der Atemluft. F\u00fcr medizinisches Fachpersonal bietet der Smokerlyzer eine biochemische Methode, den Raucherstatus eines Patienten festzustellen. Raucher selbst profitieren vom Smokerlyzer als motivierende, visuelle Unterst\u00fctzung. Sie sehen direkt, wie viel CO sie einatmen, und k\u00f6nnen so ihren Fortschritt beim Rauchstopp messbar verfolgen.  <\/p>\n\n\t\t\t\t<\/div>\n\t\t\t<\/div>\n\t\t<\/div>\n\t<\/section><section class=\"two-column-style-5 two-column-style-7 bg-gradient-blue \" id=\"module-950-two_column_image_text-1\">\n\t \t<div class=\"container\">\n\t\t\t<div class=\"row flex-row-reverse\">\n\t\t\t\t\t<div class=\"col-12 col-lg-7 my-auto\">\n                    <div class=\"box\">\n\t\t\t\t\t<h2 class=\"text-left\">PiCO<sup>\u2122<\/sup><\/h2>\n\t\t\t\t<p>PiCO <sup>\u2122<\/sup> ist ein Atem-CO-Ger\u00e4t, das Menschen dabei hilft, mit dem Rauchen aufzuh\u00f6ren.<\/p>\n\n\t\t\t\t\t\n\t\t\t\t<\/div>\n\n                <div class=\"row\"><div class=\"col-12 col-lg-4 mt-3\"><div class=\"box h-100 text-center\"><h3>Sofortige Ergebnisse<\/h3><p>Das Ger\u00e4t liefert sofortige Ergebnisse, angezeigt in exakten ppm und %COHb.<\/p>\n<\/div><\/div><div class=\"col-12 col-lg-4 mt-3\"><div class=\"box h-100 text-center\"><h3>5 Jahre Garantie<\/h3><p>Das PiCO<sup>\u2122<\/sup>-Ger\u00e4t wird mit einer f\u00fcnfj\u00e4hrigen Garantie geliefert, die Ihnen absolute Sicherheit bietet.<\/p>\n<\/div><\/div><div class=\"col-12 col-lg-4 mt-3\"><div class=\"box h-100 text-center\"><h3>Antimikrobielle Technologie<\/h3><p>Innovative antibakterielle L\u00f6sungen f\u00fcr wirksamen Schutz vor Infektionen.<\/p>\n<\/div><\/div><div class=\"col-12 col-lg-4 mt-3\"><div class=\"box h-100 text-center\"><h3>COdata<sup>+\u2122<\/sup> Software<\/h3><p>Das PiCO-Ger\u00e4t wird mit einer kostenlosen Patientenverwaltungssoftware geliefert, die sofortige Berichte \u00fcber die Ergebnisse des Patienten erstellt.<\/p>\n<\/div><\/div><div class=\"col-12 col-lg-4 mt-3\"><div class=\"box h-100 text-center\"><h3>Ampelsystem<\/h3><p>Dank des intuitiven Ampelsystems in Gr\u00fcn, Gelb und Rot k\u00f6nnen Patienten ihre CO-Werte auf einen Blick erfassen.<\/p>\n<\/div><\/div><div class=\"col-12 col-lg-4 mt-3\"><div class=\"box h-100 text-center\"><h3>Infektionspr\u00e4vention \/ Infektionskontrolle<\/h3><p>Der integrierte D-Piece<sup>\u2122<\/sup>-Filter filtert mehr als 99 % der luftgetragenen Bakterien und mehr als 97 % der Viren und bietet so eine kosteng\u00fcnstige L\u00f6sung zur Infektionskontrolle.<\/p>\n<\/div><\/div><\/div>\n\n\t\t\t\t<\/div>\n\t\t\t\t<div class=\"col-1\"><\/div>\n\t\t\t\n                <div class=\"col-12 col-lg-4\">\n\t\t\t\t\t<img width=\"647\" height=\"1159\" src=\"https:\/\/www.bedfont.com\/wp-content\/uploads\/2024\/10\/pico.png\" class=\"img-fluid w-75 mx-auto d-block\" alt=\"\" decoding=\"async\" loading=\"lazy\" srcset=\"https:\/\/www.bedfont.com\/wp-content\/uploads\/2024\/10\/pico.png 647w, https:\/\/www.bedfont.com\/wp-content\/uploads\/2024\/10\/pico-167x300.png 167w, https:\/\/www.bedfont.com\/wp-content\/uploads\/2024\/10\/pico-572x1024.png 572w\" sizes=\"auto, (max-width: 647px) 100vw, 647px\"\/>\n\t\t\t\t<\/div>\n\t\t\t<\/div>\n\t\t<\/div>\n\t<\/section><section class=\"two-column-style-5 two-column-style-7 bg-gradient-dark-blue \" id=\"module-950-two_column_image_text-2\">\n\t \t<div class=\"container\">\n\t\t\t<div class=\"row flex-row-reverse\">\n\t\t\t\t\t<div class=\"col-12 col-lg-7 my-auto\">\n                    <div class=\"box\">\n\t\t\t\t\t<h2 class=\"text-left\">Micro<sup>+\u2122<\/sup><\/h2>\n\t\t\t\t<p>Micro<sup>+\u2122<\/sup>: CO-Messger\u00e4t f\u00fcr Atemluft und fetales Blut zur Raucherentw\u00f6hnung<\/p>\n\n\t\t\t\t\t\n\t\t\t\t<\/div>\n\n                <div class=\"row\"><div class=\"col-12 col-lg-4 mt-3\"><div class=\"box h-100 text-center\"><h3>Sofortige Ergebnisse<\/h3><p>Sofortige Ergebnisse in pr\u00e4zisen Messwerten: ppm, %COHb und %FCOHb<\/p>\n<\/div><\/div><div class=\"col-12 col-lg-4 mt-3\"><div class=\"box h-100 text-center\"><h3>5 Jahre Garantie<\/h3><p>F\u00fcr absolute Sorgenfreiheit wird das Micro <sup>+\u2122<\/sup> -Ger\u00e4t mit einer f\u00fcnfj\u00e4hrigen Garantie geliefert.<\/p>\n<\/div><\/div><div class=\"col-12 col-lg-4 mt-3\"><div class=\"box h-100 text-center\"><h3>Antimikrobielle Technologie<\/h3><p>Innovative antibakterielle L\u00f6sungen f\u00fcr wirksamen Schutz vor Infektionen.<\/p>\n<\/div><\/div><div class=\"col-12 col-lg-4 mt-3\"><div class=\"box h-100 text-center\"><h3>COdata<sup>+\u2122<\/sup> Software<\/h3><p>Kostenlose Patientenverwaltungssoftware mit dem Micro+, die einen sofortigen Bericht \u00fcber die Ergebnisse des Patienten liefert.<\/p>\n<\/div><\/div><div class=\"col-12 col-lg-4 mt-3\"><div class=\"box h-100 text-center\"><h3>Ampelsystem<\/h3><p>Dank des intuitiven Ampelsystems in Gr\u00fcn, Gelb und Rot k\u00f6nnen Patienten ihre CO-Werte auf einen Blick erfassen.<\/p>\n<\/div><\/div><div class=\"col-12 col-lg-4 mt-3\"><div class=\"box h-100 text-center\"><h3>Infektionspr\u00e4vention \/ Infektionskontrolle<\/h3><p>Der integrierte D-Piece<sup>\u2122<\/sup>-Filter filtert mehr als 99 % der luftgetragenen Bakterien und mehr als 97 % der Viren und bietet so eine kosteng\u00fcnstige L\u00f6sung zur Infektionskontrolle.<\/p>\n<\/div><\/div><\/div>\n\n\t\t\t\t<\/div>\n\t\t\t\t<div class=\"col-1\"><\/div>\n\t\t\t\n                <div class=\"col-12 col-lg-4\">\n\t\t\t\t\t<img width=\"647\" height=\"1159\" src=\"https:\/\/www.bedfont.com\/wp-content\/uploads\/2024\/10\/micro.png\" class=\"img-fluid w-75 mx-auto d-block\" alt=\"\" decoding=\"async\" loading=\"lazy\" srcset=\"https:\/\/www.bedfont.com\/wp-content\/uploads\/2024\/10\/micro.png 647w, https:\/\/www.bedfont.com\/wp-content\/uploads\/2024\/10\/micro-167x300.png 167w, https:\/\/www.bedfont.com\/wp-content\/uploads\/2024\/10\/micro-572x1024.png 572w\" sizes=\"auto, (max-width: 647px) 100vw, 647px\"\/>\n\t\t\t\t<\/div>\n\t\t\t<\/div>\n\t\t<\/div>\n\t<\/section><section class=\"two-column-style-5 two-column-style-6 bg-gradient-blue \" id=\"module-950-two_column_image_text-3\">\n\t \t<div class=\"container\">\n\t\t\t<div class=\"row flex-row-reverse\">\n\t\t\t\t\t<div class=\"col-12 col-lg-7 my-auto\">\n                    <div class=\"box\">\n\t\t\t\t\t<h2 class=\"text-left\">iCOquit<sup>\u00ae<\/sup><\/h2>\n\t\t\t\t<p>Ihr pers\u00f6nlicher CO-Warner: Unterst\u00fctzung auf dem Weg zum Raucherentw\u00f6hn<\/p>\n<p>Der iCOquit\u00ae hilft Ihnen dabei, mit dem Rauchen aufzuh\u00f6ren! Das Ger\u00e4t misst den Kohlenmonoxid (CO) in Ihrer Atemluft und zeigt die Werte \u00fcbersichtlich in der zugeh\u00f6rigen App an. So k\u00f6nnen Sie Ihren Fortschritt live mitverfolgen und bekommen visuelle Motivation zum Weitermachen.<\/p>\n<p>Die iCOquit\u00ae App ist Ihr starker Partner auf dem Weg zum Rauchfreien Leben! In Kombination mit dem iCOquit\u00ae Ger\u00e4t bietet sie Ihnen gleich doppelte Unterst\u00fctzung: Visuelle Motivation und Fortschritt in Echtzeit.<\/p>\n\n\t\t\t\t\t<div class='button-box button-blue button-box-shadow'><a class='btn ' href='https:\/\/www.icoquit.com\/' target=\"_blank\">Visit Website<i class='fa fa-arrow-right ms-1' aria-hidden='true'><\/i><\/a><\/div>\n\t\t\t\t<\/div>\n\t\t\t\t<\/div>\n\t\t\t\t<div class=\"col-1\"><\/div>\n\t\t\t\n                <div class=\"col-12 col-lg-4\">\n\t\t\t\t\t<img width=\"647\" height=\"1159\" src=\"https:\/\/www.bedfont.com\/wp-content\/uploads\/2024\/10\/icoquit.png\" class=\"img-fluid w-75 mx-auto d-block\" alt=\"\" decoding=\"async\" loading=\"lazy\" srcset=\"https:\/\/www.bedfont.com\/wp-content\/uploads\/2024\/10\/icoquit.png 647w, https:\/\/www.bedfont.com\/wp-content\/uploads\/2024\/10\/icoquit-167x300.png 167w, https:\/\/www.bedfont.com\/wp-content\/uploads\/2024\/10\/icoquit-572x1024.png 572w\" sizes=\"auto, (max-width: 647px) 100vw, 647px\"\/>\n\t\t\t\t<\/div>\n\t\t\t<\/div>\n\t\t<\/div>\n\t<\/section><section class=\"two-column-style-5 two-column-style-7 bg-gradient-purple pico-baby-bg\" id=\"module-950-two_column_image_text-4\">\n\t \t<div class=\"container\">\n\t\t\t<div class=\"row flex-row-reverse\">\n\t\t\t\t\t<div class=\"col-12 col-lg-7 my-auto\">\n                    <div class=\"box\">\n\t\t\t\t\t<h2 class=\"text-left\">PiCO<sup>baby\u2122<\/sup><\/h2>\n\t\t\t\t<p>PiCO<sup>baby\u2122<\/sup>: Unterst\u00fctzung f\u00fcr rauchende Schwangere auf dem Weg zum Nichtrauchen<\/p>\n\n\t\t\t\t\t\n\t\t\t\t<\/div>\n\n                <div class=\"row\"><div class=\"col-12 col-lg-4 mt-3\"><div class=\"box h-100 text-center\"><h3>Sofortige Ergebnisse<\/h3><p>Das Ger\u00e4t liefert sofortige Ergebnisse in exakten ppm, %COHb und %FCOHb.<\/p>\n<\/div><\/div><div class=\"col-12 col-lg-4 mt-3\"><div class=\"box h-100 text-center\"><h3>5 Jahre Garantie<\/h3><p>Mit dem PiCO<sup>baby\u2122<\/sup> genie\u00dfen Sie absolute Sicherheit dank der gro\u00dfz\u00fcgigen 5-Jahres-Garantie<\/p>\n<\/div><\/div><div class=\"col-12 col-lg-4 mt-3\"><div class=\"box h-100 text-center\"><h3>Antimikrobielle Technologie<\/h3><p>Innovative antibakterielle L\u00f6sungen f\u00fcr wirksamen Schutz vor Infektionen.<\/p>\n<\/div><\/div><div class=\"col-12 col-lg-4 mt-3\"><div class=\"box h-100 text-center\"><h3>Wertvolles Werkzeug<\/h3><p>piCO <sup>baby\u2122<\/sup> ist f\u00fcr schwangere Raucherinnen ein wertvolles Hilfsmittel, um die Auswirkungen des Rauchens auf sie und ihr Kind zu visualisieren.<\/p>\n<\/div><\/div><div class=\"col-12 col-lg-4 mt-3\"><div class=\"box h-100 text-center\"><h3>Ampelsystem<\/h3><p>Dank des intuitiven Ampelsystems in Gr\u00fcn, Gelb und Rot k\u00f6nnen Patienten ihre CO-Werte auf einen Blick erfassen.<\/p>\n<\/div><\/div><div class=\"col-12 col-lg-4 mt-3\"><div class=\"box h-100 text-center\"><h3>Infektionspr\u00e4vention \/ Infektionskontrolle<\/h3><p>Der integrierte D-Piece<sup>\u2122<\/sup>-Filter filtert mehr als 99 % der luftgetragenen Bakterien und mehr als 97 % der Viren und bietet so eine kosteng\u00fcnstige L\u00f6sung zur Infektionskontrolle.<\/p>\n<\/div><\/div><\/div>\n\n\t\t\t\t<\/div>\n\t\t\t\t<div class=\"col-1\"><\/div>\n\t\t\t\n                <div class=\"col-12 col-lg-4\">\n\t\t\t\t\t<img width=\"647\" height=\"1159\" src=\"https:\/\/www.bedfont.com\/wp-content\/uploads\/2024\/10\/picobaby.png\" class=\"img-fluid w-75 mx-auto d-block\" alt=\"\" decoding=\"async\" loading=\"lazy\" srcset=\"https:\/\/www.bedfont.com\/wp-content\/uploads\/2024\/10\/picobaby.png 647w, https:\/\/www.bedfont.com\/wp-content\/uploads\/2024\/10\/picobaby-167x300.png 167w, https:\/\/www.bedfont.com\/wp-content\/uploads\/2024\/10\/picobaby-572x1024.png 572w\" sizes=\"auto, (max-width: 647px) 100vw, 647px\"\/>\n\t\t\t\t<\/div>\n\t\t\t<\/div>\n\t\t<\/div>\n\t<\/section><section class=\"two-column-style-5 two-column-style-6 bg-gradient-blue \" id=\"module-950-two_column_image_text-5\">\n\t \t<div class=\"container\">\n\t\t\t<div class=\"row flex-row-reverse\">\n\t\t\t\t\t<div class=\"col-12 col-lg-7 my-auto\">\n                    <div class=\"box\">\n\t\t\t\t\t<h2 class=\"text-left\">COdata<sup>+\u2122<\/sup><\/h2>\n\t\t\t\t<p>COdata<sup>+\u2122<\/sup> ist eine kostenlose Software f\u00fcr Microsoft Windows, die speziell f\u00fcr die Verwendung mit den Smokerlyzer<sup>\u00ae<\/sup>-Ger\u00e4ten von Bedfont<sup>\u00ae<\/sup> entwickelt wurde.<\/p>\n<p>Wenn das Ger\u00e4t an die Software angeschlossen wird, werden die Messwerte automatisch in die COdata<sup>+\u2122<\/sup>-Datenbank \u00fcbertragen. Dort wird das Ger\u00e4t virtuell angezeigt und ein sofortiger Bericht \u00fcber die Patientenergebnisse erstellt. Dieser Bericht bietet eine detaillierte Auswertung der Rauchgewohnheiten des Patienten und dessen Nikotinabh\u00e4ngigkeit. Der Bericht kann ausgedruckt und vom Patienten f\u00fcr seine eigenen Unterlagen aufbewahrt werden. Die Daten der Patienten und ihre Ergebnisse werden in der integrierten Datenbank f\u00fcr zuk\u00fcnftige Sitzungen gespeichert. Nutzer k\u00f6nnen au\u00dferdem benutzerdefinierte ppm-Einstellungen vornehmen, um den Raucherstatus bei der Behandlung besonders schwer motivierbarer Patienten oder bei Tests unter besonderen Umst\u00e4nden gezielt zu erfassen.    <\/p>\n\n\t\t\t\t\t<div class='button-box button-blue button-box-shadow'><a class='btn ' href='\/wp-content\/themes\/bedfont\/assets\/documents\/downloads\/Bedsoft_Framework.exe' target=\"_self\">Herunterladen COdata<sup>+\u2122<\/sup><i class='fa fa-arrow-right ms-1' aria-hidden='true'><\/i><\/a><\/div>\n\t\t\t\t<\/div>\n\t\t\t\t<\/div>\n\t\t\t\t<div class=\"col-1\"><\/div>\n\t\t\t\n                <div class=\"col-12 col-lg-4\">\n\t\t\t\t\t<img width=\"679\" height=\"673\" src=\"https:\/\/www.bedfont.com\/wp-content\/uploads\/2024\/10\/codata-software.png\" class=\"img-fluid w-75 mx-auto d-block\" alt=\"\" decoding=\"async\" loading=\"lazy\" srcset=\"https:\/\/www.bedfont.com\/wp-content\/uploads\/2024\/10\/codata-software.png 679w, https:\/\/www.bedfont.com\/wp-content\/uploads\/2024\/10\/codata-software-300x297.png 300w, https:\/\/www.bedfont.com\/wp-content\/uploads\/2024\/10\/codata-software-150x150.png 150w\" sizes=\"auto, (max-width: 679px) 100vw, 679px\"\/>\n\t\t\t\t<\/div>\n\t\t\t<\/div>\n\t\t<\/div>\n\t<\/section>","protected":false},"excerpt":{"rendered":"<p>Smokerlyzer\u00ae Die Smokerlyzer-Ger\u00e4tereihe hilft Rauchern dabei, den Zigaretten endg\u00fcltig den R\u00fccken zu kehren. Diese handlichen Helfer messen den Kohlenmonoxid-Gehalt (CO) in der Atemluft. F\u00fcr medizinisches Fachpersonal bietet der Smokerlyzer eine biochemische Methode, den Raucherstatus eines Patienten festzustellen. Raucher selbst profitieren vom Smokerlyzer als motivierende, visuelle Unterst\u00fctzung. Sie sehen direkt, wie viel CO sie einatmen, und [&hellip;]<\/p>\n","protected":false},"author":6,"featured_media":0,"parent":3655,"menu_order":0,"comment_status":"closed","ping_status":"closed","template":"templates\/page-modules.php","meta":{"_acf_changed":false,"footnotes":""},"class_list":["post-3575","page","type-page","status-publish","hentry"],"acf":[],"yoast_head":"<!-- This site is optimized with the Yoast SEO plugin v27.4 - https:\/\/yoast.com\/product\/yoast-seo-wordpress\/ -->\n<title>Smokerlyzer - Bedfont Scientific Ltd.<\/title>\n<meta name=\"description\" content=\"Die Smokerlyzer- Produktreihe besteht aus Ger\u00e4ten zur Messung des Kohlenmonoxids (CO) in der Ausatemluft. Sie sollen die Raucherentw\u00f6hnung erleichtern, indem sie die CO-Menge in der Ausatemluft des Rauchers messen.\" \/>\n<meta name=\"robots\" content=\"index, follow, max-snippet:-1, max-image-preview:large, max-video-preview:-1\" \/>\n<link rel=\"canonical\" href=\"https:\/\/www.bedfont.com\/de\/produkte\/smokerlyzer\/\" \/>\n<meta property=\"og:locale\" content=\"de_DE\" \/>\n<meta property=\"og:type\" content=\"article\" \/>\n<meta property=\"og:title\" content=\"Smokerlyzer - Bedfont Scientific Ltd.\" \/>\n<meta property=\"og:description\" content=\"Die Smokerlyzer- Produktreihe besteht aus Ger\u00e4ten zur Messung des Kohlenmonoxids (CO) in der Ausatemluft. Sie sollen die Raucherentw\u00f6hnung erleichtern, indem sie die CO-Menge in der Ausatemluft des Rauchers messen.\" \/>\n<meta property=\"og:url\" content=\"https:\/\/www.bedfont.com\/de\/produkte\/smokerlyzer\/\" \/>\n<meta property=\"og:site_name\" content=\"Bedfont Scientific Ltd.\" \/>\n<meta property=\"article:publisher\" content=\"https:\/\/www.facebook.com\/Bedfontltd\/\" \/>\n<meta property=\"article:modified_time\" content=\"2024-10-18T05:53:24+00:00\" \/>\n<meta property=\"og:image\" content=\"https:\/\/www.bedfont.com\/wp-content\/uploads\/2024\/10\/smokerlyzer-product-page.jpg\" \/>\n<meta name=\"twitter:card\" content=\"summary_large_image\" \/>\n<meta name=\"twitter:site\" content=\"@BedfontLtd\" \/>\n<meta name=\"twitter:label1\" content=\"Gesch\u00e4tzte Lesezeit\" \/>\n\t<meta name=\"twitter:data1\" content=\"4\u00a0Minuten\" \/>\n<script type=\"application\/ld+json\" class=\"yoast-schema-graph\">{\"@context\":\"https:\\\/\\\/schema.org\",\"@graph\":[{\"@type\":\"WebPage\",\"@id\":\"https:\\\/\\\/www.bedfont.com\\\/de\\\/produkte\\\/smokerlyzer\\\/\",\"url\":\"https:\\\/\\\/www.bedfont.com\\\/de\\\/produkte\\\/smokerlyzer\\\/\",\"name\":\"Smokerlyzer - Bedfont Scientific Ltd.\",\"isPartOf\":{\"@id\":\"https:\\\/\\\/www.bedfont.com\\\/de\\\/#website\"},\"primaryImageOfPage\":{\"@id\":\"https:\\\/\\\/www.bedfont.com\\\/de\\\/produkte\\\/smokerlyzer\\\/#primaryimage\"},\"image\":{\"@id\":\"https:\\\/\\\/www.bedfont.com\\\/de\\\/produkte\\\/smokerlyzer\\\/#primaryimage\"},\"thumbnailUrl\":\"https:\\\/\\\/www.bedfont.com\\\/wp-content\\\/uploads\\\/2024\\\/10\\\/smokerlyzer-product-page.jpg\",\"datePublished\":\"2024-01-04T16:18:29+00:00\",\"dateModified\":\"2024-10-18T05:53:24+00:00\",\"description\":\"Die Smokerlyzer- Produktreihe besteht aus Ger\u00e4ten zur Messung des Kohlenmonoxids (CO) in der Ausatemluft. Sie sollen die Raucherentw\u00f6hnung erleichtern, indem sie die CO-Menge in der Ausatemluft des Rauchers messen.\",\"breadcrumb\":{\"@id\":\"https:\\\/\\\/www.bedfont.com\\\/de\\\/produkte\\\/smokerlyzer\\\/#breadcrumb\"},\"inLanguage\":\"de\",\"potentialAction\":[{\"@type\":\"ReadAction\",\"target\":[\"https:\\\/\\\/www.bedfont.com\\\/de\\\/produkte\\\/smokerlyzer\\\/\"]}]},{\"@type\":\"ImageObject\",\"inLanguage\":\"de\",\"@id\":\"https:\\\/\\\/www.bedfont.com\\\/de\\\/produkte\\\/smokerlyzer\\\/#primaryimage\",\"url\":\"https:\\\/\\\/www.bedfont.com\\\/wp-content\\\/uploads\\\/2024\\\/10\\\/smokerlyzer-product-page.jpg\",\"contentUrl\":\"https:\\\/\\\/www.bedfont.com\\\/wp-content\\\/uploads\\\/2024\\\/10\\\/smokerlyzer-product-page.jpg\"},{\"@type\":\"BreadcrumbList\",\"@id\":\"https:\\\/\\\/www.bedfont.com\\\/de\\\/produkte\\\/smokerlyzer\\\/#breadcrumb\",\"itemListElement\":[{\"@type\":\"ListItem\",\"position\":1,\"name\":\"Home\",\"item\":\"https:\\\/\\\/www.bedfont.com\\\/de\\\/\"},{\"@type\":\"ListItem\",\"position\":2,\"name\":\"Produkte\",\"item\":\"https:\\\/\\\/www.bedfont.com\\\/de\\\/produkte\\\/\"},{\"@type\":\"ListItem\",\"position\":3,\"name\":\"Smokerlyzer\"}]},{\"@type\":\"WebSite\",\"@id\":\"https:\\\/\\\/www.bedfont.com\\\/de\\\/#website\",\"url\":\"https:\\\/\\\/www.bedfont.com\\\/de\\\/\",\"name\":\"Bedfont Scientific Ltd.\",\"description\":\"World leaders in breath analysis.\",\"publisher\":{\"@id\":\"https:\\\/\\\/www.bedfont.com\\\/de\\\/#organization\"},\"potentialAction\":[{\"@type\":\"SearchAction\",\"target\":{\"@type\":\"EntryPoint\",\"urlTemplate\":\"https:\\\/\\\/www.bedfont.com\\\/de\\\/?s={search_term_string}\"},\"query-input\":{\"@type\":\"PropertyValueSpecification\",\"valueRequired\":true,\"valueName\":\"search_term_string\"}}],\"inLanguage\":\"de\"},{\"@type\":\"Organization\",\"@id\":\"https:\\\/\\\/www.bedfont.com\\\/de\\\/#organization\",\"name\":\"Bedfont Scientific Ltd.\",\"url\":\"https:\\\/\\\/www.bedfont.com\\\/de\\\/\",\"logo\":{\"@type\":\"ImageObject\",\"inLanguage\":\"de\",\"@id\":\"https:\\\/\\\/www.bedfont.com\\\/de\\\/#\\\/schema\\\/logo\\\/image\\\/\",\"url\":\"https:\\\/\\\/www.bedfont.com\\\/wp-content\\\/uploads\\\/2023\\\/06\\\/logo.png\",\"contentUrl\":\"https:\\\/\\\/www.bedfont.com\\\/wp-content\\\/uploads\\\/2023\\\/06\\\/logo.png\",\"width\":1600,\"height\":505,\"caption\":\"Bedfont Scientific Ltd.\"},\"image\":{\"@id\":\"https:\\\/\\\/www.bedfont.com\\\/de\\\/#\\\/schema\\\/logo\\\/image\\\/\"},\"sameAs\":[\"https:\\\/\\\/www.facebook.com\\\/Bedfontltd\\\/\",\"https:\\\/\\\/x.com\\\/BedfontLtd\",\"https:\\\/\\\/www.instagram.com\\\/bedfontltd\\\/\",\"https:\\\/\\\/www.linkedin.com\\\/company\\\/bedfont-scientific-ltd\\\/\",\"https:\\\/\\\/www.youtube.com\\\/user\\\/BedfontScientificLtd\"]}]}<\/script>\n<!-- \/ Yoast SEO plugin. -->","yoast_head_json":{"title":"Smokerlyzer - Bedfont Scientific Ltd.","description":"Die Smokerlyzer- Produktreihe besteht aus Ger\u00e4ten zur Messung des Kohlenmonoxids (CO) in der Ausatemluft. Sie sollen die Raucherentw\u00f6hnung erleichtern, indem sie die CO-Menge in der Ausatemluft des Rauchers messen.","robots":{"index":"index","follow":"follow","max-snippet":"max-snippet:-1","max-image-preview":"max-image-preview:large","max-video-preview":"max-video-preview:-1"},"canonical":"https:\/\/www.bedfont.com\/de\/produkte\/smokerlyzer\/","og_locale":"de_DE","og_type":"article","og_title":"Smokerlyzer - Bedfont Scientific Ltd.","og_description":"Die Smokerlyzer- Produktreihe besteht aus Ger\u00e4ten zur Messung des Kohlenmonoxids (CO) in der Ausatemluft. Sie sollen die Raucherentw\u00f6hnung erleichtern, indem sie die CO-Menge in der Ausatemluft des Rauchers messen.","og_url":"https:\/\/www.bedfont.com\/de\/produkte\/smokerlyzer\/","og_site_name":"Bedfont Scientific Ltd.","article_publisher":"https:\/\/www.facebook.com\/Bedfontltd\/","article_modified_time":"2024-10-18T05:53:24+00:00","og_image":[{"url":"https:\/\/www.bedfont.com\/wp-content\/uploads\/2024\/10\/smokerlyzer-product-page.jpg","type":"","width":"","height":""}],"twitter_card":"summary_large_image","twitter_site":"@BedfontLtd","twitter_misc":{"Gesch\u00e4tzte Lesezeit":"4\u00a0Minuten"},"schema":{"@context":"https:\/\/schema.org","@graph":[{"@type":"WebPage","@id":"https:\/\/www.bedfont.com\/de\/produkte\/smokerlyzer\/","url":"https:\/\/www.bedfont.com\/de\/produkte\/smokerlyzer\/","name":"Smokerlyzer - Bedfont Scientific Ltd.","isPartOf":{"@id":"https:\/\/www.bedfont.com\/de\/#website"},"primaryImageOfPage":{"@id":"https:\/\/www.bedfont.com\/de\/produkte\/smokerlyzer\/#primaryimage"},"image":{"@id":"https:\/\/www.bedfont.com\/de\/produkte\/smokerlyzer\/#primaryimage"},"thumbnailUrl":"https:\/\/www.bedfont.com\/wp-content\/uploads\/2024\/10\/smokerlyzer-product-page.jpg","datePublished":"2024-01-04T16:18:29+00:00","dateModified":"2024-10-18T05:53:24+00:00","description":"Die Smokerlyzer- Produktreihe besteht aus Ger\u00e4ten zur Messung des Kohlenmonoxids (CO) in der Ausatemluft. Sie sollen die Raucherentw\u00f6hnung erleichtern, indem sie die CO-Menge in der Ausatemluft des Rauchers messen.","breadcrumb":{"@id":"https:\/\/www.bedfont.com\/de\/produkte\/smokerlyzer\/#breadcrumb"},"inLanguage":"de","potentialAction":[{"@type":"ReadAction","target":["https:\/\/www.bedfont.com\/de\/produkte\/smokerlyzer\/"]}]},{"@type":"ImageObject","inLanguage":"de","@id":"https:\/\/www.bedfont.com\/de\/produkte\/smokerlyzer\/#primaryimage","url":"https:\/\/www.bedfont.com\/wp-content\/uploads\/2024\/10\/smokerlyzer-product-page.jpg","contentUrl":"https:\/\/www.bedfont.com\/wp-content\/uploads\/2024\/10\/smokerlyzer-product-page.jpg"},{"@type":"BreadcrumbList","@id":"https:\/\/www.bedfont.com\/de\/produkte\/smokerlyzer\/#breadcrumb","itemListElement":[{"@type":"ListItem","position":1,"name":"Home","item":"https:\/\/www.bedfont.com\/de\/"},{"@type":"ListItem","position":2,"name":"Produkte","item":"https:\/\/www.bedfont.com\/de\/produkte\/"},{"@type":"ListItem","position":3,"name":"Smokerlyzer"}]},{"@type":"WebSite","@id":"https:\/\/www.bedfont.com\/de\/#website","url":"https:\/\/www.bedfont.com\/de\/","name":"Bedfont Scientific Ltd.","description":"World leaders in breath analysis.","publisher":{"@id":"https:\/\/www.bedfont.com\/de\/#organization"},"potentialAction":[{"@type":"SearchAction","target":{"@type":"EntryPoint","urlTemplate":"https:\/\/www.bedfont.com\/de\/?s={search_term_string}"},"query-input":{"@type":"PropertyValueSpecification","valueRequired":true,"valueName":"search_term_string"}}],"inLanguage":"de"},{"@type":"Organization","@id":"https:\/\/www.bedfont.com\/de\/#organization","name":"Bedfont Scientific Ltd.","url":"https:\/\/www.bedfont.com\/de\/","logo":{"@type":"ImageObject","inLanguage":"de","@id":"https:\/\/www.bedfont.com\/de\/#\/schema\/logo\/image\/","url":"https:\/\/www.bedfont.com\/wp-content\/uploads\/2023\/06\/logo.png","contentUrl":"https:\/\/www.bedfont.com\/wp-content\/uploads\/2023\/06\/logo.png","width":1600,"height":505,"caption":"Bedfont Scientific Ltd."},"image":{"@id":"https:\/\/www.bedfont.com\/de\/#\/schema\/logo\/image\/"},"sameAs":["https:\/\/www.facebook.com\/Bedfontltd\/","https:\/\/x.com\/BedfontLtd","https:\/\/www.instagram.com\/bedfontltd\/","https:\/\/www.linkedin.com\/company\/bedfont-scientific-ltd\/","https:\/\/www.youtube.com\/user\/BedfontScientificLtd"]}]}},"_links":{"self":[{"href":"https:\/\/www.bedfont.com\/de\/wp-json\/wp\/v2\/pages\/3575","targetHints":{"allow":["GET"]}}],"collection":[{"href":"https:\/\/www.bedfont.com\/de\/wp-json\/wp\/v2\/pages"}],"about":[{"href":"https:\/\/www.bedfont.com\/de\/wp-json\/wp\/v2\/types\/page"}],"author":[{"embeddable":true,"href":"https:\/\/www.bedfont.com\/de\/wp-json\/wp\/v2\/users\/6"}],"replies":[{"embeddable":true,"href":"https:\/\/www.bedfont.com\/de\/wp-json\/wp\/v2\/comments?post=3575"}],"version-history":[{"count":8,"href":"https:\/\/www.bedfont.com\/de\/wp-json\/wp\/v2\/pages\/3575\/revisions"}],"predecessor-version":[{"id":7294,"href":"https:\/\/www.bedfont.com\/de\/wp-json\/wp\/v2\/pages\/3575\/revisions\/7294"}],"up":[{"embeddable":true,"href":"https:\/\/www.bedfont.com\/de\/wp-json\/wp\/v2\/pages\/3655"}],"wp:attachment":[{"href":"https:\/\/www.bedfont.com\/de\/wp-json\/wp\/v2\/media?parent=3575"}],"curies":[{"name":"wp","href":"https:\/\/api.w.org\/{rel}","templated":true}]}}