{"id":3559,"date":"2022-11-04T14:14:34","date_gmt":"2022-11-04T14:14:34","guid":{"rendered":"https:\/\/bedfont.theprogressteam.com\/medi-gas-check\/"},"modified":"2024-10-28T06:41:38","modified_gmt":"2024-10-28T06:41:38","slug":"medi-gas-check","status":"publish","type":"page","link":"https:\/\/www.bedfont.com\/de\/produkte\/medi-gas-check\/","title":{"rendered":"Medi-Gas Check"},"content":{"rendered":"<section class=\"hero-style-4 p-0 position-relative \" id=\"module-741-hero-0\">\n\t\t<div class=\"container-fluid overlay-img-holder\">\n\t\t\t<img width=\"1469\" height=\"400\" src=\"https:\/\/www.bedfont.com\/wp-content\/uploads\/2024\/10\/medigas-product-page.jpg\" class=\"w-100\" alt=\"\" decoding=\"async\" loading=\"lazy\" srcset=\"https:\/\/www.bedfont.com\/wp-content\/uploads\/2024\/10\/medigas-product-page.jpg 1469w, https:\/\/www.bedfont.com\/wp-content\/uploads\/2024\/10\/medigas-product-page-300x82.jpg 300w, https:\/\/www.bedfont.com\/wp-content\/uploads\/2024\/10\/medigas-product-page-1024x279.jpg 1024w, https:\/\/www.bedfont.com\/wp-content\/uploads\/2024\/10\/medigas-product-page-768x209.jpg 768w\" sizes=\"auto, (max-width: 1469px) 100vw, 1469px\"\/>\n\t\t\t<div class=\"overlay\">\n\t\t\t\t<div class=\"col-12 col-md-8 mx-auto\">\n\t\t\t\t\t<h1>Medi-Gas Check<\/h1>\n\t\t\t\t\t<p>Die Medi-Gas Check Reihe medizinischer Pr\u00fcfger\u00e4te f\u00fcr Rohrleitungen dient dem Schutz von Patienten und Personal vor sch\u00e4dlichen Gasen. Durch die Pr\u00fcfung des Gases in der Leitung k\u00f6nnen Sie sicherstellen, dass das richtige Gas in der richtigen Menge und Qualit\u00e4t verabreicht wird. <\/p>\n\n\t\t\t\t<\/div>\n\t\t\t<\/div>\n\t\t<\/div>\n\t<\/section><section class=\"two-column-style-5 two-column-style-6 bg-gradient-red \" id=\"module-741-two_column_image_text-1\">\n\t \t<div class=\"container\">\n\t\t\t<div class=\"row flex-row-reverse\">\n\t\t\t\t\t<div class=\"col-12 col-lg-7 my-auto\">\n                    <div class=\"box\">\n\t\t\t\t\t<h2 class=\"text-left\"> G210<\/h2>\n\t\t\t\t<p><strong>N2O, O2, CO2, CO \u00dcberwachung<\/strong><\/p>\n<p>Der G210 Gasmessger\u00e4t wurde speziell f\u00fcr die hochpr\u00e4zise Messung von medizinischen Pipelinegasen wie N2O und O2 in Prozent entwickelt. Dieses leichte Handmessger\u00e4t eignet sich ideal f\u00fcr den Einsatz in hektischen Krankenhausumgebungen. Es erm\u00f6glicht eine schnelle \u00dcberpr\u00fcfung der Gasqualit\u00e4t auf einem gut lesbaren digitalen Display. Sie k\u00f6nnen sogar spezifische Identifikationsnummern f\u00fcr einzelne Messpunkte im gesamten Krankenhaus eingeben. Das Ger\u00e4t erkennt dar\u00fcber hinaus potenzielle Verunreinigungen durch CO und CO2 in den Krankenhausleitungen und verf\u00fcgt \u00fcber eine Datenaufzeichnung sowie eine Alarmfunktion. Damit ist der G210 die perfekte L\u00f6sung f\u00fcr viele Ihrer Anforderungen an die MGPS-Verifizierung und -Pr\u00fcfung.    <\/p>\n\n\t\t\t\t\t\n\t\t\t\t<\/div>\n\t\t\t\t<\/div>\n\t\t\t\t<div class=\"col-1\"><\/div>\n\t\t\t\n                <div class=\"col-12 col-lg-4\">\n\t\t\t\t\t<img width=\"750\" height=\"1000\" src=\"https:\/\/www.bedfont.com\/wp-content\/uploads\/2024\/10\/g210.png\" class=\"img-fluid w-75 mx-auto d-block\" alt=\"\" decoding=\"async\" loading=\"lazy\" srcset=\"https:\/\/www.bedfont.com\/wp-content\/uploads\/2024\/10\/g210.png 750w, https:\/\/www.bedfont.com\/wp-content\/uploads\/2024\/10\/g210-225x300.png 225w\" sizes=\"auto, (max-width: 750px) 100vw, 750px\"\/>\n\t\t\t\t<\/div>\n\t\t\t<\/div>\n\t\t<\/div>\n\t<\/section><section class=\"two-column-style-5 two-column-style-6 bg-gradient-red \" id=\"module-741-two_column_image_text-2\">\n\t \t<div class=\"container\">\n\t\t\t<div class=\"row flex-row-reverse\">\n\t\t\t\t\t<div class=\"col-12 col-lg-7 my-auto\">\n                    <div class=\"box\">\n\t\t\t\t\t<h2 class=\"text-left\">F8004 Multi-Air Tester<\/h2>\n\t\t\t\t<p><strong>Sichere Luftmessung f\u00fcr medizinische und dentale Bereiche<\/strong><\/p>\n<p>Der neue Multi-Air-Tester F8004 ist ein fortschrittliches Ger\u00e4t, das speziell f\u00fcr medizinische und zahnmedizinische Lufttests entwickelt wurde. Es erm\u00f6glicht die pr\u00e4zise Analyse einer Vielzahl von Gasen und Schadstoffen in einem einzigen Ger\u00e4t. Der Multi-Air-Tester bietet eine schnelle und einfache Methode zur Durchf\u00fchrung genauer Tests von Atemluftversorgungen. Als neueste Erg\u00e4nzung der Medi-Gas Check-Reihe tragbarer medizinischer Gasanalysatoren f\u00fcr Rohrleitungen setzt der Multi-Air-Tester neue Ma\u00dfst\u00e4be in der Luftqualit\u00e4tssicherung und -\u00fcberwachung. <\/p>\n\n\t\t\t\t\t\n\t\t\t\t<\/div>\n\t\t\t\t<\/div>\n\t\t\t\t<div class=\"col-1\"><\/div>\n\t\t\t\n                <div class=\"col-12 col-lg-4\">\n\t\t\t\t\t<img width=\"750\" height=\"1000\" src=\"https:\/\/www.bedfont.com\/wp-content\/uploads\/2024\/10\/f8004.png\" class=\"img-fluid w-75 mx-auto d-block\" alt=\"\" decoding=\"async\" loading=\"lazy\" srcset=\"https:\/\/www.bedfont.com\/wp-content\/uploads\/2024\/10\/f8004.png 750w, https:\/\/www.bedfont.com\/wp-content\/uploads\/2024\/10\/f8004-225x300.png 225w\" sizes=\"auto, (max-width: 750px) 100vw, 750px\"\/>\n\t\t\t\t<\/div>\n\t\t\t<\/div>\n\t\t<\/div>\n\t<\/section><section class=\"two-column-style-5 two-column-style-6 bg-gradient-red \" id=\"module-741-two_column_image_text-3\">\n\t \t<div class=\"container\">\n\t\t\t<div class=\"row flex-row-reverse\">\n\t\t\t\t\t<div class=\"col-12 col-lg-7 my-auto\">\n                    <div class=\"box\">\n\t\t\t\t\t<h2 class=\"text-left\">G200<\/h2>\n\t\t\t\t<p><strong>Messung atmosph\u00e4rischer N2O-Gehalte bei niedrigen Konzentrationen<\/strong><\/p>\n<p>Dieses tragbare \u00dcberwachungsger\u00e4t dient nicht nur als pers\u00f6nlicher Alarm, sondern berechnet auch den zeitlich gewichteten Durchschnitt (TWA) der N2O-Exposition einer Person. Das G200 fungiert zudem als Lecksuchger\u00e4t und speichert bis zu 1.000 Messwerte, die f\u00fcr Diagramme und Datenanalysen verwendet werden k\u00f6nnen. Es liefert Messwerte von 0-1.000 ppm in weniger als 40 Sekunden und 0-10.000 ppm im Lecksuchmodus, wodurch sowohl das medizinische Personal als auch die Patienten effektiv gesch\u00fctzt werden.<br\/>Dieses Produkt ist ideal f\u00fcr den Einsatz in zahn\u00e4rztlichen Abteilungen, An\u00e4sthesieabteilungen, Krankenh\u00e4usern, Aufwachr\u00e4umen, Tierarztpraxen und R\u00f6ntgenabteilungen.   <\/p>\n\n\t\t\t\t\t\n\t\t\t\t<\/div>\n\t\t\t\t<\/div>\n\t\t\t\t<div class=\"col-1\"><\/div>\n\t\t\t\n                <div class=\"col-12 col-lg-4\">\n\t\t\t\t\t<img width=\"600\" height=\"851\" src=\"https:\/\/www.bedfont.com\/wp-content\/uploads\/2024\/10\/g200.png\" class=\"img-fluid w-75 mx-auto d-block\" alt=\"\" decoding=\"async\" loading=\"lazy\" srcset=\"https:\/\/www.bedfont.com\/wp-content\/uploads\/2024\/10\/g200.png 600w, https:\/\/www.bedfont.com\/wp-content\/uploads\/2024\/10\/g200-212x300.png 212w\" sizes=\"auto, (max-width: 600px) 100vw, 600px\"\/>\n\t\t\t\t<\/div>\n\t\t\t<\/div>\n\t\t<\/div>\n\t<\/section><section class=\"two-column-style-5 two-column-style-6 bg-gradient-red \" id=\"module-741-two_column_image_text-4\">\n\t \t<div class=\"container\">\n\t\t\t<div class=\"row flex-row-reverse\">\n\t\t\t\t\t<div class=\"col-12 col-lg-7 my-auto\">\n                    <div class=\"box\">\n\t\t\t\t\t<h2 class=\"text-left\">Pipeline Sampling Kit<\/h2>\n\t\t\t\t<p>Im Rahmen des Engagements von Bedfont, die Verifizierung und Validierung von MGPS so schnell und einfach wie m\u00f6glich zu gestalten, bieten wir ein umfassendes Probenahme-Kit zur Verwendung mit all unseren Monitoren, Detektorr\u00f6hren und Ger\u00e4ten an. Dieses Kit umfasst einen Regler, der sicherstellt, dass der Gasfluss mit dem korrekten Durchfluss durch den Monitor oder das Detektorrohr geleitet wird. Dar\u00fcber hinaus enth\u00e4lt es f\u00fcnf spezielle Gassonden sowie Schnellanschlussst\u00fccke, die einen einfachen Wechsel zwischen verschiedenen Gasen erm\u00f6glichen. <\/p>\n\n\t\t\t\t\t\n\t\t\t\t<\/div>\n\t\t\t\t<\/div>\n\t\t\t\t<div class=\"col-1\"><\/div>\n\t\t\t\n                <div class=\"col-12 col-lg-4\">\n\t\t\t\t\t<img width=\"800\" height=\"431\" src=\"https:\/\/www.bedfont.com\/wp-content\/uploads\/2024\/10\/pipeline-sampling-kit.png\" class=\"img-fluid w-75 mx-auto d-block\" alt=\"\" decoding=\"async\" loading=\"lazy\" srcset=\"https:\/\/www.bedfont.com\/wp-content\/uploads\/2024\/10\/pipeline-sampling-kit.png 800w, https:\/\/www.bedfont.com\/wp-content\/uploads\/2024\/10\/pipeline-sampling-kit-300x162.png 300w, https:\/\/www.bedfont.com\/wp-content\/uploads\/2024\/10\/pipeline-sampling-kit-768x414.png 768w\" sizes=\"auto, (max-width: 800px) 100vw, 800px\"\/>\n\t\t\t\t<\/div>\n\t\t\t<\/div>\n\t\t<\/div>\n\t<\/section>","protected":false},"excerpt":{"rendered":"<p>Medi-Gas Check Die Medi-Gas Check Reihe medizinischer Pr\u00fcfger\u00e4te f\u00fcr Rohrleitungen dient dem Schutz von Patienten und Personal vor sch\u00e4dlichen Gasen. Durch die Pr\u00fcfung des Gases in der Leitung k\u00f6nnen Sie sicherstellen, dass das richtige Gas in der richtigen Menge und Qualit\u00e4t verabreicht wird. G210 N2O, O2, CO2, CO \u00dcberwachung Der G210 Gasmessger\u00e4t wurde speziell f\u00fcr [&hellip;]<\/p>\n","protected":false},"author":6,"featured_media":0,"parent":3655,"menu_order":0,"comment_status":"closed","ping_status":"closed","template":"templates\/page-modules.php","meta":{"_acf_changed":false,"footnotes":""},"class_list":["post-3559","page","type-page","status-publish","hentry"],"acf":[],"yoast_head":"<!-- This site is optimized with the Yoast SEO plugin v27.5 - https:\/\/yoast.com\/product\/yoast-seo-wordpress\/ -->\n<title>Medi-Gas Check - Bedfont Scientific Ltd.<\/title>\n<meta name=\"description\" content=\"Die Medi-Gas Check Reihe medizinischer Pr\u00fcfger\u00e4te f\u00fcr Rohrleitungen dient dem Schutz von Patienten und Personal vor sch\u00e4dlichen Gasen.\" \/>\n<meta name=\"robots\" content=\"index, follow, max-snippet:-1, max-image-preview:large, max-video-preview:-1\" \/>\n<link rel=\"canonical\" href=\"https:\/\/www.bedfont.com\/de\/produkte\/medi-gas-check\/\" \/>\n<meta property=\"og:locale\" content=\"de_DE\" \/>\n<meta property=\"og:type\" content=\"article\" \/>\n<meta property=\"og:title\" content=\"Medi-Gas Check - Bedfont Scientific Ltd.\" \/>\n<meta property=\"og:description\" content=\"Die Medi-Gas Check Reihe medizinischer Pr\u00fcfger\u00e4te f\u00fcr Rohrleitungen dient dem Schutz von Patienten und Personal vor sch\u00e4dlichen Gasen.\" \/>\n<meta property=\"og:url\" content=\"https:\/\/www.bedfont.com\/de\/produkte\/medi-gas-check\/\" \/>\n<meta property=\"og:site_name\" content=\"Bedfont Scientific Ltd.\" \/>\n<meta property=\"article:publisher\" content=\"https:\/\/www.facebook.com\/Bedfontltd\/\" \/>\n<meta property=\"article:modified_time\" content=\"2024-10-28T06:41:38+00:00\" \/>\n<meta property=\"og:image\" content=\"https:\/\/www.bedfont.com\/wp-content\/uploads\/2024\/10\/medigas-product-page.jpg\" \/>\n<meta name=\"twitter:card\" content=\"summary_large_image\" \/>\n<meta name=\"twitter:site\" content=\"@BedfontLtd\" \/>\n<meta name=\"twitter:label1\" content=\"Gesch\u00e4tzte Lesezeit\" \/>\n\t<meta name=\"twitter:data1\" content=\"3\u00a0Minuten\" \/>\n<script type=\"application\/ld+json\" class=\"yoast-schema-graph\">{\"@context\":\"https:\\\/\\\/schema.org\",\"@graph\":[{\"@type\":\"WebPage\",\"@id\":\"https:\\\/\\\/www.bedfont.com\\\/de\\\/produkte\\\/medi-gas-check\\\/\",\"url\":\"https:\\\/\\\/www.bedfont.com\\\/de\\\/produkte\\\/medi-gas-check\\\/\",\"name\":\"Medi-Gas Check - Bedfont Scientific Ltd.\",\"isPartOf\":{\"@id\":\"https:\\\/\\\/www.bedfont.com\\\/de\\\/#website\"},\"primaryImageOfPage\":{\"@id\":\"https:\\\/\\\/www.bedfont.com\\\/de\\\/produkte\\\/medi-gas-check\\\/#primaryimage\"},\"image\":{\"@id\":\"https:\\\/\\\/www.bedfont.com\\\/de\\\/produkte\\\/medi-gas-check\\\/#primaryimage\"},\"thumbnailUrl\":\"https:\\\/\\\/www.bedfont.com\\\/wp-content\\\/uploads\\\/2024\\\/10\\\/medigas-product-page.jpg\",\"datePublished\":\"2022-11-04T14:14:34+00:00\",\"dateModified\":\"2024-10-28T06:41:38+00:00\",\"description\":\"Die Medi-Gas Check Reihe medizinischer Pr\u00fcfger\u00e4te f\u00fcr Rohrleitungen dient dem Schutz von Patienten und Personal vor sch\u00e4dlichen Gasen.\",\"breadcrumb\":{\"@id\":\"https:\\\/\\\/www.bedfont.com\\\/de\\\/produkte\\\/medi-gas-check\\\/#breadcrumb\"},\"inLanguage\":\"de\",\"potentialAction\":[{\"@type\":\"ReadAction\",\"target\":[\"https:\\\/\\\/www.bedfont.com\\\/de\\\/produkte\\\/medi-gas-check\\\/\"]}]},{\"@type\":\"ImageObject\",\"inLanguage\":\"de\",\"@id\":\"https:\\\/\\\/www.bedfont.com\\\/de\\\/produkte\\\/medi-gas-check\\\/#primaryimage\",\"url\":\"https:\\\/\\\/www.bedfont.com\\\/wp-content\\\/uploads\\\/2024\\\/10\\\/medigas-product-page.jpg\",\"contentUrl\":\"https:\\\/\\\/www.bedfont.com\\\/wp-content\\\/uploads\\\/2024\\\/10\\\/medigas-product-page.jpg\"},{\"@type\":\"BreadcrumbList\",\"@id\":\"https:\\\/\\\/www.bedfont.com\\\/de\\\/produkte\\\/medi-gas-check\\\/#breadcrumb\",\"itemListElement\":[{\"@type\":\"ListItem\",\"position\":1,\"name\":\"Home\",\"item\":\"https:\\\/\\\/www.bedfont.com\\\/de\\\/\"},{\"@type\":\"ListItem\",\"position\":2,\"name\":\"Produkte\",\"item\":\"https:\\\/\\\/www.bedfont.com\\\/de\\\/produkte\\\/\"},{\"@type\":\"ListItem\",\"position\":3,\"name\":\"Medi-Gas Check\"}]},{\"@type\":\"WebSite\",\"@id\":\"https:\\\/\\\/www.bedfont.com\\\/de\\\/#website\",\"url\":\"https:\\\/\\\/www.bedfont.com\\\/de\\\/\",\"name\":\"Bedfont Scientific Ltd.\",\"description\":\"World leaders in breath analysis.\",\"potentialAction\":[{\"@type\":\"SearchAction\",\"target\":{\"@type\":\"EntryPoint\",\"urlTemplate\":\"https:\\\/\\\/www.bedfont.com\\\/de\\\/?s={search_term_string}\"},\"query-input\":{\"@type\":\"PropertyValueSpecification\",\"valueRequired\":true,\"valueName\":\"search_term_string\"}}],\"inLanguage\":\"de\"}]}<\/script>\n<!-- \/ Yoast SEO plugin. -->","yoast_head_json":{"title":"Medi-Gas Check - Bedfont Scientific Ltd.","description":"Die Medi-Gas Check Reihe medizinischer Pr\u00fcfger\u00e4te f\u00fcr Rohrleitungen dient dem Schutz von Patienten und Personal vor sch\u00e4dlichen Gasen.","robots":{"index":"index","follow":"follow","max-snippet":"max-snippet:-1","max-image-preview":"max-image-preview:large","max-video-preview":"max-video-preview:-1"},"canonical":"https:\/\/www.bedfont.com\/de\/produkte\/medi-gas-check\/","og_locale":"de_DE","og_type":"article","og_title":"Medi-Gas Check - Bedfont Scientific Ltd.","og_description":"Die Medi-Gas Check Reihe medizinischer Pr\u00fcfger\u00e4te f\u00fcr Rohrleitungen dient dem Schutz von Patienten und Personal vor sch\u00e4dlichen Gasen.","og_url":"https:\/\/www.bedfont.com\/de\/produkte\/medi-gas-check\/","og_site_name":"Bedfont Scientific Ltd.","article_publisher":"https:\/\/www.facebook.com\/Bedfontltd\/","article_modified_time":"2024-10-28T06:41:38+00:00","og_image":[{"url":"https:\/\/www.bedfont.com\/wp-content\/uploads\/2024\/10\/medigas-product-page.jpg","type":"","width":"","height":""}],"twitter_card":"summary_large_image","twitter_site":"@BedfontLtd","twitter_misc":{"Gesch\u00e4tzte Lesezeit":"3\u00a0Minuten"},"schema":{"@context":"https:\/\/schema.org","@graph":[{"@type":"WebPage","@id":"https:\/\/www.bedfont.com\/de\/produkte\/medi-gas-check\/","url":"https:\/\/www.bedfont.com\/de\/produkte\/medi-gas-check\/","name":"Medi-Gas Check - Bedfont Scientific Ltd.","isPartOf":{"@id":"https:\/\/www.bedfont.com\/de\/#website"},"primaryImageOfPage":{"@id":"https:\/\/www.bedfont.com\/de\/produkte\/medi-gas-check\/#primaryimage"},"image":{"@id":"https:\/\/www.bedfont.com\/de\/produkte\/medi-gas-check\/#primaryimage"},"thumbnailUrl":"https:\/\/www.bedfont.com\/wp-content\/uploads\/2024\/10\/medigas-product-page.jpg","datePublished":"2022-11-04T14:14:34+00:00","dateModified":"2024-10-28T06:41:38+00:00","description":"Die Medi-Gas Check Reihe medizinischer Pr\u00fcfger\u00e4te f\u00fcr Rohrleitungen dient dem Schutz von Patienten und Personal vor sch\u00e4dlichen Gasen.","breadcrumb":{"@id":"https:\/\/www.bedfont.com\/de\/produkte\/medi-gas-check\/#breadcrumb"},"inLanguage":"de","potentialAction":[{"@type":"ReadAction","target":["https:\/\/www.bedfont.com\/de\/produkte\/medi-gas-check\/"]}]},{"@type":"ImageObject","inLanguage":"de","@id":"https:\/\/www.bedfont.com\/de\/produkte\/medi-gas-check\/#primaryimage","url":"https:\/\/www.bedfont.com\/wp-content\/uploads\/2024\/10\/medigas-product-page.jpg","contentUrl":"https:\/\/www.bedfont.com\/wp-content\/uploads\/2024\/10\/medigas-product-page.jpg"},{"@type":"BreadcrumbList","@id":"https:\/\/www.bedfont.com\/de\/produkte\/medi-gas-check\/#breadcrumb","itemListElement":[{"@type":"ListItem","position":1,"name":"Home","item":"https:\/\/www.bedfont.com\/de\/"},{"@type":"ListItem","position":2,"name":"Produkte","item":"https:\/\/www.bedfont.com\/de\/produkte\/"},{"@type":"ListItem","position":3,"name":"Medi-Gas Check"}]},{"@type":"WebSite","@id":"https:\/\/www.bedfont.com\/de\/#website","url":"https:\/\/www.bedfont.com\/de\/","name":"Bedfont Scientific Ltd.","description":"World leaders in breath analysis.","potentialAction":[{"@type":"SearchAction","target":{"@type":"EntryPoint","urlTemplate":"https:\/\/www.bedfont.com\/de\/?s={search_term_string}"},"query-input":{"@type":"PropertyValueSpecification","valueRequired":true,"valueName":"search_term_string"}}],"inLanguage":"de"}]}},"_links":{"self":[{"href":"https:\/\/www.bedfont.com\/de\/wp-json\/wp\/v2\/pages\/3559","targetHints":{"allow":["GET"]}}],"collection":[{"href":"https:\/\/www.bedfont.com\/de\/wp-json\/wp\/v2\/pages"}],"about":[{"href":"https:\/\/www.bedfont.com\/de\/wp-json\/wp\/v2\/types\/page"}],"author":[{"embeddable":true,"href":"https:\/\/www.bedfont.com\/de\/wp-json\/wp\/v2\/users\/6"}],"replies":[{"embeddable":true,"href":"https:\/\/www.bedfont.com\/de\/wp-json\/wp\/v2\/comments?post=3559"}],"version-history":[{"count":4,"href":"https:\/\/www.bedfont.com\/de\/wp-json\/wp\/v2\/pages\/3559\/revisions"}],"predecessor-version":[{"id":7336,"href":"https:\/\/www.bedfont.com\/de\/wp-json\/wp\/v2\/pages\/3559\/revisions\/7336"}],"up":[{"embeddable":true,"href":"https:\/\/www.bedfont.com\/de\/wp-json\/wp\/v2\/pages\/3655"}],"wp:attachment":[{"href":"https:\/\/www.bedfont.com\/de\/wp-json\/wp\/v2\/media?parent=3559"}],"curies":[{"name":"wp","href":"https:\/\/api.w.org\/{rel}","templated":true}]}}