{"id":3543,"date":"2023-02-15T16:35:39","date_gmt":"2023-02-15T16:35:39","guid":{"rendered":"https:\/\/bedfont.theprogressteam.com\/medizinischer-beirat-medizinischer-fachbeirat\/"},"modified":"2025-01-02T11:24:26","modified_gmt":"2025-01-02T11:24:26","slug":"medizinischer-beirat-medizinischer-fachbeirat","status":"publish","type":"page","link":"https:\/\/www.bedfont.com\/de\/medizinischer-beirat-medizinischer-fachbeirat\/","title":{"rendered":"Medizinischer Beirat (Medizinischer Fachbeirat)"},"content":{"rendered":"<section class=\"hero-style-4 p-0 position-relative \" id=\"module-772-hero-0\">\n\t\t<div class=\"container-fluid overlay-img-holder\">\n\t\t\t<img width=\"1998\" height=\"544\" src=\"https:\/\/www.bedfont.com\/wp-content\/uploads\/2024\/10\/who-we-are.jpg\" class=\"w-100\" alt=\"\" decoding=\"async\" loading=\"lazy\" srcset=\"https:\/\/www.bedfont.com\/wp-content\/uploads\/2024\/10\/who-we-are.jpg 1998w, https:\/\/www.bedfont.com\/wp-content\/uploads\/2024\/10\/who-we-are-300x82.jpg 300w, https:\/\/www.bedfont.com\/wp-content\/uploads\/2024\/10\/who-we-are-1024x279.jpg 1024w, https:\/\/www.bedfont.com\/wp-content\/uploads\/2024\/10\/who-we-are-768x209.jpg 768w, https:\/\/www.bedfont.com\/wp-content\/uploads\/2024\/10\/who-we-are-1536x418.jpg 1536w\" sizes=\"auto, (max-width: 1998px) 100vw, 1998px\"\/>\n\t\t\t<div class=\"overlay\">\n\t\t\t\t<div class=\"col-12 col-md-8 mx-auto\">\n\t\t\t\t\t<h1>Medizinischer Beirat (Medizinischer Fachbeirat)<\/h1>\n\t\t\t\t\t<p>Wir arbeiten eng mit f\u00fchrenden Experten aus der Pneumologie zusammen, um \u00fcber die Vorteile der Atemanalyse aufzukl\u00e4ren.<\/p>\n\n\t\t\t\t<\/div>\n\t\t\t<\/div>\n\t\t<\/div>\n\t<\/section><section class=\"text-section text-center \" id=\"module-772-text-1\">\n\t<div class=\"container\">\n\t<h2 class=\"text-center\">Unsere <span class=\"blue-text\">wichtigsten Meinungsf\u00fchrer<\/span><\/h2>\n\t\t\t\t<p>Willkommen auf unserer Seite des Medical Advisory Board. Wir sind stolz, Ihnen das Team der wichtigsten Meinungsf\u00fchrer vorstellen zu d\u00fcrfen, die uns bei unserer Mission zur Verbesserung der Gesundheit und des Wohlbefindens unserer Kunden unterst\u00fctzen. <\/p>\n<p>Unser Medical Advisory Board besteht aus erfahrenen Gesundheitsexperten, darunter \u00c4rzte, Apotheker und andere Gesundheitsexperten. Sie verf\u00fcgen \u00fcber umfangreiches Wissen und Fachkenntnisse in verschiedenen Bereichen der Medizin, darunter Innere Medizin, Chirurgie, Kardiologie, Onkologie und viele andere. Die Hauptaufgabe unseres Medical Advisory Board besteht darin, unserem Unternehmen strategische Beratung in verschiedenen medizinischen und gesundheitsbezogenen Fragen zu bieten. Sie helfen uns, \u00fcber die neuesten medizinischen Entwicklungen, Behandlungsm\u00f6glichkeiten und Richtlinien auf dem Laufenden zu bleiben, um sicherzustellen, dass unsere Dienstleistungen den h\u00f6chsten Pflegestandards entsprechen.   <\/p>\n<p>Unser medizinischer Beirat spielt auch bei der Entwicklung unserer Produkte und Dienstleistungen eine entscheidende Rolle. Er hilft uns bei der Gestaltung und Verbesserung unserer Angebote, um sicherzustellen, dass sie den individuellen Bed\u00fcrfnissen unserer Kunden entsprechen. Sein Fachwissen und seine Erkenntnisse helfen uns, innovative L\u00f6sungen zu liefern, die die Gesundheit und Lebensqualit\u00e4t unserer Kunden verbessern.  <\/p>\n<p>Wir sind stolz darauf, eine so vielf\u00e4ltige und talentierte Gruppe medizinischer Experten in unserem medizinischen Beirat zu haben. Ihr Engagement f\u00fcr die Weiterentwicklung der Gesundheitsversorgung und die Verbesserung der Patientenergebnisse ist ein wesentlicher Teil unseres Erfolgs. Wir sind dankbar f\u00fcr ihre Beratung und Unterst\u00fctzung, die uns hilft, unseren Kunden die bestm\u00f6gliche Pflege zu bieten.  <\/p>\n<p>Wenn Sie Fragen haben oder mehr \u00fcber unseren Medical Advisory Board erfahren m\u00f6chten, nehmen Sie gerne Kontakt mit uns auf. Wir informieren Sie gerne ausf\u00fchrlich \u00fcber die Arbeit unseres Gremiums und seine Rolle in unserem Unternehmen. <\/p>\n\n\t<\/div>\n<\/section><section class=\"two-column-style-4 p-0 mab \" id=\"module-772-two_column_image_text-2\" style=\"--color: var(--purple);\">\n\t\t<div class=\"container-fluid m-0 p-0\">\n\t\t\t<div class=\"row m-0 flex-row-reverse\">\n\t\t\t\t<div class=\"col-12 col-lg-7 my-auto img-div-content text-white\">\n\t\t\t\t\t<h2 class=\"text-left\">Prof. Rodolfo de Paula Vieira<\/h2>\n\t\t\t\t\t<p>Rodolfo de Paula Vieira ist Professor an der Evangelischen Universit\u00e4t von Goi\u00e1s (UniEvang\u00e9lica), Leiter des MSc- und PhD-Programms an der UNIFESP und Direktor des IBEPIPE. Er hat einen Doktortitel in Pathologie \u2013 insbesondere Immunopathologie der Lunge \u2013 und drei Postdoktorandentitel von der Medizinischen Fakult\u00e4t von S\u00e3o Paulo in Brasilien, der Abteilung f\u00fcr Pneumologie des Universit\u00e4tsklinikums Freiburg in Deutschland sowie ein Postdoktorandenstipendium der European Respiratory Society, der Marie Currie Foundation und der Europ\u00e4ischen Union. Professor Vieira hat \u00fcber 200 international begutachtete wissenschaftliche Artikel ver\u00f6ffentlicht. Seine wichtigsten pr\u00e4- und klinischen Studien drehen sich um Immunreaktionen, Pathophysiologie von Atemwegserkrankungen und die Auswirkungen von k\u00f6rperlicher Bet\u00e4tigung auf die Lungenrehabilitation. <\/p>\n\n\t\t\t\t<\/div>\n                <div class=\"col-12 col-lg-5 p-0 img-div\" style=\"background-image: url(https:\/\/www.bedfont.com\/wp-content\/uploads\/2024\/10\/rodolfo-1024x682.png)\"><\/div>\n\t\t\t<\/div>\n\t\t<\/div>\n\t<\/section><section class=\"two-column-style-4 p-0 mab \" id=\"module-772-two_column_image_text-3\" style=\"--color: var(--purple);\">\n\t\t<div class=\"container-fluid m-0 p-0\">\n\t\t\t<div class=\"row m-0 \">\n\t\t\t\t<div class=\"col-12 col-lg-7 my-auto img-div-content text-white\">\n\t\t\t\t\t<h2 class=\"text-left\">Carol Stonham<\/h2>\n\t\t\t\t\t<p>Carol, eine examinierte Krankenschwester seit 1986, wechselte 1990 von der Arbeit in akuten Krankenhauseinstellungen zur Prim\u00e4rversorgung. Mit 26 Jahren Erfahrung in der Allgemeinmedizin arbeitet sie derzeit beim Gloucestershire ICB, wo sie die Respiratory Clinical Programme Group leitet und als Clinical Lead f\u00fcr Asthma bei Kindern und Jugendlichen t\u00e4tig ist. Dar\u00fcber hinaus ist sie Mit-Leiterin des NHSE South West Respiratory Network. Carol hat die Nutzung von FeNO in der Prim\u00e4rversorgung vorangetrieben und es in ihr Asthma-Toolkit integriert, k\u00fcrzlich auch in den Praxen von Gloucestershire implementiert. Sie war die fr\u00fchere Executive Chair des PCRS, die erste Nicht-\u00c4rztin und weibliche Person in dieser Position, und ist derzeit als Policy Lead t\u00e4tig. Carol ist Mit-Vorsitzende der Gruppe f\u00fcr fr\u00fchzeitige und genaue Diagnose der Lung Health Task Force und hat zur NHS Long Term Plan Breathlessness Diagnosis Group beigetragen. Sie hat einen Master-Abschluss in Atemwegspflege und wurde 2007 mit dem Queen\u2019s Nurse Award ausgezeichnet. 2016 erhielt sie den MBE f\u00fcr ihre Verdienste um das Krankenpflege- und Gesundheitswesen.      <\/p>\n\n\t\t\t\t<\/div>\n                <div class=\"col-12 col-lg-5 p-0 img-div\" style=\"background-image: url(https:\/\/www.bedfont.com\/wp-content\/uploads\/2024\/10\/carol-1024x682.jpg)\"><\/div>\n\t\t\t<\/div>\n\t\t<\/div>\n\t<\/section><section class=\"two-column-style-4 p-0 mab \" id=\"module-772-two_column_image_text-4\" style=\"--color: var(--pink);\">\n\t\t<div class=\"container-fluid m-0 p-0\">\n\t\t\t<div class=\"row m-0 flex-row-reverse\">\n\t\t\t\t<div class=\"col-12 col-lg-7 my-auto img-div-content text-white\">\n\t\t\t\t\t<h2 class=\"text-left\">Dr Jafar Jafari<\/h2>\n\t\t\t\t\t<p>Dr. Jafari, Leiter der oberen GI-Physiologie an den Krankenh\u00e4usern der Guy&#8217;s and St Thomas&#8216; Foundation Trust, besitzt einen MD in Medizin sowie einen PhD in Neurogastroenterologie und hat \u00fcber 100 Forschungspublikationen im Bereich der Gastroenterologie ver\u00f6ffentlicht. Besonders interessiert sich Dr. Jafari f\u00fcr Wasserstoff- und C13-Atemtests im Magen-Darm-Trakt. <\/p>\n\n\t\t\t\t<\/div>\n                <div class=\"col-12 col-lg-5 p-0 img-div\" style=\"background-image: url(https:\/\/www.bedfont.com\/wp-content\/uploads\/2024\/10\/jafari-1024x682.png)\"><\/div>\n\t\t\t<\/div>\n\t\t<\/div>\n\t<\/section><section class=\"two-column-style-4 p-0 mab \" id=\"module-772-two_column_image_text-5\" style=\"--color: var(--pink);\">\n\t\t<div class=\"container-fluid m-0 p-0\">\n\t\t\t<div class=\"row m-0 \">\n\t\t\t\t<div class=\"col-12 col-lg-7 my-auto img-div-content text-white\">\n\t\t\t\t\t<h2 class=\"text-left\">Melissa Dooley<\/h2>\n\t\t\t\t\t<p>Melissa begann ihre Karriere als Gastrointestinalphysiologin im St. James&#8217;s Hospital in Dublin. Im Laufe ihrer Karriere entwickelte Melissa ein starkes Interesse an bakterieller \u00dcberwucherung im D\u00fcnndarm und f\u00fchrte ein Forschungsprojekt mit dem Titel &#8222;Bakterielle \u00dcberwucherung im D\u00fcnndarm bei Patienten nach \u00d6sophagektomie und Gastrektomie&#8220; durch. Melissa ist eine voll akkreditierte Gastrointestinalphysiologin und Mitglied des Irish Institute of Clinical Measurement Scientists sowie der British Society of Gastroenterology. Sie hat mehrere Publikationen ver\u00f6ffentlicht und ihre Forschung auf nationalen und internationalen Konferenzen pr\u00e4sentiert. Melissa wurde 2008 von der Technological University Dublin (ehemals Dublin Institute of Technology) mit dem RES MED\/PEI Award f\u00fcr ihre herausragenden akademischen Leistungen ausgezeichnet.    <\/p>\n\n\t\t\t\t<\/div>\n                <div class=\"col-12 col-lg-5 p-0 img-div\" style=\"background-image: url(https:\/\/www.bedfont.com\/wp-content\/uploads\/2024\/10\/melissa-1024x683.jpg)\"><\/div>\n\t\t\t<\/div>\n\t\t<\/div>\n\t<\/section><section class=\"two-column-style-4 p-0 mab \" id=\"module-772-two_column_image_text-6\" style=\"--color: var(--blue);\">\n\t\t<div class=\"container-fluid m-0 p-0\">\n\t\t\t<div class=\"row m-0 flex-row-reverse\">\n\t\t\t\t<div class=\"col-12 col-lg-7 my-auto img-div-content text-white\">\n\t\t\t\t\t<h2 class=\"text-left\">Dr Amer Siddiq Amer Nordin<\/h2>\n\t\t\t\t\t<p>Er ist au\u00dferordentlicher Professor in Psychiatrie und Facharzt f\u00fcr Psychiatrie an der Universit\u00e4t Malaya. Zudem ist er als au\u00dferordentlicher Professor f\u00fcr Public Health an der Universitas Airlanggar in Surabaya, Indonesien t\u00e4tig. Dar\u00fcber hinaus leitet er die Forschungsgruppe f\u00fcr Nikotinabh\u00e4ngigkeit am Zentrum f\u00fcr Suchtwissenschaften der Universit\u00e4t Malaya (UMCAS) &#8211; NARCC und seine Forschungsarbeit konzentriert sich haupts\u00e4chlich auf Tabakkontrolle und die Unterst\u00fctzung von Menschen beim Rauchstopp.  <\/p>\n\n\t\t\t\t<\/div>\n                <div class=\"col-12 col-lg-5 p-0 img-div\" style=\"background-image: url(https:\/\/www.bedfont.com\/wp-content\/uploads\/2024\/10\/dr-amer-1024x683.png)\"><\/div>\n\t\t\t<\/div>\n\t\t<\/div>\n\t<\/section><section class=\"two-column-style-4 p-0 mab \" id=\"module-772-two_column_image_text-7\" style=\"--color: var(--blue);\">\n\t\t<div class=\"container-fluid m-0 p-0\">\n\t\t\t<div class=\"row m-0 \">\n\t\t\t\t<div class=\"col-12 col-lg-7 my-auto img-div-content text-white\">\n\t\t\t\t\t<h2 class=\"text-left\">Dr Anne Yee<\/h2>\n\t\t\t\t\t<p>Dr. Anne Yee ist derzeit au\u00dferordentliche Professorin und klinische Psychiaterin an der Monash University Malaysia sowie am University Malaya Medical Centre. Sie konzentriert sich in ihrer Forschung auf Nikotinabh\u00e4ngigkeit und fungiert als technische und fachliche Beraterin des malaysischen Gesundheitsministeriums. Dort ist sie ma\u00dfgeblich an der Entwicklung und Umsetzung der Nationalen klinischen Leitlinien f\u00fcr Tabakabh\u00e4ngigkeit beteiligt. Zus\u00e4tzlich leitet sie das mQuit Service Projekt und die Arbeitsgruppe f\u00fcr evidenzbasierte Raucherentw\u00f6hnung an ihrer Universit\u00e4t sowie Initiativen zur F\u00f6rderung rauchfreier Politiken.  <\/p>\n\n\t\t\t\t<\/div>\n                <div class=\"col-12 col-lg-5 p-0 img-div\" style=\"background-image: url(https:\/\/www.bedfont.com\/wp-content\/uploads\/2024\/10\/dr-anne-yee-1024x781.jpg)\"><\/div>\n\t\t\t<\/div>\n\t\t<\/div>\n\t<\/section><section class=\"two-column-style-4 p-0 mab \" id=\"module-772-two_column_image_text-8\" style=\"--color: var(--blue);\">\n\t\t<div class=\"container-fluid m-0 p-0\">\n\t\t\t<div class=\"row m-0 flex-row-reverse\">\n\t\t\t\t<div class=\"col-12 col-lg-7 my-auto img-div-content text-white\">\n\t\t\t\t\t<h2 class=\"text-left\">Prof. Dr Sachin Sinha<\/h2>\n\t\t\t\t\t<p>Dr. Sinha arbeitet als Professor am Institut f\u00fcr Kiefer-Gesichts-Pathologie in Indien und hat seit 14 Jahren beim Narain Sewa Sansthan im Bereich Tabakintervention und Sucht gearbeitet. Er hat \u00fcber 1000 Zahn\u00e4rzte, Mediziner und medizinische Fachkr\u00e4fte durch kontinuierliche Bildungsprogramme zur Tabakentw\u00f6hnung geschult. Dr. Sinha h\u00e4lt insgesamt 11 Weltrekorde im Bereich Tabakkontrolle und Kohlenmonoxidvergiftung. Unter seiner Leitung wurde das gr\u00f6\u00dfte Kohlenmonoxid-Screening-Programm Indiens f\u00fcr Polizeibeamte aufgrund von Rauchen oder Umweltverschmutzung durch das Sansthan durchgef\u00fchrt.    <\/p>\n\n\t\t\t\t<\/div>\n                <div class=\"col-12 col-lg-5 p-0 img-div\" style=\"background-image: url(https:\/\/www.bedfont.com\/wp-content\/uploads\/2024\/10\/dr-sachin-sinha-1024x683.jpg)\"><\/div>\n\t\t\t<\/div>\n\t\t<\/div>\n\t<\/section>","protected":false},"excerpt":{"rendered":"<p>Medizinischer Beirat (Medizinischer Fachbeirat) Wir arbeiten eng mit f\u00fchrenden Experten aus der Pneumologie zusammen, um \u00fcber die Vorteile der Atemanalyse aufzukl\u00e4ren. Unsere wichtigsten Meinungsf\u00fchrer Willkommen auf unserer Seite des Medical Advisory Board. Wir sind stolz, Ihnen das Team der wichtigsten Meinungsf\u00fchrer vorstellen zu d\u00fcrfen, die uns bei unserer Mission zur Verbesserung der Gesundheit und des [&hellip;]<\/p>\n","protected":false},"author":6,"featured_media":0,"parent":0,"menu_order":0,"comment_status":"closed","ping_status":"closed","template":"templates\/page-modules.php","meta":{"_acf_changed":false,"footnotes":""},"class_list":["post-3543","page","type-page","status-publish","hentry"],"acf":[],"yoast_head":"<!-- This site is optimized with the Yoast SEO plugin v27.4 - https:\/\/yoast.com\/product\/yoast-seo-wordpress\/ -->\n<title>Medizinischer Beirat (Medizinischer Fachbeirat) - Bedfont Scientific Ltd.<\/title>\n<meta name=\"description\" content=\"Wir arbeiten eng mit f\u00fchrenden Experten aus der Pneumologie zusammen, um \u00fcber die Vorteile der Atemanalyse aufzukl\u00e4ren.\" \/>\n<meta name=\"robots\" content=\"index, follow, max-snippet:-1, max-image-preview:large, max-video-preview:-1\" \/>\n<link rel=\"canonical\" href=\"https:\/\/www.bedfont.com\/de\/medizinischer-beirat-medizinischer-fachbeirat\/\" \/>\n<meta property=\"og:locale\" content=\"de_DE\" \/>\n<meta property=\"og:type\" content=\"article\" \/>\n<meta property=\"og:title\" content=\"Medizinischer Beirat (Medizinischer Fachbeirat) - Bedfont Scientific Ltd.\" \/>\n<meta property=\"og:description\" content=\"Wir arbeiten eng mit f\u00fchrenden Experten aus der Pneumologie zusammen, um \u00fcber die Vorteile der Atemanalyse aufzukl\u00e4ren.\" \/>\n<meta property=\"og:url\" content=\"https:\/\/www.bedfont.com\/de\/medizinischer-beirat-medizinischer-fachbeirat\/\" \/>\n<meta property=\"og:site_name\" content=\"Bedfont Scientific Ltd.\" \/>\n<meta property=\"article:publisher\" content=\"https:\/\/www.facebook.com\/Bedfontltd\/\" \/>\n<meta property=\"article:modified_time\" content=\"2025-01-02T11:24:26+00:00\" \/>\n<meta property=\"og:image\" content=\"https:\/\/www.bedfont.com\/wp-content\/uploads\/2024\/10\/who-we-are.jpg\" \/>\n<meta name=\"twitter:card\" content=\"summary_large_image\" \/>\n<meta name=\"twitter:site\" content=\"@BedfontLtd\" \/>\n<meta name=\"twitter:label1\" content=\"Gesch\u00e4tzte Lesezeit\" \/>\n\t<meta name=\"twitter:data1\" content=\"5\u00a0Minuten\" \/>\n<script type=\"application\/ld+json\" class=\"yoast-schema-graph\">{\"@context\":\"https:\\\/\\\/schema.org\",\"@graph\":[{\"@type\":\"WebPage\",\"@id\":\"https:\\\/\\\/www.bedfont.com\\\/de\\\/medizinischer-beirat-medizinischer-fachbeirat\\\/\",\"url\":\"https:\\\/\\\/www.bedfont.com\\\/de\\\/medizinischer-beirat-medizinischer-fachbeirat\\\/\",\"name\":\"Medizinischer Beirat (Medizinischer Fachbeirat) - Bedfont Scientific Ltd.\",\"isPartOf\":{\"@id\":\"https:\\\/\\\/www.bedfont.com\\\/de\\\/#website\"},\"primaryImageOfPage\":{\"@id\":\"https:\\\/\\\/www.bedfont.com\\\/de\\\/medizinischer-beirat-medizinischer-fachbeirat\\\/#primaryimage\"},\"image\":{\"@id\":\"https:\\\/\\\/www.bedfont.com\\\/de\\\/medizinischer-beirat-medizinischer-fachbeirat\\\/#primaryimage\"},\"thumbnailUrl\":\"https:\\\/\\\/www.bedfont.com\\\/wp-content\\\/uploads\\\/2024\\\/10\\\/who-we-are.jpg\",\"datePublished\":\"2023-02-15T16:35:39+00:00\",\"dateModified\":\"2025-01-02T11:24:26+00:00\",\"description\":\"Wir arbeiten eng mit f\u00fchrenden Experten aus der Pneumologie zusammen, um \u00fcber die Vorteile der Atemanalyse aufzukl\u00e4ren.\",\"breadcrumb\":{\"@id\":\"https:\\\/\\\/www.bedfont.com\\\/de\\\/medizinischer-beirat-medizinischer-fachbeirat\\\/#breadcrumb\"},\"inLanguage\":\"de\",\"potentialAction\":[{\"@type\":\"ReadAction\",\"target\":[\"https:\\\/\\\/www.bedfont.com\\\/de\\\/medizinischer-beirat-medizinischer-fachbeirat\\\/\"]}]},{\"@type\":\"ImageObject\",\"inLanguage\":\"de\",\"@id\":\"https:\\\/\\\/www.bedfont.com\\\/de\\\/medizinischer-beirat-medizinischer-fachbeirat\\\/#primaryimage\",\"url\":\"https:\\\/\\\/www.bedfont.com\\\/wp-content\\\/uploads\\\/2024\\\/10\\\/who-we-are.jpg\",\"contentUrl\":\"https:\\\/\\\/www.bedfont.com\\\/wp-content\\\/uploads\\\/2024\\\/10\\\/who-we-are.jpg\"},{\"@type\":\"BreadcrumbList\",\"@id\":\"https:\\\/\\\/www.bedfont.com\\\/de\\\/medizinischer-beirat-medizinischer-fachbeirat\\\/#breadcrumb\",\"itemListElement\":[{\"@type\":\"ListItem\",\"position\":1,\"name\":\"Home\",\"item\":\"https:\\\/\\\/www.bedfont.com\\\/de\\\/\"},{\"@type\":\"ListItem\",\"position\":2,\"name\":\"Medizinischer Beirat (Medizinischer Fachbeirat)\"}]},{\"@type\":\"WebSite\",\"@id\":\"https:\\\/\\\/www.bedfont.com\\\/de\\\/#website\",\"url\":\"https:\\\/\\\/www.bedfont.com\\\/de\\\/\",\"name\":\"Bedfont Scientific Ltd.\",\"description\":\"World leaders in breath analysis.\",\"publisher\":{\"@id\":\"https:\\\/\\\/www.bedfont.com\\\/de\\\/#organization\"},\"potentialAction\":[{\"@type\":\"SearchAction\",\"target\":{\"@type\":\"EntryPoint\",\"urlTemplate\":\"https:\\\/\\\/www.bedfont.com\\\/de\\\/?s={search_term_string}\"},\"query-input\":{\"@type\":\"PropertyValueSpecification\",\"valueRequired\":true,\"valueName\":\"search_term_string\"}}],\"inLanguage\":\"de\"},{\"@type\":\"Organization\",\"@id\":\"https:\\\/\\\/www.bedfont.com\\\/de\\\/#organization\",\"name\":\"Bedfont Scientific Ltd.\",\"url\":\"https:\\\/\\\/www.bedfont.com\\\/de\\\/\",\"logo\":{\"@type\":\"ImageObject\",\"inLanguage\":\"de\",\"@id\":\"https:\\\/\\\/www.bedfont.com\\\/de\\\/#\\\/schema\\\/logo\\\/image\\\/\",\"url\":\"https:\\\/\\\/www.bedfont.com\\\/wp-content\\\/uploads\\\/2023\\\/06\\\/logo.png\",\"contentUrl\":\"https:\\\/\\\/www.bedfont.com\\\/wp-content\\\/uploads\\\/2023\\\/06\\\/logo.png\",\"width\":1600,\"height\":505,\"caption\":\"Bedfont Scientific Ltd.\"},\"image\":{\"@id\":\"https:\\\/\\\/www.bedfont.com\\\/de\\\/#\\\/schema\\\/logo\\\/image\\\/\"},\"sameAs\":[\"https:\\\/\\\/www.facebook.com\\\/Bedfontltd\\\/\",\"https:\\\/\\\/x.com\\\/BedfontLtd\",\"https:\\\/\\\/www.instagram.com\\\/bedfontltd\\\/\",\"https:\\\/\\\/www.linkedin.com\\\/company\\\/bedfont-scientific-ltd\\\/\",\"https:\\\/\\\/www.youtube.com\\\/user\\\/BedfontScientificLtd\"]}]}<\/script>\n<!-- \/ Yoast SEO plugin. -->","yoast_head_json":{"title":"Medizinischer Beirat (Medizinischer Fachbeirat) - Bedfont Scientific Ltd.","description":"Wir arbeiten eng mit f\u00fchrenden Experten aus der Pneumologie zusammen, um \u00fcber die Vorteile der Atemanalyse aufzukl\u00e4ren.","robots":{"index":"index","follow":"follow","max-snippet":"max-snippet:-1","max-image-preview":"max-image-preview:large","max-video-preview":"max-video-preview:-1"},"canonical":"https:\/\/www.bedfont.com\/de\/medizinischer-beirat-medizinischer-fachbeirat\/","og_locale":"de_DE","og_type":"article","og_title":"Medizinischer Beirat (Medizinischer Fachbeirat) - Bedfont Scientific Ltd.","og_description":"Wir arbeiten eng mit f\u00fchrenden Experten aus der Pneumologie zusammen, um \u00fcber die Vorteile der Atemanalyse aufzukl\u00e4ren.","og_url":"https:\/\/www.bedfont.com\/de\/medizinischer-beirat-medizinischer-fachbeirat\/","og_site_name":"Bedfont Scientific Ltd.","article_publisher":"https:\/\/www.facebook.com\/Bedfontltd\/","article_modified_time":"2025-01-02T11:24:26+00:00","og_image":[{"url":"https:\/\/www.bedfont.com\/wp-content\/uploads\/2024\/10\/who-we-are.jpg","type":"","width":"","height":""}],"twitter_card":"summary_large_image","twitter_site":"@BedfontLtd","twitter_misc":{"Gesch\u00e4tzte Lesezeit":"5\u00a0Minuten"},"schema":{"@context":"https:\/\/schema.org","@graph":[{"@type":"WebPage","@id":"https:\/\/www.bedfont.com\/de\/medizinischer-beirat-medizinischer-fachbeirat\/","url":"https:\/\/www.bedfont.com\/de\/medizinischer-beirat-medizinischer-fachbeirat\/","name":"Medizinischer Beirat (Medizinischer Fachbeirat) - Bedfont Scientific Ltd.","isPartOf":{"@id":"https:\/\/www.bedfont.com\/de\/#website"},"primaryImageOfPage":{"@id":"https:\/\/www.bedfont.com\/de\/medizinischer-beirat-medizinischer-fachbeirat\/#primaryimage"},"image":{"@id":"https:\/\/www.bedfont.com\/de\/medizinischer-beirat-medizinischer-fachbeirat\/#primaryimage"},"thumbnailUrl":"https:\/\/www.bedfont.com\/wp-content\/uploads\/2024\/10\/who-we-are.jpg","datePublished":"2023-02-15T16:35:39+00:00","dateModified":"2025-01-02T11:24:26+00:00","description":"Wir arbeiten eng mit f\u00fchrenden Experten aus der Pneumologie zusammen, um \u00fcber die Vorteile der Atemanalyse aufzukl\u00e4ren.","breadcrumb":{"@id":"https:\/\/www.bedfont.com\/de\/medizinischer-beirat-medizinischer-fachbeirat\/#breadcrumb"},"inLanguage":"de","potentialAction":[{"@type":"ReadAction","target":["https:\/\/www.bedfont.com\/de\/medizinischer-beirat-medizinischer-fachbeirat\/"]}]},{"@type":"ImageObject","inLanguage":"de","@id":"https:\/\/www.bedfont.com\/de\/medizinischer-beirat-medizinischer-fachbeirat\/#primaryimage","url":"https:\/\/www.bedfont.com\/wp-content\/uploads\/2024\/10\/who-we-are.jpg","contentUrl":"https:\/\/www.bedfont.com\/wp-content\/uploads\/2024\/10\/who-we-are.jpg"},{"@type":"BreadcrumbList","@id":"https:\/\/www.bedfont.com\/de\/medizinischer-beirat-medizinischer-fachbeirat\/#breadcrumb","itemListElement":[{"@type":"ListItem","position":1,"name":"Home","item":"https:\/\/www.bedfont.com\/de\/"},{"@type":"ListItem","position":2,"name":"Medizinischer Beirat (Medizinischer Fachbeirat)"}]},{"@type":"WebSite","@id":"https:\/\/www.bedfont.com\/de\/#website","url":"https:\/\/www.bedfont.com\/de\/","name":"Bedfont Scientific Ltd.","description":"World leaders in breath analysis.","publisher":{"@id":"https:\/\/www.bedfont.com\/de\/#organization"},"potentialAction":[{"@type":"SearchAction","target":{"@type":"EntryPoint","urlTemplate":"https:\/\/www.bedfont.com\/de\/?s={search_term_string}"},"query-input":{"@type":"PropertyValueSpecification","valueRequired":true,"valueName":"search_term_string"}}],"inLanguage":"de"},{"@type":"Organization","@id":"https:\/\/www.bedfont.com\/de\/#organization","name":"Bedfont Scientific Ltd.","url":"https:\/\/www.bedfont.com\/de\/","logo":{"@type":"ImageObject","inLanguage":"de","@id":"https:\/\/www.bedfont.com\/de\/#\/schema\/logo\/image\/","url":"https:\/\/www.bedfont.com\/wp-content\/uploads\/2023\/06\/logo.png","contentUrl":"https:\/\/www.bedfont.com\/wp-content\/uploads\/2023\/06\/logo.png","width":1600,"height":505,"caption":"Bedfont Scientific Ltd."},"image":{"@id":"https:\/\/www.bedfont.com\/de\/#\/schema\/logo\/image\/"},"sameAs":["https:\/\/www.facebook.com\/Bedfontltd\/","https:\/\/x.com\/BedfontLtd","https:\/\/www.instagram.com\/bedfontltd\/","https:\/\/www.linkedin.com\/company\/bedfont-scientific-ltd\/","https:\/\/www.youtube.com\/user\/BedfontScientificLtd"]}]}},"_links":{"self":[{"href":"https:\/\/www.bedfont.com\/de\/wp-json\/wp\/v2\/pages\/3543","targetHints":{"allow":["GET"]}}],"collection":[{"href":"https:\/\/www.bedfont.com\/de\/wp-json\/wp\/v2\/pages"}],"about":[{"href":"https:\/\/www.bedfont.com\/de\/wp-json\/wp\/v2\/types\/page"}],"author":[{"embeddable":true,"href":"https:\/\/www.bedfont.com\/de\/wp-json\/wp\/v2\/users\/6"}],"replies":[{"embeddable":true,"href":"https:\/\/www.bedfont.com\/de\/wp-json\/wp\/v2\/comments?post=3543"}],"version-history":[{"count":8,"href":"https:\/\/www.bedfont.com\/de\/wp-json\/wp\/v2\/pages\/3543\/revisions"}],"predecessor-version":[{"id":7618,"href":"https:\/\/www.bedfont.com\/de\/wp-json\/wp\/v2\/pages\/3543\/revisions\/7618"}],"wp:attachment":[{"href":"https:\/\/www.bedfont.com\/de\/wp-json\/wp\/v2\/media?parent=3543"}],"curies":[{"name":"wp","href":"https:\/\/api.w.org\/{rel}","templated":true}]}}