{"id":3493,"date":"2024-01-09T16:29:36","date_gmt":"2024-01-09T16:29:36","guid":{"rendered":"https:\/\/bedfont.theprogressteam.com\/cleaning-bedfont-devices\/"},"modified":"2024-10-14T08:02:57","modified_gmt":"2024-10-14T08:02:57","slug":"reinigung-von-bedfont-geraten","status":"publish","type":"page","link":"https:\/\/www.bedfont.com\/de\/reinigung-von-bedfont-geraten\/","title":{"rendered":"Reinigung von Bedfont-Ger\u00e4ten"},"content":{"rendered":"\n<h1 class=\"wp-block-heading\">Reinigung der Bedfont<sup>\u00ae<\/sup>-Atemanalyseger\u00e4te<\/h1>\n\n<p>Beim Reinigen der Atemanalyseger\u00e4te Smokeryzer <sup>\u00ae<\/sup> , NObreath <sup>\u00ae<\/sup> , ToxCO <sup>\u00ae<\/sup> und Gastrolyzer <sup>\u00ae<\/sup> wird empfohlen, alkoholfreie L\u00f6sungen zu verwenden. <\/p>\n\n<p>Eine M\u00f6glichkeit zur Reinigung der Bedfont\u00ae Atemanalyseger\u00e4te besteht darin, sie mit einem feuchten Tuch und Wasser oder einem milden Reinigungsmittel zu s\u00e4ubern. Folgende Kategorien alkoholfreier Reinigungsmittel werden empfohlen:<\/p>\n\n<figure class=\"wp-block-table mt-5 mb-5\"><table class=\"has-fixed-layout\"><tbody><tr><th>Wirkstoffe<\/th><th>Konzentration<\/th><th>Beispiel<\/th><\/tr><tr><td>Isothiazolinon<\/td><td>&lt;0.01%<\/td><td>5-chloro-2-methyl-2H-isothiazol-3-one<\/td><\/tr><tr><td>Biguanide<\/td><td>&lt;1.0%<\/td><td>Poly hexamethylene biguanide hydrochloride<\/td><\/tr><tr><td>Biguanide<\/td><td>&lt;2%<\/td><td>Chlorhexidine digluconate<\/td><\/tr><tr><td>Quaternary ammonium compound<\/td><td>&lt;5%<\/td><td>Benzalkonium chloride<\/td><\/tr><tr><td>Sodium Hypochlorite<\/td><td>&lt;0.74%<\/td><td><\/td><\/tr><tr><td>Sodium hydroxide<\/td><td>&lt;0.25%<\/td><\/tr><\/tbody><\/table><\/figure>\n\n<p>Reinigungsprodukte und Reinigungst\u00fccher, die die oben genannten Inhaltsstoffe in den empfohlenen Konzentrationen enthalten, sind f\u00fcr die Verwendung mit Bedfont<sup>\u00ae<\/sup> Atemanalyseger\u00e4ten geeignet.<\/p>\n\n<p><strong>Bedfont<sup>\u00ae<\/sup> hat die folgenden Reinigungst\u00fccher getestet und kann sie empfehlen:<\/strong><\/p>\n\n<ul class=\"wp-block-list\">\n<li>Reinigung mit Azomax Universal Wipes (Vernacare)<\/li>\n\n\n\n<li>Clinell Universal Wipes (by Gama Healthcare)<\/li>\n\n\n\n<li>Clinell Clorox Wipes (by Gama Healthcare)<\/li>\n\n\n\n<li>AF3 Sani-cloth Germicidal Disposable Wipe (by PDI)<\/li>\n<\/ul>\n\n<p>Reinigen Sie das Ger\u00e4t niemals mit Produkten, die Alkohol enthalten. Dazu geh\u00f6ren: <br\/>Reinigungsmittel, die Sie m\u00f6glicherweise zur Reinigung anderer Ger\u00e4te oder der Umgebung verwenden. <br\/>Alkoholtupfer, -gele oder -sprays, die f\u00fcr die Patientenversorgung verwendet werden. <br\/>Jegliche Art von alkoholhaltigen Produkten<\/p>\n\n<p>Sie d\u00fcrfen keine Produkte verwenden, wie zum Beispiel (aber nicht beschr\u00e4nkt auf):<\/p>\n\n<ul class=\"wp-block-list\">\n<li>Desinfektionsmittel, Sprays oder T\u00fccher, die Alkohol enthalten<\/li>\n\n\n\n<li>Reinigungsmittel, die Sie f\u00fcr andere Oberfl\u00e4chen oder Ger\u00e4te in der Umgebung verwenden, selbst wenn diese auf den ersten Blick f\u00fcr Ihr Bedfont\u00ae-Ger\u00e4t geeignet erscheinen.<\/li>\n\n\n\n<li>H\u00e4ndedesinfektionsmittel auf Alkoholbasis<\/li>\n<\/ul>\n\n<p>Die Verwendung von alkoholhaltigen Substanzen in der N\u00e4he von Bedfont<sup>\u00ae<\/sup> Atemanalyseger\u00e4ten kann zu fehlerhaften Ergebnissen f\u00fchren. Bedfont<sup>\u00ae<\/sup> empfiehlt, die Verwendung von L\u00f6sungsmitteln in der N\u00e4he des Ger\u00e4ts zu minimieren. <\/p>\n\n<p>Weitere Informationen zu den Reinigungsverfahren finden Sie in den Benutzerhandb\u00fcchern f\u00fcr Ihr Ger\u00e4t.\nAlle Handb\u00fccher sind <a href=\"\" target=\"\" title=\"\" rel=\"noopener\">hier<\/a> verf\u00fcgbar. <\/p>\n\n<p>Wenn Sie weitere Fragen zu diesen Informationen haben, kontaktieren Sie uns bitte per E-Mail unter <a href=\"mailto:ask@bedfont.com\">ask@bedfont.com<\/a> . Alternativ k\u00f6nnen Sie uns unter +44 (0) 1622 851122 anrufen. <\/p>\n","protected":false},"excerpt":{"rendered":"<p>Reinigung der Bedfont\u00ae-Atemanalyseger\u00e4te Beim Reinigen der Atemanalyseger\u00e4te Smokeryzer \u00ae , NObreath \u00ae , ToxCO \u00ae und Gastrolyzer \u00ae wird empfohlen, alkoholfreie L\u00f6sungen zu verwenden. Eine M\u00f6glichkeit zur Reinigung der Bedfont\u00ae Atemanalyseger\u00e4te besteht darin, sie mit einem feuchten Tuch und Wasser oder einem milden Reinigungsmittel zu s\u00e4ubern. Folgende Kategorien alkoholfreier Reinigungsmittel werden empfohlen: Wirkstoffe Konzentration Beispiel [&hellip;]<\/p>\n","protected":false},"author":6,"featured_media":0,"parent":0,"menu_order":0,"comment_status":"closed","ping_status":"closed","template":"templates\/page-gutenberg.php","meta":{"_acf_changed":false,"footnotes":""},"class_list":["post-3493","page","type-page","status-publish","hentry"],"acf":[],"yoast_head":"<!-- This site is optimized with the Yoast SEO plugin v27.4 - https:\/\/yoast.com\/product\/yoast-seo-wordpress\/ -->\n<title>Reinigung von Bedfont-Ger\u00e4ten - Bedfont Scientific Ltd.<\/title>\n<meta name=\"description\" content=\"Reinigungsmittel und Reinigungst\u00fccher mit diesen Inhaltsstoffen in den empfohlenen Konzentrationen sind f\u00fcr die Verwendung mit unseren Ger\u00e4ten geeignet.\" \/>\n<meta name=\"robots\" content=\"index, follow, max-snippet:-1, max-image-preview:large, max-video-preview:-1\" \/>\n<link rel=\"canonical\" href=\"https:\/\/www.bedfont.com\/de\/reinigung-von-bedfont-geraten\/\" \/>\n<meta property=\"og:locale\" content=\"de_DE\" \/>\n<meta property=\"og:type\" content=\"article\" \/>\n<meta property=\"og:title\" content=\"Reinigung von Bedfont-Ger\u00e4ten - Bedfont Scientific Ltd.\" \/>\n<meta property=\"og:description\" content=\"Reinigungsmittel und Reinigungst\u00fccher mit diesen Inhaltsstoffen in den empfohlenen Konzentrationen sind f\u00fcr die Verwendung mit unseren Ger\u00e4ten geeignet.\" \/>\n<meta property=\"og:url\" content=\"https:\/\/www.bedfont.com\/de\/reinigung-von-bedfont-geraten\/\" \/>\n<meta property=\"og:site_name\" content=\"Bedfont Scientific Ltd.\" \/>\n<meta property=\"article:publisher\" content=\"https:\/\/www.facebook.com\/Bedfontltd\/\" \/>\n<meta property=\"article:modified_time\" content=\"2024-10-14T08:02:57+00:00\" \/>\n<meta name=\"twitter:card\" content=\"summary_large_image\" \/>\n<meta name=\"twitter:site\" content=\"@BedfontLtd\" \/>\n<meta name=\"twitter:label1\" content=\"Gesch\u00e4tzte Lesezeit\" \/>\n\t<meta name=\"twitter:data1\" content=\"2\u00a0Minuten\" \/>\n<script type=\"application\/ld+json\" class=\"yoast-schema-graph\">{\"@context\":\"https:\\\/\\\/schema.org\",\"@graph\":[{\"@type\":\"WebPage\",\"@id\":\"https:\\\/\\\/www.bedfont.com\\\/de\\\/reinigung-von-bedfont-geraten\\\/\",\"url\":\"https:\\\/\\\/www.bedfont.com\\\/de\\\/reinigung-von-bedfont-geraten\\\/\",\"name\":\"Reinigung von Bedfont-Ger\u00e4ten - Bedfont Scientific Ltd.\",\"isPartOf\":{\"@id\":\"https:\\\/\\\/www.bedfont.com\\\/de\\\/#website\"},\"datePublished\":\"2024-01-09T16:29:36+00:00\",\"dateModified\":\"2024-10-14T08:02:57+00:00\",\"description\":\"Reinigungsmittel und Reinigungst\u00fccher mit diesen Inhaltsstoffen in den empfohlenen Konzentrationen sind f\u00fcr die Verwendung mit unseren Ger\u00e4ten geeignet.\",\"breadcrumb\":{\"@id\":\"https:\\\/\\\/www.bedfont.com\\\/de\\\/reinigung-von-bedfont-geraten\\\/#breadcrumb\"},\"inLanguage\":\"de\",\"potentialAction\":[{\"@type\":\"ReadAction\",\"target\":[\"https:\\\/\\\/www.bedfont.com\\\/de\\\/reinigung-von-bedfont-geraten\\\/\"]}]},{\"@type\":\"BreadcrumbList\",\"@id\":\"https:\\\/\\\/www.bedfont.com\\\/de\\\/reinigung-von-bedfont-geraten\\\/#breadcrumb\",\"itemListElement\":[{\"@type\":\"ListItem\",\"position\":1,\"name\":\"Home\",\"item\":\"https:\\\/\\\/www.bedfont.com\\\/de\\\/\"},{\"@type\":\"ListItem\",\"position\":2,\"name\":\"Reinigung von Bedfont-Ger\u00e4ten\"}]},{\"@type\":\"WebSite\",\"@id\":\"https:\\\/\\\/www.bedfont.com\\\/de\\\/#website\",\"url\":\"https:\\\/\\\/www.bedfont.com\\\/de\\\/\",\"name\":\"Bedfont Scientific Ltd.\",\"description\":\"World leaders in breath analysis.\",\"publisher\":{\"@id\":\"https:\\\/\\\/www.bedfont.com\\\/de\\\/#organization\"},\"potentialAction\":[{\"@type\":\"SearchAction\",\"target\":{\"@type\":\"EntryPoint\",\"urlTemplate\":\"https:\\\/\\\/www.bedfont.com\\\/de\\\/?s={search_term_string}\"},\"query-input\":{\"@type\":\"PropertyValueSpecification\",\"valueRequired\":true,\"valueName\":\"search_term_string\"}}],\"inLanguage\":\"de\"},{\"@type\":\"Organization\",\"@id\":\"https:\\\/\\\/www.bedfont.com\\\/de\\\/#organization\",\"name\":\"Bedfont Scientific Ltd.\",\"url\":\"https:\\\/\\\/www.bedfont.com\\\/de\\\/\",\"logo\":{\"@type\":\"ImageObject\",\"inLanguage\":\"de\",\"@id\":\"https:\\\/\\\/www.bedfont.com\\\/de\\\/#\\\/schema\\\/logo\\\/image\\\/\",\"url\":\"https:\\\/\\\/www.bedfont.com\\\/wp-content\\\/uploads\\\/2023\\\/06\\\/logo.png\",\"contentUrl\":\"https:\\\/\\\/www.bedfont.com\\\/wp-content\\\/uploads\\\/2023\\\/06\\\/logo.png\",\"width\":1600,\"height\":505,\"caption\":\"Bedfont Scientific Ltd.\"},\"image\":{\"@id\":\"https:\\\/\\\/www.bedfont.com\\\/de\\\/#\\\/schema\\\/logo\\\/image\\\/\"},\"sameAs\":[\"https:\\\/\\\/www.facebook.com\\\/Bedfontltd\\\/\",\"https:\\\/\\\/x.com\\\/BedfontLtd\",\"https:\\\/\\\/www.instagram.com\\\/bedfontltd\\\/\",\"https:\\\/\\\/www.linkedin.com\\\/company\\\/bedfont-scientific-ltd\\\/\",\"https:\\\/\\\/www.youtube.com\\\/user\\\/BedfontScientificLtd\"]}]}<\/script>\n<!-- \/ Yoast SEO plugin. -->","yoast_head_json":{"title":"Reinigung von Bedfont-Ger\u00e4ten - Bedfont Scientific Ltd.","description":"Reinigungsmittel und Reinigungst\u00fccher mit diesen Inhaltsstoffen in den empfohlenen Konzentrationen sind f\u00fcr die Verwendung mit unseren Ger\u00e4ten geeignet.","robots":{"index":"index","follow":"follow","max-snippet":"max-snippet:-1","max-image-preview":"max-image-preview:large","max-video-preview":"max-video-preview:-1"},"canonical":"https:\/\/www.bedfont.com\/de\/reinigung-von-bedfont-geraten\/","og_locale":"de_DE","og_type":"article","og_title":"Reinigung von Bedfont-Ger\u00e4ten - Bedfont Scientific Ltd.","og_description":"Reinigungsmittel und Reinigungst\u00fccher mit diesen Inhaltsstoffen in den empfohlenen Konzentrationen sind f\u00fcr die Verwendung mit unseren Ger\u00e4ten geeignet.","og_url":"https:\/\/www.bedfont.com\/de\/reinigung-von-bedfont-geraten\/","og_site_name":"Bedfont Scientific Ltd.","article_publisher":"https:\/\/www.facebook.com\/Bedfontltd\/","article_modified_time":"2024-10-14T08:02:57+00:00","twitter_card":"summary_large_image","twitter_site":"@BedfontLtd","twitter_misc":{"Gesch\u00e4tzte Lesezeit":"2\u00a0Minuten"},"schema":{"@context":"https:\/\/schema.org","@graph":[{"@type":"WebPage","@id":"https:\/\/www.bedfont.com\/de\/reinigung-von-bedfont-geraten\/","url":"https:\/\/www.bedfont.com\/de\/reinigung-von-bedfont-geraten\/","name":"Reinigung von Bedfont-Ger\u00e4ten - Bedfont Scientific Ltd.","isPartOf":{"@id":"https:\/\/www.bedfont.com\/de\/#website"},"datePublished":"2024-01-09T16:29:36+00:00","dateModified":"2024-10-14T08:02:57+00:00","description":"Reinigungsmittel und Reinigungst\u00fccher mit diesen Inhaltsstoffen in den empfohlenen Konzentrationen sind f\u00fcr die Verwendung mit unseren Ger\u00e4ten geeignet.","breadcrumb":{"@id":"https:\/\/www.bedfont.com\/de\/reinigung-von-bedfont-geraten\/#breadcrumb"},"inLanguage":"de","potentialAction":[{"@type":"ReadAction","target":["https:\/\/www.bedfont.com\/de\/reinigung-von-bedfont-geraten\/"]}]},{"@type":"BreadcrumbList","@id":"https:\/\/www.bedfont.com\/de\/reinigung-von-bedfont-geraten\/#breadcrumb","itemListElement":[{"@type":"ListItem","position":1,"name":"Home","item":"https:\/\/www.bedfont.com\/de\/"},{"@type":"ListItem","position":2,"name":"Reinigung von Bedfont-Ger\u00e4ten"}]},{"@type":"WebSite","@id":"https:\/\/www.bedfont.com\/de\/#website","url":"https:\/\/www.bedfont.com\/de\/","name":"Bedfont Scientific Ltd.","description":"World leaders in breath analysis.","publisher":{"@id":"https:\/\/www.bedfont.com\/de\/#organization"},"potentialAction":[{"@type":"SearchAction","target":{"@type":"EntryPoint","urlTemplate":"https:\/\/www.bedfont.com\/de\/?s={search_term_string}"},"query-input":{"@type":"PropertyValueSpecification","valueRequired":true,"valueName":"search_term_string"}}],"inLanguage":"de"},{"@type":"Organization","@id":"https:\/\/www.bedfont.com\/de\/#organization","name":"Bedfont Scientific Ltd.","url":"https:\/\/www.bedfont.com\/de\/","logo":{"@type":"ImageObject","inLanguage":"de","@id":"https:\/\/www.bedfont.com\/de\/#\/schema\/logo\/image\/","url":"https:\/\/www.bedfont.com\/wp-content\/uploads\/2023\/06\/logo.png","contentUrl":"https:\/\/www.bedfont.com\/wp-content\/uploads\/2023\/06\/logo.png","width":1600,"height":505,"caption":"Bedfont Scientific Ltd."},"image":{"@id":"https:\/\/www.bedfont.com\/de\/#\/schema\/logo\/image\/"},"sameAs":["https:\/\/www.facebook.com\/Bedfontltd\/","https:\/\/x.com\/BedfontLtd","https:\/\/www.instagram.com\/bedfontltd\/","https:\/\/www.linkedin.com\/company\/bedfont-scientific-ltd\/","https:\/\/www.youtube.com\/user\/BedfontScientificLtd"]}]}},"_links":{"self":[{"href":"https:\/\/www.bedfont.com\/de\/wp-json\/wp\/v2\/pages\/3493","targetHints":{"allow":["GET"]}}],"collection":[{"href":"https:\/\/www.bedfont.com\/de\/wp-json\/wp\/v2\/pages"}],"about":[{"href":"https:\/\/www.bedfont.com\/de\/wp-json\/wp\/v2\/types\/page"}],"author":[{"embeddable":true,"href":"https:\/\/www.bedfont.com\/de\/wp-json\/wp\/v2\/users\/6"}],"replies":[{"embeddable":true,"href":"https:\/\/www.bedfont.com\/de\/wp-json\/wp\/v2\/comments?post=3493"}],"version-history":[{"count":7,"href":"https:\/\/www.bedfont.com\/de\/wp-json\/wp\/v2\/pages\/3493\/revisions"}],"predecessor-version":[{"id":7034,"href":"https:\/\/www.bedfont.com\/de\/wp-json\/wp\/v2\/pages\/3493\/revisions\/7034"}],"wp:attachment":[{"href":"https:\/\/www.bedfont.com\/de\/wp-json\/wp\/v2\/media?parent=3493"}],"curies":[{"name":"wp","href":"https:\/\/api.w.org\/{rel}","templated":true}]}}