{"id":3455,"date":"2023-02-09T14:17:44","date_gmt":"2023-02-09T14:17:44","guid":{"rendered":"https:\/\/bedfont.theprogressteam.com\/werden-sie-teil-unseres-haendlernetzes\/"},"modified":"2025-02-04T16:06:26","modified_gmt":"2025-02-04T16:06:26","slug":"werden-sie-teil-unseres-haendlernetzes","status":"publish","type":"page","link":"https:\/\/www.bedfont.com\/de\/werden-sie-teil-unseres-haendlernetzes\/","title":{"rendered":"Werden Sie H\u00e4ndler"},"content":{"rendered":"<section class='subtle-bg mb-60px module-3455-hero-0' id='module-3455-hero-0'>\n\t<img decoding='async' src='https:\/\/www.bedfont.com\/wp-content\/themes\/bedfont\/assets\/img\/subtle-bg.jpg' class='subtle-bg' alt='Image of subtle website background'>\n\t<div class='container'>\n\t\t<div class='row'>\n\t\t\t<div class='col-12 col-md-6 pe-5 my-auto'>\n\t\t\t\t<h1 class='text-left mt-lg-0'>Werden Sie H\u00e4ndler<\/h1>\n\t\t\t\t<p><p>Bedfont\u00ae ist bestrebt, das Gesch\u00e4ft durch sorgf\u00e4ltig ausgew\u00e4hlte Vertriebspartner voranzutreiben, die dasselbe Ziel verfolgen, n\u00e4mlich die weltweite Verbesserung der Gesundheitsversorgung. Unsere Vertriebspartner verf\u00fcgen \u00fcber eine nachweisliche Erfolgsbilanz als f\u00fchrende Unternehmen in verschiedenen Sektoren und wir arbeiten eng mit ihnen zusammen, um eine langj\u00e4hrige Beziehung zu ihnen aufrechtzuerhalten.<\/p>\n<p>Im Rahmen unserer Mission, hochmoderne medizinische Produkte zur Atemanalyse bereitzustellen, sind wir st\u00e4ndig auf der Suche nach Gleichgesinnten, die uns dabei unterst\u00fctzen, unsere Produkte weltweit zu vertreiben.<\/p>\n<ul class=\"distributor-checklist\">\n<li><i class=\"fa-solid fa-check\" aria-hidden=\"true\"><\/i> Seit \u00fcber 40 Jahren weltweit erfolgreich: Medizinprodukte mit modernster Atemanalyse.<\/li>\n<li><i class=\"fa-solid fa-check\" aria-hidden=\"true\"><\/i> Unsere Marken sind weltweit in \u00fcber 70 L\u00e4ndern anerkannt.<\/li>\n<li><i class=\"fa-solid fa-check\" aria-hidden=\"true\"><\/i> Spitzenreiter in der Raucherentw\u00f6hnung, Gastroenterologie und Asthma.<\/li>\n<li><i class=\"fa-solid fa-check\" aria-hidden=\"true\"><\/i> Top-Produkte mit cleveren Innovationen zu attraktiven Preisen.<\/li>\n<li><i class=\"fa-solid fa-check\" aria-hidden=\"true\"><\/i> Schnelle Abwicklung und geballte Power f\u00fcr Ihren Vertrieb: Wir unterst\u00fctzen Sie mit vielf\u00e4ltigen Marketing-Tools!<\/li>\n<li><i class=\"fa-solid fa-check\" aria-hidden=\"true\"><\/i> Vorteile der Partnerschaft<\/li>\n<\/ul>\n<\/p>\n\t\t\t\t\n\t\t\t<\/div>\n\t\t\t<div class='col-12 col-md-6 mt-5 mt-lg-0'><img width=\"500\" height=\"542\" src=\"https:\/\/www.bedfont.com\/wp-content\/uploads\/2024\/10\/distributor-image.png\" class=\"img-fluid br-30\" alt=\"\" decoding=\"async\" loading=\"lazy\" srcset=\"https:\/\/www.bedfont.com\/wp-content\/uploads\/2024\/10\/distributor-image.png 500w, https:\/\/www.bedfont.com\/wp-content\/uploads\/2024\/10\/distributor-image-277x300.png 277w\" sizes=\"auto, (max-width: 500px) 100vw, 500px\" \/><\/div>\n\t\t<\/div>\n\t<\/div>\n<\/section><section class='two-column-image-text style-3 accordion-module  module-3455-accordion-1' id='module-3455-accordion-1'>\n\t<div class='container'>\n\t\t<div class='row '>\n\t\t\t<div class='col-12 col-lg-6 ps-md-5 who-we-are-home my-auto text-col'>\n\t<div class='inner'>\n\n\t\t\t\t<h2 class='text-center'>Vorteile einer Bedfont-Vertriebspartnerschaft<\/h2>\n    <div class='accordion' id='accordionModule'><div class='accordion-item'><h2 class='accordion-header' id='heading0'> <button class='accordion-button ' type='button' data-bs-toggle='collapse' data-bs-target='#collapse0' aria-expanded='true' aria-controls='collapse0'> Marketing <\/button> <\/h2><div id='collapse0' class='accordion-collapse collapse show' aria-labelledby='heading0' data-bs-parent='#accordionModule'>\n\t\t\t\t\t\t\t\t<div class='accordion-body'>\n\t\t\t\t\t\t\t\t\t<ul class='distributor-checklist'><li><i class='fa-solid fa-check' aria-hidden='true'><\/i>Marketing-material<\/li><li><i class='fa-solid fa-check' aria-hidden='true'><\/i>Verkaufspakete<\/li><li><i class='fa-solid fa-check' aria-hidden='true'><\/i>Auflistung auf unserer Website<\/li><li><i class='fa-solid fa-check' aria-hidden='true'><\/i>Regelm\u00e4\u00dfige regionale Aktionen und attraktive Angebote f\u00fcr Ihren Vertriebserfolg!<\/li><li><i class='fa-solid fa-check' aria-hidden='true'><\/i>M\u00f6gliche Unterst\u00fctzung Ihrer Marketingaktivit\u00e4ten durch F\u00f6rderprogramme.<\/li><\/ul>\n\t\t\t\t\t\t\t\t<\/div>\n\t\t\t\t\t\t\t<\/div><\/div><div class='accordion-item'><h2 class='accordion-header' id='heading1'> <button class='accordion-button collapsed' type='button' data-bs-toggle='collapse' data-bs-target='#collapse1' aria-expanded='false' aria-controls='collapse1'> Verkaufsunterst\u00fctzung <\/button> <\/h2><div id='collapse1' class='accordion-collapse collapse ' aria-labelledby='heading1' data-bs-parent='#accordionModule'>\n\t\t\t\t\t\t\t\t<div class='accordion-body'>\n\t\t\t\t\t\t\t\t\t<ul class='distributor-checklist'><li><i class='fa-solid fa-check' aria-hidden='true'><\/i>Optimierte Gewinnmargen<\/li><li><i class='fa-solid fa-check' aria-hidden='true'><\/i>Preisg\u00fcnstige Vorf\u00fchrger\u00e4te (nicht f\u00fcr den Weiterverkauf)<\/li><li><i class='fa-solid fa-check' aria-hidden='true'><\/i>Unverbindliche Preisempfehlung (UVP)-Preisliste<\/li><li><i class='fa-solid fa-check' aria-hidden='true'><\/i>Engagierte Kundenbetreuung und Lead-Generierung<\/li><li><i class='fa-solid fa-check' aria-hidden='true'><\/i>Kurze Wege, schnelle Antworten: Wir sind Ihr zentraler Ansprechpartner!<\/li><li><i class='fa-solid fa-check' aria-hidden='true'><\/i>Wir planen Vertriebs- und Marketingaktivit\u00e4ten mit Ihnen!<\/li><li><i class='fa-solid fa-check' aria-hidden='true'><\/i>Starke Unterst\u00fctzung bei Kundenbesuchen<\/li><li><i class='fa-solid fa-check' aria-hidden='true'><\/i>Wir leiten potenzielle Kunden direkt an Sie weiter!<\/li><\/ul>\n\t\t\t\t\t\t\t\t<\/div>\n\t\t\t\t\t\t\t<\/div><\/div><div class='accordion-item'><h2 class='accordion-header' id='heading2'> <button class='accordion-button collapsed' type='button' data-bs-toggle='collapse' data-bs-target='#collapse2' aria-expanded='false' aria-controls='collapse2'> Ausbildung <\/button> <\/h2><div id='collapse2' class='accordion-collapse collapse ' aria-labelledby='heading2' data-bs-parent='#accordionModule'>\n\t\t\t\t\t\t\t\t<div class='accordion-body'>\n\t\t\t\t\t\t\t\t\t<ul class='distributor-checklist'><li><i class='fa-solid fa-check' aria-hidden='true'><\/i>Vertrieb Gesch\u00e4ftsentwicklung\r\n<\/li><li><i class='fa-solid fa-check' aria-hidden='true'><\/i>Klassenzimmer, Webinar und Online-Tutorials<\/li><li><i class='fa-solid fa-check' aria-hidden='true'><\/i>Produkt-Videos<\/li><\/ul>\n\t\t\t\t\t\t\t\t<\/div>\n\t\t\t\t\t\t\t<\/div><\/div><div class='accordion-item'><h2 class='accordion-header' id='heading3'> <button class='accordion-button collapsed' type='button' data-bs-toggle='collapse' data-bs-target='#collapse3' aria-expanded='false' aria-controls='collapse3'> Gezielte Informationen <\/button> <\/h2><div id='collapse3' class='accordion-collapse collapse ' aria-labelledby='heading3' data-bs-parent='#accordionModule'>\n\t\t\t\t\t\t\t\t<div class='accordion-body'>\n\t\t\t\t\t\t\t\t\t<ul class='distributor-checklist'><li><i class='fa-solid fa-check' aria-hidden='true'><\/i>Regelm\u00e4\u00dfige Newsletter\r\n<\/li><li><i class='fa-solid fa-check' aria-hidden='true'><\/i>Website des Vertriebsh\u00e4ndlers<\/li><li><i class='fa-solid fa-check' aria-hidden='true'><\/i>Fr\u00fche Informationen zu Produktneuheiten und Anpassungen im Sortiment<\/li><li><i class='fa-solid fa-check' aria-hidden='true'><\/i>Technische Daten<\/li><\/ul>\n\t\t\t\t\t\t\t\t<\/div>\n\t\t\t\t\t\t\t<\/div><\/div><div class='accordion-item'><h2 class='accordion-header' id='heading4'> <button class='accordion-button collapsed' type='button' data-bs-toggle='collapse' data-bs-target='#collapse4' aria-expanded='false' aria-controls='collapse4'> Technische Unterst\u00fctzung <\/button> <\/h2><div id='collapse4' class='accordion-collapse collapse ' aria-labelledby='heading4' data-bs-parent='#accordionModule'>\n\t\t\t\t\t\t\t\t<div class='accordion-body'>\n\t\t\t\t\t\t\t\t\t<ul class='distributor-checklist'><li><i class='fa-solid fa-check' aria-hidden='true'><\/i>Online- und Telefon-Support<\/li><li><i class='fa-solid fa-check' aria-hidden='true'><\/i>Video-Konferenzen<\/li><li><i class='fa-solid fa-check' aria-hidden='true'><\/i>Auflistung auf unserer Website<\/li><li><i class='fa-solid fa-check' aria-hidden='true'><\/i>Auflistung auf unserer Website<\/li><li><i class='fa-solid fa-check' aria-hidden='true'><\/i>Garantie und Garantieverl\u00e4ngerung<\/li><li><i class='fa-solid fa-check' aria-hidden='true'><\/i>Lokale Unterst\u00fctzung<\/li><\/ul>\n\t\t\t\t\t\t\t\t<\/div>\n\t\t\t\t\t\t\t<\/div><\/div><\/div>\n\t<div class='bottom-text mt-4 text-center'><p>Bestimmte Vorteile h\u00e4ngen von der Kategorie des Vertriebspartners ab.<\/p>\n<\/div>\n\t\t\t<\/div>\n\t\t\t<\/div>\n\t\t\t<div class='col-12 col-lg-6'>\n\t\t\t<div class='image-box'>\n\t\t\t<img width=\"640\" height=\"482\" src=\"https:\/\/www.bedfont.com\/wp-content\/uploads\/2024\/10\/distributor-meeting-1024x771.jpg\" class=\"attachment-large size-large\" alt=\"\" decoding=\"async\" loading=\"lazy\" srcset=\"https:\/\/www.bedfont.com\/wp-content\/uploads\/2024\/10\/distributor-meeting-1024x771.jpg 1024w, https:\/\/www.bedfont.com\/wp-content\/uploads\/2024\/10\/distributor-meeting-300x226.jpg 300w, https:\/\/www.bedfont.com\/wp-content\/uploads\/2024\/10\/distributor-meeting-768x578.jpg 768w, https:\/\/www.bedfont.com\/wp-content\/uploads\/2024\/10\/distributor-meeting-1536x1157.jpg 1536w, https:\/\/www.bedfont.com\/wp-content\/uploads\/2024\/10\/distributor-meeting.jpg 2000w\" sizes=\"auto, (max-width: 640px) 100vw, 640px\" \/>\n\t\t\t<\/div>\n\t\t\t<\/div>\n\t\t<\/div>\n\t<\/div>\n<\/section><section class='two-column-image-text style-1 already-bedfont-distributor module-3455-two_column_image_text-2' id='module-3455-two_column_image_text-2'>\n\t<div class='container'>\n\t\t<div class='row flex-row-reverse'>\n\t\t\t<div class='col-12 col-lg-6 ps-md-5 who-we-are-home my-auto text-col' >\n\t<div class='inner'>\n\n\t\t\t\t<h2 class='text-left'>Sind Sie bereits <span class=\"blue-text\">ein Bedfont-Vertriebspartner? <\/span><\/span><\/h2>\n\t\t\t\t<p>Sie sind bereits Bedfont-H\u00e4ndler und m\u00f6chten auf unsere spezielle H\u00e4ndler-Website zugreifen? Greifen Sie mit Ihrem Login darauf zu, indem Sie auf den untenstehenden Link klicken. Hier finden Sie Neuigkeiten, Informationen und Ressourcen \u00fcber Bedfont Scientific Ltd und unsere Produkte.<\/p>\n\n                <div class='button-box button-pink'><a class='btn ' href='https:\/\/www.bedfont-distributor.com\/' target=\"_self\">Besuchen Sie hier<i class='fa fa-arrow-right ms-1' aria-hidden='true'><\/i><\/a><\/div>\n\t\t\t<\/div>\n\t\t\t<\/div>\n\t\t\t<div class='col-12 col-lg-6'>\n\t\t\t<div class='image-box'>\n\t\t\t\t<img width=\"500\" height=\"542\" src=\"https:\/\/www.bedfont.com\/wp-content\/uploads\/2024\/10\/distributor-image.png\" class=\"attachment-large size-large\" alt=\"\" decoding=\"async\" loading=\"lazy\" srcset=\"https:\/\/www.bedfont.com\/wp-content\/uploads\/2024\/10\/distributor-image.png 500w, https:\/\/www.bedfont.com\/wp-content\/uploads\/2024\/10\/distributor-image-277x300.png 277w\" sizes=\"auto, (max-width: 500px) 100vw, 500px\" \/>\n\t\t\t<\/div>\n\t\t\t<\/div>\n\t\t<\/div>\n\t<\/div>\n<\/section><section class='form text-center style-1 become-distributor-form module-3455-form-3' id='module-3455-form-3'><div class='container'><h2 class='text-center'>Werden Sie noch heute <span class=\"blue-text\">Vertriebspartner<\/span>!<\/h2><p>Lassen Sie sich diese Gelegenheit, Teil einer bl\u00fchenden und schnell wachsenden Branche zu werden, nicht entgehen. Werden Sie noch heute ein Bedfont-Vertriebspartner und bestimmen Sie selbst \u00fcber Ihre finanzielle Zukunft. F\u00fcllen Sie das untenstehende Formular aus, um loszulegen!<\/p>\n<script charset=\"utf-8\" type=\"text\/javascript\" src=\"\/\/js.hsforms.net\/forms\/embed\/v2.js\"><\/script>\r\n<script>\r\n  hbspt.forms.create({\r\n    portalId: \"6295439\",\r\n    formId: \"2b048f38-506a-4b69-9cc0-058a211df734\"\r\n  });\r\n<\/script><\/div><\/section>","protected":false},"excerpt":{"rendered":"<p>Werden Sie H\u00e4ndler Bedfont\u00ae ist bestrebt, das Gesch\u00e4ft durch sorgf\u00e4ltig ausgew\u00e4hlte Vertriebspartner voranzutreiben, die dasselbe Ziel verfolgen, n\u00e4mlich die weltweite Verbesserung der Gesundheitsversorgung. Unsere Vertriebspartner verf\u00fcgen \u00fcber eine nachweisliche Erfolgsbilanz als f\u00fchrende Unternehmen in verschiedenen Sektoren und wir arbeiten eng mit ihnen zusammen, um eine langj\u00e4hrige Beziehung zu ihnen aufrechtzuerhalten. Im Rahmen unserer Mission, hochmoderne [&hellip;]<\/p>\n","protected":false},"author":6,"featured_media":0,"parent":0,"menu_order":0,"comment_status":"closed","ping_status":"closed","template":"templates\/page-modules.php","meta":{"_acf_changed":false,"footnotes":""},"class_list":["post-3455","page","type-page","status-publish","hentry"],"acf":[],"yoast_head":"<!-- This site is optimized with the Yoast SEO plugin v27.5 - https:\/\/yoast.com\/product\/yoast-seo-wordpress\/ -->\n<title>Werden Sie H\u00e4ndler - Bedfont Scientific Ltd.<\/title>\n<meta name=\"description\" content=\"Bedfont setzt sich daf\u00fcr ein, das Wachstum durch sorgf\u00e4ltig ausgew\u00e4hlte Vertriebspartner voranzutreiben, die das gleiche Ziel verfolgen, die Gesundheitsversorgung weltweit zu verbessern.\" \/>\n<meta name=\"robots\" content=\"index, follow, max-snippet:-1, max-image-preview:large, max-video-preview:-1\" \/>\n<link rel=\"canonical\" href=\"https:\/\/www.bedfont.com\/de\/werden-sie-teil-unseres-haendlernetzes\/\" \/>\n<meta property=\"og:locale\" content=\"de_DE\" \/>\n<meta property=\"og:type\" content=\"article\" \/>\n<meta property=\"og:title\" content=\"Werden Sie H\u00e4ndler - Bedfont Scientific Ltd.\" \/>\n<meta property=\"og:description\" content=\"Bedfont setzt sich daf\u00fcr ein, das Wachstum durch sorgf\u00e4ltig ausgew\u00e4hlte Vertriebspartner voranzutreiben, die das gleiche Ziel verfolgen, die Gesundheitsversorgung weltweit zu verbessern.\" \/>\n<meta property=\"og:url\" content=\"https:\/\/www.bedfont.com\/de\/werden-sie-teil-unseres-haendlernetzes\/\" \/>\n<meta property=\"og:site_name\" content=\"Bedfont Scientific Ltd.\" \/>\n<meta property=\"article:publisher\" content=\"https:\/\/www.facebook.com\/Bedfontltd\/\" \/>\n<meta property=\"article:modified_time\" content=\"2025-02-04T16:06:26+00:00\" \/>\n<meta property=\"og:image\" content=\"https:\/\/www.bedfont.com\/wp-content\/themes\/bedfont\/assets\/img\/subtle-bg.jpg\" \/>\n<meta name=\"twitter:card\" content=\"summary_large_image\" \/>\n<meta name=\"twitter:site\" content=\"@BedfontLtd\" \/>\n<meta name=\"twitter:label1\" content=\"Gesch\u00e4tzte Lesezeit\" \/>\n\t<meta name=\"twitter:data1\" content=\"3\u00a0Minuten\" \/>\n<script type=\"application\/ld+json\" class=\"yoast-schema-graph\">{\"@context\":\"https:\\\/\\\/schema.org\",\"@graph\":[{\"@type\":\"WebPage\",\"@id\":\"https:\\\/\\\/www.bedfont.com\\\/de\\\/werden-sie-teil-unseres-haendlernetzes\\\/\",\"url\":\"https:\\\/\\\/www.bedfont.com\\\/de\\\/werden-sie-teil-unseres-haendlernetzes\\\/\",\"name\":\"Werden Sie H\u00e4ndler - Bedfont Scientific Ltd.\",\"isPartOf\":{\"@id\":\"https:\\\/\\\/www.bedfont.com\\\/de\\\/#website\"},\"primaryImageOfPage\":{\"@id\":\"https:\\\/\\\/www.bedfont.com\\\/de\\\/werden-sie-teil-unseres-haendlernetzes\\\/#primaryimage\"},\"image\":{\"@id\":\"https:\\\/\\\/www.bedfont.com\\\/de\\\/werden-sie-teil-unseres-haendlernetzes\\\/#primaryimage\"},\"thumbnailUrl\":\"https:\\\/\\\/www.bedfont.com\\\/wp-content\\\/themes\\\/bedfont\\\/assets\\\/img\\\/subtle-bg.jpg\",\"datePublished\":\"2023-02-09T14:17:44+00:00\",\"dateModified\":\"2025-02-04T16:06:26+00:00\",\"description\":\"Bedfont setzt sich daf\u00fcr ein, das Wachstum durch sorgf\u00e4ltig ausgew\u00e4hlte Vertriebspartner voranzutreiben, die das gleiche Ziel verfolgen, die Gesundheitsversorgung weltweit zu verbessern.\",\"breadcrumb\":{\"@id\":\"https:\\\/\\\/www.bedfont.com\\\/de\\\/werden-sie-teil-unseres-haendlernetzes\\\/#breadcrumb\"},\"inLanguage\":\"de\",\"potentialAction\":[{\"@type\":\"ReadAction\",\"target\":[\"https:\\\/\\\/www.bedfont.com\\\/de\\\/werden-sie-teil-unseres-haendlernetzes\\\/\"]}]},{\"@type\":\"ImageObject\",\"inLanguage\":\"de\",\"@id\":\"https:\\\/\\\/www.bedfont.com\\\/de\\\/werden-sie-teil-unseres-haendlernetzes\\\/#primaryimage\",\"url\":\"https:\\\/\\\/www.bedfont.com\\\/wp-content\\\/themes\\\/bedfont\\\/assets\\\/img\\\/subtle-bg.jpg\",\"contentUrl\":\"https:\\\/\\\/www.bedfont.com\\\/wp-content\\\/themes\\\/bedfont\\\/assets\\\/img\\\/subtle-bg.jpg\"},{\"@type\":\"BreadcrumbList\",\"@id\":\"https:\\\/\\\/www.bedfont.com\\\/de\\\/werden-sie-teil-unseres-haendlernetzes\\\/#breadcrumb\",\"itemListElement\":[{\"@type\":\"ListItem\",\"position\":1,\"name\":\"Home\",\"item\":\"https:\\\/\\\/www.bedfont.com\\\/de\\\/\"},{\"@type\":\"ListItem\",\"position\":2,\"name\":\"Werden Sie H\u00e4ndler\"}]},{\"@type\":\"WebSite\",\"@id\":\"https:\\\/\\\/www.bedfont.com\\\/de\\\/#website\",\"url\":\"https:\\\/\\\/www.bedfont.com\\\/de\\\/\",\"name\":\"Bedfont Scientific Ltd.\",\"description\":\"World leaders in breath analysis.\",\"potentialAction\":[{\"@type\":\"SearchAction\",\"target\":{\"@type\":\"EntryPoint\",\"urlTemplate\":\"https:\\\/\\\/www.bedfont.com\\\/de\\\/?s={search_term_string}\"},\"query-input\":{\"@type\":\"PropertyValueSpecification\",\"valueRequired\":true,\"valueName\":\"search_term_string\"}}],\"inLanguage\":\"de\"}]}<\/script>\n<!-- \/ Yoast SEO plugin. -->","yoast_head_json":{"title":"Werden Sie H\u00e4ndler - Bedfont Scientific Ltd.","description":"Bedfont setzt sich daf\u00fcr ein, das Wachstum durch sorgf\u00e4ltig ausgew\u00e4hlte Vertriebspartner voranzutreiben, die das gleiche Ziel verfolgen, die Gesundheitsversorgung weltweit zu verbessern.","robots":{"index":"index","follow":"follow","max-snippet":"max-snippet:-1","max-image-preview":"max-image-preview:large","max-video-preview":"max-video-preview:-1"},"canonical":"https:\/\/www.bedfont.com\/de\/werden-sie-teil-unseres-haendlernetzes\/","og_locale":"de_DE","og_type":"article","og_title":"Werden Sie H\u00e4ndler - Bedfont Scientific Ltd.","og_description":"Bedfont setzt sich daf\u00fcr ein, das Wachstum durch sorgf\u00e4ltig ausgew\u00e4hlte Vertriebspartner voranzutreiben, die das gleiche Ziel verfolgen, die Gesundheitsversorgung weltweit zu verbessern.","og_url":"https:\/\/www.bedfont.com\/de\/werden-sie-teil-unseres-haendlernetzes\/","og_site_name":"Bedfont Scientific Ltd.","article_publisher":"https:\/\/www.facebook.com\/Bedfontltd\/","article_modified_time":"2025-02-04T16:06:26+00:00","og_image":[{"url":"https:\/\/www.bedfont.com\/wp-content\/themes\/bedfont\/assets\/img\/subtle-bg.jpg","type":"","width":"","height":""}],"twitter_card":"summary_large_image","twitter_site":"@BedfontLtd","twitter_misc":{"Gesch\u00e4tzte Lesezeit":"3\u00a0Minuten"},"schema":{"@context":"https:\/\/schema.org","@graph":[{"@type":"WebPage","@id":"https:\/\/www.bedfont.com\/de\/werden-sie-teil-unseres-haendlernetzes\/","url":"https:\/\/www.bedfont.com\/de\/werden-sie-teil-unseres-haendlernetzes\/","name":"Werden Sie H\u00e4ndler - Bedfont Scientific Ltd.","isPartOf":{"@id":"https:\/\/www.bedfont.com\/de\/#website"},"primaryImageOfPage":{"@id":"https:\/\/www.bedfont.com\/de\/werden-sie-teil-unseres-haendlernetzes\/#primaryimage"},"image":{"@id":"https:\/\/www.bedfont.com\/de\/werden-sie-teil-unseres-haendlernetzes\/#primaryimage"},"thumbnailUrl":"https:\/\/www.bedfont.com\/wp-content\/themes\/bedfont\/assets\/img\/subtle-bg.jpg","datePublished":"2023-02-09T14:17:44+00:00","dateModified":"2025-02-04T16:06:26+00:00","description":"Bedfont setzt sich daf\u00fcr ein, das Wachstum durch sorgf\u00e4ltig ausgew\u00e4hlte Vertriebspartner voranzutreiben, die das gleiche Ziel verfolgen, die Gesundheitsversorgung weltweit zu verbessern.","breadcrumb":{"@id":"https:\/\/www.bedfont.com\/de\/werden-sie-teil-unseres-haendlernetzes\/#breadcrumb"},"inLanguage":"de","potentialAction":[{"@type":"ReadAction","target":["https:\/\/www.bedfont.com\/de\/werden-sie-teil-unseres-haendlernetzes\/"]}]},{"@type":"ImageObject","inLanguage":"de","@id":"https:\/\/www.bedfont.com\/de\/werden-sie-teil-unseres-haendlernetzes\/#primaryimage","url":"https:\/\/www.bedfont.com\/wp-content\/themes\/bedfont\/assets\/img\/subtle-bg.jpg","contentUrl":"https:\/\/www.bedfont.com\/wp-content\/themes\/bedfont\/assets\/img\/subtle-bg.jpg"},{"@type":"BreadcrumbList","@id":"https:\/\/www.bedfont.com\/de\/werden-sie-teil-unseres-haendlernetzes\/#breadcrumb","itemListElement":[{"@type":"ListItem","position":1,"name":"Home","item":"https:\/\/www.bedfont.com\/de\/"},{"@type":"ListItem","position":2,"name":"Werden Sie H\u00e4ndler"}]},{"@type":"WebSite","@id":"https:\/\/www.bedfont.com\/de\/#website","url":"https:\/\/www.bedfont.com\/de\/","name":"Bedfont Scientific Ltd.","description":"World leaders in breath analysis.","potentialAction":[{"@type":"SearchAction","target":{"@type":"EntryPoint","urlTemplate":"https:\/\/www.bedfont.com\/de\/?s={search_term_string}"},"query-input":{"@type":"PropertyValueSpecification","valueRequired":true,"valueName":"search_term_string"}}],"inLanguage":"de"}]}},"_links":{"self":[{"href":"https:\/\/www.bedfont.com\/de\/wp-json\/wp\/v2\/pages\/3455","targetHints":{"allow":["GET"]}}],"collection":[{"href":"https:\/\/www.bedfont.com\/de\/wp-json\/wp\/v2\/pages"}],"about":[{"href":"https:\/\/www.bedfont.com\/de\/wp-json\/wp\/v2\/types\/page"}],"author":[{"embeddable":true,"href":"https:\/\/www.bedfont.com\/de\/wp-json\/wp\/v2\/users\/6"}],"replies":[{"embeddable":true,"href":"https:\/\/www.bedfont.com\/de\/wp-json\/wp\/v2\/comments?post=3455"}],"version-history":[{"count":8,"href":"https:\/\/www.bedfont.com\/de\/wp-json\/wp\/v2\/pages\/3455\/revisions"}],"predecessor-version":[{"id":7792,"href":"https:\/\/www.bedfont.com\/de\/wp-json\/wp\/v2\/pages\/3455\/revisions\/7792"}],"wp:attachment":[{"href":"https:\/\/www.bedfont.com\/de\/wp-json\/wp\/v2\/media?parent=3455"}],"curies":[{"name":"wp","href":"https:\/\/api.w.org\/{rel}","templated":true}]}}